{"id":12065,"date":"2021-07-28T10:52:11","date_gmt":"2021-07-28T10:52:11","guid":{"rendered":"http:\/\/campingland24.com\/?product=pavillo-camping-zelt-range-x3-fuer-3-personen-210-x-210-x-120-cm"},"modified":"2023-02-23T18:38:02","modified_gmt":"2023-02-23T18:38:02","slug":"pavillo-camping-zelt-range-x3-fuer-3-personen-210-x-210-x-120-cm","status":"publish","type":"product","link":"http:\/\/campingland24.com\/?product=pavillo-camping-zelt-range-x3-fuer-3-personen-210-x-210-x-120-cm","title":{"rendered":"Pavillo Zelt Range X3 Tent"},"content":{"rendered":"<p><!-- show up to 2 reviews by default --> <\/p>\n<p>Bestway hat die Tools, die Ihre Outdoorabenteuer noch spa\u00dfiger, abwechslungsreicher und vor allem komfortabler machen. Die PavilloLinie bietet alles, was das Herz begehrt. Egal ob Sie einen entspannenden Tag am Strand, oder ein Abenteuerwochenende im Wald verbringen wollen &#8211; Bestway hat genau das, was Sie brauchen, um Ihr Erlebnis unvergesslich zu machen. Das Pavillo Range X3 Zelt f\u00fcr drei Personen verf\u00fcgt \u00fcber eine T\u00fcr und Fenster aus mesh-Material und ist somit Insektenundurchl\u00e4ssig. Das Frontmontierte Dach bietet extra Platz und die Innentasche dient zum Verstauen pers\u00f6nlicher Gegenst\u00e4nde, damit Sie das Zelt unbesorgt verlassen k\u00f6nnen. machen Sie Ihre Nacht unter den Sternen unvergesslich mit dem Bestway Pavillo Range X3 Zelt. <\/p>\n<p>Artikelnummer: 68012<br \/>\nGr\u00f6\u00dfe: 210 x 210 x 120 cm; Maximale Personenanzahl: 3 Erwachsene<br \/>\nMaterial: 190T Polyester; Dichtigkeit: 600mmWS \/ Bodenschutz: 110G\/m\u00b2 PE<br \/>\nFrontmontiertes Dach bietet extra Platz; Innentasche zum Verstauen pers\u00f6nlicher Gegenst\u00e4nde<br \/>\nInklusive 10 Heringen; Tragetasche<br \/>\n<div class=\"main-cross-sell\" data-asin=\"B00NFS10IA\">\n\n\t<div class=\"WooZone-cross-sell-loader\">\n\t\t<div>\n\t\t\t<div id=\"floatingBarsG\">\n\t\t\t\t<div class=\"blockG\" id=\"rotateG_01\"><\/div>\n\t\t\t\t<div class=\"blockG\" id=\"rotateG_02\"><\/div>\n\t\t\t\t<div class=\"blockG\" id=\"rotateG_03\"><\/div>\n\t\t\t\t<div class=\"blockG\" id=\"rotateG_04\"><\/div>\n\t\t\t\t<div class=\"blockG\" id=\"rotateG_05\"><\/div>\n\t\t\t\t<div class=\"blockG\" id=\"rotateG_06\"><\/div>\n\t\t\t\t<div class=\"blockG\" id=\"rotateG_07\"><\/div>\n\t\t\t\t<div class=\"blockG\" id=\"rotateG_08\"><\/div>\n\t\t\t<\/div>\n\t\t\t<div class=\"WooZone-cross-sell-loader-text\"><\/div>\n\t\t<\/div>\n\t<\/div>\n\n\t\t\n<\/div>\n<div style=\"clear:both;\"><\/div><\/p>\n","protected":false},"excerpt":{"rendered":"<p>Artikelnummer: 68012<br \/>\nGr\u00f6\u00dfe: 210 x 210 x 120 cm; Maximale Personenanzahl: 3 Erwachsene<br \/>\nMaterial: 190T Polyester; Dichtigkeit: 600mmWS \/ Bodenschutz: 110G\/m\u00b2 PE<\/p>\n","protected":false},"featured_media":12066,"comment_status":"open","ping_status":"closed","template":"","meta":[],"product_cat":[70,19],"product_tag":[],"_links":{"self":[{"href":"http:\/\/campingland24.com\/index.php?rest_route=\/wp\/v2\/product\/12065"}],"collection":[{"href":"http:\/\/campingland24.com\/index.php?rest_route=\/wp\/v2\/product"}],"about":[{"href":"http:\/\/campingland24.com\/index.php?rest_route=\/wp\/v2\/types\/product"}],"replies":[{"embeddable":true,"href":"http:\/\/campingland24.com\/index.php?rest_route=%2Fwp%2Fv2%2Fcomments&post=12065"}],"version-history":[{"count":2,"href":"http:\/\/campingland24.com\/index.php?rest_route=\/wp\/v2\/product\/12065\/revisions"}],"predecessor-version":[{"id":19875,"href":"http:\/\/campingland24.com\/index.php?rest_route=\/wp\/v2\/product\/12065\/revisions\/19875"}],"wp:featuredmedia":[{"embeddable":true,"href":"http:\/\/campingland24.com\/index.php?rest_route=\/wp\/v2\/media\/12066"}],"wp:attachment":[{"href":"http:\/\/campingland24.com\/index.php?rest_route=%2Fwp%2Fv2%2Fmedia&parent=12065"}],"wp:term":[{"taxonomy":"product_cat","embeddable":true,"href":"http:\/\/campingland24.com\/index.php?rest_route=%2Fwp%2Fv2%2Fproduct_cat&post=12065"},{"taxonomy":"product_tag","embeddable":true,"href":"http:\/\/campingland24.com\/index.php?rest_route=%2Fwp%2Fv2%2Fproduct_tag&post=12065"}],"curies":[{"name":"wp","href":"https:\/\/api.w.org\/{rel}","templated":true}]}}