{"id":12069,"date":"2021-07-28T10:52:12","date_gmt":"2021-07-28T10:52:12","guid":{"rendered":"http:\/\/campingland24.com\/?product=saybe-draussen-camping-2-3-personen-wasserdicht-zelt-doppelschichtiges-pop-up-zelt"},"modified":"2023-02-23T18:38:02","modified_gmt":"2023-02-23T18:38:02","slug":"saybe-draussen-camping-2-3-personen-wasserdicht-zelt-doppelschichtiges-pop-up-zelt","status":"publish","type":"product","link":"http:\/\/campingland24.com\/?product=saybe-draussen-camping-2-3-personen-wasserdicht-zelt-doppelschichtiges-pop-up-zelt","title":{"rendered":"SayBe Draussen Camping 2-3 Personen wasserdicht Zelt Doppelschichtiges Pop Up Zelt"},"content":{"rendered":"<p><!-- show up to 2 reviews by default --><br \/>\n2-3 PERSONEN ZELT: Sehr ger\u00e4umig f\u00fcr 2 Erwachsene, bei Bedarf k\u00f6nnen 1 weitere Kinder untergebracht werden. Ma\u00df : 215x 185 cm (L x B) mit 115 cm Innenraumh\u00f6he. Passt gut zu 2 Schlafs\u00e4cken.<br \/>\nSCHNELLER AUFBAU: Dank des modernen Federmechanismus ist er innerhalb von 1 Minute automatisch eingerichtet und l\u00e4sst sich in weniger als 2 Minuten ganz einfach abbauen. So k\u00f6nnen Sie v\u00f6llig ohne schwere Arbeit ein traditionelles Zelt aufstellen.<br \/>\nWASSERDICHTES ZELT: Wasserdichte Klassifizierung bis 5000 mm. Oxford-Gewebe h\u00e4lt dieses Zelt bei m\u00e4\u00dfigem Regen einen ganzen Tag lang trocken.Wenn Sie dieses Zelt mitnehmen, wird der Regen nie Ihnen den Spa\u00df verderben.<br \/>\nDETAILS F\u00dcR OUTDOOR: Das Au\u00dfenzelt kann auch einzeln als Pavillon\/Sonnenschutz am Strand verwendet werden. L\u00fcftungsnetz im Dach sorgt f\u00fcr eine optimale Luftzirkulation, ohne dass ein ungew\u00f6hnlicher Geruch im Zelt auftritt. 1 Seil f\u00fcr Campinglampe. Damit werden Sie in der Nacht auch Spa\u00df haben.Ideales Familienzelt zum Zelten.<br \/>\nGARANTIE: Wenn Sie unzufrieden sind oder ein Problem mit dem wasserdichtes Zelt haben, setzen Sie sich bitte rechtzeitig mit uns in Verbindung. Wir werden Ihr Problem so schnell wie m\u00f6glich innerhalb von 24 Stunden l\u00f6sen.<br \/>\n<div class=\"main-cross-sell\" data-asin=\"B08SW144N7\">\n\n\t<div class=\"WooZone-cross-sell-loader\">\n\t\t<div>\n\t\t\t<div id=\"floatingBarsG\">\n\t\t\t\t<div class=\"blockG\" id=\"rotateG_01\"><\/div>\n\t\t\t\t<div class=\"blockG\" id=\"rotateG_02\"><\/div>\n\t\t\t\t<div class=\"blockG\" id=\"rotateG_03\"><\/div>\n\t\t\t\t<div class=\"blockG\" id=\"rotateG_04\"><\/div>\n\t\t\t\t<div class=\"blockG\" id=\"rotateG_05\"><\/div>\n\t\t\t\t<div class=\"blockG\" id=\"rotateG_06\"><\/div>\n\t\t\t\t<div class=\"blockG\" id=\"rotateG_07\"><\/div>\n\t\t\t\t<div class=\"blockG\" id=\"rotateG_08\"><\/div>\n\t\t\t<\/div>\n\t\t\t<div class=\"WooZone-cross-sell-loader-text\"><\/div>\n\t\t<\/div>\n\t<\/div>\n\n\t\t\n<\/div>\n<div style=\"clear:both;\"><\/div><\/p>\n","protected":false},"excerpt":{"rendered":"<p>2-3 PERSONEN ZELT: Sehr ger\u00e4umig f\u00fcr 2 Erwachsene, bei Bedarf k\u00f6nnen 1 weitere Kinder untergebracht werden. Ma\u00df : 215x 185 cm (L x B) mit 115 cm Innenraumh\u00f6he. Passt gut zu 2 Schlafs\u00e4cken.<br \/>\nSCHNELLER AUFBAU: Dank des modernen Federmechanismus ist er innerhalb von 1 Minute automatisch eingerichtet und l\u00e4sst sich in weniger als 2 Minuten ganz einfach abbauen. So k\u00f6nnen Sie v\u00f6llig ohne schwere Arbeit ein traditionelles Zelt aufstellen.<br \/>\nWASSERDICHTES ZELT: Wasserdichte Klassifizierung bis 5000 mm. Oxford-Gewebe h\u00e4lt dieses Zelt bei m\u00e4\u00dfigem Regen einen ganzen Tag lang trocken.Wenn Sie dieses Zelt mitnehmen, wird der Regen nie Ihnen den Spa\u00df verderben.<\/p>\n","protected":false},"featured_media":12070,"comment_status":"open","ping_status":"closed","template":"","meta":[],"product_cat":[70,19],"product_tag":[],"_links":{"self":[{"href":"http:\/\/campingland24.com\/index.php?rest_route=\/wp\/v2\/product\/12069"}],"collection":[{"href":"http:\/\/campingland24.com\/index.php?rest_route=\/wp\/v2\/product"}],"about":[{"href":"http:\/\/campingland24.com\/index.php?rest_route=\/wp\/v2\/types\/product"}],"replies":[{"embeddable":true,"href":"http:\/\/campingland24.com\/index.php?rest_route=%2Fwp%2Fv2%2Fcomments&post=12069"}],"version-history":[{"count":1,"href":"http:\/\/campingland24.com\/index.php?rest_route=\/wp\/v2\/product\/12069\/revisions"}],"predecessor-version":[{"id":14096,"href":"http:\/\/campingland24.com\/index.php?rest_route=\/wp\/v2\/product\/12069\/revisions\/14096"}],"wp:featuredmedia":[{"embeddable":true,"href":"http:\/\/campingland24.com\/index.php?rest_route=\/wp\/v2\/media\/12070"}],"wp:attachment":[{"href":"http:\/\/campingland24.com\/index.php?rest_route=%2Fwp%2Fv2%2Fmedia&parent=12069"}],"wp:term":[{"taxonomy":"product_cat","embeddable":true,"href":"http:\/\/campingland24.com\/index.php?rest_route=%2Fwp%2Fv2%2Fproduct_cat&post=12069"},{"taxonomy":"product_tag","embeddable":true,"href":"http:\/\/campingland24.com\/index.php?rest_route=%2Fwp%2Fv2%2Fproduct_tag&post=12069"}],"curies":[{"name":"wp","href":"https:\/\/api.w.org\/{rel}","templated":true}]}}