{"id":12105,"date":"2021-07-28T10:52:28","date_gmt":"2021-07-28T10:52:28","guid":{"rendered":"http:\/\/campingland24.com\/?product=skandika-kambo-tunnelzelt-fuer-4-personen-zelt-mit-schlafkabine-fuer-4-mann-wasserdicht-mit-3000-wassersaeule-3-eingaenge-sonnendach-vorzelt-campingzelt"},"modified":"2023-02-23T18:38:03","modified_gmt":"2023-02-23T18:38:03","slug":"skandika-kambo-tunnelzelt-fuer-4-personen-zelt-mit-schlafkabine-fuer-4-mann-wasserdicht-mit-3000-wassersaeule-3-eingaenge-sonnendach-vorzelt-campingzelt","status":"publish","type":"product","link":"http:\/\/campingland24.com\/?product=skandika-kambo-tunnelzelt-fuer-4-personen-zelt-mit-schlafkabine-fuer-4-mann-wasserdicht-mit-3000-wassersaeule-3-eingaenge-sonnendach-vorzelt-campingzelt","title":{"rendered":"Skandika Kambo Tunnelzelt f\u00fcr 4 Personen | Zelt mit Schlafkabine f\u00fcr 4 Mann, Wasserdicht mit 3000 Wassers\u00e4ule, 3\u2026"},"content":{"rendered":"<p><!-- show up to 2 reviews by default --><br \/>\n&#x2714; GER\u00c4UMIG: Das gro\u00dfe 4-Personen Campingzelt ist der perfekte Begleiter in einem Campingurlaub mit Familie oder Festival mit Freunden. Der Wohnraum bietet viel Platz f\u00fcr Gep\u00e4ck oder Campingm\u00f6bel.<br \/>\n&#x2714; SCHLAFKABINE: Das Familienzelt verf\u00fcgt \u00fcber eine gro\u00dfe atmungsaktive Schlafkabine f\u00fcr bis zu 4 Personen mit eigenem eingen\u00e4htem Boden und Moskitonetz f\u00fcr einen Insekten-freien und wohltemperierten Schlafraum.<br \/>\n&#x2714; FUNKTIONALE EXTRAS: Gut durchdachtes Gruppenzelt mit vielen funktionalen Extras wie z.B. Lampenaufh\u00e4ngung, Bel\u00fcftungs\u00f6ffnungen, Fenster mit Rollos, Organizer-Taschen und 2 Eing\u00e4nge, die als Sonnensegel genutzt werden k\u00f6nnen.<br \/>\n&#x2714; ROBUST: Dank der 9,5 mm Fiberglasstangen, der 16 mm Stahlgest\u00e4nge, der verst\u00e4rkten Abspannpunkte und der zahlreichen Abspannseile steht Kambo sehr stabil.<br \/>\n&#x2714; WASSERFEST: Aufgrund der versiegelten N\u00e4hte und der Wassers\u00e4ule von 3000 mm ist das Zelt wasserfest und sicher gegen Regen und Sturm.<br \/>\n&#x2714; 3 EING\u00c4NGE: Kambo verf\u00fcgt \u00fcber 3 Eing\u00e4nge, wovon einer direkt zur Schlafkabine f\u00fchrt. Der Seiteneingang oder der Haupteingang k\u00f6nnen als Sonnendach genutzt werde. Das passende Gest\u00e4nge liegt der Lieferung bei.<br \/>\n&#x2714; GRO\u00dfER WOHNBEREICH: Der gro\u00dfz\u00fcgige Wohnbereich bietet Platz f\u00fcr Campingm\u00f6bel oder Gep\u00e4ck. Durch die vielen T\u00fcren und Fenster gelangt viel Licht in den Aufenthaltsbereich. Die passende Bodenplane sorgt daf\u00fcr, dass alles trocken bleibt.<br \/>\n&#x2714; LIEFERUMFANG: Inklusive komplettem Zubeh\u00f6r wie einschlie\u00dflich Zeltboden, Schlafkabine, Aufstellstangen, Tragetasche, Erdn\u00e4gel, Aufbauanleitung und Reparatur-Kit.<br \/>\n&#x2714; ABMESSUNGEN: Das gesamte Zelt ist 420 x 275 x 165 cm gro\u00df. Die Schlafkabine bietet einen Schlafraum von 210 x 255 cm. Das Packma\u00df betr\u00e4gt 64 x 21 x 22 cm.<br \/>\n&#x2714; SKANDIKA QUALIT\u00c4TSVERSPRECHEN: Skandika bietet beste Qualit\u00e4t zu fairen Preisen, um einen aktiven und gesunden Lebensstil zu erm\u00f6glichen &#8211; hochwertig, praktisch und absolut zuverl\u00e4ssig.<br \/>\n<div class=\"main-cross-sell\" data-asin=\"B07S18FFKN\">\n\n\t<div class=\"WooZone-cross-sell-loader\">\n\t\t<div>\n\t\t\t<div id=\"floatingBarsG\">\n\t\t\t\t<div class=\"blockG\" id=\"rotateG_01\"><\/div>\n\t\t\t\t<div class=\"blockG\" id=\"rotateG_02\"><\/div>\n\t\t\t\t<div class=\"blockG\" id=\"rotateG_03\"><\/div>\n\t\t\t\t<div class=\"blockG\" id=\"rotateG_04\"><\/div>\n\t\t\t\t<div class=\"blockG\" id=\"rotateG_05\"><\/div>\n\t\t\t\t<div class=\"blockG\" id=\"rotateG_06\"><\/div>\n\t\t\t\t<div class=\"blockG\" id=\"rotateG_07\"><\/div>\n\t\t\t\t<div class=\"blockG\" id=\"rotateG_08\"><\/div>\n\t\t\t<\/div>\n\t\t\t<div class=\"WooZone-cross-sell-loader-text\"><\/div>\n\t\t<\/div>\n\t<\/div>\n\n\t\t\n<\/div>\n<div style=\"clear:both;\"><\/div><\/p>\n","protected":false},"excerpt":{"rendered":"<p>&#x2714; GER\u00c4UMIG: Das gro\u00dfe 4-Personen Campingzelt ist der perfekte Begleiter in einem Campingurlaub mit Familie oder Festival mit Freunden. Der Wohnraum bietet viel Platz f\u00fcr Gep\u00e4ck oder Campingm\u00f6bel.<br \/>\n&#x2714; SCHLAFKABINE: Das Familienzelt verf\u00fcgt \u00fcber eine gro\u00dfe atmungsaktive Schlafkabine f\u00fcr bis zu 4 Personen mit eigenem eingen\u00e4htem Boden und Moskitonetz f\u00fcr einen Insekten-freien und wohltemperierten Schlafraum.<br \/>\n&#x2714; FUNKTIONALE EXTRAS: Gut durchdachtes Gruppenzelt mit vielen funktionalen Extras wie z.B. Lampenaufh\u00e4ngung, Bel\u00fcftungs\u00f6ffnungen, Fenster mit Rollos, Organizer-Taschen und 2 Eing\u00e4nge, die als Sonnensegel genutzt werden k\u00f6nnen.<\/p>\n","protected":false},"featured_media":12106,"comment_status":"open","ping_status":"closed","template":"","meta":[],"product_cat":[70,19],"product_tag":[],"_links":{"self":[{"href":"http:\/\/campingland24.com\/index.php?rest_route=\/wp\/v2\/product\/12105"}],"collection":[{"href":"http:\/\/campingland24.com\/index.php?rest_route=\/wp\/v2\/product"}],"about":[{"href":"http:\/\/campingland24.com\/index.php?rest_route=\/wp\/v2\/types\/product"}],"replies":[{"embeddable":true,"href":"http:\/\/campingland24.com\/index.php?rest_route=%2Fwp%2Fv2%2Fcomments&post=12105"}],"version-history":[{"count":2,"href":"http:\/\/campingland24.com\/index.php?rest_route=\/wp\/v2\/product\/12105\/revisions"}],"predecessor-version":[{"id":20049,"href":"http:\/\/campingland24.com\/index.php?rest_route=\/wp\/v2\/product\/12105\/revisions\/20049"}],"wp:featuredmedia":[{"embeddable":true,"href":"http:\/\/campingland24.com\/index.php?rest_route=\/wp\/v2\/media\/12106"}],"wp:attachment":[{"href":"http:\/\/campingland24.com\/index.php?rest_route=%2Fwp%2Fv2%2Fmedia&parent=12105"}],"wp:term":[{"taxonomy":"product_cat","embeddable":true,"href":"http:\/\/campingland24.com\/index.php?rest_route=%2Fwp%2Fv2%2Fproduct_cat&post=12105"},{"taxonomy":"product_tag","embeddable":true,"href":"http:\/\/campingland24.com\/index.php?rest_route=%2Fwp%2Fv2%2Fproduct_tag&post=12105"}],"curies":[{"name":"wp","href":"https:\/\/api.w.org\/{rel}","templated":true}]}}