{"id":12121,"date":"2021-07-28T10:52:35","date_gmt":"2021-07-28T10:52:35","guid":{"rendered":"http:\/\/campingland24.com\/?product=zenph-pop-up-zelt-automatisches-outdoor-zelt-schnelloeffnungs-wurfzelt-mit-tragetasche-gruene"},"modified":"2023-02-23T18:38:03","modified_gmt":"2023-02-23T18:38:03","slug":"zenph-pop-up-zelt-automatisches-outdoor-zelt-schnelloeffnungs-wurfzelt-mit-tragetasche-gruene","status":"publish","type":"product","link":"http:\/\/campingland24.com\/?product=zenph-pop-up-zelt-automatisches-outdoor-zelt-schnelloeffnungs-wurfzelt-mit-tragetasche-gruene","title":{"rendered":"Zenph Pop Up Zelt, Automatisches Outdoor-Zelt Camping Wurfzelt Familienzelt mit Tragetasche, Wasserdichtes Winddichtes"},"content":{"rendered":"<div class=\"celwidget aplus-module 3p-module-b aplus-standard\">\n<div class=\"aplus-module-wrapper aplus-3p-fixed-width\"> <img alt=\"1\" src=\"https:\/\/images-na.ssl-images-amazon.com\/images\/G\/01\/x-locale\/common\/grey-pixel.gif\" class=\"a-spacing-base a-lazy-loaded\" data-src=\"https:\/\/m.media-amazon.com\/images\/S\/aplus-seller-content-images-us-east-1\/A1PA6795UKMFR9\/A31XN39A85N64L\/ce087e69-c86c-4ab3-a376-43c3ad71217d._CR0,0,970,600_PT0_SX970__.jpg\"><img alt=\"1\" src=\"https:\/\/m.media-amazon.com\/images\/S\/aplus-seller-content-images-us-east-1\/A1PA6795UKMFR9\/A31XN39A85N64L\/ce087e69-c86c-4ab3-a376-43c3ad71217d._CR0,0,970,600_PT0_SX970__.jpg\"> <\/p>\n<p class=\"a-spacing-base\">\n<ul class=\"a-unordered-list a-vertical\">\n<li><span class=\"a-list-item\">3 Sekunden &#8211; Er\u00f6ffnung &#8211; Die Automatische \u00f6ffnung ein zelt ist wie ein zaubertrick.es muss nur noch in den himmel geworfen werden, und es kann in 3 sekunden abgeschlossen sein.<\/span><\/li>\n<li><span class=\"a-list-item\">Super &#8211; Zelt Raum &#8211; Zelt 102 * 62 * 43inch ist leicht zu bieten gen\u00fcgend platz f\u00fcr 2 bis 3 personen.die sorgf\u00e4ltige bett design macht die flachen raum gr\u00f6\u00dfer und komfortabler.<\/span><\/li>\n<li><span class=\"a-list-item\">Wasserdicht und Feuchtigkeit beweis &#8211; das ganze zelt nimmt pu &#8211; material wasserdichten beschichtung und die abdichtung ist weit h\u00f6her als der der gummi &#8211; und anderen materialien.die zahlungsbilanz ist 2000 mm, wasserdicht, unten auf der rechnung mm erreichen k\u00f6nnen.die \u00e4u\u00dfere buch material ist die 68d 185t polyester, unten die 150d oxford tuch, robust und langlebig.<\/span><\/li>\n<li><span class=\"a-list-item\">Atmung und Bel\u00fcftung &#8211; design von dreidimensionalen l\u00fcftungsanlage f\u00fcr vorne und hinten, st\u00e4rkung der konvektion und der doppel &#8211; bel\u00fcftung, sicherstellen k\u00f6nnen, indoor &#8211; erfrischend auch in schw\u00fclen sommer.<\/span><\/li>\n<li><span class=\"a-list-item\">Die Isolation Der M\u00fccken &#8211; alle &#8211; outlet &#8211; zelt sind ausgestattet mit b3 getr\u00e4nkten gaze, die eingangst\u00fcr wurde von doppelter t\u00fcr mit externen tor und t\u00fcr.sie k\u00f6nnen verhindern, dass moskitos mit zweiweg &#8211; schloss<\/span><\/li>\n<\/ul>\n<\/p><\/div>\n<\/p><\/div>\n<div class=\"celwidget aplus-module module-9 aplus-standard\">\n<div data-a-expander-name=\"aplus-module-expander\" data-a-expander-collapsed-height=\"700\" class=\"a-expander-collapsed-height a-row a-expander-container a-expander-partial-collapse-container\">\n<div class=\"a-expander-content a-expander-partial-collapse-content\">\n<div class=\"aplus-module-wrapper apm-fixed-width\">\n<div class=\"apm-spacing apm-fixed-width\">\n<table class=\"apm-fixed-width apm-eventhirdcol-table\">\n<tbody>\n<tr>\n<th class=\"apm-center\">\n<div class=\"apm-eventhirdcol apm-floatleft\">\n<p> <img alt=\"1\" src=\"https:\/\/images-na.ssl-images-amazon.com\/images\/G\/01\/x-locale\/common\/grey-pixel.gif\" class=\"a-spacing-mini a-lazy-loaded\" data-src=\"https:\/\/m.media-amazon.com\/images\/S\/aplus-seller-content-images-us-east-1\/A1PA6795UKMFR9\/A31XN39A85N64L\/edbbfa85-6356-4a5f-b007-6f5e94178efe._CR0,0,300,300_PT0_SX300__.jpg\"><\/p>\n<p><img alt=\"1\" src=\"https:\/\/m.media-amazon.com\/images\/S\/aplus-seller-content-images-us-east-1\/A1PA6795UKMFR9\/A31XN39A85N64L\/edbbfa85-6356-4a5f-b007-6f5e94178efe._CR0,0,300,300_PT0_SX300__.jpg\"> <\/div>\n<\/th>\n<th class=\"apm-center\">\n<div class=\"apm-eventhirdcol apm-floatleft\">\n<p> <img alt=\"1\" src=\"https:\/\/images-na.ssl-images-amazon.com\/images\/G\/01\/x-locale\/common\/grey-pixel.gif\" class=\"a-spacing-mini a-lazy-loaded\" data-src=\"https:\/\/m.media-amazon.com\/images\/S\/aplus-seller-content-images-us-east-1\/A1PA6795UKMFR9\/A31XN39A85N64L\/1f1a3ee4-da1e-488b-acb0-e7a547ae18d0._CR0,0,300,300_PT0_SX300__.jpg\"><\/p>\n<p><img alt=\"1\" src=\"https:\/\/m.media-amazon.com\/images\/S\/aplus-seller-content-images-us-east-1\/A1PA6795UKMFR9\/A31XN39A85N64L\/1f1a3ee4-da1e-488b-acb0-e7a547ae18d0._CR0,0,300,300_PT0_SX300__.jpg\"> <\/div>\n<\/th>\n<th class=\"apm-center\">\n<div class=\"apm-eventhirdcol apm-floatleft\">\n<p> <img alt=\"1\" src=\"https:\/\/images-na.ssl-images-amazon.com\/images\/G\/01\/x-locale\/common\/grey-pixel.gif\" class=\"a-spacing-mini a-lazy-loaded\" data-src=\"https:\/\/m.media-amazon.com\/images\/S\/aplus-seller-content-images-us-east-1\/A1PA6795UKMFR9\/A31XN39A85N64L\/5d48917d-c21b-4763-8d26-ee63fca9d289._CR0,0,300,300_PT0_SX300__.jpg\"><\/p>\n<p><img alt=\"1\" src=\"https:\/\/m.media-amazon.com\/images\/S\/aplus-seller-content-images-us-east-1\/A1PA6795UKMFR9\/A31XN39A85N64L\/5d48917d-c21b-4763-8d26-ee63fca9d289._CR0,0,300,300_PT0_SX300__.jpg\"> <\/div>\n<\/th>\n<\/tr>\n<tr>\n<td class=\"apm-top\">\n<div class=\"apm-eventhirdcol apm-floatleft\"> <\/div>\n<\/td>\n<td class=\"apm-top\">\n<div class=\"apm-eventhirdcol apm-floatleft\"> <\/div>\n<\/td>\n<td class=\"apm-top\">\n<div class=\"apm-eventhirdcol apm-floatleft\"> <\/div>\n<\/td>\n<\/tr>\n<\/tbody>\n<\/table>\n<\/div><\/div>\n<div><\/div>\n<\/p><\/div>\n<div class=\"a-expander-header a-expander-partial-collapse-header a-text-left\">\n<div class=\"a-expander-content-fade\"><\/div>\n<p><a href=\"void(0)\" data-action=\"a-expander-toggle\" class=\"a-declarative\" data-a-expander-toggle=\"{\"><i class=\"a-icon a-icon-extender-expand\"><\/i><span class=\"a-expander-prompt\">Mehr lesen<\/span><\/a><\/div>\n<\/p><\/div>\n<\/p><\/div>\n<div class=\"celwidget aplus-module module-1 aplus-standard\">\n<div data-a-expander-name=\"aplus-module-expander\" data-a-expander-collapsed-height=\"700\" class=\"a-expander-collapsed-height a-row a-expander-container a-expander-partial-collapse-container\">\n<div class=\"a-expander-content a-expander-partial-collapse-content\">\n<div class=\"aplus-module-wrapper apm-fixed-width\">\n<div class=\"apm-spacing apm-wrap\">\n<div class=\"apm-floatleft apm-wrap\">\n<div class=\"apm-leftimage\"> <img alt=\"1\" src=\"https:\/\/images-na.ssl-images-amazon.com\/images\/G\/01\/x-locale\/common\/grey-pixel.gif\" class=\"a-spacing-mini a-lazy-loaded\" data-src=\"https:\/\/m.media-amazon.com\/images\/S\/aplus-seller-content-images-us-east-1\/A1PA6795UKMFR9\/A31XN39A85N64L\/6a296250-a57b-42e1-bf88-5f7c8f084355._CR0,0,300,400_PT0_SX300__.jpg\"><img alt=\"1\" src=\"https:\/\/m.media-amazon.com\/images\/S\/aplus-seller-content-images-us-east-1\/A1PA6795UKMFR9\/A31XN39A85N64L\/6a296250-a57b-42e1-bf88-5f7c8f084355._CR0,0,300,400_PT0_SX300__.jpg\"> <\/p>\n<\/p><\/div>\n<div class=\"apm-rightthirdcol\">\n<div class=\"apm-rightthirdcol-inner\"> <img alt=\"1\" src=\"https:\/\/images-na.ssl-images-amazon.com\/images\/G\/01\/x-locale\/common\/grey-pixel.gif\" class=\"a-spacing-mini a-lazy-loaded\" data-src=\"https:\/\/m.media-amazon.com\/images\/S\/aplus-media\/sc\/96af5f51-7bae-4a8a-ae1f-a5be23a4b3e1.__CR0,0,1200,600_PT0_SX350_V1___.jpg\"><img alt=\"1\" src=\"https:\/\/m.media-amazon.com\/images\/S\/aplus-media\/sc\/96af5f51-7bae-4a8a-ae1f-a5be23a4b3e1.__CR0,0,1200,600_PT0_SX350_V1___.jpg\"> <\/p>\n<p class=\"a-spacing-small a-size-small a-color-secondary\"> Das ganze zelt nimmt pu &#8211; material wasserdichten beschichtung und die abdichtung ist weit h\u00f6her als der der gummi &#8211; und anderen materialien. <\/p>\n<\/p><\/div>\n<\/p><\/div>\n<div class=\"apm-centerthirdcol apm-wrap\">\n<h3 class=\"a-spacing-mini\"> Zenph Automatische 2 &#8211; 3 Personen Family Camping Zelt <\/h3>\n<h4 class=\"a-spacing-mini a-color-secondary a-text-italic\"> Sonne Zuflucht Instant &#8211; Pop &#8211; Up &#8211; Zelte <\/h4>\n<p class=\"a-spacing-base\"> Das design der dreidimensionalen l\u00fcftungsanlage f\u00fcr vorne und hinten, st\u00e4rkung der konvektion und der doppel &#8211; bel\u00fcftung, sicherstellen k\u00f6nnen, indoor &#8211; erfrischend auch in schw\u00fclen sommer.die bel\u00fcftung verkaufsstellen im zelt sind ausgestattet mit b3 getr\u00e4nkten gaze, die eingangst\u00fcr wurde von doppelter t\u00fcr mit externen tor und t\u00fcr.sie k\u00f6nnen verhindern, dass moskitos mit zweiweg &#8211; schloss. <\/p>\n<div class=\"amp-centerthirdcol-listbox\">\n<div class=\"a-box a-spacing-small a-color-alternate-background apm-listbox amp-centerthirdcol-listbox\">\n<div class=\"a-box-inner\">\n<ul class=\"a-unordered-list a-vertical\">\n<li><span class=\"a-list-item\"> <span class=\"a-size-base\"> 3 &#8211; sekunden &#8211; er\u00f6ffnung <\/span> <\/span><\/li>\n<li><span class=\"a-list-item\"> <span class=\"a-size-base\"> Super &#8211; zelt raum <\/span> <\/span><\/li>\n<li><span class=\"a-list-item\"> <span class=\"a-size-base\"> Atmung und bel\u00fcftung <\/span> <\/span><\/li>\n<\/ul>\n<\/div>\n<\/div><\/div>\n<\/p><\/div>\n<\/p><\/div>\n<\/p><\/div>\n<\/p><\/div>\n<div><\/div>\n<\/p><\/div>\n<div class=\"a-expander-header a-expander-partial-collapse-header a-text-left\">\n<div class=\"a-expander-content-fade\"><\/div>\n<p><a href=\"void(0)\" data-action=\"a-expander-toggle\" class=\"a-declarative\" data-a-expander-toggle=\"{\"><i class=\"a-icon a-icon-extender-expand\"><\/i><span class=\"a-expander-prompt\">Mehr lesen<\/span><\/a><\/div>\n<\/p><\/div>\n<\/p><\/div>\n<div class=\"celwidget aplus-module module-9 aplus-standard\">\n<div data-a-expander-name=\"aplus-module-expander\" data-a-expander-collapsed-height=\"700\" class=\"a-expander-collapsed-height a-row a-expander-container a-expander-partial-collapse-container\">\n<div class=\"a-expander-content a-expander-partial-collapse-content\">\n<div class=\"aplus-module-wrapper apm-fixed-width\">\n<div class=\"apm-spacing apm-fixed-width\">\n<table class=\"apm-fixed-width apm-eventhirdcol-table\">\n<tbody>\n<tr>\n<th class=\"apm-center\">\n<div class=\"apm-eventhirdcol apm-floatleft\">\n<p> <img alt=\"1\" src=\"https:\/\/images-na.ssl-images-amazon.com\/images\/G\/01\/x-locale\/common\/grey-pixel.gif\" class=\"a-spacing-mini a-lazy-loaded\" data-src=\"https:\/\/m.media-amazon.com\/images\/S\/aplus-seller-content-images-us-east-1\/A1PA6795UKMFR9\/A31XN39A85N64L\/8815c5cb-918a-4ac9-8623-0dea6adac35a._CR0,0,300,300_PT0_SX300__.jpg\"><\/p>\n<p><img alt=\"1\" src=\"https:\/\/m.media-amazon.com\/images\/S\/aplus-seller-content-images-us-east-1\/A1PA6795UKMFR9\/A31XN39A85N64L\/8815c5cb-918a-4ac9-8623-0dea6adac35a._CR0,0,300,300_PT0_SX300__.jpg\"> <\/div>\n<\/th>\n<th class=\"apm-center\">\n<div class=\"apm-eventhirdcol apm-floatleft\">\n<p> <img alt=\"1\" src=\"https:\/\/images-na.ssl-images-amazon.com\/images\/G\/01\/x-locale\/common\/grey-pixel.gif\" class=\"a-spacing-mini a-lazy-loaded\" data-src=\"https:\/\/m.media-amazon.com\/images\/S\/aplus-seller-content-images-us-east-1\/A1PA6795UKMFR9\/A31XN39A85N64L\/43e59ea0-8aab-4e5f-9916-c5c46e47dd0e._CR0,0,300,300_PT0_SX300__.jpg\"><\/p>\n<p><img alt=\"1\" src=\"https:\/\/m.media-amazon.com\/images\/S\/aplus-seller-content-images-us-east-1\/A1PA6795UKMFR9\/A31XN39A85N64L\/43e59ea0-8aab-4e5f-9916-c5c46e47dd0e._CR0,0,300,300_PT0_SX300__.jpg\"> <\/div>\n<\/th>\n<th class=\"apm-center\">\n<div class=\"apm-eventhirdcol apm-floatleft\">\n<p> <img alt=\"1\" src=\"https:\/\/images-na.ssl-images-amazon.com\/images\/G\/01\/x-locale\/common\/grey-pixel.gif\" class=\"a-spacing-mini a-lazy-loaded\" data-src=\"https:\/\/m.media-amazon.com\/images\/S\/aplus-seller-content-images-us-east-1\/A1PA6795UKMFR9\/A31XN39A85N64L\/73aa0e03-11f3-468f-be3e-526fdc6e85a0._CR0,0,300,300_PT0_SX300__.jpg\"><\/p>\n<p><img alt=\"1\" src=\"https:\/\/m.media-amazon.com\/images\/S\/aplus-seller-content-images-us-east-1\/A1PA6795UKMFR9\/A31XN39A85N64L\/73aa0e03-11f3-468f-be3e-526fdc6e85a0._CR0,0,300,300_PT0_SX300__.jpg\"> <\/div>\n<\/th>\n<\/tr>\n<tr>\n<td class=\"apm-top\">\n<div class=\"apm-eventhirdcol apm-floatleft\"> <\/div>\n<\/td>\n<td class=\"apm-top\">\n<div class=\"apm-eventhirdcol apm-floatleft\"> <\/div>\n<\/td>\n<td class=\"apm-top\">\n<div class=\"apm-eventhirdcol apm-floatleft\"> <\/div>\n<\/td>\n<\/tr>\n<\/tbody>\n<\/table>\n<\/div><\/div>\n<div><\/div>\n<\/p><\/div>\n<div class=\"a-expander-header a-expander-partial-collapse-header a-text-left\">\n<div class=\"a-expander-content-fade\"><\/div>\n<p><a href=\"void(0)\" data-action=\"a-expander-toggle\" class=\"a-declarative\" data-a-expander-toggle=\"{\"><i class=\"a-icon a-icon-extender-expand\"><\/i><span class=\"a-expander-prompt\">Mehr lesen<\/span><\/a><\/div>\n<\/p><\/div>\n<\/p><\/div>\n<p>3 Sekunden &#8211; Er\u00f6ffnung &#8211; Die Automatische \u00f6ffnung ein zelt ist wie ein zaubertrick.es muss nur noch in den himmel geworfen werden, und es kann in 3 sekunden abgeschlossen sein.<br \/>\nAusreichend Raum &#8211; Dimension 258*157*110Cm, innenzelt bietet Platz f\u00fcr bis zu 2-3 Personen (2 Erwachsene + 1 Kinder), die bett design macht die flachen raum gr\u00f6\u00dfer und komfortabler.<br \/>\nWasserdicht und Feuchtigkeit beweis &#8211; das ganze zelt nimmt pu &#8211; material wasserdichten beschichtung und die abdichtung ist weit h\u00f6her als der der gummi &#8211; und anderen materialien.die zahlungsbilanz ist 2000 mm, wasserdicht, unten auf der rechnung mm erreichen k\u00f6nnen.die \u00e4u\u00dfere buch material ist die 68d 185t polyester, unten die 150d oxford tuch, robust und langlebig.<br \/>\nAtmung und Bel\u00fcftung &#8211; design von dreidimensionalen l\u00fcftungsanlage f\u00fcr vorne und hinten, st\u00e4rkung der konvektion und der doppel &#8211; bel\u00fcftung, sicherstellen k\u00f6nnen, indoor &#8211; erfrischend auch in schw\u00fclen sommer.<br \/>\nDie Isolation Der M\u00fccken &#8211; alle &#8211; outlet &#8211; zelt sind ausgestattet mit b3 getr\u00e4nkten gaze, die eingangst\u00fcr wurde von doppelter t\u00fcr mit externen tor und t\u00fcr.sie k\u00f6nnen verhindern, dass moskitos mit zweiweg &#8211; schloss.<br \/>\n<div class=\"main-cross-sell\" data-asin=\"B07HG19YVD\">\n\n\t<div class=\"WooZone-cross-sell-loader\">\n\t\t<div>\n\t\t\t<div id=\"floatingBarsG\">\n\t\t\t\t<div class=\"blockG\" id=\"rotateG_01\"><\/div>\n\t\t\t\t<div class=\"blockG\" id=\"rotateG_02\"><\/div>\n\t\t\t\t<div class=\"blockG\" id=\"rotateG_03\"><\/div>\n\t\t\t\t<div class=\"blockG\" id=\"rotateG_04\"><\/div>\n\t\t\t\t<div class=\"blockG\" id=\"rotateG_05\"><\/div>\n\t\t\t\t<div class=\"blockG\" id=\"rotateG_06\"><\/div>\n\t\t\t\t<div class=\"blockG\" id=\"rotateG_07\"><\/div>\n\t\t\t\t<div class=\"blockG\" id=\"rotateG_08\"><\/div>\n\t\t\t<\/div>\n\t\t\t<div class=\"WooZone-cross-sell-loader-text\"><\/div>\n\t\t<\/div>\n\t<\/div>\n\n\t\t\n<\/div>\n<div style=\"clear:both;\"><\/div><\/p>\n","protected":false},"excerpt":{"rendered":"<p>3 Sekunden &#8211; Er\u00f6ffnung &#8211; Die Automatische \u00f6ffnung ein zelt ist wie ein zaubertrick.es muss nur noch in den himmel geworfen werden, und es kann in 3 sekunden abgeschlossen sein.<br \/>\nAusreichend Raum &#8211; Dimension 258*157*110Cm, innenzelt bietet Platz f\u00fcr bis zu 2-3 Personen (2 Erwachsene + 1 Kinder), die bett design macht die flachen raum gr\u00f6\u00dfer und komfortabler.<br \/>\nWasserdicht und Feuchtigkeit beweis &#8211; das ganze zelt nimmt pu &#8211; material wasserdichten beschichtung und die abdichtung ist weit h\u00f6her als der der gummi &#8211; und anderen materialien.die zahlungsbilanz ist 2000 mm, wasserdicht, unten auf der rechnung mm erreichen k\u00f6nnen.die \u00e4u\u00dfere buch material ist die 68d 185t polyester, unten die 150d oxford tuch, robust und langlebig.<\/p>\n","protected":false},"featured_media":12122,"comment_status":"open","ping_status":"closed","template":"","meta":[],"product_cat":[70,19],"product_tag":[],"_links":{"self":[{"href":"http:\/\/campingland24.com\/index.php?rest_route=\/wp\/v2\/product\/12121"}],"collection":[{"href":"http:\/\/campingland24.com\/index.php?rest_route=\/wp\/v2\/product"}],"about":[{"href":"http:\/\/campingland24.com\/index.php?rest_route=\/wp\/v2\/types\/product"}],"replies":[{"embeddable":true,"href":"http:\/\/campingland24.com\/index.php?rest_route=%2Fwp%2Fv2%2Fcomments&post=12121"}],"version-history":[{"count":7,"href":"http:\/\/campingland24.com\/index.php?rest_route=\/wp\/v2\/product\/12121\/revisions"}],"predecessor-version":[{"id":19660,"href":"http:\/\/campingland24.com\/index.php?rest_route=\/wp\/v2\/product\/12121\/revisions\/19660"}],"wp:featuredmedia":[{"embeddable":true,"href":"http:\/\/campingland24.com\/index.php?rest_route=\/wp\/v2\/media\/12122"}],"wp:attachment":[{"href":"http:\/\/campingland24.com\/index.php?rest_route=%2Fwp%2Fv2%2Fmedia&parent=12121"}],"wp:term":[{"taxonomy":"product_cat","embeddable":true,"href":"http:\/\/campingland24.com\/index.php?rest_route=%2Fwp%2Fv2%2Fproduct_cat&post=12121"},{"taxonomy":"product_tag","embeddable":true,"href":"http:\/\/campingland24.com\/index.php?rest_route=%2Fwp%2Fv2%2Fproduct_tag&post=12121"}],"curies":[{"name":"wp","href":"https:\/\/api.w.org\/{rel}","templated":true}]}}