{"id":12161,"date":"2021-07-28T10:52:53","date_gmt":"2021-07-28T10:52:53","guid":{"rendered":"http:\/\/campingland24.com\/?product=high-peak-kuppelzelt-tessin-5-campingzelt-mit-vorbau-2-eingaenge-familien-zelt-fuer-5-personen-extra-hoher-eingang-doppelwandig"},"modified":"2023-02-23T18:38:04","modified_gmt":"2023-02-23T18:38:04","slug":"high-peak-kuppelzelt-tessin-5-campingzelt-mit-vorbau-2-eingaenge-familien-zelt-fuer-5-personen-extra-hoher-eingang-doppelwandig","status":"publish","type":"product","link":"http:\/\/campingland24.com\/?product=high-peak-kuppelzelt-tessin-5-campingzelt-mit-vorbau-2-eingaenge-familien-zelt-fuer-5-personen-extra-hoher-eingang-doppelwandig","title":{"rendered":"High Peak Kuppelzelt Tessin 5, Campingzelt mit Vorbau, 2 Eing\u00e4nge, Familien-Zelt f\u00fcr 5 Personen, extra hoher Eingang\u2026"},"content":{"rendered":"<p><!-- show up to 2 reviews by default --> <\/p>\n<p>Zelt Tessin 5. Das Familienzelt mit 190cm Stehh\u00f6he f\u00fcr die junge Familie in bekannter Kuppelform. Der Vorbau dient als Wohnbereich oder Spielplatz f\u00fcr Kinder. Die Wassers\u00e4ule von 2.000mm sch\u00fctzt bei Regen. Die Klarsicht-Folienfenster bringen Helligkeit in den Raum bei wolkenbedecktem Himmel. 2 Eing\u00e4nge erlauben ein flexibles \u00d6ffnen zur wettergesch\u00fctzten Seite. Innenzelt-Taschen f\u00fcr Utensilien und ein Lampenhalter f\u00fcr eine Campingleuchte oder Taschenlampe runden den Komfort ab. Dauerventilation bel\u00fcftet das Zelt f\u00fcr erholsamen Schlaf. Der Eingang mit Moskitonetz-Fenster h\u00e4lt l\u00e4stige Plagegeister fern. Die N\u00e4hte sind mittels Nahtband wasserdicht versiegelt und gew\u00e4hren eine bessere Naht- Rei\u00dffestigkeit. Das Tessin 5 bietet bis zu 5 Personen Unterkunft und eignet sich ideal f\u00fcr Camping-Einsteiger und junge Familien. Material- und Artikeldetails: Au\u00dfenzelt: 100% Polyester, PU beschichtet, Nahtband versiegelt Wassers\u00e4ule: 2.000 mm Innenzelt: 100% Polyester, atmungsaktiv Boden: 100% PE Gest\u00e4nge: Fiberglas Aufbauma\u00df: 390 x 310 x 195 cm Innenzelt: 220 x 300 x 190 cm Gewicht: 7,2 kg Packma\u00df: 60 x 21 x 21 cm. Lieferumfang:inklusive Tragetasche, Heringe, Abspannleinen sowie Aufbau- und Pflegeanleitung. Farbe: blau <\/p>\n<p>Hochwertiges Polyester, Wassers\u00e4ule 3000 mm, wasserdicht durch Nahtversiegelung. Atmungsaktives Polyestergewebe wasserdichter, unverrottbarer Polyethylenen-Zeltboden extrem belastbarer, leichtg\u00e4ngiger Marken-Rei\u00dfverschluss<br \/>\nWettergesch\u00fctzter Eingang h\u00e4lt den Innenraum trocken. Vorbau mit Wohnfl\u00e4che und Stauraum f\u00fcr mehr Platz und Komfort. Seiteneingang mit Rei\u00dfverschluss-Einfassband, nahtversiegelt f\u00fcr Wasserdichtigkeit auch an der Seitent\u00fcr. Klarsichtfolien-Fenster bringen Licht in das Zelt. 3 Dauerventilationen f\u00fcr ein besseres Zeltklima und optimale Bel\u00fcftung. Gest\u00e4nge Markierungen erleichtert den Aufbau<br \/>\nMit dem Vario Vent Control Eingang l\u00e4sst sich das Bel\u00fcftungsfenster variabel je nach Klima bedienen. Optimale Bel\u00fcftung und M\u00fcckenschutz. Der Wannenboden verhindert das Eindringen von N\u00e4sse und Schmutz. Innentaschen f\u00fcr diverser Utensilien. Lampenhalter zum Aufh\u00e4ngen einer Camping- oder Taschenlampe<br \/>\nHochwertige Rei\u00dfverschluss-Tragetasche. Extra starke 5 mm Erdn\u00e4gel. Leichter Aufbau durch markiertes Gest\u00e4nge<br \/>\nHochwertiges Gest\u00e4nge aus Fiberglas 9,5 mm mit praktischem Gummizug verbunden<br \/>\n<div class=\"main-cross-sell\" data-asin=\"B0788FLDKN\">\n\n\t<div class=\"WooZone-cross-sell-loader\">\n\t\t<div>\n\t\t\t<div id=\"floatingBarsG\">\n\t\t\t\t<div class=\"blockG\" id=\"rotateG_01\"><\/div>\n\t\t\t\t<div class=\"blockG\" id=\"rotateG_02\"><\/div>\n\t\t\t\t<div class=\"blockG\" id=\"rotateG_03\"><\/div>\n\t\t\t\t<div class=\"blockG\" id=\"rotateG_04\"><\/div>\n\t\t\t\t<div class=\"blockG\" id=\"rotateG_05\"><\/div>\n\t\t\t\t<div class=\"blockG\" id=\"rotateG_06\"><\/div>\n\t\t\t\t<div class=\"blockG\" id=\"rotateG_07\"><\/div>\n\t\t\t\t<div class=\"blockG\" id=\"rotateG_08\"><\/div>\n\t\t\t<\/div>\n\t\t\t<div class=\"WooZone-cross-sell-loader-text\"><\/div>\n\t\t<\/div>\n\t<\/div>\n\n\t\t\n<\/div>\n<div style=\"clear:both;\"><\/div><\/p>\n","protected":false},"excerpt":{"rendered":"<p>Hochwertiges Polyester, Wassers\u00e4ule 3000 mm, wasserdicht durch Nahtversiegelung. Atmungsaktives Polyestergewebe wasserdichter, unverrottbarer Polyethylenen-Zeltboden extrem belastbarer, leichtg\u00e4ngiger Marken-Rei\u00dfverschluss<br \/>\nWettergesch\u00fctzter Eingang h\u00e4lt den Innenraum trocken. Vorbau mit Wohnfl\u00e4che und Stauraum f\u00fcr mehr Platz und Komfort. Seiteneingang mit Rei\u00dfverschluss-Einfassband, nahtversiegelt f\u00fcr Wasserdichtigkeit auch an der Seitent\u00fcr. Klarsichtfolien-Fenster bringen Licht in das Zelt. 3 Dauerventilationen f\u00fcr ein besseres Zeltklima und optimale Bel\u00fcftung. Gest\u00e4nge Markierungen erleichtert den Aufbau<br \/>\nMit dem Vario Vent Control Eingang l\u00e4sst sich das Bel\u00fcftungsfenster variabel je nach Klima bedienen. Optimale Bel\u00fcftung und M\u00fcckenschutz. Der Wannenboden verhindert das Eindringen von N\u00e4sse und Schmutz. Innentaschen f\u00fcr diverser Utensilien. Lampenhalter zum Aufh\u00e4ngen einer Camping- oder Taschenlampe<\/p>\n","protected":false},"featured_media":12162,"comment_status":"open","ping_status":"closed","template":"","meta":[],"product_cat":[70,19],"product_tag":[],"_links":{"self":[{"href":"http:\/\/campingland24.com\/index.php?rest_route=\/wp\/v2\/product\/12161"}],"collection":[{"href":"http:\/\/campingland24.com\/index.php?rest_route=\/wp\/v2\/product"}],"about":[{"href":"http:\/\/campingland24.com\/index.php?rest_route=\/wp\/v2\/types\/product"}],"replies":[{"embeddable":true,"href":"http:\/\/campingland24.com\/index.php?rest_route=%2Fwp%2Fv2%2Fcomments&post=12161"}],"version-history":[{"count":1,"href":"http:\/\/campingland24.com\/index.php?rest_route=\/wp\/v2\/product\/12161\/revisions"}],"predecessor-version":[{"id":14119,"href":"http:\/\/campingland24.com\/index.php?rest_route=\/wp\/v2\/product\/12161\/revisions\/14119"}],"wp:featuredmedia":[{"embeddable":true,"href":"http:\/\/campingland24.com\/index.php?rest_route=\/wp\/v2\/media\/12162"}],"wp:attachment":[{"href":"http:\/\/campingland24.com\/index.php?rest_route=%2Fwp%2Fv2%2Fmedia&parent=12161"}],"wp:term":[{"taxonomy":"product_cat","embeddable":true,"href":"http:\/\/campingland24.com\/index.php?rest_route=%2Fwp%2Fv2%2Fproduct_cat&post=12161"},{"taxonomy":"product_tag","embeddable":true,"href":"http:\/\/campingland24.com\/index.php?rest_route=%2Fwp%2Fv2%2Fproduct_tag&post=12161"}],"curies":[{"name":"wp","href":"https:\/\/api.w.org\/{rel}","templated":true}]}}