{"id":12177,"date":"2021-07-28T10:52:59","date_gmt":"2021-07-28T10:52:59","guid":{"rendered":"http:\/\/campingland24.com\/?product=portal-por2918-4260182766675-tent-grau-3"},"modified":"2023-02-23T18:38:05","modified_gmt":"2023-02-23T18:38:05","slug":"portal-por2918-4260182766675-tent-grau-3","status":"publish","type":"product","link":"http:\/\/campingland24.com\/?product=portal-por2918-4260182766675-tent-grau-3","title":{"rendered":"Portal POR2918-4260182766675 Zelt, Grau, 3 Personen"},"content":{"rendered":"<p><!-- show up to 2 reviews by default --> <\/p>\n<h3>Produktbeschreibung<\/h3>\n<p>Material\u00fcbersicht Au\u00dfenzelt: 100 % Polyester, PU beschichtet, seam taped Innenzelt: 100 % Polyester, atmungsaktiv Boden: PE (Polyethylen) Wassers\u00e4ule Au\u00dfenzelt: 4000 mm Wassers\u00e4ule Boden: 100 % wasserdicht Gest\u00e4nge: Fiberglas (GFK) Heringe: Stahl Produktmerkmale Empfohlene Personenzahl: 3 Zelttyp: Kuppelzelt Aufbau: Innenzelt zuerst Aufbauhilfe: inkl. Anleitung Zelteing\u00e4nge: 1 Ventilationen: 3 PVC Klarsichtfenster: 2 (blickdicht verschlie\u00dfbar) Bodenausf\u00fchrung Au\u00dfenzelt: Bodenplane mit Abspannpunkten positionierbar Bodenausf\u00fchrung Innenzelt: Bodenwanne, fest am Innenzelt angen\u00e4ht Schlafkabinen: 1 (Gro\u00dfe Innenkabine) Innenzelttaschen: vorhanden Produktlinie: Portal Outdoor Ma\u00dfangaben L\u00e4nge max. ca.: 310 cm Breite max. ca.: 180 cm H\u00f6he max. ca.: 130 cm Packma\u00df: \u00d8 16 x 64 cm im Packsack Farben, Formen, Designs Hauptfarbe Au\u00dfenzelt: grau Nebenfarbe Au\u00dfenzelt: orange <\/p>\n<h3>Set enth\u00e4lt:<\/h3>\n<p>Zelt, Schlafkabine; Gest\u00e4nge;Heringe;Abspannleine, Tranpsortasche;Anleitung <\/p>\n<p>Pflegehinweise: siehe Anleitung<br \/>\n<div class=\"main-cross-sell\" data-asin=\"B01MRSPVOO\">\n\n\t<div class=\"WooZone-cross-sell-loader\">\n\t\t<div>\n\t\t\t<div id=\"floatingBarsG\">\n\t\t\t\t<div class=\"blockG\" id=\"rotateG_01\"><\/div>\n\t\t\t\t<div class=\"blockG\" id=\"rotateG_02\"><\/div>\n\t\t\t\t<div class=\"blockG\" id=\"rotateG_03\"><\/div>\n\t\t\t\t<div class=\"blockG\" id=\"rotateG_04\"><\/div>\n\t\t\t\t<div class=\"blockG\" id=\"rotateG_05\"><\/div>\n\t\t\t\t<div class=\"blockG\" id=\"rotateG_06\"><\/div>\n\t\t\t\t<div class=\"blockG\" id=\"rotateG_07\"><\/div>\n\t\t\t\t<div class=\"blockG\" id=\"rotateG_08\"><\/div>\n\t\t\t<\/div>\n\t\t\t<div class=\"WooZone-cross-sell-loader-text\"><\/div>\n\t\t<\/div>\n\t<\/div>\n\n\t\t\n<\/div>\n<div style=\"clear:both;\"><\/div><\/p>\n","protected":false},"excerpt":{"rendered":"<p>Pflegehinweise: siehe Anleitung<\/p>\n","protected":false},"featured_media":12178,"comment_status":"open","ping_status":"closed","template":"","meta":[],"product_cat":[70,19],"product_tag":[],"_links":{"self":[{"href":"http:\/\/campingland24.com\/index.php?rest_route=\/wp\/v2\/product\/12177"}],"collection":[{"href":"http:\/\/campingland24.com\/index.php?rest_route=\/wp\/v2\/product"}],"about":[{"href":"http:\/\/campingland24.com\/index.php?rest_route=\/wp\/v2\/types\/product"}],"replies":[{"embeddable":true,"href":"http:\/\/campingland24.com\/index.php?rest_route=%2Fwp%2Fv2%2Fcomments&post=12177"}],"version-history":[{"count":2,"href":"http:\/\/campingland24.com\/index.php?rest_route=\/wp\/v2\/product\/12177\/revisions"}],"predecessor-version":[{"id":18997,"href":"http:\/\/campingland24.com\/index.php?rest_route=\/wp\/v2\/product\/12177\/revisions\/18997"}],"wp:featuredmedia":[{"embeddable":true,"href":"http:\/\/campingland24.com\/index.php?rest_route=\/wp\/v2\/media\/12178"}],"wp:attachment":[{"href":"http:\/\/campingland24.com\/index.php?rest_route=%2Fwp%2Fv2%2Fmedia&parent=12177"}],"wp:term":[{"taxonomy":"product_cat","embeddable":true,"href":"http:\/\/campingland24.com\/index.php?rest_route=%2Fwp%2Fv2%2Fproduct_cat&post=12177"},{"taxonomy":"product_tag","embeddable":true,"href":"http:\/\/campingland24.com\/index.php?rest_route=%2Fwp%2Fv2%2Fproduct_tag&post=12177"}],"curies":[{"name":"wp","href":"https:\/\/api.w.org\/{rel}","templated":true}]}}