{"id":12286,"date":"2021-07-28T11:32:17","date_gmt":"2021-07-28T11:32:17","guid":{"rendered":"http:\/\/campingland24.com\/?product=skandika-turin-12-personen-kuppel-familienzelt-3-schlafkabinen-200-cm-stehhoehe-5000-mm-wassersaeule"},"modified":"2023-02-23T18:38:06","modified_gmt":"2023-02-23T18:38:06","slug":"skandika-turin-12-personen-kuppel-familienzelt-3-schlafkabinen-200-cm-stehhoehe-5000-mm-wassersaeule","status":"publish","type":"product","link":"http:\/\/campingland24.com\/?product=skandika-turin-12-personen-kuppel-familienzelt-3-schlafkabinen-200-cm-stehhoehe-5000-mm-wassersaeule","title":{"rendered":"Skandika Turin 12-Personen Kuppel\/Familienzelt, 3 Schlafkabinen, 200 cm Stehh\u00f6he, 5000 mm Wassers\u00e4ule"},"content":{"rendered":"<div class=\"celwidget aplus-module launchpad-company-logo aplus-standard\">\n<div class=\"a-section a-text-center launchpad-module launchpad-module-company-logo\"> <img alt=\"Skandika Turin 12-Personen Kuppelzelt Familienzelt Gruppenzelt\" src=\"https:\/\/images-na.ssl-images-amazon.com\/images\/G\/01\/x-locale\/common\/grey-pixel.gif\" class=\"a-lazy-loaded\" data-src=\"https:\/\/m.media-amazon.com\/images\/S\/aplus-seller-content-images-us-east-1\/A1PA6795UKMFR9\/AD1OSO3B38UMY\/c560f86f-99f5-4097-8f5b-e7a958efa5b8._CR0,0,600,180_PT0_SX600__.jpg\"><img alt=\"Skandika Turin 12-Personen Kuppelzelt Familienzelt Gruppenzelt\" src=\"https:\/\/m.media-amazon.com\/images\/S\/aplus-seller-content-images-us-east-1\/A1PA6795UKMFR9\/AD1OSO3B38UMY\/c560f86f-99f5-4097-8f5b-e7a958efa5b8._CR0,0,600,180_PT0_SX600__.jpg\"> <\/div>\n<\/p><\/div>\n<div class=\"celwidget aplus-module launchpad-brand-description-left aplus-standard\">\n<div class=\"a-section launchpad-module launchpad-module-brand-description-left\">\n<div class=\"a-section launchpad-text-left-justify\">\n<p> <span class=\"a-text-bold\">Im Urlaub zuhause! Ihre Wohnung zum mitnehmen: Ger\u00e4umig &#8211; Schnell aufgebaut &#8211; Komfortabel<\/span> <\/p>\n<p> Das Turin ist das optimale Zelt f\u00fcr ihren <span class=\"a-text-bold\">Gruppen- oder Familienurlaub<\/span>. Der Eingang ist Ihr Sonnendach. Der <span class=\"a-text-bold\">gro\u00dfz\u00fcgige Mittelbereich<\/span> hat gen\u00fcgend Stauraum f\u00fcr Gep\u00e4ck, Lebensmittel und was man beim Camping noch so alles braucht. Durch die <span class=\"a-text-bold\">Stehh\u00f6he<\/span> eignet sich der Mittelbereich hervorragend als Aufenthaltsraum f\u00fcr gem\u00fctliche Abende. <\/p>\n<p> <span class=\"a-text-bold\">Optimale Bewegungsfreiheit<\/span>. Dank 200 cm Stehh\u00f6he riskieren Sie bei schlechtem Wetter und Aufenthalt im Zeltinneren keinen steifen Nacken mehr. Stark: Das Gest\u00e4nge. Flexibles, aber bruchsicheres Fiberglas. <\/p>\n<p> <span class=\"a-text-bold\">Atmungsaktiv<\/span> das Innenzeltmaterial &#8211; <span class=\"a-text-bold\">optimiert f\u00fcr Frischluftzufuhr<\/span>. Und das hei\u00dft: Ideales Zeltklima bei jedem Wetter! Die Entl\u00fcftungshutze sorgt f\u00fcr direkte Bel\u00fcftung des Zeltinnenraumes. <\/p>\n<p> <span class=\"a-text-bold\">Extra stark: Die Wassers\u00e4ule<\/span>. Die Wassers\u00e4ule beschreibt die Qualit\u00e4t und die St\u00e4rke der Beschichtung. Je h\u00f6her die Wassers\u00e4ule desto wasserundurchl\u00e4ssiger die Beschichtung (&#8230; und desto h\u00f6her der Preis). Schon 1.200 mm gelten als wasserdicht, aber den Unterschied zwischen dieser und h\u00f6heren Wassers\u00e4ulen wird offensichtlich, sobald es stark zu regnen anf\u00e4ngt. <\/p>\n<p> <span class=\"a-text-bold\">Das Turin bietet 3.000 mm Wassers\u00e4ule<\/span> dank innovativem PU-beschichtetem Polyester, das das Zelt auch noch UV-resistent und besonders witterungsbest\u00e4ndig macht. Das Zelt ist in einer <span class=\"a-text-bold\">praktischen Tragetasche<\/span> verpackt und hat diverse Zubeh\u00f6rteile wie Abspannleinen, Erdn\u00e4gel und eine <span class=\"a-text-bold\">Aufbauanleitung<\/span>. Ein Reparatur-Kit ist inklusive. Die abgebildete <span class=\"a-text-bold\">Zeltbodenunterlage<\/span> f\u00fcr den Innenbereich <span class=\"a-text-bold\">wird mitgeliefert<\/span>. <\/p>\n<p> Das Turin &#8211; Strapazierf\u00e4hig wie es ist, k\u00f6nnten Ihre Kinder noch mit ihren Kindern damit zelten fahren. <\/p>\n<\/p>\n<ul class=\"a-unordered-list a-vertical\">\n<li><span class=\"a-list-item\">Kapazit\u00e4t: 12 Personen<\/span><\/li>\n<li><span class=\"a-list-item\">Farbig markiertes Gest\u00e4nge<\/span><\/li>\n<li><span class=\"a-list-item\">Kabeldurchf\u00fchrung<\/span><\/li>\n<li><span class=\"a-list-item\">Haken f\u00fcr Zeltlampe mit Kabelbefestigung<\/span><\/li>\n<li><span class=\"a-list-item\">Organizer-Taschen<\/span><\/li>\n<li><span class=\"a-list-item\">Moskitonetz am Haupteingang und an der Schlafkabine<\/span><\/li>\n<li><span class=\"a-list-item\">Wassers\u00e4ule (Au\u00dfenzelt): 3.000 mm<\/span><\/li>\n<li><span class=\"a-list-item\">Wassers\u00e4ule (Boden): 5.000 mm<\/span><\/li>\n<li><span class=\"a-list-item\">Wasserdicht verklebte N\u00e4hte<\/span><\/li>\n<li><span class=\"a-list-item\">Material (Au\u00dfenzelt): 100% Polyester 190T, PU beschichtet<\/span><\/li>\n<li><span class=\"a-list-item\">Material (Innenzelt):100% Polyester 170T, atmungsaktiv<\/span><\/li>\n<li><span class=\"a-list-item\">Material (Boden): 100% PE 120 g\/m\u00b2<\/span><\/li>\n<li><span class=\"a-list-item\">Abmessungen (Gesamt): 840 x 720 cm<\/span><\/li>\n<li><span class=\"a-list-item\">Abmessungen (Kabine): 210 x 240 cm<\/span><\/li>\n<li><span class=\"a-list-item\">Gest\u00e4nge: Fiberglas (12,7\/9,5 mm), Stahl-Aufstellstangen (16 mm)<\/span><\/li>\n<li><span class=\"a-list-item\">Reparatur-Set inklusive<\/span><\/li>\n<li><span class=\"a-list-item\">Gewicht: 23 kg<\/span><\/li>\n<li><span class=\"a-list-item\">Packma\u00df: 70 x 30 cm<\/span><\/li>\n<li><span class=\"a-list-item\">Farbe: braun\/beige oder grau\/orange<\/span><\/li>\n<\/ul>\n<\/p><\/div>\n<\/p><\/div>\n<\/p><\/div>\n<div class=\"celwidget aplus-module module-6 aplus-standard\">\n<div class=\"aplus-module-wrapper apm-fixed-width\">\n<div class=\"aplus-module-content\" id=\"aplus-module-6-2\">\n<div class=\"apm-hovermodule\">\n<div>\n<div class=\"apm-hovermodule-slides\">\n<div class=\"apm-hovermodule-image\"> <img alt=\"Skandika Turin 12-Personen Kuppelzelt Familienzelt Gruppenzelt\" src=\"https:\/\/images-na.ssl-images-amazon.com\/images\/G\/01\/x-locale\/common\/grey-pixel.gif\" class=\"a-spacing-mini a-lazy-loaded\" data-src=\"https:\/\/m.media-amazon.com\/images\/S\/aplus-seller-content-images-us-east-1\/A1PA6795UKMFR9\/AD1OSO3B38UMY\/1680f7c6-52c7-4934-bbe3-40bc6f4ff634._CR0,0,300,300_PT0_SX300__.jpg\"><img alt=\"Skandika Turin 12-Personen Kuppelzelt Familienzelt Gruppenzelt\" src=\"https:\/\/m.media-amazon.com\/images\/S\/aplus-seller-content-images-us-east-1\/A1PA6795UKMFR9\/AD1OSO3B38UMY\/1680f7c6-52c7-4934-bbe3-40bc6f4ff634._CR0,0,300,300_PT0_SX300__.jpg\"> <\/div>\n<div class=\"apm-hovermodule-slides-inner\">\n<h3 class=\"a-spacing-mini\"> Riesiges 12-Mann Campingzelt <\/h3>\n<p class=\"a-spacing-base\"> Mit viel Platz f\u00fcr Familie, Freunde und reichlich Gep\u00e4ck und M\u00f6bel im gro\u00dfen Wohnbereich. Mit einer Stehh\u00f6he von 200 cm und einem Eingang, der auch als Sonnendach fungiert. <\/p>\n<\/p><\/div>\n<\/p><\/div>\n<div class=\"apm-hovermodule-slides\">\n<div class=\"apm-hovermodule-image\"> <img alt=\"Skandika Turin 12-Personen Kuppelzelt Familienzelt Gruppenzelt\" src=\"https:\/\/images-na.ssl-images-amazon.com\/images\/G\/01\/x-locale\/common\/grey-pixel.gif\" class=\"a-spacing-mini a-lazy-loaded\" data-src=\"https:\/\/m.media-amazon.com\/images\/S\/aplus-seller-content-images-us-east-1\/A1PA6795UKMFR9\/AD1OSO3B38UMY\/ee79efe8-82be-49f5-a965-50bf9ad515f5._CR0,0,300,300_PT0_SX300__.jpg\"><img alt=\"Skandika Turin 12-Personen Kuppelzelt Familienzelt Gruppenzelt\" src=\"https:\/\/m.media-amazon.com\/images\/S\/aplus-seller-content-images-us-east-1\/A1PA6795UKMFR9\/AD1OSO3B38UMY\/ee79efe8-82be-49f5-a965-50bf9ad515f5._CR0,0,300,300_PT0_SX300__.jpg\"> <\/div>\n<div class=\"apm-hovermodule-slides-inner\">\n<h3 class=\"a-spacing-mini\"> 3 gro\u00dfz\u00fcgige Schlafkabinen <\/h3>\n<p class=\"a-spacing-base\"> Die drei Innenkabinen bieten Platz f\u00fcr insgesamt 12 Personen und haben jeweils ihr eigenes eingen\u00e4htes Zeltboden und Moskitonetz am Eingang f\u00fcr viel Schlafcomfort. <\/p>\n<\/p><\/div>\n<\/p><\/div>\n<div class=\"apm-hovermodule-slides\">\n<div class=\"apm-hovermodule-image\"> <img alt=\"Skandika Turin 12-Personen Kuppelzelt Familienzelt Gruppenzelt\" src=\"https:\/\/images-na.ssl-images-amazon.com\/images\/G\/01\/x-locale\/common\/grey-pixel.gif\" class=\"a-spacing-mini a-lazy-loaded\" data-src=\"https:\/\/m.media-amazon.com\/images\/S\/aplus-seller-content-images-us-east-1\/A1PA6795UKMFR9\/AD1OSO3B38UMY\/dfa64760-b2ef-4d1f-8a56-d4e527906a6f._CR0,0,300,300_PT0_SX300__.jpg\"><img alt=\"Skandika Turin 12-Personen Kuppelzelt Familienzelt Gruppenzelt\" src=\"https:\/\/m.media-amazon.com\/images\/S\/aplus-seller-content-images-us-east-1\/A1PA6795UKMFR9\/AD1OSO3B38UMY\/dfa64760-b2ef-4d1f-8a56-d4e527906a6f._CR0,0,300,300_PT0_SX300__.jpg\"> <\/div>\n<div class=\"apm-hovermodule-slides-inner\">\n<h3 class=\"a-spacing-mini\"> Schnell und einfach aufzubauen trotz der Gr\u00f6\u00dfe <\/h3>\n<p class=\"a-spacing-base\"> Farbig markierte Stangen und eine klare Anleitung helfen dabei. Besonders wetterfest mit einer Wassers\u00e4ule von 5000 mm und hochwertig versiegelten N\u00e4hten. <\/p>\n<\/p><\/div>\n<\/p><\/div>\n<div class=\"apm-hovermodule-slides\">\n<div class=\"apm-hovermodule-image\"> <img alt=\"Skandika Turin 12-Personen Kuppelzelt Familienzelt Gruppenzelt\" src=\"https:\/\/images-na.ssl-images-amazon.com\/images\/G\/01\/x-locale\/common\/grey-pixel.gif\" class=\"a-spacing-mini a-lazy-loaded\" data-src=\"https:\/\/m.media-amazon.com\/images\/S\/aplus-seller-content-images-us-east-1\/A1PA6795UKMFR9\/AD1OSO3B38UMY\/f899bb48-577f-43ec-a1ce-1801b0ad2024._CR0,0,300,300_PT0_SX300__.jpg\"><img alt=\"Skandika Turin 12-Personen Kuppelzelt Familienzelt Gruppenzelt\" src=\"https:\/\/m.media-amazon.com\/images\/S\/aplus-seller-content-images-us-east-1\/A1PA6795UKMFR9\/AD1OSO3B38UMY\/f899bb48-577f-43ec-a1ce-1801b0ad2024._CR0,0,300,300_PT0_SX300__.jpg\"> <\/div>\n<div class=\"apm-hovermodule-slides-inner\">\n<h3 class=\"a-spacing-mini\"> Gut durchdachtes Familienzelt mit vielen Extras <\/h3>\n<p class=\"a-spacing-base\"> Fenster und Eing\u00e4nge mit Moskitonetz, Haken f\u00fcr Laterne, praktische Organizer-Taschen, Kabeldurchf\u00fchrung, Ventilations\u00f6ffnungen <\/p>\n<\/p><\/div>\n<\/p><\/div>\n<\/p><\/div>\n<div class=\"apm-hovermodule-slidecontrol\">\n<div class=\"apm-hovermodule-smallimage celwidget\">\n<div class=\"a-section a-spacing-mini apm-hovermodule-smallimage-bg\"> <img alt=\"Skandika Turin 12-Personen Kuppelzelt Familienzelt Gruppenzelt\" src=\"https:\/\/images-na.ssl-images-amazon.com\/images\/G\/01\/x-locale\/common\/grey-pixel.gif\" class=\"a-lazy-loaded\" data-src=\"https:\/\/m.media-amazon.com\/images\/S\/aplus-seller-content-images-us-east-1\/A1PA6795UKMFR9\/AD1OSO3B38UMY\/1680f7c6-52c7-4934-bbe3-40bc6f4ff634._CR0,0,300,300_PT0_SX80__.jpg\"><img alt=\"Skandika Turin 12-Personen Kuppelzelt Familienzelt Gruppenzelt\" src=\"https:\/\/m.media-amazon.com\/images\/S\/aplus-seller-content-images-us-east-1\/A1PA6795UKMFR9\/AD1OSO3B38UMY\/1680f7c6-52c7-4934-bbe3-40bc6f4ff634._CR0,0,300,300_PT0_SX80__.jpg\"> <\/div>\n<\/p><\/div>\n<div class=\"apm-hovermodule-smallimage celwidget apm-hovermodule-opacitymodon\">\n<div class=\"a-section a-spacing-mini apm-hovermodule-smallimage-bg\"> <img alt=\"Skandika Turin 12-Personen Kuppelzelt Familienzelt Gruppenzelt\" src=\"https:\/\/images-na.ssl-images-amazon.com\/images\/G\/01\/x-locale\/common\/grey-pixel.gif\" class=\"a-lazy-loaded\" data-src=\"https:\/\/m.media-amazon.com\/images\/S\/aplus-seller-content-images-us-east-1\/A1PA6795UKMFR9\/AD1OSO3B38UMY\/ee79efe8-82be-49f5-a965-50bf9ad515f5._CR0,0,300,300_PT0_SX80__.jpg\"><img alt=\"Skandika Turin 12-Personen Kuppelzelt Familienzelt Gruppenzelt\" src=\"https:\/\/m.media-amazon.com\/images\/S\/aplus-seller-content-images-us-east-1\/A1PA6795UKMFR9\/AD1OSO3B38UMY\/ee79efe8-82be-49f5-a965-50bf9ad515f5._CR0,0,300,300_PT0_SX80__.jpg\"> <\/div>\n<\/p><\/div>\n<div class=\"apm-hovermodule-smallimage celwidget apm-hovermodule-opacitymodon\">\n<div class=\"a-section a-spacing-mini apm-hovermodule-smallimage-bg\"> <img alt=\"Skandika Turin 12-Personen Kuppelzelt Familienzelt Gruppenzelt\" src=\"https:\/\/images-na.ssl-images-amazon.com\/images\/G\/01\/x-locale\/common\/grey-pixel.gif\" class=\"a-lazy-loaded\" data-src=\"https:\/\/m.media-amazon.com\/images\/S\/aplus-seller-content-images-us-east-1\/A1PA6795UKMFR9\/AD1OSO3B38UMY\/dfa64760-b2ef-4d1f-8a56-d4e527906a6f._CR0,0,300,300_PT0_SX80__.jpg\"><img alt=\"Skandika Turin 12-Personen Kuppelzelt Familienzelt Gruppenzelt\" src=\"https:\/\/m.media-amazon.com\/images\/S\/aplus-seller-content-images-us-east-1\/A1PA6795UKMFR9\/AD1OSO3B38UMY\/dfa64760-b2ef-4d1f-8a56-d4e527906a6f._CR0,0,300,300_PT0_SX80__.jpg\"> <\/div>\n<\/p><\/div>\n<div class=\"apm-hovermodule-smallimage celwidget apm-hovermodule-opacitymodon\">\n<div class=\"a-section a-spacing-mini apm-hovermodule-smallimage-bg\"> <img alt=\"Skandika Turin 12-Personen Kuppelzelt Familienzelt Gruppenzelt\" src=\"https:\/\/images-na.ssl-images-amazon.com\/images\/G\/01\/x-locale\/common\/grey-pixel.gif\" class=\"a-lazy-loaded\" data-src=\"https:\/\/m.media-amazon.com\/images\/S\/aplus-seller-content-images-us-east-1\/A1PA6795UKMFR9\/AD1OSO3B38UMY\/f899bb48-577f-43ec-a1ce-1801b0ad2024._CR0,0,300,300_PT0_SX80__.jpg\"><img alt=\"Skandika Turin 12-Personen Kuppelzelt Familienzelt Gruppenzelt\" src=\"https:\/\/m.media-amazon.com\/images\/S\/aplus-seller-content-images-us-east-1\/A1PA6795UKMFR9\/AD1OSO3B38UMY\/f899bb48-577f-43ec-a1ce-1801b0ad2024._CR0,0,300,300_PT0_SX80__.jpg\"> <\/div>\n<\/p><\/div>\n<\/p><\/div>\n<\/p><\/div>\n<\/p><\/div>\n<\/p><\/div>\n<div><\/div>\n<\/p><\/div>\n<div class=\"celwidget aplus-module module-11 aplus-standard\">\n<div data-a-expander-name=\"aplus-module-expander\" data-a-expander-collapsed-height=\"360\" class=\"a-expander-collapsed-height a-row a-expander-container a-expander-partial-collapse-container\">\n<div class=\"a-expander-content a-expander-partial-collapse-content\">\n<div class=\"aplus-module-wrapper apm-spacing apm-floatnone apm-fixed-width\">\n<div class=\"apm-sidemodule aplus-module-content\">\n<div class=\"apm-hero-image\"> <img alt=\"Skandika Turin 12-Personen Kuppelzelt Familienzelt Gruppenzelt\" src=\"https:\/\/images-na.ssl-images-amazon.com\/images\/G\/01\/x-locale\/common\/grey-pixel.gif\" class=\"a-lazy-loaded\" data-src=\"https:\/\/m.media-amazon.com\/images\/S\/aplus-seller-content-images-us-east-1\/A1PA6795UKMFR9\/AD1OSO3B38UMY\/78cd3557-691a-4c0a-8f28-ad1db936f170._CR0,0,970,300_PT0_SX970__.jpg\"><img alt=\"Skandika Turin 12-Personen Kuppelzelt Familienzelt Gruppenzelt\" src=\"https:\/\/m.media-amazon.com\/images\/S\/aplus-seller-content-images-us-east-1\/A1PA6795UKMFR9\/AD1OSO3B38UMY\/78cd3557-691a-4c0a-8f28-ad1db936f170._CR0,0,970,300_PT0_SX970__.jpg\"> <\/div>\n<\/p><\/div>\n<\/p><\/div>\n<div><\/div>\n<\/p><\/div>\n<div class=\"a-expander-header a-expander-partial-collapse-header a-text-left\">\n<div class=\"a-expander-content-fade\"><\/div>\n<p><a href=\"void(0)\" data-action=\"a-expander-toggle\" class=\"a-declarative\" data-a-expander-toggle=\"{\"><i class=\"a-icon a-icon-extender-expand\"><\/i><span class=\"a-expander-prompt\">Mehr lesen<\/span><\/a><\/div>\n<\/p><\/div>\n<\/p><\/div>\n<p>Riesiges 12-Mann Campingzelt mit viel Platz f\u00fcr Familie, Freunde und reichlich Gep\u00e4ck und M\u00f6bel im gro\u00dfen Wohnbereich. Mit einer Stehh\u00f6he von 200 cm und einem Eingang, der auch als Sonnendach fungiert<br \/>\nDie drei Innenkabinen bieten Platz f\u00fcr insgesamt 12 Personen und haben jeweils ihr eigenes eingen\u00e4htes Zeltboden und Moskitonetz am Eingang f\u00fcr viel Schlafcomfort<br \/>\nSchnell und einfach aufzubauen trotz der Gr\u00f6\u00dfe &#8211; farbig markierte Stangen und eine klare Anleitung helfen dabei. Besonders wetterfest mit einer Wassers\u00e4ule von 5000 mm und hochwertig versiegelten N\u00e4hten<br \/>\nGut durchdachtes Familienzelt mit vielen Extras: Fenster und Eing\u00e4nge mit Moskitonetz, Haken f\u00fcr Laterne, praktische Organizer-Taschen, Kabeldurchf\u00fchrung, Ventilations\u00f6ffnungen<br \/>\nIdeal wenn man viel Platz braucht &#8211; egal ob f\u00fcr den Urlaub oder eine Party! Komplett mit passendem Zeltboden f\u00fcr den Wohnbereich, robuste Tragetasche, Aufbauanleitung, Erdn\u00e4geln und Reparatur-Set<br \/>\n<div class=\"main-cross-sell\" data-asin=\"B003B66DIS\">\n\n\t<div class=\"WooZone-cross-sell-loader\">\n\t\t<div>\n\t\t\t<div id=\"floatingBarsG\">\n\t\t\t\t<div class=\"blockG\" id=\"rotateG_01\"><\/div>\n\t\t\t\t<div class=\"blockG\" id=\"rotateG_02\"><\/div>\n\t\t\t\t<div class=\"blockG\" id=\"rotateG_03\"><\/div>\n\t\t\t\t<div class=\"blockG\" id=\"rotateG_04\"><\/div>\n\t\t\t\t<div class=\"blockG\" id=\"rotateG_05\"><\/div>\n\t\t\t\t<div class=\"blockG\" id=\"rotateG_06\"><\/div>\n\t\t\t\t<div class=\"blockG\" id=\"rotateG_07\"><\/div>\n\t\t\t\t<div class=\"blockG\" id=\"rotateG_08\"><\/div>\n\t\t\t<\/div>\n\t\t\t<div class=\"WooZone-cross-sell-loader-text\"><\/div>\n\t\t<\/div>\n\t<\/div>\n\n\t\t\n<\/div>\n<div style=\"clear:both;\"><\/div><\/p>\n","protected":false},"excerpt":{"rendered":"<p>Riesiges 12-Mann Campingzelt mit viel Platz f\u00fcr Familie, Freunde und reichlich Gep\u00e4ck und M\u00f6bel im gro\u00dfen Wohnbereich. Mit einer Stehh\u00f6he von 200 cm und einem Eingang, der auch als Sonnendach fungiert<br \/>\nDie drei Innenkabinen bieten Platz f\u00fcr insgesamt 12 Personen und haben jeweils ihr eigenes eingen\u00e4htes Zeltboden und Moskitonetz am Eingang f\u00fcr viel Schlafcomfort<br \/>\nSchnell und einfach aufzubauen trotz der Gr\u00f6\u00dfe &#8211; farbig markierte Stangen und eine klare Anleitung helfen dabei. Besonders wetterfest mit einer Wassers\u00e4ule von 5000 mm und hochwertig versiegelten N\u00e4hten<\/p>\n","protected":false},"featured_media":12287,"comment_status":"open","ping_status":"closed","template":"","meta":[],"product_cat":[70,19],"product_tag":[],"_links":{"self":[{"href":"http:\/\/campingland24.com\/index.php?rest_route=\/wp\/v2\/product\/12286"}],"collection":[{"href":"http:\/\/campingland24.com\/index.php?rest_route=\/wp\/v2\/product"}],"about":[{"href":"http:\/\/campingland24.com\/index.php?rest_route=\/wp\/v2\/types\/product"}],"replies":[{"embeddable":true,"href":"http:\/\/campingland24.com\/index.php?rest_route=%2Fwp%2Fv2%2Fcomments&post=12286"}],"version-history":[{"count":2,"href":"http:\/\/campingland24.com\/index.php?rest_route=\/wp\/v2\/product\/12286\/revisions"}],"predecessor-version":[{"id":20050,"href":"http:\/\/campingland24.com\/index.php?rest_route=\/wp\/v2\/product\/12286\/revisions\/20050"}],"wp:featuredmedia":[{"embeddable":true,"href":"http:\/\/campingland24.com\/index.php?rest_route=\/wp\/v2\/media\/12287"}],"wp:attachment":[{"href":"http:\/\/campingland24.com\/index.php?rest_route=%2Fwp%2Fv2%2Fmedia&parent=12286"}],"wp:term":[{"taxonomy":"product_cat","embeddable":true,"href":"http:\/\/campingland24.com\/index.php?rest_route=%2Fwp%2Fv2%2Fproduct_cat&post=12286"},{"taxonomy":"product_tag","embeddable":true,"href":"http:\/\/campingland24.com\/index.php?rest_route=%2Fwp%2Fv2%2Fproduct_tag&post=12286"}],"curies":[{"name":"wp","href":"https:\/\/api.w.org\/{rel}","templated":true}]}}