{"id":12294,"date":"2021-07-28T11:32:22","date_gmt":"2021-07-28T11:32:22","guid":{"rendered":"http:\/\/campingland24.com\/?product=mil-tec-2-mann-zelt-classic-800-oliv"},"modified":"2023-02-23T18:38:06","modified_gmt":"2023-02-23T18:38:06","slug":"mil-tec-2-mann-zelt-classic-800-oliv","status":"publish","type":"product","link":"http:\/\/campingland24.com\/?product=mil-tec-2-mann-zelt-classic-800-oliv","title":{"rendered":"Mil-Tec Unisex\u00a0\u2013 Erwachsene Mini Pack Standard&#8216; Zelt, Oliv, One Size"},"content":{"rendered":"<p><!-- show up to 2 reviews by default --> <\/p>\n<p>Mini Pack Zelt, oliv<\/p>\n<p>Mini Pack Zelt, oliv<\/p>\n<p> Leichtgewicht 2-Mann-Zelt durch sein kleines Packma\u00df von 60 x 20 x 15 cm, leicht zu verstauen. Eingang mit Moskitonetz, strapazierf\u00e4higer PE-Gewebeboden. Komplett mit Metallgest\u00e4nge, Heringe und Abspannleinen. Bew\u00e4hrte Firststangenausf\u00fchrung.<\/p>\n<p> Details: Wassers\u00e4ule: 800 mm, Material: 100% Polyester, Boden: 100% Polyethylen, Ma\u00dfe: 210 x 145 x 100 cm, Packma\u00df: ca. 60 x 20 x 15 cm, Gewicht: ca. 1600 g, Komplett mit Packsack.<\/p>\n<\/p>\n<p>Wassers\u00e4ule: 800 mm<br \/>\nMaterial: 100% Polyester, Boden: 100% Polyethylen<br \/>\nMa\u00dfe: 210 x 145 x 100 cm<br \/>\nPackma\u00df: ca. 60 x 20 x 15 cm<br \/>\nGewicht: ca. 1600 g<br \/>\n<div class=\"main-cross-sell\" data-asin=\"B005MYCN4K\">\n\n\t<div class=\"WooZone-cross-sell-loader\">\n\t\t<div>\n\t\t\t<div id=\"floatingBarsG\">\n\t\t\t\t<div class=\"blockG\" id=\"rotateG_01\"><\/div>\n\t\t\t\t<div class=\"blockG\" id=\"rotateG_02\"><\/div>\n\t\t\t\t<div class=\"blockG\" id=\"rotateG_03\"><\/div>\n\t\t\t\t<div class=\"blockG\" id=\"rotateG_04\"><\/div>\n\t\t\t\t<div class=\"blockG\" id=\"rotateG_05\"><\/div>\n\t\t\t\t<div class=\"blockG\" id=\"rotateG_06\"><\/div>\n\t\t\t\t<div class=\"blockG\" id=\"rotateG_07\"><\/div>\n\t\t\t\t<div class=\"blockG\" id=\"rotateG_08\"><\/div>\n\t\t\t<\/div>\n\t\t\t<div class=\"WooZone-cross-sell-loader-text\"><\/div>\n\t\t<\/div>\n\t<\/div>\n\n\t\t\n<\/div>\n<div style=\"clear:both;\"><\/div><\/p>\n","protected":false},"excerpt":{"rendered":"<p>Wassers\u00e4ule: 800 mm<br \/>\nMaterial: 100% Polyester, Boden: 100% Polyethylen<br \/>\nMa\u00dfe: 210 x 145 x 100 cm<\/p>\n","protected":false},"featured_media":12295,"comment_status":"open","ping_status":"closed","template":"","meta":[],"product_cat":[70,19],"product_tag":[],"_links":{"self":[{"href":"http:\/\/campingland24.com\/index.php?rest_route=\/wp\/v2\/product\/12294"}],"collection":[{"href":"http:\/\/campingland24.com\/index.php?rest_route=\/wp\/v2\/product"}],"about":[{"href":"http:\/\/campingland24.com\/index.php?rest_route=\/wp\/v2\/types\/product"}],"replies":[{"embeddable":true,"href":"http:\/\/campingland24.com\/index.php?rest_route=%2Fwp%2Fv2%2Fcomments&post=12294"}],"version-history":[{"count":2,"href":"http:\/\/campingland24.com\/index.php?rest_route=\/wp\/v2\/product\/12294\/revisions"}],"predecessor-version":[{"id":19882,"href":"http:\/\/campingland24.com\/index.php?rest_route=\/wp\/v2\/product\/12294\/revisions\/19882"}],"wp:featuredmedia":[{"embeddable":true,"href":"http:\/\/campingland24.com\/index.php?rest_route=\/wp\/v2\/media\/12295"}],"wp:attachment":[{"href":"http:\/\/campingland24.com\/index.php?rest_route=%2Fwp%2Fv2%2Fmedia&parent=12294"}],"wp:term":[{"taxonomy":"product_cat","embeddable":true,"href":"http:\/\/campingland24.com\/index.php?rest_route=%2Fwp%2Fv2%2Fproduct_cat&post=12294"},{"taxonomy":"product_tag","embeddable":true,"href":"http:\/\/campingland24.com\/index.php?rest_route=%2Fwp%2Fv2%2Fproduct_tag&post=12294"}],"curies":[{"name":"wp","href":"https:\/\/api.w.org\/{rel}","templated":true}]}}