{"id":12296,"date":"2021-07-28T11:32:25","date_gmt":"2021-07-28T11:32:25","guid":{"rendered":"http:\/\/campingland24.com\/?product=vango-boys-odyssey-air-aufblasbares-zelt-epsom-green-600sc"},"modified":"2023-02-23T18:38:06","modified_gmt":"2023-02-23T18:38:06","slug":"vango-boys-odyssey-air-aufblasbares-zelt-epsom-green-600sc","status":"publish","type":"product","link":"http:\/\/campingland24.com\/?product=vango-boys-odyssey-air-aufblasbares-zelt-epsom-green-600sc","title":{"rendered":"Vango Boys Odyssey Air Aufblasbares Zelt, Epsom Green, 600SC"},"content":{"rendered":"<p><!-- show up to 2 reviews by default --> <\/p>\n<p>Geschwindigkeit ist das, was wir an der Vango AirBeam Odyssey Kollektion lieben. Diese Reihe von aufblasbaren Zelten wurde entwickelt, um schnelles und einfaches Aufstellen mit ger\u00e4umigen Wohn- und Schlafbereichen zu kombinieren, sodass Sie sich auf jedem Campingurlaub wie zu Hause f\u00fchlen k\u00f6nnen. Die Kollektion umfasst Funktionen wie Vollnetzt\u00fcren, Aufbewahrungstaschen und verdunkelte Innenzelte, in denen Sie bequem schlafen k\u00f6nnen. <\/p>\n<p>Die aufblasbare AirBeam-Struktur erm\u00f6glicht ein stangenfreies Aufstellen innerhalb weniger Minuten (inklusive doppeltwirkender Pumpe)<br \/>\nVango Protex 70 Denier Polyester Zeltmaterial, 4000mm HH &#8211; Hoch wasserdicht, strapazierf\u00e4hig, zuverl\u00e4ssig. Exklusiv bei Vango<br \/>\nDas von Vango patentierte TBS II-Spannbandsystem gew\u00e4hrleistet Stabilit\u00e4t bei Wind<br \/>\nFront- und Seiteneinstieg &#8211; Vollnetzt\u00fcre an der Vorderseite und durchgehende volle Standh\u00f6he; verbundener PE-Boden im Wohnbereich<br \/>\nVerdunkeltes Innenzelt &#8211; dunklerer Stoff reduziert das fr\u00fche Morgenlicht<br \/>\n<div class=\"main-cross-sell\" data-asin=\"B01M019A1V\">\n\n\t<div class=\"WooZone-cross-sell-loader\">\n\t\t<div>\n\t\t\t<div id=\"floatingBarsG\">\n\t\t\t\t<div class=\"blockG\" id=\"rotateG_01\"><\/div>\n\t\t\t\t<div class=\"blockG\" id=\"rotateG_02\"><\/div>\n\t\t\t\t<div class=\"blockG\" id=\"rotateG_03\"><\/div>\n\t\t\t\t<div class=\"blockG\" id=\"rotateG_04\"><\/div>\n\t\t\t\t<div class=\"blockG\" id=\"rotateG_05\"><\/div>\n\t\t\t\t<div class=\"blockG\" id=\"rotateG_06\"><\/div>\n\t\t\t\t<div class=\"blockG\" id=\"rotateG_07\"><\/div>\n\t\t\t\t<div class=\"blockG\" id=\"rotateG_08\"><\/div>\n\t\t\t<\/div>\n\t\t\t<div class=\"WooZone-cross-sell-loader-text\"><\/div>\n\t\t<\/div>\n\t<\/div>\n\n\t\t\n<\/div>\n<div style=\"clear:both;\"><\/div><\/p>\n","protected":false},"excerpt":{"rendered":"<p>Die aufblasbare AirBeam-Struktur erm\u00f6glicht ein stangenfreies Aufstellen innerhalb weniger Minuten (inklusive doppeltwirkender Pumpe)<br \/>\nVango Protex 70 Denier Polyester Zeltmaterial, 4000mm HH &#8211; Hoch wasserdicht, strapazierf\u00e4hig, zuverl\u00e4ssig. Exklusiv bei Vango<br \/>\nDas von Vango patentierte TBS II-Spannbandsystem gew\u00e4hrleistet Stabilit\u00e4t bei Wind<\/p>\n","protected":false},"featured_media":12297,"comment_status":"open","ping_status":"closed","template":"","meta":[],"product_cat":[70,19],"product_tag":[],"_links":{"self":[{"href":"http:\/\/campingland24.com\/index.php?rest_route=\/wp\/v2\/product\/12296"}],"collection":[{"href":"http:\/\/campingland24.com\/index.php?rest_route=\/wp\/v2\/product"}],"about":[{"href":"http:\/\/campingland24.com\/index.php?rest_route=\/wp\/v2\/types\/product"}],"replies":[{"embeddable":true,"href":"http:\/\/campingland24.com\/index.php?rest_route=%2Fwp%2Fv2%2Fcomments&post=12296"}],"version-history":[{"count":1,"href":"http:\/\/campingland24.com\/index.php?rest_route=\/wp\/v2\/product\/12296\/revisions"}],"predecessor-version":[{"id":14138,"href":"http:\/\/campingland24.com\/index.php?rest_route=\/wp\/v2\/product\/12296\/revisions\/14138"}],"wp:featuredmedia":[{"embeddable":true,"href":"http:\/\/campingland24.com\/index.php?rest_route=\/wp\/v2\/media\/12297"}],"wp:attachment":[{"href":"http:\/\/campingland24.com\/index.php?rest_route=%2Fwp%2Fv2%2Fmedia&parent=12296"}],"wp:term":[{"taxonomy":"product_cat","embeddable":true,"href":"http:\/\/campingland24.com\/index.php?rest_route=%2Fwp%2Fv2%2Fproduct_cat&post=12296"},{"taxonomy":"product_tag","embeddable":true,"href":"http:\/\/campingland24.com\/index.php?rest_route=%2Fwp%2Fv2%2Fproduct_tag&post=12296"}],"curies":[{"name":"wp","href":"https:\/\/api.w.org\/{rel}","templated":true}]}}