{"id":12352,"date":"2021-07-28T11:33:00","date_gmt":"2021-07-28T11:33:00","guid":{"rendered":"http:\/\/campingland24.com\/?product=pavillo-zelt-ocaso-x3-tent-150225x260x155cm"},"modified":"2023-02-23T18:38:07","modified_gmt":"2023-02-23T18:38:07","slug":"pavillo-zelt-ocaso-x3-tent-150225x260x155cm","status":"publish","type":"product","link":"http:\/\/campingland24.com\/?product=pavillo-zelt-ocaso-x3-tent-150225x260x155cm","title":{"rendered":"Pavillo Zelt &#8222;Ocaso X3 Tent&#8220; (150+225)x260x155cm"},"content":{"rendered":"<p><!-- show up to 2 reviews by default --> <\/p>\n<p>Bestway hat die Tools, die Ihre Outdoorabenteuer noch spa\u00dfiger, abwechslungsreicher und vor allem komfortabler machen. Die PavilloLinie bietet alles, was das Herz begehrt. Egal ob Sie einen entspannenden Tag am Strand, oder ein Abenteuerwochenende im Wald verbringen wollen &#8211; Bestway hat genau das, was Sie brauchen, um Ihr Erlebnis unvergesslich zu machen. Das Pavillo Ocaso X3 Zelt f\u00fcr 3 Personen bietet dank seines stromlinienf\u00f6rmigen Aufbaus selbst unter windigen Bedingungen Stabilit\u00e4t. Die T\u00fcr und Fenster sind aus mesh-Material und somit Insektenundurchl\u00e4ssig. Au\u00dferdem bietet dieses Zelt wasserresistente N\u00e4hte sowie flammenhemmendes Gewebe und einen frontmontierten Tunneleingang f\u00fcr extra Platz. Die Innentasche dient zum Verstauen pers\u00f6nlicher Gegenst\u00e4nde, damit Sie das Zelt unbesorgt verlassen k\u00f6nnen. machen Sie Ihre Nacht unter den Sternen unvergesslich mit dem Bestway Pavillo Ocaso X3 Zelt. <\/p>\n<p>Artikelnummer: 68011<br \/>\nGr\u00f6\u00dfe innen: 225 x 260 x 155cm Gr\u00f6\u00dfe au\u00dfen: 375 x 260 x 155cm; Maximale Personenanzahl: 3 Erwachsene<br \/>\nMaterial: 190T Polyester; Dichtigkeit: 2.000mmWS \/ Bodenschutz: 120G\/m\u00b2 PE<br \/>\nFrontmontierter Tunneleingang bietet extra Platz; Innentasche zum Verstauen pers\u00f6nlicher Gegenst\u00e4nde<br \/>\nInklusive 25 Heringen; Tragetasche<br \/>\n<div class=\"main-cross-sell\" data-asin=\"B00NFM6DL0\">\n\n\t<div class=\"WooZone-cross-sell-loader\">\n\t\t<div>\n\t\t\t<div id=\"floatingBarsG\">\n\t\t\t\t<div class=\"blockG\" id=\"rotateG_01\"><\/div>\n\t\t\t\t<div class=\"blockG\" id=\"rotateG_02\"><\/div>\n\t\t\t\t<div class=\"blockG\" id=\"rotateG_03\"><\/div>\n\t\t\t\t<div class=\"blockG\" id=\"rotateG_04\"><\/div>\n\t\t\t\t<div class=\"blockG\" id=\"rotateG_05\"><\/div>\n\t\t\t\t<div class=\"blockG\" id=\"rotateG_06\"><\/div>\n\t\t\t\t<div class=\"blockG\" id=\"rotateG_07\"><\/div>\n\t\t\t\t<div class=\"blockG\" id=\"rotateG_08\"><\/div>\n\t\t\t<\/div>\n\t\t\t<div class=\"WooZone-cross-sell-loader-text\"><\/div>\n\t\t<\/div>\n\t<\/div>\n\n\t\t\n<\/div>\n<div style=\"clear:both;\"><\/div><\/p>\n","protected":false},"excerpt":{"rendered":"<p>Artikelnummer: 68011<br \/>\nGr\u00f6\u00dfe innen: 225 x 260 x 155cm Gr\u00f6\u00dfe au\u00dfen: 375 x 260 x 155cm; Maximale Personenanzahl: 3 Erwachsene<br \/>\nMaterial: 190T Polyester; Dichtigkeit: 2.000mmWS \/ Bodenschutz: 120G\/m\u00b2 PE<\/p>\n","protected":false},"featured_media":12353,"comment_status":"open","ping_status":"closed","template":"","meta":[],"product_cat":[70,19],"product_tag":[],"_links":{"self":[{"href":"http:\/\/campingland24.com\/index.php?rest_route=\/wp\/v2\/product\/12352"}],"collection":[{"href":"http:\/\/campingland24.com\/index.php?rest_route=\/wp\/v2\/product"}],"about":[{"href":"http:\/\/campingland24.com\/index.php?rest_route=\/wp\/v2\/types\/product"}],"replies":[{"embeddable":true,"href":"http:\/\/campingland24.com\/index.php?rest_route=%2Fwp%2Fv2%2Fcomments&post=12352"}],"version-history":[{"count":1,"href":"http:\/\/campingland24.com\/index.php?rest_route=\/wp\/v2\/product\/12352\/revisions"}],"predecessor-version":[{"id":14152,"href":"http:\/\/campingland24.com\/index.php?rest_route=\/wp\/v2\/product\/12352\/revisions\/14152"}],"wp:featuredmedia":[{"embeddable":true,"href":"http:\/\/campingland24.com\/index.php?rest_route=\/wp\/v2\/media\/12353"}],"wp:attachment":[{"href":"http:\/\/campingland24.com\/index.php?rest_route=%2Fwp%2Fv2%2Fmedia&parent=12352"}],"wp:term":[{"taxonomy":"product_cat","embeddable":true,"href":"http:\/\/campingland24.com\/index.php?rest_route=%2Fwp%2Fv2%2Fproduct_cat&post=12352"},{"taxonomy":"product_tag","embeddable":true,"href":"http:\/\/campingland24.com\/index.php?rest_route=%2Fwp%2Fv2%2Fproduct_tag&post=12352"}],"curies":[{"name":"wp","href":"https:\/\/api.w.org\/{rel}","templated":true}]}}