{"id":12384,"date":"2021-07-28T11:33:15","date_gmt":"2021-07-28T11:33:15","guid":{"rendered":"http:\/\/campingland24.com\/?product=your-gear-zelt-sopero-4-personen-tunnelzelt-mit-seiteneingang-wohnraum-fenster-wasserdicht-5000-mm-uv-50-schutz-blau-grau"},"modified":"2023-02-23T18:38:08","modified_gmt":"2023-02-23T18:38:08","slug":"your-gear-zelt-sopero-4-personen-tunnelzelt-mit-seiteneingang-wohnraum-fenster-wasserdicht-5000-mm-uv-50-schutz-blau-grau","status":"publish","type":"product","link":"http:\/\/campingland24.com\/?product=your-gear-zelt-sopero-4-personen-tunnelzelt-mit-seiteneingang-wohnraum-fenster-wasserdicht-5000-mm-uv-50-schutz-blau-grau","title":{"rendered":"yourGEAR Zelt Sopero 4 Personen Tunnelzelt mit Seiteneingang Wohnraum Fenster Wasserdicht 5000 mm UV 50+ Schutz Blau\u2026"},"content":{"rendered":"<p>Campingzelt f\u00fcr 4 Mann mit 3 m\u00b2 Vorzelt, wasserdichter Boden f\u00fcr den Wohn- Stauraum, UV-Schutz 50+, Innenzelt mit Moskitonetz f\u00fcr einen Camping-Urlaub frei von Insekten<br \/>\nFamilienzelt mit angenehmer H\u00f6he und dunkler 4er Schlafkabine. Schlafkabinent\u00fcr mit integriertem Insektenschutz, von innen verschlie\u00dfbar. Ideal f\u00fcr Camping, Kurzurlaub oder Festival<br \/>\nZelt in Tunnel Konstruktion mit Vorbau, 2 Eing\u00e4ngen, steilen Seitenw\u00e4nden, 2 blickdicht verschlie\u00dfbaren Fenstern f\u00fcr viel Tageslicht und 3 Dauerventilationen im Wohn &amp; Schlafbereich<br \/>\nZeltgewebe mit 5000 mm Wassers\u00e4ule, N\u00e4hte versiegelt und getaped, Sonnenschutzfaktor 50+, schnelltrocknend, zus\u00e4tzlich wasser- und schmutzabweisend impr\u00e4gniert<br \/>\nMa\u00dfangaben: 370&#215;250 cm, H\u00f6he: 130 cm, Innenzelt: 240&#215;220 cm, Packtasche: 19x19x63 cm. Lieferumfang: Zelt, Kabine, Gest\u00e4nge, Heringe, Abspannleinen, Aufbauanleitung<br \/>\n<div class=\"main-cross-sell\" data-asin=\"B086Q19V5S\">\n\n\t<div class=\"WooZone-cross-sell-loader\">\n\t\t<div>\n\t\t\t<div id=\"floatingBarsG\">\n\t\t\t\t<div class=\"blockG\" id=\"rotateG_01\"><\/div>\n\t\t\t\t<div class=\"blockG\" id=\"rotateG_02\"><\/div>\n\t\t\t\t<div class=\"blockG\" id=\"rotateG_03\"><\/div>\n\t\t\t\t<div class=\"blockG\" id=\"rotateG_04\"><\/div>\n\t\t\t\t<div class=\"blockG\" id=\"rotateG_05\"><\/div>\n\t\t\t\t<div class=\"blockG\" id=\"rotateG_06\"><\/div>\n\t\t\t\t<div class=\"blockG\" id=\"rotateG_07\"><\/div>\n\t\t\t\t<div class=\"blockG\" id=\"rotateG_08\"><\/div>\n\t\t\t<\/div>\n\t\t\t<div class=\"WooZone-cross-sell-loader-text\"><\/div>\n\t\t<\/div>\n\t<\/div>\n\n\t\t\n<\/div>\n<div style=\"clear:both;\"><\/div><\/p>\n","protected":false},"excerpt":{"rendered":"<p>Campingzelt f\u00fcr 4 Mann mit 3 m\u00b2 Vorzelt, wasserdichter Boden f\u00fcr den Wohn- Stauraum, UV-Schutz 50+, Innenzelt mit Moskitonetz f\u00fcr einen Camping-Urlaub frei von Insekten<br \/>\nFamilienzelt mit angenehmer H\u00f6he und dunkler 4er Schlafkabine. Schlafkabinent\u00fcr mit integriertem Insektenschutz, von innen verschlie\u00dfbar. Ideal f\u00fcr Camping, Kurzurlaub oder Festival<br \/>\nZelt in Tunnel Konstruktion mit Vorbau, 2 Eing\u00e4ngen, steilen Seitenw\u00e4nden, 2 blickdicht verschlie\u00dfbaren Fenstern f\u00fcr viel Tageslicht und 3 Dauerventilationen im Wohn &amp; Schlafbereich<\/p>\n","protected":false},"featured_media":12385,"comment_status":"open","ping_status":"closed","template":"","meta":[],"product_cat":[70,19],"product_tag":[],"_links":{"self":[{"href":"http:\/\/campingland24.com\/index.php?rest_route=\/wp\/v2\/product\/12384"}],"collection":[{"href":"http:\/\/campingland24.com\/index.php?rest_route=\/wp\/v2\/product"}],"about":[{"href":"http:\/\/campingland24.com\/index.php?rest_route=\/wp\/v2\/types\/product"}],"replies":[{"embeddable":true,"href":"http:\/\/campingland24.com\/index.php?rest_route=%2Fwp%2Fv2%2Fcomments&post=12384"}],"version-history":[{"count":4,"href":"http:\/\/campingland24.com\/index.php?rest_route=\/wp\/v2\/product\/12384\/revisions"}],"predecessor-version":[{"id":20128,"href":"http:\/\/campingland24.com\/index.php?rest_route=\/wp\/v2\/product\/12384\/revisions\/20128"}],"wp:featuredmedia":[{"embeddable":true,"href":"http:\/\/campingland24.com\/index.php?rest_route=\/wp\/v2\/media\/12385"}],"wp:attachment":[{"href":"http:\/\/campingland24.com\/index.php?rest_route=%2Fwp%2Fv2%2Fmedia&parent=12384"}],"wp:term":[{"taxonomy":"product_cat","embeddable":true,"href":"http:\/\/campingland24.com\/index.php?rest_route=%2Fwp%2Fv2%2Fproduct_cat&post=12384"},{"taxonomy":"product_tag","embeddable":true,"href":"http:\/\/campingland24.com\/index.php?rest_route=%2Fwp%2Fv2%2Fproduct_tag&post=12384"}],"curies":[{"name":"wp","href":"https:\/\/api.w.org\/{rel}","templated":true}]}}