{"id":12396,"date":"2021-07-28T11:33:20","date_gmt":"2021-07-28T11:33:20","guid":{"rendered":"http:\/\/campingland24.com\/?product=msr-hubba-hubba-nx-2-zelt-2-personen-zelt"},"modified":"2023-02-23T18:38:09","modified_gmt":"2023-02-23T18:38:09","slug":"msr-hubba-hubba-nx-2-zelt-2-personen-zelt","status":"publish","type":"product","link":"http:\/\/campingland24.com\/?product=msr-hubba-hubba-nx-2-zelt-2-personen-zelt","title":{"rendered":"MSR Hubba Hubba NX 2 Zelt &#8211; 2-Personen-Zelt"},"content":{"rendered":"<p><!-- show up to 2 reviews by default --> <\/p>\n<p>Egal, ob Sie in den H\u00f6hen der Alpen klettern oder in den Rocky Mountains unterwegs sind: Das freistehende, Drei-Jahreszeiten-Zelt Hubba Hubba ist Ihnen ein treuer und zuverl\u00e4ssiger Begleiter Dieses Zelt ist ideal f\u00fcr Rucksackwanderungen, bei denen es auf Platz und Gewicht ankommt. Das MSR Hubba Hubba f\u00fcr zwei Personen ist sowohl beim Transport als auch bei der Nutzung leicht und effizient. Von der optimierten, symmetrischen Geometrie und dem gerade verlaufenden Boden, der m\u00f6glichst viel Platz bietet, bis zu den integrierten und verstellbaren Verankerungsschlaufen, die f\u00fcr einen schnellen Zeltaufbau sorgen. Dieses Zelt definiert den Begriff leichte Wohnlichkeit neu. Egal, ob Sie in den H\u00f6hen der Alpen klettern oder in den Rocky Mountains unterwegs sind: Das freistehende, Drei-Jahreszeiten-Zelt Hubba Hubba ist Ihnen ein treuer und zuverl\u00e4ssiger Begleiter. Personen: 2 Personen Gewicht mindestens: 1540g Boden + Eingangsbereich: 2,7 + 1,62m\u00b2 Innenvolumen: 1217+48 <\/p>\n<p>Ultraleicht: Das Mindestgewicht betr\u00e4gt 1,54 kg. Das Zelt kann auch in zwei Fast &amp; Light Optionen mit 970 g aufgebaut werden.<br \/>\nMaximaler Platz: Viel Bewegungsfreiheit im Kopf- und Ellenbogenbereich im gesamten Zelt, zwei gro\u00dfe Eingangsbereiche seitlich bieten Platz f\u00fcr die Ausr\u00fcstung.<br \/>\nWohnlich: Zwei gro\u00dfe StayDry-T\u00fcren mit Regenrinne, anpassbares \u00dcberzelt mit Bel\u00fcftung.<br \/>\nEinfacher Aufbau, einfach zu packen: Integriertes Hub-Gest\u00e4nge-System mit farblich gekennzeichneten Clips, ultrakompakter Kompressionspacksack.<br \/>\nerh\u00e4ltlich in 2 Farben: hellgrau und dunkelgr\u00fcn<br \/>\n<div class=\"main-cross-sell\" data-asin=\"B00R501DW2\">\n\n\t<div class=\"WooZone-cross-sell-loader\">\n\t\t<div>\n\t\t\t<div id=\"floatingBarsG\">\n\t\t\t\t<div class=\"blockG\" id=\"rotateG_01\"><\/div>\n\t\t\t\t<div class=\"blockG\" id=\"rotateG_02\"><\/div>\n\t\t\t\t<div class=\"blockG\" id=\"rotateG_03\"><\/div>\n\t\t\t\t<div class=\"blockG\" id=\"rotateG_04\"><\/div>\n\t\t\t\t<div class=\"blockG\" id=\"rotateG_05\"><\/div>\n\t\t\t\t<div class=\"blockG\" id=\"rotateG_06\"><\/div>\n\t\t\t\t<div class=\"blockG\" id=\"rotateG_07\"><\/div>\n\t\t\t\t<div class=\"blockG\" id=\"rotateG_08\"><\/div>\n\t\t\t<\/div>\n\t\t\t<div class=\"WooZone-cross-sell-loader-text\"><\/div>\n\t\t<\/div>\n\t<\/div>\n\n\t\t\n<\/div>\n<div style=\"clear:both;\"><\/div><\/p>\n","protected":false},"excerpt":{"rendered":"<p>Ultraleicht: Das Mindestgewicht betr\u00e4gt 1,54 kg. Das Zelt kann auch in zwei Fast &amp; Light Optionen mit 970 g aufgebaut werden.<br \/>\nMaximaler Platz: Viel Bewegungsfreiheit im Kopf- und Ellenbogenbereich im gesamten Zelt, zwei gro\u00dfe Eingangsbereiche seitlich bieten Platz f\u00fcr die Ausr\u00fcstung.<br \/>\nWohnlich: Zwei gro\u00dfe StayDry-T\u00fcren mit Regenrinne, anpassbares \u00dcberzelt mit Bel\u00fcftung.<\/p>\n","protected":false},"featured_media":12397,"comment_status":"open","ping_status":"closed","template":"","meta":[],"product_cat":[70,19],"product_tag":[],"_links":{"self":[{"href":"http:\/\/campingland24.com\/index.php?rest_route=\/wp\/v2\/product\/12396"}],"collection":[{"href":"http:\/\/campingland24.com\/index.php?rest_route=\/wp\/v2\/product"}],"about":[{"href":"http:\/\/campingland24.com\/index.php?rest_route=\/wp\/v2\/types\/product"}],"replies":[{"embeddable":true,"href":"http:\/\/campingland24.com\/index.php?rest_route=%2Fwp%2Fv2%2Fcomments&post=12396"}],"version-history":[{"count":1,"href":"http:\/\/campingland24.com\/index.php?rest_route=\/wp\/v2\/product\/12396\/revisions"}],"predecessor-version":[{"id":14163,"href":"http:\/\/campingland24.com\/index.php?rest_route=\/wp\/v2\/product\/12396\/revisions\/14163"}],"wp:featuredmedia":[{"embeddable":true,"href":"http:\/\/campingland24.com\/index.php?rest_route=\/wp\/v2\/media\/12397"}],"wp:attachment":[{"href":"http:\/\/campingland24.com\/index.php?rest_route=%2Fwp%2Fv2%2Fmedia&parent=12396"}],"wp:term":[{"taxonomy":"product_cat","embeddable":true,"href":"http:\/\/campingland24.com\/index.php?rest_route=%2Fwp%2Fv2%2Fproduct_cat&post=12396"},{"taxonomy":"product_tag","embeddable":true,"href":"http:\/\/campingland24.com\/index.php?rest_route=%2Fwp%2Fv2%2Fproduct_tag&post=12396"}],"curies":[{"name":"wp","href":"https:\/\/api.w.org\/{rel}","templated":true}]}}