{"id":12412,"date":"2021-07-28T11:33:27","date_gmt":"2021-07-28T11:33:27","guid":{"rendered":"http:\/\/campingland24.com\/?product=coleman-kobuk-valley-4-plus"},"modified":"2023-02-23T18:38:09","modified_gmt":"2023-02-23T18:38:09","slug":"coleman-kobuk-valley-4-plus","status":"publish","type":"product","link":"http:\/\/campingland24.com\/?product=coleman-kobuk-valley-4-plus","title":{"rendered":"Coleman Kobuk Zelt, 3\/4 Personen, 3\/4 Mann Zelt, Igluzelt, Festivalzelt, Leichtes Kuppelzelt mit Vorzelt, patentierte\u2026"},"content":{"rendered":"<p><!-- show up to 2 reviews by default --><br \/>\nNachschwarz-Schlafbereich (99% weniger Tageslicht) f\u00fcr einen erholsamen und vor allem langen Schlaf bis weit in den Morgen, ohne st\u00f6rende Sonnenstrahlen, oder Lichteinstrahlung in der Nacht<br \/>\nEin weiterer Vorteil des Nachtschwarz-Schlafbereichs ist, dass die Innenzelttemperatur an hei\u00dfen Tagen bis zu 5\u00b0 Celsius k\u00fchler ist.<br \/>\nReflektierende Abspannseile, Regensch\u00fcrze und Fiberglasgest\u00e4nge. Die N\u00e4hte sind geklebt und tragen zu einer besseren Wasserdichtheit bei<br \/>\nMit Moskitonetz und Bel\u00fcftungsschlitzen im Schlafbereich. Ferner sind im Lieferumfang Abspannleinen, Heringe f\u00fcr Grasboden sowie eine Transporttasche enthalten<br \/>\nInnenabmessungen Schlafbereich (LxBxH): 220 x 260 x 130 cm. Stauraum (LxBxH): 120 x 280 x 130 cm<br \/>\n<div class=\"main-cross-sell\" data-asin=\"B01M28ZX4F\">\n\n\t<div class=\"WooZone-cross-sell-loader\">\n\t\t<div>\n\t\t\t<div id=\"floatingBarsG\">\n\t\t\t\t<div class=\"blockG\" id=\"rotateG_01\"><\/div>\n\t\t\t\t<div class=\"blockG\" id=\"rotateG_02\"><\/div>\n\t\t\t\t<div class=\"blockG\" id=\"rotateG_03\"><\/div>\n\t\t\t\t<div class=\"blockG\" id=\"rotateG_04\"><\/div>\n\t\t\t\t<div class=\"blockG\" id=\"rotateG_05\"><\/div>\n\t\t\t\t<div class=\"blockG\" id=\"rotateG_06\"><\/div>\n\t\t\t\t<div class=\"blockG\" id=\"rotateG_07\"><\/div>\n\t\t\t\t<div class=\"blockG\" id=\"rotateG_08\"><\/div>\n\t\t\t<\/div>\n\t\t\t<div class=\"WooZone-cross-sell-loader-text\"><\/div>\n\t\t<\/div>\n\t<\/div>\n\n\t\t\n<\/div>\n<div style=\"clear:both;\"><\/div><\/p>\n","protected":false},"excerpt":{"rendered":"<p>Nachschwarz-Schlafbereich (99% weniger Tageslicht) f\u00fcr einen erholsamen und vor allem langen Schlaf bis weit in den Morgen, ohne st\u00f6rende Sonnenstrahlen, oder Lichteinstrahlung in der Nacht<br \/>\nEin weiterer Vorteil des Nachtschwarz-Schlafbereichs ist, dass die Innenzelttemperatur an hei\u00dfen Tagen bis zu 5\u00b0 Celsius k\u00fchler ist.<br \/>\nReflektierende Abspannseile, Regensch\u00fcrze und Fiberglasgest\u00e4nge. Die N\u00e4hte sind geklebt und tragen zu einer besseren Wasserdichtheit bei<\/p>\n","protected":false},"featured_media":12413,"comment_status":"open","ping_status":"closed","template":"","meta":[],"product_cat":[70,19],"product_tag":[],"_links":{"self":[{"href":"http:\/\/campingland24.com\/index.php?rest_route=\/wp\/v2\/product\/12412"}],"collection":[{"href":"http:\/\/campingland24.com\/index.php?rest_route=\/wp\/v2\/product"}],"about":[{"href":"http:\/\/campingland24.com\/index.php?rest_route=\/wp\/v2\/types\/product"}],"replies":[{"embeddable":true,"href":"http:\/\/campingland24.com\/index.php?rest_route=%2Fwp%2Fv2%2Fcomments&post=12412"}],"version-history":[{"count":7,"href":"http:\/\/campingland24.com\/index.php?rest_route=\/wp\/v2\/product\/12412\/revisions"}],"predecessor-version":[{"id":19978,"href":"http:\/\/campingland24.com\/index.php?rest_route=\/wp\/v2\/product\/12412\/revisions\/19978"}],"wp:featuredmedia":[{"embeddable":true,"href":"http:\/\/campingland24.com\/index.php?rest_route=\/wp\/v2\/media\/12413"}],"wp:attachment":[{"href":"http:\/\/campingland24.com\/index.php?rest_route=%2Fwp%2Fv2%2Fmedia&parent=12412"}],"wp:term":[{"taxonomy":"product_cat","embeddable":true,"href":"http:\/\/campingland24.com\/index.php?rest_route=%2Fwp%2Fv2%2Fproduct_cat&post=12412"},{"taxonomy":"product_tag","embeddable":true,"href":"http:\/\/campingland24.com\/index.php?rest_route=%2Fwp%2Fv2%2Fproduct_tag&post=12412"}],"curies":[{"name":"wp","href":"https:\/\/api.w.org\/{rel}","templated":true}]}}