{"id":12546,"date":"2021-07-28T11:34:27","date_gmt":"2021-07-28T11:34:27","guid":{"rendered":"http:\/\/campingland24.com\/?product=coleman-spruce-falls-4-zelt-4-personen-vis-a-vis-tunnelzelt-mit-nachtschwarzer-schlafkabine-4-mann-familienzelt-wasserdicht-ws-4-500-mm"},"modified":"2023-02-23T18:39:22","modified_gmt":"2023-02-23T18:39:22","slug":"coleman-spruce-falls-4-zelt-4-personen-vis-a-vis-tunnelzelt-mit-nachtschwarzer-schlafkabine-4-mann-familienzelt-wasserdicht-ws-4-500-mm","status":"publish","type":"product","link":"http:\/\/campingland24.com\/?product=coleman-spruce-falls-4-zelt-4-personen-vis-a-vis-tunnelzelt-mit-nachtschwarzer-schlafkabine-4-mann-familienzelt-wasserdicht-ws-4-500-mm","title":{"rendered":"Coleman Spruce Falls 4 Zelt, 4 Personen Vis-A-Vis Tunnelzelt mit nachtschwarzer Schlafkabine, 4 Mann Familienzelt\u2026"},"content":{"rendered":"<p><!-- show up to 2 reviews by default --> <\/p>\n<p>4 Personen Zelt Innenma\u00df: 2 x (140 x 210 cm), H\u00f6he 160 cm Mitte: 180 x 230 cm, H\u00f6he 205 cm Packma\u00df: 59 x 26 cm Gewicht: 12,2 kg Au\u00dfen: 100 % Polyester (Polyester 68D 185T, PU-beschichtet, schwer entflammbar, getaped) Wassers\u00e4ule: 4500 mm Innen:100 % Polyester (Polyester 68 D 185T, feuerhemmend, blickdichtes Netz) Boden:100% Polyuretahn (PE 120 g\/m\u00b2) Gest\u00e4nge: Fiberglas Ein gro\u00dfz\u00fcgig geschnittenes Kuppelzelt mit Stehh\u00f6he und nachtschwarzen Schlafr\u00e4umen (BlackOut Bedroom). Damit ist es auch in hellen N\u00e4chten, unter Campingplatzlaternen oder bei Sonnenschein m\u00f6glich, entspannt zu ruhen. Das Spruce Falls ist mit UV-Guard ausgestattet, bietet vormontierte, reflektierende Abspannschn\u00fcre f\u00fcr bessere Sicherheit und einen herausnehmbaren Boden. Damit das Zelt jeder Situation gut anpassbar und einfach zu reinigen und zu l\u00fcften. Die 4.500 mm Wassers\u00e4ule und die Ring-Pin Gest\u00e4nge Konstruktion sowie das gute Platzangebot sin <\/p>\n<p>Nachschwarz-Schlafbereich (99% weniger Tageslicht) f\u00fcr einen erholsamen und vor allem langen Schlaf bis weit in den Morgen, ohne st\u00f6rende Sonnenstrahlen, oder Lichteinstrahlung in der Nacht<br \/>\nEin weiterer Vorteil des Nachtschwarz-Schlafbereichs ist, dass die Innenzelttemperatur an hei\u00dfen Tagen bis zu 5\u00b0 Celsius k\u00fchler ist. UV GUARD, vergleichbar mit einem Lichtschutzfaktor von circa&#8220; 50+<br \/>\n2 abgetrennte Schlafbereiche, reflektierende Abspannseile, Regensch\u00fcrze und Fiberglasgest\u00e4nge. Die N\u00e4hte sind geklebt und tragen zu einer besseren Wasserdichtheit bei<br \/>\nMit Moskitonetz und Bel\u00fcftungsschlitzen im Schlafbereich. Ferner sind im Lieferumfang Abspannleinen, Heringe f\u00fcr Grasboden sowie eine Transporttasche enthalten<br \/>\nInnenabmessungen Schlafbereich (LxBxH): je Schlafbereich 140 x 210 x 160 cm. Stauraum (LxBxH): 180 x 230 x 205 cm, Packma\u00df: 59 x 24 x 26 cm<br \/>\n<div class=\"main-cross-sell\" data-asin=\"B01MCY397B\">\n\n\t<div class=\"WooZone-cross-sell-loader\">\n\t\t<div>\n\t\t\t<div id=\"floatingBarsG\">\n\t\t\t\t<div class=\"blockG\" id=\"rotateG_01\"><\/div>\n\t\t\t\t<div class=\"blockG\" id=\"rotateG_02\"><\/div>\n\t\t\t\t<div class=\"blockG\" id=\"rotateG_03\"><\/div>\n\t\t\t\t<div class=\"blockG\" id=\"rotateG_04\"><\/div>\n\t\t\t\t<div class=\"blockG\" id=\"rotateG_05\"><\/div>\n\t\t\t\t<div class=\"blockG\" id=\"rotateG_06\"><\/div>\n\t\t\t\t<div class=\"blockG\" id=\"rotateG_07\"><\/div>\n\t\t\t\t<div class=\"blockG\" id=\"rotateG_08\"><\/div>\n\t\t\t<\/div>\n\t\t\t<div class=\"WooZone-cross-sell-loader-text\"><\/div>\n\t\t<\/div>\n\t<\/div>\n\n\t\t\n<\/div>\n<div style=\"clear:both;\"><\/div><\/p>\n","protected":false},"excerpt":{"rendered":"<p>Nachschwarz-Schlafbereich (99% weniger Tageslicht) f\u00fcr einen erholsamen und vor allem langen Schlaf bis weit in den Morgen, ohne st\u00f6rende Sonnenstrahlen, oder Lichteinstrahlung in der Nacht<br \/>\nEin weiterer Vorteil des Nachtschwarz-Schlafbereichs ist, dass die Innenzelttemperatur an hei\u00dfen Tagen bis zu 5\u00b0 Celsius k\u00fchler ist. UV GUARD, vergleichbar mit einem Lichtschutzfaktor von circa&#8220; 50+<br \/>\n2 abgetrennte Schlafbereiche, reflektierende Abspannseile, Regensch\u00fcrze und Fiberglasgest\u00e4nge. Die N\u00e4hte sind geklebt und tragen zu einer besseren Wasserdichtheit bei<\/p>\n","protected":false},"featured_media":12547,"comment_status":"open","ping_status":"closed","template":"","meta":[],"product_cat":[70,19],"product_tag":[],"_links":{"self":[{"href":"http:\/\/campingland24.com\/index.php?rest_route=\/wp\/v2\/product\/12546"}],"collection":[{"href":"http:\/\/campingland24.com\/index.php?rest_route=\/wp\/v2\/product"}],"about":[{"href":"http:\/\/campingland24.com\/index.php?rest_route=\/wp\/v2\/types\/product"}],"replies":[{"embeddable":true,"href":"http:\/\/campingland24.com\/index.php?rest_route=%2Fwp%2Fv2%2Fcomments&post=12546"}],"version-history":[{"count":1,"href":"http:\/\/campingland24.com\/index.php?rest_route=\/wp\/v2\/product\/12546\/revisions"}],"predecessor-version":[{"id":14201,"href":"http:\/\/campingland24.com\/index.php?rest_route=\/wp\/v2\/product\/12546\/revisions\/14201"}],"wp:featuredmedia":[{"embeddable":true,"href":"http:\/\/campingland24.com\/index.php?rest_route=\/wp\/v2\/media\/12547"}],"wp:attachment":[{"href":"http:\/\/campingland24.com\/index.php?rest_route=%2Fwp%2Fv2%2Fmedia&parent=12546"}],"wp:term":[{"taxonomy":"product_cat","embeddable":true,"href":"http:\/\/campingland24.com\/index.php?rest_route=%2Fwp%2Fv2%2Fproduct_cat&post=12546"},{"taxonomy":"product_tag","embeddable":true,"href":"http:\/\/campingland24.com\/index.php?rest_route=%2Fwp%2Fv2%2Fproduct_tag&post=12546"}],"curies":[{"name":"wp","href":"https:\/\/api.w.org\/{rel}","templated":true}]}}