{"id":12634,"date":"2021-07-29T05:08:10","date_gmt":"2021-07-29T05:08:10","guid":{"rendered":"http:\/\/campingland24.com\/?product=bo-camp-seitenwand-vorzelt-wohnwagen-vordach-markise-seitenteil-omnistor-passend"},"modified":"2023-02-23T18:39:23","modified_gmt":"2023-02-23T18:39:23","slug":"bo-camp-seitenwand-vorzelt-wohnwagen-vordach-markise-seitenteil-omnistor-passend","status":"publish","type":"product","link":"http:\/\/campingland24.com\/?product=bo-camp-seitenwand-vorzelt-wohnwagen-vordach-markise-seitenteil-omnistor-passend","title":{"rendered":"Bo-Camp Seitenwand Vorzelt Wohnwagen Vordach Markise Seitenteil Omnistor passend"},"content":{"rendered":"<p><!-- show up to 2 reviews by default --> <\/p>\n<p>Universelle Seitenwand mit Fenster Die Wand bietet Schutz vor Wind, Regen etc. Die Seitenwand ist universell, sodass sie auf beiden Seiten der Markise platziert werden kann. Die Markise ist auch f\u00fcr verschiedene Aufbauh\u00f6hen geeignet. Stretchhaken wurden auf verschiedenen H\u00f6hen angebracht, so dass die genaue H\u00f6he bestimmt werden kann. Eine solide Tragetasche wird mitgeliefert. Tuchmaterial: 300D Oxford Polyester und Fenster: schweres PVC Ma\u00dfe: Abdeckung 250 cm, Aufbauh\u00f6he 220 cm bis 290 cm und Tiefe 234 cm. Farbe: hellgrau. <\/p>\n<p>Inklusive Spannhaken und Tragetasche. Universell einsetzbar &#8211; beidseitig anbringbar. Schutz gegen Wind, Regen &amp; Sonne<br \/>\nH\u00f6henverstellbar &amp; Angeschr\u00e4gtes Top. Mit best\u00e4ndigem PVC Fenster. Eignet sich f\u00fcr verschiedene Montageh\u00f6hen (Haken auf verschiedene H\u00f6hen). Montageh\u00f6he: 220 &#8211; 290 cm; Tiefe: 258 cm<br \/>\nWassers\u00e4ule: 500 mm. Material: 300D Oxford Polyester mit PU \u00dcberzug. Ma\u00dfe (LxBxH): 234 x 250 x 220-290 cm. Packma\u00df (LxBxH): 32 x 45,5 x 5 cm. Gewicht: ca. 1,5 kg<br \/>\nInklusive Spannhaken und Tragetasche<br \/>\nUniversell einsetzbar &#8211; beidseitig anbringbar<br \/>\n<div class=\"main-cross-sell\" data-asin=\"B00KDUADZE\">\n\n\t<div class=\"WooZone-cross-sell-loader\">\n\t\t<div>\n\t\t\t<div id=\"floatingBarsG\">\n\t\t\t\t<div class=\"blockG\" id=\"rotateG_01\"><\/div>\n\t\t\t\t<div class=\"blockG\" id=\"rotateG_02\"><\/div>\n\t\t\t\t<div class=\"blockG\" id=\"rotateG_03\"><\/div>\n\t\t\t\t<div class=\"blockG\" id=\"rotateG_04\"><\/div>\n\t\t\t\t<div class=\"blockG\" id=\"rotateG_05\"><\/div>\n\t\t\t\t<div class=\"blockG\" id=\"rotateG_06\"><\/div>\n\t\t\t\t<div class=\"blockG\" id=\"rotateG_07\"><\/div>\n\t\t\t\t<div class=\"blockG\" id=\"rotateG_08\"><\/div>\n\t\t\t<\/div>\n\t\t\t<div class=\"WooZone-cross-sell-loader-text\"><\/div>\n\t\t<\/div>\n\t<\/div>\n\n\t\t\n<\/div>\n<div style=\"clear:both;\"><\/div><\/p>\n","protected":false},"excerpt":{"rendered":"<p>Inklusive Spannhaken und Tragetasche. Universell einsetzbar &#8211; beidseitig anbringbar. Schutz gegen Wind, Regen &amp; Sonne<br \/>\nH\u00f6henverstellbar &amp; Angeschr\u00e4gtes Top. Mit best\u00e4ndigem PVC Fenster. Eignet sich f\u00fcr verschiedene Montageh\u00f6hen (Haken auf verschiedene H\u00f6hen). Montageh\u00f6he: 220 &#8211; 290 cm; Tiefe: 258 cm<br \/>\nWassers\u00e4ule: 500 mm. Material: 300D Oxford Polyester mit PU \u00dcberzug. Ma\u00dfe (LxBxH): 234 x 250 x 220-290 cm. Packma\u00df (LxBxH): 32 x 45,5 x 5 cm. Gewicht: ca. 1,5 kg<\/p>\n","protected":false},"featured_media":12635,"comment_status":"open","ping_status":"closed","template":"","meta":[],"product_cat":[1002,19],"product_tag":[],"_links":{"self":[{"href":"http:\/\/campingland24.com\/index.php?rest_route=\/wp\/v2\/product\/12634"}],"collection":[{"href":"http:\/\/campingland24.com\/index.php?rest_route=\/wp\/v2\/product"}],"about":[{"href":"http:\/\/campingland24.com\/index.php?rest_route=\/wp\/v2\/types\/product"}],"replies":[{"embeddable":true,"href":"http:\/\/campingland24.com\/index.php?rest_route=%2Fwp%2Fv2%2Fcomments&post=12634"}],"version-history":[{"count":3,"href":"http:\/\/campingland24.com\/index.php?rest_route=\/wp\/v2\/product\/12634\/revisions"}],"predecessor-version":[{"id":19827,"href":"http:\/\/campingland24.com\/index.php?rest_route=\/wp\/v2\/product\/12634\/revisions\/19827"}],"wp:featuredmedia":[{"embeddable":true,"href":"http:\/\/campingland24.com\/index.php?rest_route=\/wp\/v2\/media\/12635"}],"wp:attachment":[{"href":"http:\/\/campingland24.com\/index.php?rest_route=%2Fwp%2Fv2%2Fmedia&parent=12634"}],"wp:term":[{"taxonomy":"product_cat","embeddable":true,"href":"http:\/\/campingland24.com\/index.php?rest_route=%2Fwp%2Fv2%2Fproduct_cat&post=12634"},{"taxonomy":"product_tag","embeddable":true,"href":"http:\/\/campingland24.com\/index.php?rest_route=%2Fwp%2Fv2%2Fproduct_tag&post=12634"}],"curies":[{"name":"wp","href":"https:\/\/api.w.org\/{rel}","templated":true}]}}