{"id":12642,"date":"2021-07-29T05:08:13","date_gmt":"2021-07-29T05:08:13","guid":{"rendered":"http:\/\/campingland24.com\/?product=greenyard-vorzelt-fuer-wohnwagen-und-wohnmobil-260-cm"},"modified":"2023-02-23T18:39:24","modified_gmt":"2023-02-23T18:39:24","slug":"greenyard-vorzelt-fuer-wohnwagen-und-wohnmobil-260-cm","status":"publish","type":"product","link":"http:\/\/campingland24.com\/?product=greenyard-vorzelt-fuer-wohnwagen-und-wohnmobil-260-cm","title":{"rendered":"GreenYard Vorzelt f\u00fcr Wohnwagen und Wohnmobil 260 cm"},"content":{"rendered":"<p><!-- show up to 2 reviews by default --> <\/p>\n<ul>\n<li>Das perfekte Vorzelt f\u00fcr Wohnwagen, Wohnmobile und Camper<\/li>\n<li>Einfache Montage mit nur wenig Stangen und einfaches Bespannen mit angebrachten Seilen<\/li>\n<li>Material: Polyester<\/li>\n<li>Seitent\u00fcren mit eingebautem Insektengitter und Sichtschutz. Jeweils mit Rei\u00dfverschluss<\/li>\n<li>Eingangst\u00fcr mit regenabweisender Oberfl\u00e4che und Sichtschutz jeweils mit Rei\u00dfverschluss<\/li>\n<li>Seitenfenster von innen abdunkelbar<\/li>\n<li>Abmessung:: 260 x 240 x 245(H) cm<\/li>\n<li>Gewicht: 6,8kg<\/li>\n<li>Inklusive: Heringe, Leiterauflagen, Tragetasche<\/li>\n<\/ul>\n<p>Das perfekte Vorzelt f\u00fcr Wohnwagen, Wohnmobile und Camper<br \/>\nSeitent\u00fcren mit eingebautem Insektengitter und Sichtschutz. Jeweils mit Rei\u00dfverschluss<br \/>\nSeitenfenster von innen abdunkelbar<br \/>\nInklusive: Heringe, Leiterauflagen, Tragetasche<br \/>\n<div class=\"main-cross-sell\" data-asin=\"B07XK8FGYC\">\n\n\t<div class=\"WooZone-cross-sell-loader\">\n\t\t<div>\n\t\t\t<div id=\"floatingBarsG\">\n\t\t\t\t<div class=\"blockG\" id=\"rotateG_01\"><\/div>\n\t\t\t\t<div class=\"blockG\" id=\"rotateG_02\"><\/div>\n\t\t\t\t<div class=\"blockG\" id=\"rotateG_03\"><\/div>\n\t\t\t\t<div class=\"blockG\" id=\"rotateG_04\"><\/div>\n\t\t\t\t<div class=\"blockG\" id=\"rotateG_05\"><\/div>\n\t\t\t\t<div class=\"blockG\" id=\"rotateG_06\"><\/div>\n\t\t\t\t<div class=\"blockG\" id=\"rotateG_07\"><\/div>\n\t\t\t\t<div class=\"blockG\" id=\"rotateG_08\"><\/div>\n\t\t\t<\/div>\n\t\t\t<div class=\"WooZone-cross-sell-loader-text\"><\/div>\n\t\t<\/div>\n\t<\/div>\n\n\t\t\n<\/div>\n<div style=\"clear:both;\"><\/div><\/p>\n","protected":false},"excerpt":{"rendered":"<p>Das perfekte Vorzelt f\u00fcr Wohnwagen, Wohnmobile und Camper<br \/>\nSeitent\u00fcren mit eingebautem Insektengitter und Sichtschutz. Jeweils mit Rei\u00dfverschluss<br \/>\nSeitenfenster von innen abdunkelbar<\/p>\n","protected":false},"featured_media":12643,"comment_status":"open","ping_status":"closed","template":"","meta":[],"product_cat":[1002,19],"product_tag":[],"_links":{"self":[{"href":"http:\/\/campingland24.com\/index.php?rest_route=\/wp\/v2\/product\/12642"}],"collection":[{"href":"http:\/\/campingland24.com\/index.php?rest_route=\/wp\/v2\/product"}],"about":[{"href":"http:\/\/campingland24.com\/index.php?rest_route=\/wp\/v2\/types\/product"}],"replies":[{"embeddable":true,"href":"http:\/\/campingland24.com\/index.php?rest_route=%2Fwp%2Fv2%2Fcomments&post=12642"}],"version-history":[{"count":1,"href":"http:\/\/campingland24.com\/index.php?rest_route=\/wp\/v2\/product\/12642\/revisions"}],"predecessor-version":[{"id":14219,"href":"http:\/\/campingland24.com\/index.php?rest_route=\/wp\/v2\/product\/12642\/revisions\/14219"}],"wp:featuredmedia":[{"embeddable":true,"href":"http:\/\/campingland24.com\/index.php?rest_route=\/wp\/v2\/media\/12643"}],"wp:attachment":[{"href":"http:\/\/campingland24.com\/index.php?rest_route=%2Fwp%2Fv2%2Fmedia&parent=12642"}],"wp:term":[{"taxonomy":"product_cat","embeddable":true,"href":"http:\/\/campingland24.com\/index.php?rest_route=%2Fwp%2Fv2%2Fproduct_cat&post=12642"},{"taxonomy":"product_tag","embeddable":true,"href":"http:\/\/campingland24.com\/index.php?rest_route=%2Fwp%2Fv2%2Fproduct_tag&post=12642"}],"curies":[{"name":"wp","href":"https:\/\/api.w.org\/{rel}","templated":true}]}}