{"id":12650,"date":"2021-07-29T05:08:16","date_gmt":"2021-07-29T05:08:16","guid":{"rendered":"http:\/\/campingland24.com\/?product=your-gear-luft-vorzelt-vicenza-350-wohnwagenvorzelt-teilvorzelt-reisevorzelt-uv-50-schutz-leichtes-vorzelt-250-cm-tief-wasserdicht-5000-mm-blau-grau"},"modified":"2023-02-23T18:39:24","modified_gmt":"2023-02-23T18:39:24","slug":"your-gear-luft-vorzelt-vicenza-350-wohnwagenvorzelt-teilvorzelt-reisevorzelt-uv-50-schutz-leichtes-vorzelt-250-cm-tief-wasserdicht-5000-mm-blau-grau","status":"publish","type":"product","link":"http:\/\/campingland24.com\/?product=your-gear-luft-vorzelt-vicenza-350-wohnwagenvorzelt-teilvorzelt-reisevorzelt-uv-50-schutz-leichtes-vorzelt-250-cm-tief-wasserdicht-5000-mm-blau-grau","title":{"rendered":"your GEAR Luft-Vorzelt Vicenza 350 Wohnwagenvorzelt Teilvorzelt Reisevorzelt UV 50+ Schutz leichtes Vorzelt 250 cm tief\u2026"},"content":{"rendered":"<p>Aufblasbares Vorzelt f\u00fcr Wohnwagen mit Standard Anschlussh\u00f6he von 245 cm, UV-Schutz 50+, ger\u00e4umiger Wohnraum mit 8 m\u00b2 Wohnfl\u00e4che und Moskitonetz Frontt\u00fcr f\u00fcr einen Camping-Urlaub frei von Insekten<br \/>\nLeichtes Caravanzelt, nur 10,5 kg, Doppelt\u00fcr Fronteingang mit 2 gro\u00dfen Panoramafenstern, 1 seitlicher Zelteingang, 2 Dauerventilationen und inklusive Andruckpolster, Andruckstangen und Luftpumpe<br \/>\nReisevorzelt mit 250 cm Tiefe. Gro\u00dfer Wohnbereich mit steilen Seitenw\u00e4nden. Extra gro\u00dfe Panoramafenster bieten viel Tageslicht, alle Fenster sind blickdicht verschlie\u00dfbar<br \/>\nZeltgewebe mit 5000 mm Wassers\u00e4ule, N\u00e4hte versiegelt und getaped, Sonnenschutzfaktor 50+, schnelltrocknend, zus\u00e4tzlich wasser- und schmutzabweisend impr\u00e4gniert<br \/>\nTeilvorzelt Ma\u00dfangaben: 350&#215;250 cm, H\u00f6he: 245 cm, Anschlussh\u00f6he von 245cm , Packtasche: 80 x 34 x 34 cm, Lieferumfang: Zelt, Gest\u00e4nge, Luftpumpe, Heringe, Abspannleinen, Aufbauanleitung, Pflegeanleitung<br \/>\n<div class=\"main-cross-sell\" data-asin=\"B08BKWB4PD\">\n\n\t<div class=\"WooZone-cross-sell-loader\">\n\t\t<div>\n\t\t\t<div id=\"floatingBarsG\">\n\t\t\t\t<div class=\"blockG\" id=\"rotateG_01\"><\/div>\n\t\t\t\t<div class=\"blockG\" id=\"rotateG_02\"><\/div>\n\t\t\t\t<div class=\"blockG\" id=\"rotateG_03\"><\/div>\n\t\t\t\t<div class=\"blockG\" id=\"rotateG_04\"><\/div>\n\t\t\t\t<div class=\"blockG\" id=\"rotateG_05\"><\/div>\n\t\t\t\t<div class=\"blockG\" id=\"rotateG_06\"><\/div>\n\t\t\t\t<div class=\"blockG\" id=\"rotateG_07\"><\/div>\n\t\t\t\t<div class=\"blockG\" id=\"rotateG_08\"><\/div>\n\t\t\t<\/div>\n\t\t\t<div class=\"WooZone-cross-sell-loader-text\"><\/div>\n\t\t<\/div>\n\t<\/div>\n\n\t\t\n<\/div>\n<div style=\"clear:both;\"><\/div><\/p>\n","protected":false},"excerpt":{"rendered":"<p>Aufblasbares Vorzelt f\u00fcr Wohnwagen mit Standard Anschlussh\u00f6he von 245 cm, UV-Schutz 50+, ger\u00e4umiger Wohnraum mit 8 m\u00b2 Wohnfl\u00e4che und Moskitonetz Frontt\u00fcr f\u00fcr einen Camping-Urlaub frei von Insekten<br \/>\nLeichtes Caravanzelt, nur 10,5 kg, Doppelt\u00fcr Fronteingang mit 2 gro\u00dfen Panoramafenstern, 1 seitlicher Zelteingang, 2 Dauerventilationen und inklusive Andruckpolster, Andruckstangen und Luftpumpe<br \/>\nReisevorzelt mit 250 cm Tiefe. Gro\u00dfer Wohnbereich mit steilen Seitenw\u00e4nden. Extra gro\u00dfe Panoramafenster bieten viel Tageslicht, alle Fenster sind blickdicht verschlie\u00dfbar<\/p>\n","protected":false},"featured_media":12651,"comment_status":"open","ping_status":"closed","template":"","meta":[],"product_cat":[1002,19],"product_tag":[],"_links":{"self":[{"href":"http:\/\/campingland24.com\/index.php?rest_route=\/wp\/v2\/product\/12650"}],"collection":[{"href":"http:\/\/campingland24.com\/index.php?rest_route=\/wp\/v2\/product"}],"about":[{"href":"http:\/\/campingland24.com\/index.php?rest_route=\/wp\/v2\/types\/product"}],"replies":[{"embeddable":true,"href":"http:\/\/campingland24.com\/index.php?rest_route=%2Fwp%2Fv2%2Fcomments&post=12650"}],"version-history":[{"count":3,"href":"http:\/\/campingland24.com\/index.php?rest_route=\/wp\/v2\/product\/12650\/revisions"}],"predecessor-version":[{"id":19623,"href":"http:\/\/campingland24.com\/index.php?rest_route=\/wp\/v2\/product\/12650\/revisions\/19623"}],"wp:featuredmedia":[{"embeddable":true,"href":"http:\/\/campingland24.com\/index.php?rest_route=\/wp\/v2\/media\/12651"}],"wp:attachment":[{"href":"http:\/\/campingland24.com\/index.php?rest_route=%2Fwp%2Fv2%2Fmedia&parent=12650"}],"wp:term":[{"taxonomy":"product_cat","embeddable":true,"href":"http:\/\/campingland24.com\/index.php?rest_route=%2Fwp%2Fv2%2Fproduct_cat&post=12650"},{"taxonomy":"product_tag","embeddable":true,"href":"http:\/\/campingland24.com\/index.php?rest_route=%2Fwp%2Fv2%2Fproduct_tag&post=12650"}],"curies":[{"name":"wp","href":"https:\/\/api.w.org\/{rel}","templated":true}]}}