{"id":12716,"date":"2021-07-29T05:14:28","date_gmt":"2021-07-29T05:14:28","guid":{"rendered":"http:\/\/campingland24.com\/?product=brunner-medusa-pavillon-outdoor-3-x-3"},"modified":"2023-02-23T18:39:25","modified_gmt":"2023-02-23T18:39:25","slug":"brunner-medusa-pavillon-outdoor-3-x-3","status":"publish","type":"product","link":"http:\/\/campingland24.com\/?product=brunner-medusa-pavillon-outdoor-3-x-3","title":{"rendered":"Pavillon-Garten 300\u00a0x 300\u00a0x 190\/230\u00a0cm Brunner"},"content":{"rendered":"<p><!-- show up to 2 reviews by default --> <\/p>\n<p><strong>Brunner<\/strong> \u00dcber 45 Jahre T\u00e4tigkeit haben Brunner s.r.l. umfangreiche Erfahrungen und fundiertes Wissen \u00fcber diesen noch wachsenden Markt zu sammeln. Grundkenntnisse in Produktentwicklung, pers\u00f6nliches Engagement und ein zeitgem\u00e4\u00dfes Sortiment passen wie Mosaikst\u00fccke zu einer einzigen Struktur zusammen. Brunner s.r.l. hat Markttrends immer mit gro\u00dfer Professionalit\u00e4t und pers\u00f6nlicher Begeisterung verfolgt.<\/p>\n<p> Dank einer kontinuierlichen Aktualisierung der Produktion und des Angebots, hoher technischer Standards und selbst definierter Prozesse (Entwicklung, Design) garantieren wir die hervorragende Qualit\u00e4t, Originalit\u00e4t und den Wert unserer Produkte im Laufe der Zeit. Das umfangreiche Sortiment umfasst mittlerweile mehr als 3.000 Artikel und bietet spezielle Produkte f\u00fcr den Outdoor-, Freizeit- und Wandertourismus. <\/p>\n<p><strong>Freude und Qualit\u00e4t<\/strong> Dies ist die Grundlage f\u00fcr die Geschichte unseres Wachstums, die seit 50 Jahren andauert. Heute sind wir als eines der f\u00fchrenden Unternehmen in Europa im Bereich Outdoor-Produkte anerkannt und blicken derzeit gerne zur\u00fcck auf das, was wir gemeinsam mit denen erreicht haben, die uns all die Jahre begleitet haben. <\/p>\n<p>Outdoor Pavillon mit au\u00dfenliegendem Stahl- und Fiberglasgest\u00e4nge. Einfacher<br \/>\nschneller Aufbau. Geringes Gewicht. Inklusive zweier abnehmbaren Seitenw\u00e4nden.<br \/>\n<div class=\"main-cross-sell\" data-asin=\"B00PB0NQW8\">\n\n\t<div class=\"WooZone-cross-sell-loader\">\n\t\t<div>\n\t\t\t<div id=\"floatingBarsG\">\n\t\t\t\t<div class=\"blockG\" id=\"rotateG_01\"><\/div>\n\t\t\t\t<div class=\"blockG\" id=\"rotateG_02\"><\/div>\n\t\t\t\t<div class=\"blockG\" id=\"rotateG_03\"><\/div>\n\t\t\t\t<div class=\"blockG\" id=\"rotateG_04\"><\/div>\n\t\t\t\t<div class=\"blockG\" id=\"rotateG_05\"><\/div>\n\t\t\t\t<div class=\"blockG\" id=\"rotateG_06\"><\/div>\n\t\t\t\t<div class=\"blockG\" id=\"rotateG_07\"><\/div>\n\t\t\t\t<div class=\"blockG\" id=\"rotateG_08\"><\/div>\n\t\t\t<\/div>\n\t\t\t<div class=\"WooZone-cross-sell-loader-text\"><\/div>\n\t\t<\/div>\n\t<\/div>\n\n\t\t\n<\/div>\n<div style=\"clear:both;\"><\/div><\/p>\n","protected":false},"excerpt":{"rendered":"<p>Outdoor Pavillon mit au\u00dfenliegendem Stahl- und Fiberglasgest\u00e4nge. Einfacher<br \/>\nschneller Aufbau. Geringes Gewicht. Inklusive zweier abnehmbaren Seitenw\u00e4nden.<\/p>\n","protected":false},"featured_media":12717,"comment_status":"open","ping_status":"closed","template":"","meta":[],"product_cat":[1002,19],"product_tag":[],"_links":{"self":[{"href":"http:\/\/campingland24.com\/index.php?rest_route=\/wp\/v2\/product\/12716"}],"collection":[{"href":"http:\/\/campingland24.com\/index.php?rest_route=\/wp\/v2\/product"}],"about":[{"href":"http:\/\/campingland24.com\/index.php?rest_route=\/wp\/v2\/types\/product"}],"replies":[{"embeddable":true,"href":"http:\/\/campingland24.com\/index.php?rest_route=%2Fwp%2Fv2%2Fcomments&post=12716"}],"version-history":[{"count":2,"href":"http:\/\/campingland24.com\/index.php?rest_route=\/wp\/v2\/product\/12716\/revisions"}],"predecessor-version":[{"id":19756,"href":"http:\/\/campingland24.com\/index.php?rest_route=\/wp\/v2\/product\/12716\/revisions\/19756"}],"wp:featuredmedia":[{"embeddable":true,"href":"http:\/\/campingland24.com\/index.php?rest_route=\/wp\/v2\/media\/12717"}],"wp:attachment":[{"href":"http:\/\/campingland24.com\/index.php?rest_route=%2Fwp%2Fv2%2Fmedia&parent=12716"}],"wp:term":[{"taxonomy":"product_cat","embeddable":true,"href":"http:\/\/campingland24.com\/index.php?rest_route=%2Fwp%2Fv2%2Fproduct_cat&post=12716"},{"taxonomy":"product_tag","embeddable":true,"href":"http:\/\/campingland24.com\/index.php?rest_route=%2Fwp%2Fv2%2Fproduct_tag&post=12716"}],"curies":[{"name":"wp","href":"https:\/\/api.w.org\/{rel}","templated":true}]}}