{"id":12731,"date":"2021-07-29T05:14:38","date_gmt":"2021-07-29T05:14:38","guid":{"rendered":"http:\/\/campingland24.com\/?product=sturmband-1250m-sturmsicherung-fuer-vorzelt-vordach-dachhalteband-schwarz"},"modified":"2023-02-23T18:39:26","modified_gmt":"2023-02-23T18:39:26","slug":"sturmband-1250m-sturmsicherung-fuer-vorzelt-vordach-dachhalteband-schwarz","status":"publish","type":"product","link":"http:\/\/campingland24.com\/?product=sturmband-1250m-sturmsicherung-fuer-vorzelt-vordach-dachhalteband-schwarz","title":{"rendered":"Sturmband 12,50m Sturmsicherung f\u00fcr Vorzelt Vordach Dachhalteband schwarz"},"content":{"rendered":"<p><!-- show up to 2 reviews by default --> <\/p>\n<p>Sturmband 12,5 Meter NEU Ideal f\u00fcr Markisen und Vorzelte Bew\u00e4hrt in der Abwendung und unverzichtbar bei Wind. Bietet eine optimale Sicherung des Zelts bei starkem Wind. F\u00fcr Markisen-\/ Zeltgr\u00f6\u00dfen bis zu 6 m geeignet. Farbe: schwarz Im Lieferumfang enthalten: 12,5 Meter verstellbares Nylon Band 2 Heringe und 1 Spannfeder <\/p>\n<p>Ideal f\u00fcr Markisen und Vorzelte<br \/>\nBew\u00e4hrt in der Abwendung und unverzichtbar bei Wind<br \/>\nSicherung bei Wind und Regen \/ Farbe: schwarz<br \/>\nF\u00fcr Markisen-\/ Zeltgr\u00f6\u00dfen bis zu 6 m geeignet<br \/>\nLieferumfang: 12,5 Meter verstellbares Nylon Band, 2 Heringe und Spannfeder<br \/>\n<div class=\"main-cross-sell\" data-asin=\"B00NOTI9LG\">\n\n\t<div class=\"WooZone-cross-sell-loader\">\n\t\t<div>\n\t\t\t<div id=\"floatingBarsG\">\n\t\t\t\t<div class=\"blockG\" id=\"rotateG_01\"><\/div>\n\t\t\t\t<div class=\"blockG\" id=\"rotateG_02\"><\/div>\n\t\t\t\t<div class=\"blockG\" id=\"rotateG_03\"><\/div>\n\t\t\t\t<div class=\"blockG\" id=\"rotateG_04\"><\/div>\n\t\t\t\t<div class=\"blockG\" id=\"rotateG_05\"><\/div>\n\t\t\t\t<div class=\"blockG\" id=\"rotateG_06\"><\/div>\n\t\t\t\t<div class=\"blockG\" id=\"rotateG_07\"><\/div>\n\t\t\t\t<div class=\"blockG\" id=\"rotateG_08\"><\/div>\n\t\t\t<\/div>\n\t\t\t<div class=\"WooZone-cross-sell-loader-text\"><\/div>\n\t\t<\/div>\n\t<\/div>\n\n\t\t\n<\/div>\n<div style=\"clear:both;\"><\/div><\/p>\n","protected":false},"excerpt":{"rendered":"<p>Ideal f\u00fcr Markisen und Vorzelte<br \/>\nBew\u00e4hrt in der Abwendung und unverzichtbar bei Wind<br \/>\nSicherung bei Wind und Regen \/ Farbe: schwarz<\/p>\n","protected":false},"featured_media":12732,"comment_status":"open","ping_status":"closed","template":"","meta":[],"product_cat":[1002,19],"product_tag":[],"_links":{"self":[{"href":"http:\/\/campingland24.com\/index.php?rest_route=\/wp\/v2\/product\/12731"}],"collection":[{"href":"http:\/\/campingland24.com\/index.php?rest_route=\/wp\/v2\/product"}],"about":[{"href":"http:\/\/campingland24.com\/index.php?rest_route=\/wp\/v2\/types\/product"}],"replies":[{"embeddable":true,"href":"http:\/\/campingland24.com\/index.php?rest_route=%2Fwp%2Fv2%2Fcomments&post=12731"}],"version-history":[{"count":1,"href":"http:\/\/campingland24.com\/index.php?rest_route=\/wp\/v2\/product\/12731\/revisions"}],"predecessor-version":[{"id":14242,"href":"http:\/\/campingland24.com\/index.php?rest_route=\/wp\/v2\/product\/12731\/revisions\/14242"}],"wp:featuredmedia":[{"embeddable":true,"href":"http:\/\/campingland24.com\/index.php?rest_route=\/wp\/v2\/media\/12732"}],"wp:attachment":[{"href":"http:\/\/campingland24.com\/index.php?rest_route=%2Fwp%2Fv2%2Fmedia&parent=12731"}],"wp:term":[{"taxonomy":"product_cat","embeddable":true,"href":"http:\/\/campingland24.com\/index.php?rest_route=%2Fwp%2Fv2%2Fproduct_cat&post=12731"},{"taxonomy":"product_tag","embeddable":true,"href":"http:\/\/campingland24.com\/index.php?rest_route=%2Fwp%2Fv2%2Fproduct_tag&post=12731"}],"curies":[{"name":"wp","href":"https:\/\/api.w.org\/{rel}","templated":true}]}}