{"id":12822,"date":"2021-07-29T05:19:55","date_gmt":"2021-07-29T05:19:55","guid":{"rendered":"http:\/\/campingland24.com\/?product=euro-trail-erweiterungsset-fuer-fjord-300"},"modified":"2023-02-23T18:39:28","modified_gmt":"2023-02-23T18:39:28","slug":"euro-trail-erweiterungsset-fuer-fjord-300","status":"publish","type":"product","link":"http:\/\/campingland24.com\/?product=euro-trail-erweiterungsset-fuer-fjord-300","title":{"rendered":"Euro Trail Erweiterungsset f\u00fcr Fjord 300"},"content":{"rendered":"<p><!-- show up to 2 reviews by default --> <\/p>\n<p>Mit diesem Erweiterungsset kann man aus dem Sonnensegel Fjord ein Vorzelt zaubern. Einfach die Seiten- und Vorderwand mit dem Klettband an der Innenseite des Sonnendachs montieren. Die Seitenw\u00e4nde und Vorderwand werden mit einem Rei\u00dfverschluss verbunden. Somit entsteht ein komplett geschlossenes Vorzelt und Sie sind vor Wind und Regen gesch\u00fctzt. Die Seitenw\u00e4nde haben Klarsichtfenster, die Vorderwand zus\u00e4tzlich noch eine Eingangst\u00fcr. Inklusive Stangenset. Material: All Weather Tex. <\/p>\n<p>Material: 100 % PES Polyester<br \/>\nGewicht: 0, 7 kg<br \/>\n1 St\u00fcck<br \/>\n<div class=\"main-cross-sell\" data-asin=\"B06XWJTMK1\">\n\n\t<div class=\"WooZone-cross-sell-loader\">\n\t\t<div>\n\t\t\t<div id=\"floatingBarsG\">\n\t\t\t\t<div class=\"blockG\" id=\"rotateG_01\"><\/div>\n\t\t\t\t<div class=\"blockG\" id=\"rotateG_02\"><\/div>\n\t\t\t\t<div class=\"blockG\" id=\"rotateG_03\"><\/div>\n\t\t\t\t<div class=\"blockG\" id=\"rotateG_04\"><\/div>\n\t\t\t\t<div class=\"blockG\" id=\"rotateG_05\"><\/div>\n\t\t\t\t<div class=\"blockG\" id=\"rotateG_06\"><\/div>\n\t\t\t\t<div class=\"blockG\" id=\"rotateG_07\"><\/div>\n\t\t\t\t<div class=\"blockG\" id=\"rotateG_08\"><\/div>\n\t\t\t<\/div>\n\t\t\t<div class=\"WooZone-cross-sell-loader-text\"><\/div>\n\t\t<\/div>\n\t<\/div>\n\n\t\t\n<\/div>\n<div style=\"clear:both;\"><\/div><\/p>\n","protected":false},"excerpt":{"rendered":"<p>Material: 100 % PES Polyester<br \/>\nGewicht: 0, 7 kg<br \/>\n1 St\u00fcck<\/p>\n","protected":false},"featured_media":12823,"comment_status":"open","ping_status":"closed","template":"","meta":[],"product_cat":[1002,19],"product_tag":[],"_links":{"self":[{"href":"http:\/\/campingland24.com\/index.php?rest_route=\/wp\/v2\/product\/12822"}],"collection":[{"href":"http:\/\/campingland24.com\/index.php?rest_route=\/wp\/v2\/product"}],"about":[{"href":"http:\/\/campingland24.com\/index.php?rest_route=\/wp\/v2\/types\/product"}],"replies":[{"embeddable":true,"href":"http:\/\/campingland24.com\/index.php?rest_route=%2Fwp%2Fv2%2Fcomments&post=12822"}],"version-history":[{"count":1,"href":"http:\/\/campingland24.com\/index.php?rest_route=\/wp\/v2\/product\/12822\/revisions"}],"predecessor-version":[{"id":14266,"href":"http:\/\/campingland24.com\/index.php?rest_route=\/wp\/v2\/product\/12822\/revisions\/14266"}],"wp:featuredmedia":[{"embeddable":true,"href":"http:\/\/campingland24.com\/index.php?rest_route=\/wp\/v2\/media\/12823"}],"wp:attachment":[{"href":"http:\/\/campingland24.com\/index.php?rest_route=%2Fwp%2Fv2%2Fmedia&parent=12822"}],"wp:term":[{"taxonomy":"product_cat","embeddable":true,"href":"http:\/\/campingland24.com\/index.php?rest_route=%2Fwp%2Fv2%2Fproduct_cat&post=12822"},{"taxonomy":"product_tag","embeddable":true,"href":"http:\/\/campingland24.com\/index.php?rest_route=%2Fwp%2Fv2%2Fproduct_tag&post=12822"}],"curies":[{"name":"wp","href":"https:\/\/api.w.org\/{rel}","templated":true}]}}