{"id":12895,"date":"2021-07-29T05:23:37","date_gmt":"2021-07-29T05:23:37","guid":{"rendered":"http:\/\/campingland24.com\/?product=thule-sun-blocker-g2-vorderwand-camping-markise-front-sichtschutz-windschutz-wohnwagen-sonnenschutz"},"modified":"2023-02-23T18:39:30","modified_gmt":"2023-02-23T18:39:30","slug":"thule-sun-blocker-g2-vorderwand-camping-markise-front-sichtschutz-windschutz-wohnwagen-sonnenschutz","status":"publish","type":"product","link":"http:\/\/campingland24.com\/?product=thule-sun-blocker-g2-vorderwand-camping-markise-front-sichtschutz-windschutz-wohnwagen-sonnenschutz","title":{"rendered":"Thule Sun Blocker G2 Vorderwand 330 x 170cm Camping Markise Front Sichtschutz Windschutz Wohnwagen"},"content":{"rendered":"<p><!-- show up to 2 reviews by default --> <\/p>\n<p>Modularit\u00e4tEinfache AnwendungInnovativNeuer Thule Style<\/p>\n<p>F\u00fcr alle Thule Markisen um gegen Sonne zu sch\u00fctzen. Einfache und schnelle Montage, durch einziehen in die Kederschiene. Seitenteile k\u00f6nnen an beiden Seiten der Markise installiert werden. Hochwertige Aluminium Spannstangen.<br \/>Die verschieden gro\u00dfen Blocker Fronten G2 k\u00f6nnen mittels des neuen Smart-Connectors miteinander zu einer durchgehenden Front kombiniert werden.<\/p>\n<p><b>Art Markisen und D\u00e4cher:<\/b> Vordach<br \/><b>Art Markisenzubeh\u00f6r:<\/b> Markisen-W\u00e4nde<br \/><b>f\u00fcr Typ:<\/b> f\u00fcr alle Thule Markisen<br \/><b>Material:<\/b> 100 % Polyvinylchlorid<br \/><b>Farbe:<\/b> grau, schwarz <\/p>\n<p>F\u00fcr alle Thule Markisen um gegen Sonne zu sch\u00fctzen. Einfache und schnelle Montage, durch einziehen in die Kederschiene<br \/>\nSeitenteile k\u00f6nnen an beiden Seiten der Markise installiert werden. Hochwertige Aluminium Spannstangen.<br \/>\nDie verschieden gro\u00dfen Blocker Fronten G2 k\u00f6nnen mittels des neuen Smart-Connectors miteinander zu einer durchgehenden Front kombiniert werden.<br \/>\nModularit\u00e4t, Einfache Anwendung, Innovativ, Neuer Thule Style<br \/>\nArt Markisen und D\u00e4cher: Vordach, Art Markisenzubeh\u00f6r: Markisen-W\u00e4nde, Material: 100 % Polyvinylchlorid, Farbe: grau\/schwarz, Ma\u00dfe (LxH): 100 x 170 cm<br \/>\n<div class=\"main-cross-sell\" data-asin=\"B07DVLHDT7\">\n\n\t<div class=\"WooZone-cross-sell-loader\">\n\t\t<div>\n\t\t\t<div id=\"floatingBarsG\">\n\t\t\t\t<div class=\"blockG\" id=\"rotateG_01\"><\/div>\n\t\t\t\t<div class=\"blockG\" id=\"rotateG_02\"><\/div>\n\t\t\t\t<div class=\"blockG\" id=\"rotateG_03\"><\/div>\n\t\t\t\t<div class=\"blockG\" id=\"rotateG_04\"><\/div>\n\t\t\t\t<div class=\"blockG\" id=\"rotateG_05\"><\/div>\n\t\t\t\t<div class=\"blockG\" id=\"rotateG_06\"><\/div>\n\t\t\t\t<div class=\"blockG\" id=\"rotateG_07\"><\/div>\n\t\t\t\t<div class=\"blockG\" id=\"rotateG_08\"><\/div>\n\t\t\t<\/div>\n\t\t\t<div class=\"WooZone-cross-sell-loader-text\"><\/div>\n\t\t<\/div>\n\t<\/div>\n\n\t\t\n<\/div>\n<div style=\"clear:both;\"><\/div><\/p>\n","protected":false},"excerpt":{"rendered":"<p>F\u00fcr alle Thule Markisen um gegen Sonne zu sch\u00fctzen. Einfache und schnelle Montage, durch einziehen in die Kederschiene<br \/>\nSeitenteile k\u00f6nnen an beiden Seiten der Markise installiert werden. Hochwertige Aluminium Spannstangen.<br \/>\nDie verschieden gro\u00dfen Blocker Fronten G2 k\u00f6nnen mittels des neuen Smart-Connectors miteinander zu einer durchgehenden Front kombiniert werden.<\/p>\n","protected":false},"featured_media":12896,"comment_status":"open","ping_status":"closed","template":"","meta":[],"product_cat":[1002,19],"product_tag":[],"_links":{"self":[{"href":"http:\/\/campingland24.com\/index.php?rest_route=\/wp\/v2\/product\/12895"}],"collection":[{"href":"http:\/\/campingland24.com\/index.php?rest_route=\/wp\/v2\/product"}],"about":[{"href":"http:\/\/campingland24.com\/index.php?rest_route=\/wp\/v2\/types\/product"}],"replies":[{"embeddable":true,"href":"http:\/\/campingland24.com\/index.php?rest_route=%2Fwp%2Fv2%2Fcomments&post=12895"}],"version-history":[{"count":2,"href":"http:\/\/campingland24.com\/index.php?rest_route=\/wp\/v2\/product\/12895\/revisions"}],"predecessor-version":[{"id":19772,"href":"http:\/\/campingland24.com\/index.php?rest_route=\/wp\/v2\/product\/12895\/revisions\/19772"}],"wp:featuredmedia":[{"embeddable":true,"href":"http:\/\/campingland24.com\/index.php?rest_route=\/wp\/v2\/media\/12896"}],"wp:attachment":[{"href":"http:\/\/campingland24.com\/index.php?rest_route=%2Fwp%2Fv2%2Fmedia&parent=12895"}],"wp:term":[{"taxonomy":"product_cat","embeddable":true,"href":"http:\/\/campingland24.com\/index.php?rest_route=%2Fwp%2Fv2%2Fproduct_cat&post=12895"},{"taxonomy":"product_tag","embeddable":true,"href":"http:\/\/campingland24.com\/index.php?rest_route=%2Fwp%2Fv2%2Fproduct_tag&post=12895"}],"curies":[{"name":"wp","href":"https:\/\/api.w.org\/{rel}","templated":true}]}}