{"id":12935,"date":"2021-07-29T06:42:25","date_gmt":"2021-07-29T06:42:25","guid":{"rendered":"http:\/\/campingland24.com\/?product=grandma-shark-holzpelletgrills-klappgrill-aus-edelstahl-fuer-5-10-personen-fuer-picknick-festivals-camping-und-party"},"modified":"2023-02-23T18:39:30","modified_gmt":"2023-02-23T18:39:30","slug":"grandma-shark-holzpelletgrills-klappgrill-aus-edelstahl-fuer-5-10-personen-fuer-picknick-festivals-camping-und-party","status":"publish","type":"product","link":"http:\/\/campingland24.com\/?product=grandma-shark-holzpelletgrills-klappgrill-aus-edelstahl-fuer-5-10-personen-fuer-picknick-festivals-camping-und-party","title":{"rendered":"GRANDMA SHARK Tragbarer klappbarer Holzkohlegrill, Holzkohlegrill aus Edelstahl f\u00fcr Picknick, Garten, Camping und Party"},"content":{"rendered":"<p><!-- show up to 2 reviews by default --> <\/p>\n<p><strong>Features<\/strong>:<\/p>\n<p> Food-grade rust-resistant stainless steel for worry-free use<\/p>\n<p> Portable and lightweight, foldable leg design for easy carrying and storage<\/p>\n<p> Appropriate temperature control at both ends of the air vent<\/p>\n<p> Set includes pliers plus small and large BBQ Grill Mesh<\/p>\n<p> Ideal for backyard, terrace, poolside, park, camping, etc.<\/p>\n<p><strong>specification<\/strong>:<\/p>\n<p> Color: Silver<\/p>\n<p> Material: Stainless steel<\/p>\n<p> Net weight: 4.2kg<\/p>\n<p> Dimensions: 73cm (L) x 33cm (W) x 70.5 cm (H)<\/p>\n<p> Folded size: 73cm (L) x 33 cm (W) x 16cm (H )<\/p>\n<p><strong>Accessories<\/strong>:<\/p>\n<p> 1 x BBQ Tongs<\/p>\n<p> 1 x large grid grill<\/p>\n<p> 1 x small mesh grill<\/p>\n<p><strong>Tips<\/strong>:<\/p>\n<p> In order to protect the product and prevent it from being scratched during transportation, the product is covered with a blue plastic protective film. Please tear off the film before using the product.<\/p>\n<p> &#x26a0;<strong>Warning<\/strong>: Minors need to use under the guidance of their guardians. <\/p>\n<p>&#x1f357;\u3010Hohe Qualit\u00e4t\u3011 Hergestellt aus Edelstahl in Lebensmittelqualit\u00e4t, hitzebest\u00e4ndig und nicht leicht verformbar. Gesund und ungiftig, bitte seien Sie versichert, dass Sie das Essen mit Familie und Freunden teilen.<br \/>\n&#x1f362;\u3010Einzigartiges Design\u3011 Um den Holzkohlegrill herum befinden sich Konvektionsl\u00fcftungsl\u00f6cher, durch die Holzkohle vollst\u00e4ndig verbrannt, der Einsatz von Holzkohle reduziert und die Umwelt gesch\u00fctzt werden kann. Auf beiden Seiten des Ofens befinden sich Metallringe, mit denen der Ofen leicht bewegt werden kann.<br \/>\n&#x1f364;\u3010Einfach zu installieren\u3011 Einfach zu installieren, es werden keine weiteren Tools ben\u00f6tigt. Der K\u00fchlergrill ist faltbar und kann zum einfachen Tragen und Transportieren einfach in den Kofferraum des Autos gelegt werden. Teilen Sie jederzeit und \u00fcberall k\u00f6stliche Grillabende und warme Zeit mit Familie und Freunden.<br \/>\n&#x1f356;\u3010Gro\u00dfe Kapazit\u00e4t\u3011 Erweiterte Gr\u00f6\u00dfe: 73 (L) * 33 (B) * 70,5 (H) cm, gefaltete Gr\u00f6\u00dfe: 73 (L) * 33 (B) * 16 (H) cm, geeignet f\u00fcr 5-10 Personen Grillen, Party , Camping, Reisen. Lassen Sie mehr Freunde und Familie zusammenkommen und genie\u00dfen Sie jedes Mal die Zeit.<br \/>\n&#x1f361;\u3010Breites Anwendungsspektrum\u3011 Geeignet f\u00fcr Terrassen, G\u00e4rten, Parks, Str\u00e4nde, Picknicks, Camping usw.<br \/>\n<div class=\"main-cross-sell\" data-asin=\"B08BY8Y1HH\">\n\n\t<div class=\"WooZone-cross-sell-loader\">\n\t\t<div>\n\t\t\t<div id=\"floatingBarsG\">\n\t\t\t\t<div class=\"blockG\" id=\"rotateG_01\"><\/div>\n\t\t\t\t<div class=\"blockG\" id=\"rotateG_02\"><\/div>\n\t\t\t\t<div class=\"blockG\" id=\"rotateG_03\"><\/div>\n\t\t\t\t<div class=\"blockG\" id=\"rotateG_04\"><\/div>\n\t\t\t\t<div class=\"blockG\" id=\"rotateG_05\"><\/div>\n\t\t\t\t<div class=\"blockG\" id=\"rotateG_06\"><\/div>\n\t\t\t\t<div class=\"blockG\" id=\"rotateG_07\"><\/div>\n\t\t\t\t<div class=\"blockG\" id=\"rotateG_08\"><\/div>\n\t\t\t<\/div>\n\t\t\t<div class=\"WooZone-cross-sell-loader-text\"><\/div>\n\t\t<\/div>\n\t<\/div>\n\n\t\t\n<\/div>\n<div style=\"clear:both;\"><\/div><\/p>\n","protected":false},"excerpt":{"rendered":"<p>&#x1f357;\u3010Hohe Qualit\u00e4t\u3011 Hergestellt aus Edelstahl in Lebensmittelqualit\u00e4t, hitzebest\u00e4ndig und nicht leicht verformbar. Gesund und ungiftig, bitte seien Sie versichert, dass Sie das Essen mit Familie und Freunden teilen.<br \/>\n&#x1f362;\u3010Einzigartiges Design\u3011 Um den Holzkohlegrill herum befinden sich Konvektionsl\u00fcftungsl\u00f6cher, durch die Holzkohle vollst\u00e4ndig verbrannt, der Einsatz von Holzkohle reduziert und die Umwelt gesch\u00fctzt werden kann. Auf beiden Seiten des Ofens befinden sich Metallringe, mit denen der Ofen leicht bewegt werden kann.<br \/>\n&#x1f364;\u3010Einfach zu installieren\u3011 Einfach zu installieren, es werden keine weiteren Tools ben\u00f6tigt. Der K\u00fchlergrill ist faltbar und kann zum einfachen Tragen und Transportieren einfach in den Kofferraum des Autos gelegt werden. Teilen Sie jederzeit und \u00fcberall k\u00f6stliche Grillabende und warme Zeit mit Familie und Freunden.<\/p>\n","protected":false},"featured_media":12936,"comment_status":"open","ping_status":"closed","template":"","meta":[],"product_cat":[15],"product_tag":[],"_links":{"self":[{"href":"http:\/\/campingland24.com\/index.php?rest_route=\/wp\/v2\/product\/12935"}],"collection":[{"href":"http:\/\/campingland24.com\/index.php?rest_route=\/wp\/v2\/product"}],"about":[{"href":"http:\/\/campingland24.com\/index.php?rest_route=\/wp\/v2\/types\/product"}],"replies":[{"embeddable":true,"href":"http:\/\/campingland24.com\/index.php?rest_route=%2Fwp%2Fv2%2Fcomments&post=12935"}],"version-history":[{"count":3,"href":"http:\/\/campingland24.com\/index.php?rest_route=\/wp\/v2\/product\/12935\/revisions"}],"predecessor-version":[{"id":19608,"href":"http:\/\/campingland24.com\/index.php?rest_route=\/wp\/v2\/product\/12935\/revisions\/19608"}],"wp:featuredmedia":[{"embeddable":true,"href":"http:\/\/campingland24.com\/index.php?rest_route=\/wp\/v2\/media\/12936"}],"wp:attachment":[{"href":"http:\/\/campingland24.com\/index.php?rest_route=%2Fwp%2Fv2%2Fmedia&parent=12935"}],"wp:term":[{"taxonomy":"product_cat","embeddable":true,"href":"http:\/\/campingland24.com\/index.php?rest_route=%2Fwp%2Fv2%2Fproduct_cat&post=12935"},{"taxonomy":"product_tag","embeddable":true,"href":"http:\/\/campingland24.com\/index.php?rest_route=%2Fwp%2Fv2%2Fproduct_tag&post=12935"}],"curies":[{"name":"wp","href":"https:\/\/api.w.org\/{rel}","templated":true}]}}