{"id":12939,"date":"2021-07-29T06:42:29","date_gmt":"2021-07-29T06:42:29","guid":{"rendered":"http:\/\/campingland24.com\/?product=holzkohlegrill-klappgrill-edelstahl-camping-grill-holzkohle-barbecue-klappbar-standgrill-tragbar-73x33x68-cm-fuer-5-10-personen"},"modified":"2023-02-23T18:39:31","modified_gmt":"2023-02-23T18:39:31","slug":"holzkohlegrill-klappgrill-edelstahl-camping-grill-holzkohle-barbecue-klappbar-standgrill-tragbar-73x33x68-cm-fuer-5-10-personen","status":"publish","type":"product","link":"http:\/\/campingland24.com\/?product=holzkohlegrill-klappgrill-edelstahl-camping-grill-holzkohle-barbecue-klappbar-standgrill-tragbar-73x33x68-cm-fuer-5-10-personen","title":{"rendered":"Holzkohlegrill Klappgrill Edelstahl Camping Grill Holzkohle Barbecue Klappbar Standgrill, tragbar, 73x33x68 cm, f\u00fcr 5-10\u2026"},"content":{"rendered":"<div class=\"celwidget aplus-module launchpad-company-logo aplus-standard\">\n<div class=\"a-section a-text-center launchpad-module launchpad-module-company-logo\"> <img alt=\"Holzkohlegrill edelstahl klappebar\" src=\"https:\/\/images-na.ssl-images-amazon.com\/images\/G\/01\/x-locale\/common\/grey-pixel.gif\" class=\"a-lazy-loaded\" data-src=\"https:\/\/m.media-amazon.com\/images\/S\/aplus-media-library-service-media\/d8ae483b-9a75-4d3e-a9c8-7ad21cddd306.__CR0,0,600,180_PT0_SX600_V1___.jpg\"><img alt=\"Holzkohlegrill edelstahl klappebar\" src=\"https:\/\/m.media-amazon.com\/images\/S\/aplus-media-library-service-media\/d8ae483b-9a75-4d3e-a9c8-7ad21cddd306.__CR0,0,600,180_PT0_SX600_V1___.jpg\"> <\/div>\n<\/p><\/div>\n<div class=\"celwidget aplus-module 3p-module-b aplus-standard\">\n<div class=\"aplus-module-wrapper aplus-3p-fixed-width\"> <img alt=\"holzkohlegrill\" src=\"https:\/\/images-na.ssl-images-amazon.com\/images\/G\/01\/x-locale\/common\/grey-pixel.gif\" class=\"a-spacing-base a-lazy-loaded\" data-src=\"https:\/\/m.media-amazon.com\/images\/S\/aplus-media\/sc\/58682e08-094f-48de-a53d-5bc639342729.__CR0,0,970,600_PT0_SX970_V1___.jpg\"><img alt=\"holzkohlegrill\" src=\"https:\/\/m.media-amazon.com\/images\/S\/aplus-media\/sc\/58682e08-094f-48de-a53d-5bc639342729.__CR0,0,970,600_PT0_SX970_V1___.jpg\"> <\/p>\n<h3 class=\"a-spacing-mini\"> Tragbarer und faltbarer Campinggrill Hollzkohlegrill, Sie haben es verdient! <\/h3>\n<p class=\"a-spacing-base\"> <span class=\"a-text-bold\"><span class=\"a-text-italic\"><u>Nach dem ganzen Home Office wirds Zeit f\u00fcr echte Erlebnisse auf Natur und Leckerei!<\/u><\/span><\/span> <\/p>\n<p class=\"a-spacing-base\"> <u><span class=\"a-text-bold\">Bringen Sie mit Ihren Freunden oder Ihrer Familie Holzkohlegrill Edelstahl und Essen mit und starten Sie eine abgelegene Grillparty!<\/span><\/u> <\/p>\n<p class=\"a-spacing-base\"> <span class=\"a-text-bold\"><u>Grille wie ein Profi mit portablen Grills im Park &amp; an Seen:<\/u><\/span> <\/p>\n<p class=\"a-spacing-base\"> <span class=\"a-text-bold\">Besonderheiten:<\/span> <\/p>\n<p class=\"a-spacing-base\">\n<ul class=\"a-unordered-list a-vertical\">\n<li><span class=\"a-list-item\">Mit 0.24 m2 gegrilltes Netz. Es ist nie ein Problem, <span class=\"a-text-bold\">gen\u00fcgend Platz<\/span> zum Grillen Ihrer Favoriten zu haben.<\/span><\/li>\n<li><span class=\"a-list-item\">Egal, ob es sich um <u>H\u00fchnchen, Hot Dogs<\/u> oder sogar um einen <u>kleinen Braten<\/u> handelt, sie k\u00f6nnen alles auf diesem <span class=\"a-text-bold\">faltbarem<\/span> Holzkohlegrill zubereiten und das Lagerfeuer noch angenehmer gestalten.<\/span><\/li>\n<li><span class=\"a-list-item\">Luftzirkulation: Die L\u00fcftungsschlitze auf beiden Seiten sorgen f\u00fcr ausreichend Sauerstoff, damit dieser Holzkohlegrill Edelstahl die Speisen gleichm\u00e4\u00dfig erhitzen kann<\/span><\/li>\n<\/ul>\n<\/p><\/div>\n<\/p><\/div>\n<div class=\"celwidget aplus-module module-8 aplus-standard\">\n<div data-a-expander-name=\"aplus-module-expander\" data-a-expander-collapsed-height=\"700\" class=\"a-expander-collapsed-height a-row a-expander-container a-expander-partial-collapse-container\">\n<div class=\"a-expander-content a-expander-partial-collapse-content\">\n<div class=\"aplus-module-wrapper apm-fixed-width\">\n<div class=\"apm-spacing\">\n<div class=\"apm-lefttwothirdswrap apm-floatleft\">\n<div class=\"apm-leftimage\"> <img alt=\"camping grill\" src=\"https:\/\/images-na.ssl-images-amazon.com\/images\/G\/01\/x-locale\/common\/grey-pixel.gif\" class=\"a-spacing-mini a-lazy-loaded\" data-src=\"https:\/\/m.media-amazon.com\/images\/S\/aplus-media\/sc\/f18488f2-3170-459a-a06f-f85cb1e312d9.__CR0,0,1500,1500_PT0_SX300_V1___.jpg\"><img alt=\"camping grill\" src=\"https:\/\/m.media-amazon.com\/images\/S\/aplus-media\/sc\/f18488f2-3170-459a-a06f-f85cb1e312d9.__CR0,0,1500,1500_PT0_SX300_V1___.jpg\"> <\/div>\n<div class=\"apm-centerthirdcol\">\n<h5 class=\"a-spacing-mini a-color-secondary\"> LIeferumfang <\/h5>\n<p class=\"a-spacing-base\">\n<ul class=\"a-unordered-list a-vertical\">\n<li><span class=\"a-list-item\">1 x Holzkohlegrill<\/span><\/li>\n<li><span class=\"a-list-item\">2 x quadratisches Gitter<\/span><\/li>\n<li><span class=\"a-list-item\">2 x dickes schwarzes Carbonnetz<\/span><\/li>\n<li><span class=\"a-list-item\">1 x Verbr\u00fchungsschutz aus Eisen<\/span><\/li>\n<\/ul>\n<\/p><\/div>\n<\/p><\/div>\n<div class=\"apm-rightthirdcol\">\n<div class=\"apm-rightthirdcol-inner\">\n<h4> Spezifikationen: <\/h4>\n<div class=\"a-box a-spacing-small a-color-alternate-background apm-listbox\">\n<div class=\"a-box-inner\">\n<ul class=\"a-unordered-list a-vertical\">\n<li><span class=\"a-list-item\"> <span class=\"a-size-base\"> Material: massiver Edelstahl <\/span> <\/span><\/li>\n<li><span class=\"a-list-item\"> <span class=\"a-size-base\"> Produktgr\u00f6\u00dfe ( L, B, H): 73 cm x 32 cm x 68 cm <\/span> <\/span><\/li>\n<li><span class=\"a-list-item\"> <span class=\"a-size-base\"> Produktgewicht: 10,1 lbs <\/span> <\/span><\/li>\n<li><span class=\"a-list-item\"> <span class=\"a-size-base\"> Farbe: Silber <\/span> <\/span><\/li>\n<\/ul>\n<\/div>\n<\/div><\/div>\n<\/p><\/div>\n<\/p><\/div>\n<\/p><\/div>\n<div><\/div>\n<\/p><\/div>\n<div class=\"a-expander-header a-expander-partial-collapse-header a-text-left\">\n<div class=\"a-expander-content-fade\"><\/div>\n<p><a href=\"void(0)\" data-action=\"a-expander-toggle\" class=\"a-declarative\" data-a-expander-toggle=\"{\"><i class=\"a-icon a-icon-extender-expand\"><\/i><span class=\"a-expander-prompt\">Mehr lesen<\/span><\/a><\/div>\n<\/p><\/div>\n<\/p><\/div>\n<div class=\"celwidget aplus-module module-9 aplus-standard\">\n<div data-a-expander-name=\"aplus-module-expander\" data-a-expander-collapsed-height=\"700\" class=\"a-expander-collapsed-height a-row a-expander-container a-expander-partial-collapse-container\">\n<div class=\"a-expander-content a-expander-partial-collapse-content\">\n<div class=\"aplus-module-wrapper apm-fixed-width\">\n<div class=\"apm-spacing apm-fixed-width\">\n<h3 class=\"a-spacing-small\"> Lasst uns gemeinsam das Fu\u00dfballspiel genie\u00dfen und grillen! <\/h3>\n<table class=\"apm-fixed-width apm-eventhirdcol-table\">\n<tbody>\n<tr>\n<th class=\"apm-center\">\n<div class=\"apm-eventhirdcol apm-floatleft\">\n<p> <img alt=\"camping grill bbq\" src=\"https:\/\/images-na.ssl-images-amazon.com\/images\/G\/01\/x-locale\/common\/grey-pixel.gif\" class=\"a-spacing-mini a-lazy-loaded\" data-src=\"https:\/\/m.media-amazon.com\/images\/S\/aplus-media\/sc\/838ba59e-5041-4174-85d4-638b4929bd00.__CR0,0,1600,1600_PT0_SX300_V1___.jpg\"><\/p>\n<p><img alt=\"camping grill bbq\" src=\"https:\/\/m.media-amazon.com\/images\/S\/aplus-media\/sc\/838ba59e-5041-4174-85d4-638b4929bd00.__CR0,0,1600,1600_PT0_SX300_V1___.jpg\"> <\/div>\n<\/th>\n<th class=\"apm-center\">\n<div class=\"apm-eventhirdcol apm-floatleft\">\n<p> <img alt=\"hozkohlegrill edelstahl\" src=\"https:\/\/images-na.ssl-images-amazon.com\/images\/G\/01\/x-locale\/common\/grey-pixel.gif\" class=\"a-spacing-mini a-lazy-loaded\" data-src=\"https:\/\/m.media-amazon.com\/images\/S\/aplus-media\/sc\/de6b4230-e124-4230-950e-737b42f61286.__CR0,0,1600,1600_PT0_SX300_V1___.jpg\"><\/p>\n<p><img alt=\"hozkohlegrill edelstahl\" src=\"https:\/\/m.media-amazon.com\/images\/S\/aplus-media\/sc\/de6b4230-e124-4230-950e-737b42f61286.__CR0,0,1600,1600_PT0_SX300_V1___.jpg\"> <\/div>\n<\/th>\n<th class=\"apm-center\">\n<div class=\"apm-eventhirdcol apm-floatleft\">\n<p> <img alt=\"holzkohlegrill klappbar\" src=\"https:\/\/images-na.ssl-images-amazon.com\/images\/G\/01\/x-locale\/common\/grey-pixel.gif\" class=\"a-spacing-mini a-lazy-loaded\" data-src=\"https:\/\/m.media-amazon.com\/images\/S\/aplus-media\/sc\/071be4f1-f06e-465a-8a65-f46eb8f0c482.__CR0,0,1600,1600_PT0_SX300_V1___.jpg\"><\/p>\n<p><img alt=\"holzkohlegrill klappbar\" src=\"https:\/\/m.media-amazon.com\/images\/S\/aplus-media\/sc\/071be4f1-f06e-465a-8a65-f46eb8f0c482.__CR0,0,1600,1600_PT0_SX300_V1___.jpg\"> <\/div>\n<\/th>\n<\/tr>\n<tr>\n<td class=\"apm-top\">\n<div class=\"apm-eventhirdcol apm-floatleft\">\n<h4 class=\"a-spacing-mini\"> Hochwertig und leicht zu reinigender Holzkohlegrill <\/h4>\n<p> Dieser Camping Grill bietet hochwertiger massiver Edelstahl, hitzebest\u00e4ndig und nicht leicht verformbar <\/p>\n<\/p><\/div>\n<\/td>\n<td class=\"apm-top\">\n<div class=\"apm-eventhirdcol apm-floatleft\">\n<h4 class=\"a-spacing-mini\"> Tragbares Design <\/h4>\n<p> Leicht und einfach in den Kofferraum zu stecken <\/p>\n<\/p><\/div>\n<\/td>\n<td class=\"apm-top\">\n<div class=\"apm-eventhirdcol apm-floatleft\">\n<h4 class=\"a-spacing-mini\"> Einfach zu setzen Kohlenstoff und gro\u00dfen Grillbereich <\/h4>\n<\/p><\/div>\n<\/td>\n<\/tr>\n<\/tbody>\n<\/table>\n<\/div><\/div>\n<div><\/div>\n<\/p><\/div>\n<div class=\"a-expander-header a-expander-partial-collapse-header a-text-left\">\n<div class=\"a-expander-content-fade\"><\/div>\n<p><a href=\"void(0)\" data-action=\"a-expander-toggle\" class=\"a-declarative\" data-a-expander-toggle=\"{\"><i class=\"a-icon a-icon-extender-expand\"><\/i><span class=\"a-expander-prompt\">Mehr lesen<\/span><\/a><\/div>\n<\/p><\/div>\n<\/p><\/div>\n<div class=\"celwidget aplus-module module-12 aplus-standard\">\n<div data-a-expander-name=\"aplus-module-expander\" data-a-expander-collapsed-height=\"360\" class=\"a-expander-collapsed-height a-row a-expander-container a-expander-partial-collapse-container\">\n<div class=\"a-expander-content a-expander-partial-collapse-content\">\n<div class=\"aplus-module-wrapper apm-spacing apm-floatnone apm-fixed-width\">\n<div class=\"apm-sidemodule aplus-module-content\">\n<div class=\"apm-hero-image\"> <img alt=\"holzkohle grill camping klapper\" src=\"https:\/\/images-na.ssl-images-amazon.com\/images\/G\/01\/x-locale\/common\/grey-pixel.gif\" class=\"a-lazy-loaded\" data-src=\"https:\/\/m.media-amazon.com\/images\/S\/aplus-media\/sc\/56e28786-71ed-4708-859b-70eea70f2996.__CR530,0,1940,600_PT0_SX970_V1___.jpg\"><img alt=\"holzkohle grill camping klapper\" src=\"https:\/\/m.media-amazon.com\/images\/S\/aplus-media\/sc\/56e28786-71ed-4708-859b-70eea70f2996.__CR530,0,1940,600_PT0_SX970_V1___.jpg\"> <\/div>\n<\/p><\/div>\n<\/p><\/div>\n<div><\/div>\n<\/p><\/div>\n<div class=\"a-expander-header a-expander-partial-collapse-header a-text-left\">\n<div class=\"a-expander-content-fade\"><\/div>\n<p><a href=\"void(0)\" data-action=\"a-expander-toggle\" class=\"a-declarative\" data-a-expander-toggle=\"{\"><i class=\"a-icon a-icon-extender-expand\"><\/i><span class=\"a-expander-prompt\">Mehr lesen<\/span><\/a><\/div>\n<\/p><\/div>\n<\/p><\/div>\n<div class=\"celwidget aplus-module module-11 aplus-standard\">\n<div data-a-expander-name=\"aplus-module-expander\" data-a-expander-collapsed-height=\"360\" class=\"a-expander-collapsed-height a-row a-expander-container a-expander-partial-collapse-container\">\n<div class=\"a-expander-content a-expander-partial-collapse-content\">\n<div class=\"aplus-module-wrapper apm-spacing apm-floatnone apm-fixed-width\">\n<div class=\"apm-sidemodule aplus-module-content\">\n<div class=\"apm-hero-image\"> <img alt=\"campinggrill holzkohlegrill klappgrill\" src=\"https:\/\/images-na.ssl-images-amazon.com\/images\/G\/01\/x-locale\/common\/grey-pixel.gif\" class=\"a-lazy-loaded\" data-src=\"https:\/\/m.media-amazon.com\/images\/S\/aplus-media-library-service-media\/e63dbe30-7724-48af-a6cc-70b542025338.__CR0,0,970,300_PT0_SX970_V1___.jpg\"><img alt=\"campinggrill holzkohlegrill klappgrill\" src=\"https:\/\/m.media-amazon.com\/images\/S\/aplus-media-library-service-media\/e63dbe30-7724-48af-a6cc-70b542025338.__CR0,0,970,300_PT0_SX970_V1___.jpg\"> <\/div>\n<\/p><\/div>\n<\/p><\/div>\n<div><\/div>\n<\/p><\/div>\n<div class=\"a-expander-header a-expander-partial-collapse-header a-text-left\">\n<div class=\"a-expander-content-fade\"><\/div>\n<p><a href=\"void(0)\" data-action=\"a-expander-toggle\" class=\"a-declarative\" data-a-expander-toggle=\"{\"><i class=\"a-icon a-icon-extender-expand\"><\/i><span class=\"a-expander-prompt\">Mehr lesen<\/span><\/a><\/div>\n<\/p><\/div>\n<\/p><\/div>\n<p>&#x1f357;KLAPPGRILL EDELSTAHL UTEN&#x1f357;: Edelstahl Material macht diesen Klappgrill sehr ,verschlei\u00dffest korrosionsbest\u00e4ndig und nicht leicht zu rosten. Dar\u00fcber hinaus hat dieser Holzkohlegrill den guten Vorteil,dass die W\u00e4rmeentwicklung gleichm\u00e4\u00dfig ist. Besonder ist Standbeine aus Edelstahl mit rutschfester Gummi sehr sicher. Auch nach Gebrauch ist dieser Grill sehr leicht zu reinigen<br \/>\n&#x1f357;EINFACH AUF- UND ABZUBAUEN&#x1f357;: Uten Holzkohlegrill Edelstahl ist direkt aus der Packung heraus benutzt werden kann. Kein langes Zusammenbauen n\u00f6tig. Er kann sehr einfach und schnell auseinander- und zusammengefaltet werden und ist in seiner grundlegenden Bedienung ziemlich einfach<br \/>\n&#x1f357;ENTL\u00dcFTUNGSDESIGN&#x1f357;: Auf beiden Seiten befinden sich L\u00fcftungsschlitze, damit gen\u00fcgend Sauerstoff eindringen kann und dieser tragbarer Holzkohlegrill gleichm\u00e4\u00dfig beheizt wird. Gleichzeitig reduziert das W\u00e4rmereflexionsdesign den Kohlenstoffverbrauch und sch\u00fctzt die Umwelt<br \/>\n&#x1f357;KALPP UND TRAGBAR&#x1f357;: Mit dem bequemen Handgriff kann Uten Holzkohlegrill Campinggrill xxl vom Abstellraum in den Garten im Hinterhof leicht gebracht werden. Der Gr\u00f6\u00dfe 73cm x 33cm x 68cm ist sehr geeignet f\u00fcr 5-10 Personen<br \/>\n&#x1f357;GENIE\u00dfEN GL\u00dcCKLICHE FAMILIENGRILLZEIT&#x1f357;: Dieser hochwertige Klappgrill Holzkohle Edelstahl eignet sich sehr gut f\u00fcr den Familiengebrauch. Er kann auf dem Balkon, im Garten, auf dem Campingplatz usw. verwendet werden, um k\u00f6stliches Essen perfekt zu grillen. Genie\u00dfen Sie diese wunderbare Grillzeit mit Familie und Freunden<br \/>\n\u3010VORSICHTSMA\u00dfNAHMEN\u3011: Wenn Sie Alufolie unter die Kohle legen, l\u00e4sst sich diese sehr leicht reinigen. Es sch\u00fctzt auch den Grill klappbar. Da es sich bei dem Holzkohlegrill um ein Metallprodukt handelt, spr\u00fchen Sie bitte kein kaltes Wasser direkt ein, um es nach dem Erhitzen bei hoher Temperatur abzuk\u00fchlen. In diesem Fall k\u00f6nnen Sie mithilfe von Werkzeugen die urspr\u00fcngliche Form dem Grill wiederherstellen, ohne die sekund\u00e4re Verwendung zu beeintr\u00e4chtigen<br \/>\nWenn Sie Fragen haben, z\u00f6gern Sie bitte nicht, uns zu kontaktieren<br \/>\n<div class=\"main-cross-sell\" data-asin=\"B08P71FPTP\">\n\n\t<div class=\"WooZone-cross-sell-loader\">\n\t\t<div>\n\t\t\t<div id=\"floatingBarsG\">\n\t\t\t\t<div class=\"blockG\" id=\"rotateG_01\"><\/div>\n\t\t\t\t<div class=\"blockG\" id=\"rotateG_02\"><\/div>\n\t\t\t\t<div class=\"blockG\" id=\"rotateG_03\"><\/div>\n\t\t\t\t<div class=\"blockG\" id=\"rotateG_04\"><\/div>\n\t\t\t\t<div class=\"blockG\" id=\"rotateG_05\"><\/div>\n\t\t\t\t<div class=\"blockG\" id=\"rotateG_06\"><\/div>\n\t\t\t\t<div class=\"blockG\" id=\"rotateG_07\"><\/div>\n\t\t\t\t<div class=\"blockG\" id=\"rotateG_08\"><\/div>\n\t\t\t<\/div>\n\t\t\t<div class=\"WooZone-cross-sell-loader-text\"><\/div>\n\t\t<\/div>\n\t<\/div>\n\n\t\t\n<\/div>\n<div style=\"clear:both;\"><\/div><\/p>\n","protected":false},"excerpt":{"rendered":"<p>&#x1f357;KLAPPGRILL EDELSTAHL UTEN&#x1f357;: Edelstahl Material macht diesen Klappgrill sehr ,verschlei\u00dffest korrosionsbest\u00e4ndig und nicht leicht zu rosten. Dar\u00fcber hinaus hat dieser Holzkohlegrill den guten Vorteil,dass die W\u00e4rmeentwicklung gleichm\u00e4\u00dfig ist. Besonder ist Standbeine aus Edelstahl mit rutschfester Gummi sehr sicher. Auch nach Gebrauch ist dieser Grill sehr leicht zu reinigen<br \/>\n&#x1f357;EINFACH AUF- UND ABZUBAUEN&#x1f357;: Uten Holzkohlegrill Edelstahl ist direkt aus der Packung heraus benutzt werden kann. Kein langes Zusammenbauen n\u00f6tig. Er kann sehr einfach und schnell auseinander- und zusammengefaltet werden und ist in seiner grundlegenden Bedienung ziemlich einfach<br \/>\n&#x1f357;ENTL\u00dcFTUNGSDESIGN&#x1f357;: Auf beiden Seiten befinden sich L\u00fcftungsschlitze, damit gen\u00fcgend Sauerstoff eindringen kann und dieser tragbarer Holzkohlegrill gleichm\u00e4\u00dfig beheizt wird. Gleichzeitig reduziert das W\u00e4rmereflexionsdesign den Kohlenstoffverbrauch und sch\u00fctzt die Umwelt<\/p>\n","protected":false},"featured_media":12940,"comment_status":"open","ping_status":"closed","template":"","meta":[],"product_cat":[15],"product_tag":[],"_links":{"self":[{"href":"http:\/\/campingland24.com\/index.php?rest_route=\/wp\/v2\/product\/12939"}],"collection":[{"href":"http:\/\/campingland24.com\/index.php?rest_route=\/wp\/v2\/product"}],"about":[{"href":"http:\/\/campingland24.com\/index.php?rest_route=\/wp\/v2\/types\/product"}],"replies":[{"embeddable":true,"href":"http:\/\/campingland24.com\/index.php?rest_route=%2Fwp%2Fv2%2Fcomments&post=12939"}],"version-history":[{"count":1,"href":"http:\/\/campingland24.com\/index.php?rest_route=\/wp\/v2\/product\/12939\/revisions"}],"predecessor-version":[{"id":14295,"href":"http:\/\/campingland24.com\/index.php?rest_route=\/wp\/v2\/product\/12939\/revisions\/14295"}],"wp:featuredmedia":[{"embeddable":true,"href":"http:\/\/campingland24.com\/index.php?rest_route=\/wp\/v2\/media\/12940"}],"wp:attachment":[{"href":"http:\/\/campingland24.com\/index.php?rest_route=%2Fwp%2Fv2%2Fmedia&parent=12939"}],"wp:term":[{"taxonomy":"product_cat","embeddable":true,"href":"http:\/\/campingland24.com\/index.php?rest_route=%2Fwp%2Fv2%2Fproduct_cat&post=12939"},{"taxonomy":"product_tag","embeddable":true,"href":"http:\/\/campingland24.com\/index.php?rest_route=%2Fwp%2Fv2%2Fproduct_tag&post=12939"}],"curies":[{"name":"wp","href":"https:\/\/api.w.org\/{rel}","templated":true}]}}