{"id":12943,"date":"2021-07-29T06:42:30","date_gmt":"2021-07-29T06:42:30","guid":{"rendered":"http:\/\/campingland24.com\/?product=relags-minigrill-208-picnic-campinggrill"},"modified":"2023-02-23T18:39:31","modified_gmt":"2023-02-23T18:39:31","slug":"relags-minigrill-208-picnic-campinggrill","status":"publish","type":"product","link":"http:\/\/campingland24.com\/?product=relags-minigrill-208-picnic-campinggrill","title":{"rendered":"Relags Minigrill 208 Picnic &#8211; Campinggrill"},"content":{"rendered":"<p><!-- show up to 2 reviews by default --> <\/p>\n<p>Minigrill 208 PicNic Der PicNic-Grill ist ein stabiler Stahlblechgrill in praktischer Kofferausf\u00fchrung Der PicNic hat einen verchromten Grillrost (3-stufig h\u00f6henverstellbar) Das Zuluftsystem und die ausstellbaren Beine machen ihn zum idealen Begleiter f\u00fcr Unterwegs Ob im Wohnmobil, im Caravan oder OffRoader &#8211; grillen Sie wie zu Hause. Nachher l\u00e4sst sich alles platzsparend zusammenpacken Mit einer Bodenfreiheit von 33 cm ist der Grillbetrieb sowohl schonend f\u00fcr den Untergrund als auch f\u00fcr den R\u00fccken Grillfl\u00e4che: 40 x 29 cm Aufgebaut: 41 x 30 x 72 cm (B x T x H) Packma\u00df: 42 x 32 x 12 cm Gewicht: 5300 g <\/p>\n<p>Stabiler Stahlblechgrill in praktischer Kofferausf\u00fchrung mit verchromtem Grillrost (3-stufig h\u00f6henverstellbar)<br \/>\nDas Zuluftsystem und die ausstellbaren Beine machen ihn zum idealen Begleiter f\u00fcr unterwegs<br \/>\nOb im Wohnmobil, im Caravan oder OffRoader &#8211; grillen Sie wie zuhause<br \/>\nGrillfl\u00e4che 40 x 29 cm, aufgebaut 41 x 30 x 72 cm (B x T x H)<br \/>\nPackma\u00df 42 x 32 x 12 cm, 5.300 g<br \/>\n<div class=\"main-cross-sell\" data-asin=\"B002Q62CEI\">\n\n\t<div class=\"WooZone-cross-sell-loader\">\n\t\t<div>\n\t\t\t<div id=\"floatingBarsG\">\n\t\t\t\t<div class=\"blockG\" id=\"rotateG_01\"><\/div>\n\t\t\t\t<div class=\"blockG\" id=\"rotateG_02\"><\/div>\n\t\t\t\t<div class=\"blockG\" id=\"rotateG_03\"><\/div>\n\t\t\t\t<div class=\"blockG\" id=\"rotateG_04\"><\/div>\n\t\t\t\t<div class=\"blockG\" id=\"rotateG_05\"><\/div>\n\t\t\t\t<div class=\"blockG\" id=\"rotateG_06\"><\/div>\n\t\t\t\t<div class=\"blockG\" id=\"rotateG_07\"><\/div>\n\t\t\t\t<div class=\"blockG\" id=\"rotateG_08\"><\/div>\n\t\t\t<\/div>\n\t\t\t<div class=\"WooZone-cross-sell-loader-text\"><\/div>\n\t\t<\/div>\n\t<\/div>\n\n\t\t\n<\/div>\n<div style=\"clear:both;\"><\/div><\/p>\n","protected":false},"excerpt":{"rendered":"<p>Stabiler Stahlblechgrill in praktischer Kofferausf\u00fchrung mit verchromtem Grillrost (3-stufig h\u00f6henverstellbar)<br \/>\nDas Zuluftsystem und die ausstellbaren Beine machen ihn zum idealen Begleiter f\u00fcr unterwegs<br \/>\nOb im Wohnmobil, im Caravan oder OffRoader &#8211; grillen Sie wie zuhause<\/p>\n","protected":false},"featured_media":12944,"comment_status":"open","ping_status":"closed","template":"","meta":[],"product_cat":[15],"product_tag":[],"_links":{"self":[{"href":"http:\/\/campingland24.com\/index.php?rest_route=\/wp\/v2\/product\/12943"}],"collection":[{"href":"http:\/\/campingland24.com\/index.php?rest_route=\/wp\/v2\/product"}],"about":[{"href":"http:\/\/campingland24.com\/index.php?rest_route=\/wp\/v2\/types\/product"}],"replies":[{"embeddable":true,"href":"http:\/\/campingland24.com\/index.php?rest_route=%2Fwp%2Fv2%2Fcomments&post=12943"}],"version-history":[{"count":1,"href":"http:\/\/campingland24.com\/index.php?rest_route=\/wp\/v2\/product\/12943\/revisions"}],"predecessor-version":[{"id":14296,"href":"http:\/\/campingland24.com\/index.php?rest_route=\/wp\/v2\/product\/12943\/revisions\/14296"}],"wp:featuredmedia":[{"embeddable":true,"href":"http:\/\/campingland24.com\/index.php?rest_route=\/wp\/v2\/media\/12944"}],"wp:attachment":[{"href":"http:\/\/campingland24.com\/index.php?rest_route=%2Fwp%2Fv2%2Fmedia&parent=12943"}],"wp:term":[{"taxonomy":"product_cat","embeddable":true,"href":"http:\/\/campingland24.com\/index.php?rest_route=%2Fwp%2Fv2%2Fproduct_cat&post=12943"},{"taxonomy":"product_tag","embeddable":true,"href":"http:\/\/campingland24.com\/index.php?rest_route=%2Fwp%2Fv2%2Fproduct_tag&post=12943"}],"curies":[{"name":"wp","href":"https:\/\/api.w.org\/{rel}","templated":true}]}}