{"id":12959,"date":"2021-07-29T06:42:37","date_gmt":"2021-07-29T06:42:37","guid":{"rendered":"http:\/\/campingland24.com\/?product=bestargot-holzofen-tragbar-campinggrill-klappbar-und-winddicht-rucksack-herd-aus-edelstahl-mit-tragetasche-multifunktionales-3-in-1-design-fuer-solo-camping-rucksackreisen-wandern-picknick-bbq"},"modified":"2023-04-09T18:43:22","modified_gmt":"2023-04-09T18:43:22","slug":"bestargot-holzofen-tragbar-campinggrill-klappbar-und-winddicht-rucksack-herd-aus-edelstahl-mit-tragetasche-multifunktionales-3-in-1-design-fuer-solo-camping-rucksackreisen-wandern-picknick-bbq","status":"publish","type":"product","link":"http:\/\/campingland24.com\/?product=bestargot-holzofen-tragbar-campinggrill-klappbar-und-winddicht-rucksack-herd-aus-edelstahl-mit-tragetasche-multifunktionales-3-in-1-design-fuer-solo-camping-rucksackreisen-wandern-picknick-bbq","title":{"rendered":"Bestargot Holzofen Hobo Kocher Outdoor Grill &#8211; Campingherde Klappbar und Winddicht Rucksack-Herd aus Edelstahl mit\u2026"},"content":{"rendered":"<p>&#x1f356;\u3010Tragbar und faltbar\u3011 Bestargot Camping Kocher Kochbereich: 47,4 Quadratzoll, ideal f\u00fcr 1- 2 Leute.Der picknickgrill ist kompakt und f\u00fcr den Au\u00dfenbereich geeignet. Der gesamte Grill ist klein,ohne Schrauben,einfach zu installieren und zu entfernen, in 1 Minute aufstellen, bei Nichtgebrauch zusammenklappen, in einer Tragetasche aufzubewahren und bequem \u00fcberall hin mitzunehmen.<br \/>\n&#x1f356;\u3010Vielseitiges 3-in-1-Design\u3011 Der Bestargot-Campinggrill ist in einem 3-in-1-Design erh\u00e4ltlich, das als Grill und Herd dient. Er ist klein, aber mit gro\u00dfer Kochleistung. Das Grillnetz kann zum Grillen aller Arten verwendet werden Die Halterungen passen in einen Topf und eine Pfanne. Sie dienen auch zum Kochen von Wasser und zum Kochen von Speisen.<br \/>\n&#x1f356;\u3010Hochwertiger Edelstahl 304\u3011 Der Camping Ofen Grill besteht aus hoch hitzebest\u00e4ndigem Edelstahl in Lebensmittelqualit\u00e4t, Verschlei\u00dffestigkeit, keine Verformung, Haltbarkeit, kein Rost, sicher und gesund.<br \/>\n&#x1f356;\u3010Hervorragende Bel\u00fcftung und einfache Reinigung\u3011 Der Bestargot-Au\u00dfengrill verf\u00fcgt \u00fcber 9 Bel\u00fcftungsl\u00f6cher auf beiden Seiten, um die Luftzirkulation und die Holzkohle zu verbessern. Die breite \u00d6ffnung erleichtert das Hinzuf\u00fcgen von Holz;Oben auf dem tragbaren Grill befindet sich ein Brandloch, um die Feuerkraft zu konzentrieren und das Garen von Speisen zu beschleunigen. Das Holzkohlengewebe trennt Kohlenstoff und Staub, der Staub kann leicht nach unten gelangen.<br \/>\n&#x1f356;\u3010Perfektes Grillwerkzeug f\u00fcr den Au\u00dfenbereich\u3011 Der tragbare Grill bietet alle Funktionen, die Sie zum Zubereiten k\u00f6stlicher Mahlzeiten f\u00fcr unterwegs ben\u00f6tigen. Er eignet sich f\u00fcr Camping im Freien, Picknicks, Str\u00e4nde, Rucksacktouren, Partys, Parks und Grillabende. Perfekter Grill f\u00fcr Kebab, H\u00fchnchen, Ente, Rindfleischspie\u00dfe, ger\u00e4uchertes Fleisch.<br \/>\n&#x1f356;\u3010Abmessungen\u301120 x 15 x 22 cm (7,9 x 5 x 8,7 Zoll)<br \/>\n&#x1f356;\u3010Gewicht\u30111,17 kg.<br \/>\n<div class=\"main-cross-sell\" data-asin=\"B0921TYJ3H\">\n\n\t<div class=\"WooZone-cross-sell-loader\">\n\t\t<div>\n\t\t\t<div id=\"floatingBarsG\">\n\t\t\t\t<div class=\"blockG\" id=\"rotateG_01\"><\/div>\n\t\t\t\t<div class=\"blockG\" id=\"rotateG_02\"><\/div>\n\t\t\t\t<div class=\"blockG\" id=\"rotateG_03\"><\/div>\n\t\t\t\t<div class=\"blockG\" id=\"rotateG_04\"><\/div>\n\t\t\t\t<div class=\"blockG\" id=\"rotateG_05\"><\/div>\n\t\t\t\t<div class=\"blockG\" id=\"rotateG_06\"><\/div>\n\t\t\t\t<div class=\"blockG\" id=\"rotateG_07\"><\/div>\n\t\t\t\t<div class=\"blockG\" id=\"rotateG_08\"><\/div>\n\t\t\t<\/div>\n\t\t\t<div class=\"WooZone-cross-sell-loader-text\"><\/div>\n\t\t<\/div>\n\t<\/div>\n\n\t\t\n<\/div>\n<div style=\"clear:both;\"><\/div><\/p>\n","protected":false},"excerpt":{"rendered":"<p>&#x1f356;\u3010Tragbar und faltbar\u3011 Bestargot Camping Kocher Kochbereich: 47,4 Quadratzoll, ideal f\u00fcr 1- 2 Leute.Der picknickgrill ist kompakt und f\u00fcr den Au\u00dfenbereich geeignet. Der gesamte Grill ist klein,ohne Schrauben,einfach zu installieren und zu entfernen, in 1 Minute aufstellen, bei Nichtgebrauch zusammenklappen, in einer Tragetasche aufzubewahren und bequem \u00fcberall hin mitzunehmen.<br \/>\n&#x1f356;\u3010Vielseitiges 3-in-1-Design\u3011 Der Bestargot-Campinggrill ist in einem 3-in-1-Design erh\u00e4ltlich, das als Grill und Herd dient. Er ist klein, aber mit gro\u00dfer Kochleistung. Das Grillnetz kann zum Grillen aller Arten verwendet werden Die Halterungen passen in einen Topf und eine Pfanne. Sie dienen auch zum Kochen von Wasser und zum Kochen von Speisen.<br \/>\n&#x1f356;\u3010Hochwertiger Edelstahl 304\u3011 Der Camping Ofen Grill besteht aus hoch hitzebest\u00e4ndigem Edelstahl in Lebensmittelqualit\u00e4t, Verschlei\u00dffestigkeit, keine Verformung, Haltbarkeit, kein Rost, sicher und gesund.<\/p>\n","protected":false},"featured_media":12960,"comment_status":"open","ping_status":"closed","template":"","meta":[],"product_cat":[15],"product_tag":[],"_links":{"self":[{"href":"http:\/\/campingland24.com\/index.php?rest_route=\/wp\/v2\/product\/12959"}],"collection":[{"href":"http:\/\/campingland24.com\/index.php?rest_route=\/wp\/v2\/product"}],"about":[{"href":"http:\/\/campingland24.com\/index.php?rest_route=\/wp\/v2\/types\/product"}],"replies":[{"embeddable":true,"href":"http:\/\/campingland24.com\/index.php?rest_route=%2Fwp%2Fv2%2Fcomments&post=12959"}],"version-history":[{"count":3,"href":"http:\/\/campingland24.com\/index.php?rest_route=\/wp\/v2\/product\/12959\/revisions"}],"predecessor-version":[{"id":19698,"href":"http:\/\/campingland24.com\/index.php?rest_route=\/wp\/v2\/product\/12959\/revisions\/19698"}],"wp:featuredmedia":[{"embeddable":true,"href":"http:\/\/campingland24.com\/index.php?rest_route=\/wp\/v2\/media\/12960"}],"wp:attachment":[{"href":"http:\/\/campingland24.com\/index.php?rest_route=%2Fwp%2Fv2%2Fmedia&parent=12959"}],"wp:term":[{"taxonomy":"product_cat","embeddable":true,"href":"http:\/\/campingland24.com\/index.php?rest_route=%2Fwp%2Fv2%2Fproduct_cat&post=12959"},{"taxonomy":"product_tag","embeddable":true,"href":"http:\/\/campingland24.com\/index.php?rest_route=%2Fwp%2Fv2%2Fproduct_tag&post=12959"}],"curies":[{"name":"wp","href":"https:\/\/api.w.org\/{rel}","templated":true}]}}