{"id":12963,"date":"2021-07-29T06:42:39","date_gmt":"2021-07-29T06:42:39","guid":{"rendered":"http:\/\/campingland24.com\/?product=enders-gasgrill-urban-tischgrill-grillen-kochen-und-backen-funktion-2-brenner-edelstahl-kleiner-grill-mit-grill-thermometer-balkon-grill-camping-grill-aluguss-gehaeuse-gusseisen-rost"},"modified":"2023-04-09T18:43:22","modified_gmt":"2023-04-09T18:43:22","slug":"enders-gasgrill-urban-tischgrill-grillen-kochen-und-backen-funktion-2-brenner-edelstahl-kleiner-grill-mit-grill-thermometer-balkon-grill-camping-grill-aluguss-gehaeuse-gusseisen-rost","status":"publish","type":"product","link":"http:\/\/campingland24.com\/?product=enders-gasgrill-urban-tischgrill-grillen-kochen-und-backen-funktion-2-brenner-edelstahl-kleiner-grill-mit-grill-thermometer-balkon-grill-camping-grill-aluguss-gehaeuse-gusseisen-rost","title":{"rendered":"Enders\u00ae Gasgrill URBAN, Tischgrill, Grillen-, Kochen- und Backen Funktion, 2 Brenner Edelstahl, kleiner Grill mit Grill\u2026"},"content":{"rendered":"<div class=\"disclaim\"> Gr\u00f6\u00dfe:<strong>URBAN<\/strong> | Stil:<strong>URBAN<\/strong> | Pattern Name:<strong>Single<\/strong> <\/div>\n<p> <!-- show up to 2 reviews by default --> <\/p>\n<p>GRILLEN, KOCHEN, BACKENDiese Modelle sind gemacht f\u00fcr das urbane Umfeld. Denn die Kompakt- Grills verbinden nicht nur die Funktionen Grillen, Kochen und Backen in einem Ger\u00e4t, sondern auch ansprechendes Design mit intelligenter Technik \u2013 wie den Betrieb mit Gasflasche oder Schraubkartusche. So befeuerst Du mit dem Tischger\u00e4t jede Grillparty. Ganz egal, ob sie auf dem Balkon, der Terrasse oder im Park stattfindet. Die Pro-Version wartet zus\u00e4tzlich mit einer formstabilen, langlebigen und leichten Alugusshaube auf.Artikelmerkmale- Thermometer in der Garhaube erm\u00f6glicht pr\u00e4zises Grillen- 2 getrennt regelbare Edelstahlbrenner (2 x 2,2 kW) f\u00fcr direktes \/ indirektes Grillen und Backen- massiver, emaillierter Gussrost (zweigeteilt) mit integrierten Flammenabdeckungen- Grillfl\u00e4che 48 x 32 cm &#8211; stabile, verchromte sowie abnehmbare Topfroste f\u00fcr sicheres Kochen und einfache Reinigung- robustes Geh\u00e4use aus langlebigem und leichtem Aluguss- batterielose Piezoz\u00fcndung erm\u00f6glicht sicheres, zuverl\u00e4ssiges Z\u00fcnden- 2 herausnehmbare Fettauffangschalen f\u00fcr eine einfache und schnelle Reinigung- stabile Seitentische erm\u00f6glichen das Abstellen von Grillgut und Utensilien \u2013 einfache Montage durch Steckprinzip- robustes Kunststoffgestell mit Tragegriffen f\u00fcr hohe Standsicherheit und eine moderne Optik- Betrieb mit Gasflasche oder Schraubkartusche (Schlauch und Regler f\u00fcr Gasflaschenbetrieb sind inklusive) <\/p>\n<p>3-fach-Clever: Grillen, Kochen, Backen<br \/>\n2 getrennt regelbare Edelstahlbrenner (2 x 2,2 kW) f\u00fcr direktes \/ indirektes Grillen und Backen<br \/>\nmassiver, emaillierter Gussrost (2\/2) mit integrierten Flammabdeckungen.Arbeitsh\u00f6he (cm): 23<br \/>\nstabile, verchromte sowie abnehmbare Topfroste<br \/>\nBetrieb mit Gasflasche oder Schraubkartusche<br \/>\n<div class=\"main-cross-sell\" data-asin=\"B0144KSXVO\">\n\n\t<div class=\"WooZone-cross-sell-loader\">\n\t\t<div>\n\t\t\t<div id=\"floatingBarsG\">\n\t\t\t\t<div class=\"blockG\" id=\"rotateG_01\"><\/div>\n\t\t\t\t<div class=\"blockG\" id=\"rotateG_02\"><\/div>\n\t\t\t\t<div class=\"blockG\" id=\"rotateG_03\"><\/div>\n\t\t\t\t<div class=\"blockG\" id=\"rotateG_04\"><\/div>\n\t\t\t\t<div class=\"blockG\" id=\"rotateG_05\"><\/div>\n\t\t\t\t<div class=\"blockG\" id=\"rotateG_06\"><\/div>\n\t\t\t\t<div class=\"blockG\" id=\"rotateG_07\"><\/div>\n\t\t\t\t<div class=\"blockG\" id=\"rotateG_08\"><\/div>\n\t\t\t<\/div>\n\t\t\t<div class=\"WooZone-cross-sell-loader-text\"><\/div>\n\t\t<\/div>\n\t<\/div>\n\n\t\t\n<\/div>\n<div style=\"clear:both;\"><\/div><\/p>\n","protected":false},"excerpt":{"rendered":"<p>3-fach-Clever: Grillen, Kochen, Backen<br \/>\n2 getrennt regelbare Edelstahlbrenner (2 x 2,2 kW) f\u00fcr direktes \/ indirektes Grillen und Backen<br \/>\nmassiver, emaillierter Gussrost (2\/2) mit integrierten Flammabdeckungen.Arbeitsh\u00f6he (cm): 23<\/p>\n","protected":false},"featured_media":12964,"comment_status":"open","ping_status":"closed","template":"","meta":[],"product_cat":[15],"product_tag":[],"_links":{"self":[{"href":"http:\/\/campingland24.com\/index.php?rest_route=\/wp\/v2\/product\/12963"}],"collection":[{"href":"http:\/\/campingland24.com\/index.php?rest_route=\/wp\/v2\/product"}],"about":[{"href":"http:\/\/campingland24.com\/index.php?rest_route=\/wp\/v2\/types\/product"}],"replies":[{"embeddable":true,"href":"http:\/\/campingland24.com\/index.php?rest_route=%2Fwp%2Fv2%2Fcomments&post=12963"}],"version-history":[{"count":1,"href":"http:\/\/campingland24.com\/index.php?rest_route=\/wp\/v2\/product\/12963\/revisions"}],"predecessor-version":[{"id":14301,"href":"http:\/\/campingland24.com\/index.php?rest_route=\/wp\/v2\/product\/12963\/revisions\/14301"}],"wp:featuredmedia":[{"embeddable":true,"href":"http:\/\/campingland24.com\/index.php?rest_route=\/wp\/v2\/media\/12964"}],"wp:attachment":[{"href":"http:\/\/campingland24.com\/index.php?rest_route=%2Fwp%2Fv2%2Fmedia&parent=12963"}],"wp:term":[{"taxonomy":"product_cat","embeddable":true,"href":"http:\/\/campingland24.com\/index.php?rest_route=%2Fwp%2Fv2%2Fproduct_cat&post=12963"},{"taxonomy":"product_tag","embeddable":true,"href":"http:\/\/campingland24.com\/index.php?rest_route=%2Fwp%2Fv2%2Fproduct_tag&post=12963"}],"curies":[{"name":"wp","href":"https:\/\/api.w.org\/{rel}","templated":true}]}}