{"id":12983,"date":"2021-07-29T06:44:29","date_gmt":"2021-07-29T06:44:29","guid":{"rendered":"http:\/\/campingland24.com\/?product=campingaz-camping-grill-pueblo-iv-200-sgr-gasgrill-camping-mit-abnehmbaren-fuessen-tragbarer-grill-und-3-fach-kocher-in-einem-koffergrill-inkl-drehspiess-5-200-watt"},"modified":"2023-04-09T18:43:23","modified_gmt":"2023-04-09T18:43:23","slug":"campingaz-camping-grill-pueblo-iv-200-sgr-gasgrill-camping-mit-abnehmbaren-fuessen-tragbarer-grill-und-3-fach-kocher-in-einem-koffergrill-inkl-drehspiess-5-200-watt","status":"publish","type":"product","link":"http:\/\/campingland24.com\/?product=campingaz-camping-grill-pueblo-iv-200-sgr-gasgrill-camping-mit-abnehmbaren-fuessen-tragbarer-grill-und-3-fach-kocher-in-einem-koffergrill-inkl-drehspiess-5-200-watt","title":{"rendered":"Campingaz Camping Grill Pueblo IV 200 SGR, Gasgrill Camping mit abnehmbaren F\u00fc\u00dfen, tragbarer Grill und 3-fach Kocher in\u2026"},"content":{"rendered":"<p><!-- show up to 2 reviews by default --> <\/p>\n<h5>Campingaz Koffergasgrill Pueblo IV &#8211; 200 SGR <\/h5>\n<p><\/p>\n<p>Kochen und Grillen zur gleichen Zeit &#8211; kein Problem f\u00fcr den Koffergasgrill mit abnehmbaren F\u00fc\u00dfen und Herdplatte f\u00fcr bis zu 3 T\u00f6pfe. Die drei Flammen oben dienen als Herdplatten, w\u00e4hrend darunter ein H\u00e4hnchen am Spie\u00df oder leckerer Fisch auf dem Grillrost gegrillt wird.<\/p>\n<p>Die F\u00fc\u00dfe des Grills sind abnehmbar und platzsparend am Unterboden mittels Klammern zu befestigen. Z\u00fcndung manuell. Auf der oberen Ablage ist Platz f\u00fcr bis zu drei T\u00f6pfe. Inkl. Schlauch und Drehspie\u00df. Der Brenner sorgt gleichzeitig f\u00fcr Oberhitze zum Grillen. Grillrost kann auch zum \u00dcberbacken verwendet werden. Im ge\u00f6ffneten Zustand dient der lackierte Deckel als Windschutz. Am Rost ist eine Fettauffangschale befestigt, die mit dem Grillrost rein- und rausgenommen werden kann. In den Blechen links und rechts ist eine Halterung f\u00fcr einen Drehspie\u00df (ohne Motor) eingelassen. Zeitgleich kann ein H\u00e4hnchen etc. unter Ausnutzung der selben Hitze gegart werden.<br \/> Der 200 SGR ist ein kompaktes, vielseitig einsetzbares Kochger\u00e4t f\u00fcr jeden Urlaub, voll ausgestattet, mit praktischen Details und verpackt in ein modernes Design.<br \/> Hitzeabstrahlung von oben sodass Fett und Marinaden nach unten tropfen und nicht verbrennen k\u00f6nnen. Sp\u00fclmaschinengeeignetes Fettauffangtablett ist am Grillrost befestigt. Alle Teile des SGR Kochers k\u00f6nnen innerhalb des Kochers verstaut werden.<\/p>\n<li>Gr\u00f6\u00dfe Grillfl\u00e4che: 1.572 cm\u00b2 (ca. 53 x 29 cm)<\/li>\n<li>Brenner: Ein Rohrbrenner aus Stahl<\/li>\n<li>Leistung: 5.200 W<\/li>\n<li>Gasverbrauch: 378 g\/h<\/li>\n<li>Siedezeit f\u00fcr 1 L Wasser: ca. 14 Min.<\/li>\n<li>Drehspie\u00dfsystem: Drehspie\u00df ohne Motor<\/li>\n<li>Grillfl\u00e4che: Grillrost<\/li>\n<li>Material Grillfl\u00e4che: Verchromter Stahl<\/li>\n<li>Funktionen: Kochen, Grillen, Spie\u00dfbraten<\/li>\n<li>Manuelle Z\u00fcndung<\/li>\n<li>Brenndauer: 5 Std (R904); \u25e67 Std 40 Min (R907); \u25e614 Std (5 Kg Gasflasche)<\/li>\n<li>Deckelmaterial: Lackierter Stahl<\/li>\n<li>Gasart: Campingaz Gasflaschen R904 &amp; R907, Butan oder Propan Gasflasche (Optional erh\u00e4ltliche Regler f\u00fcr den Anschluss an 5 kg und 11 kg Gasflaschen)<\/li>\n<li>Ma\u00dfe offen (B x T x H): 73 x 54 x 108 cm <\/li>\n<li>Ma\u00dfe geschlossen (B x T x H): 65 x 40 x 17 cm<\/li>\n<li>Gewicht: 9 kg<\/li>\n<li>Lieferumfang: inkl. Gasschlauch 80 cm und Drehspie\u00df<\/li>\n<li>Hinweis: Nicht f\u00fcr den Einsatz in geschlossenen R\u00e4umen geeignet<\/li>\n<li>Optional erh\u00e4ltliche Regler f\u00fcr den Anschluss an 5 kg und 11 kg Gasflaschen<\/li>\n<li>Abmessungen (LxBxH): 72,5 x 54 x 108 cm<\/li>\n<li>Gewicht (kg): 9<\/li>\n<li>Leistung 5200 Watt. Inkl. Drehspiess (ohne Motor)<\/li>\n<li>Gasverbrauch 378 g\/h bei 5200 W<\/li>\n<li>Packma\u00df (LxBxH): 70 x 44 x 14 cm<\/li>\n<li>Material: Stahl lackiert (Farbe: blau)<\/li>\n<li>Robuster Griff f\u00fcr einfachen Transport<\/li>\n<p>Die F\u00fc\u00dfe des Grills sind abnehmbar und platzsparend am Unterboden mittels Klammern zu befestigen. Z\u00fcndung manuell. Auf der oberen Ablage ist Platz f\u00fcr bis zu 3 T\u00f6pfe. Inkl. Schlauch und Drehspie\u00df<br \/>\nDer Brenner sorgt gleichzeitig f\u00fcr Oberhitze zum Grillen. H\u00f6he zugeklappt: 17 cm. Grillrost kann auch zum \u00dcberbacken verwendet werden. Im ge\u00f6ffneten Zustand dient der lackierte Deckel als Windschutz<br \/>\nAm Rost ist eine Fettauffangschale befestigt, die mit dem Grillrost rein- und rausgenommen werden kann. In den Blechen links und rechts ist eine Halterung f\u00fcr einen Drehspie\u00df (ohne Motor) eingelassen<br \/>\nZeitgleich kann ein H\u00e4hnchen etc. unter Ausnutzung der selben Hitze gegart werden. Optional erh\u00e4ltliche Regler f\u00fcr den Anschluss an 5 kg und 11 kg Gasflaschen: 32412 (1,5 kg\/h), oder 32420 (1,0 kg\/h)<br \/>\nAbmessungen (LxBxH): 72,5 x 54 x 108 cm. Gewicht (kg): 9. Variante: keine. 378 g\/h bei 5200 W. Packma\u00df (LxBxH): 70 x 44 x 14 cm. Versandgewicht: 8,5 kg<br \/>\n<div class=\"main-cross-sell\" data-asin=\"B019OBJT66\">\n\n\t<div class=\"WooZone-cross-sell-loader\">\n\t\t<div>\n\t\t\t<div id=\"floatingBarsG\">\n\t\t\t\t<div class=\"blockG\" id=\"rotateG_01\"><\/div>\n\t\t\t\t<div class=\"blockG\" id=\"rotateG_02\"><\/div>\n\t\t\t\t<div class=\"blockG\" id=\"rotateG_03\"><\/div>\n\t\t\t\t<div class=\"blockG\" id=\"rotateG_04\"><\/div>\n\t\t\t\t<div class=\"blockG\" id=\"rotateG_05\"><\/div>\n\t\t\t\t<div class=\"blockG\" id=\"rotateG_06\"><\/div>\n\t\t\t\t<div class=\"blockG\" id=\"rotateG_07\"><\/div>\n\t\t\t\t<div class=\"blockG\" id=\"rotateG_08\"><\/div>\n\t\t\t<\/div>\n\t\t\t<div class=\"WooZone-cross-sell-loader-text\"><\/div>\n\t\t<\/div>\n\t<\/div>\n\n\t\t\n<\/div>\n<div style=\"clear:both;\"><\/div><\/p>\n","protected":false},"excerpt":{"rendered":"<p>Die F\u00fc\u00dfe des Grills sind abnehmbar und platzsparend am Unterboden mittels Klammern zu befestigen. Z\u00fcndung manuell. Auf der oberen Ablage ist Platz f\u00fcr bis zu 3 T\u00f6pfe. Inkl. Schlauch und Drehspie\u00df<br \/>\nDer Brenner sorgt gleichzeitig f\u00fcr Oberhitze zum Grillen. H\u00f6he zugeklappt: 17 cm. Grillrost kann auch zum \u00dcberbacken verwendet werden. Im ge\u00f6ffneten Zustand dient der lackierte Deckel als Windschutz<br \/>\nAm Rost ist eine Fettauffangschale befestigt, die mit dem Grillrost rein- und rausgenommen werden kann. In den Blechen links und rechts ist eine Halterung f\u00fcr einen Drehspie\u00df (ohne Motor) eingelassen<\/p>\n","protected":false},"featured_media":12984,"comment_status":"open","ping_status":"closed","template":"","meta":[],"product_cat":[15],"product_tag":[],"_links":{"self":[{"href":"http:\/\/campingland24.com\/index.php?rest_route=\/wp\/v2\/product\/12983"}],"collection":[{"href":"http:\/\/campingland24.com\/index.php?rest_route=\/wp\/v2\/product"}],"about":[{"href":"http:\/\/campingland24.com\/index.php?rest_route=\/wp\/v2\/types\/product"}],"replies":[{"embeddable":true,"href":"http:\/\/campingland24.com\/index.php?rest_route=%2Fwp%2Fv2%2Fcomments&post=12983"}],"version-history":[{"count":1,"href":"http:\/\/campingland24.com\/index.php?rest_route=\/wp\/v2\/product\/12983\/revisions"}],"predecessor-version":[{"id":14306,"href":"http:\/\/campingland24.com\/index.php?rest_route=\/wp\/v2\/product\/12983\/revisions\/14306"}],"wp:featuredmedia":[{"embeddable":true,"href":"http:\/\/campingland24.com\/index.php?rest_route=\/wp\/v2\/media\/12984"}],"wp:attachment":[{"href":"http:\/\/campingland24.com\/index.php?rest_route=%2Fwp%2Fv2%2Fmedia&parent=12983"}],"wp:term":[{"taxonomy":"product_cat","embeddable":true,"href":"http:\/\/campingland24.com\/index.php?rest_route=%2Fwp%2Fv2%2Fproduct_cat&post=12983"},{"taxonomy":"product_tag","embeddable":true,"href":"http:\/\/campingland24.com\/index.php?rest_route=%2Fwp%2Fv2%2Fproduct_tag&post=12983"}],"curies":[{"name":"wp","href":"https:\/\/api.w.org\/{rel}","templated":true}]}}