{"id":13035,"date":"2021-07-29T06:44:54","date_gmt":"2021-07-29T06:44:54","guid":{"rendered":"http:\/\/campingland24.com\/?product=rsonic-butangas-camping-grill-mit-koffer"},"modified":"2023-04-09T18:43:24","modified_gmt":"2023-04-09T18:43:24","slug":"rsonic-butangas-camping-grill-mit-koffer","status":"publish","type":"product","link":"http:\/\/campingland24.com\/?product=rsonic-butangas-camping-grill-mit-koffer","title":{"rendered":"Rsonic Butangas Camping Grill mit Koffer"},"content":{"rendered":"<p><!-- show up to 2 reviews by default --> <\/p>\n<p>&#8211; L\u00e4nge: 43,00cm &#8211; Gewicht: 3,68kg &#8211; Breite: 26,00cm &#8211; H\u00f6he: 11,5cm<\/p>\n<ul>\n<li>Ideal auf Ausfl\u00fcgen und Camping<\/li>\n<li>Z\u00fcndung ohne Flamme<\/li>\n<li>Stufenlose Leistungsregulierung<\/li>\n<li>Z\u00fcndungsschutz<\/li>\n<li>Kartuschenverriegelung<\/li>\n<\/ul>\n<p><\/p>\n<ul>\n<li>Leistungsstarker Gasgrill<\/li>\n<li>2300 Watt<\/li>\n<li>Piezo-Z\u00fcndung mit Sicherheitsventil<\/li>\n<li>Gasverbrauch: 168g\/Stunde<\/li>\n<li>Herausnehmbare Abtropfschale<\/li>\n<li>Inkl. Transportkoffer<\/li>\n<li>inkl. Grillplatte<\/li>\n<li>inkl. 4 Grillspie\u00dfen<\/li>\n<li>Gaskartuschen (MSF-1A) nicht im Lieferumfang<\/li>\n<\/ul>\n<p><strong>Der Butangas Camping Grill ist schlank im Transport und stark in der Leistung<\/strong><br \/>Der Butangas Camping Grill ist auf Ausfl\u00fcgen und Reisen in die Natur ideal. Gerade an Orten, wo es keinen Strom gibt, wie es h\u00e4ufig bei Angelausfl\u00fcgen der Fall ist, muss man mit diesem Ger\u00e4t nicht auf eine warme Mahlzeit und Grillvergn\u00fcgen verzichten. Der Butangas-Grill ist schlank im Transport und stark in der Leistung. Im Lieferumfang befinden sich 4 Grillspie\u00dfe und eine Grillplatte f\u00fcr vielseitiges Grillen. Der mit handels\u00fcblichen Kartuschen ausgestattete Grill erzeugt mit seinem Aluminium Brennstreben eine Nennw\u00e4rmeleistung von ca. 2300 Watt. Auf dem 34&#215;25,5cm gro\u00dfen Grillrost kann f\u00fcr einige Personen gegrillt werden. Der Gasverbrauch liegt dabei bei 168g\/Stunde.<\/p>\n<p><strong>Die elektronische Z\u00fcndung des Camping Grills erfolgt ohne Flammen<\/strong><br \/>Die Z\u00fcndung des Butangas Camping Grills Evergrills erfolgt ohne Flamme mittels einer elektronischen Piezo-Z\u00fcndung mit Sicherheitsventil. Er verf\u00fcgt auch \u00fcber ein Abtropfblech, dass nach der Verwendung einfach durch einen Zugang herausgezogen werden kann. Die Leistung des Grills wird \u00fcber einen stufenlosen Drehknopf reguliert. Die Lieferung des Butangas Camping Grills erfolgt in einem stabilem Kunststoffkoffer, der sich hervorragend f\u00fcr den Transport eignet, oder auch als Windschutz um den Grill herum aufgestellt werden kann. <\/p>\n<p>Butangas Camping Grill<br \/>\n<div class=\"main-cross-sell\" data-asin=\"B00VBN56KO\">\n\n\t<div class=\"WooZone-cross-sell-loader\">\n\t\t<div>\n\t\t\t<div id=\"floatingBarsG\">\n\t\t\t\t<div class=\"blockG\" id=\"rotateG_01\"><\/div>\n\t\t\t\t<div class=\"blockG\" id=\"rotateG_02\"><\/div>\n\t\t\t\t<div class=\"blockG\" id=\"rotateG_03\"><\/div>\n\t\t\t\t<div class=\"blockG\" id=\"rotateG_04\"><\/div>\n\t\t\t\t<div class=\"blockG\" id=\"rotateG_05\"><\/div>\n\t\t\t\t<div class=\"blockG\" id=\"rotateG_06\"><\/div>\n\t\t\t\t<div class=\"blockG\" id=\"rotateG_07\"><\/div>\n\t\t\t\t<div class=\"blockG\" id=\"rotateG_08\"><\/div>\n\t\t\t<\/div>\n\t\t\t<div class=\"WooZone-cross-sell-loader-text\"><\/div>\n\t\t<\/div>\n\t<\/div>\n\n\t\t\n<\/div>\n<div style=\"clear:both;\"><\/div><\/p>\n","protected":false},"excerpt":{"rendered":"<p>Butangas Camping Grill<\/p>\n","protected":false},"featured_media":13036,"comment_status":"open","ping_status":"closed","template":"","meta":[],"product_cat":[15],"product_tag":[],"_links":{"self":[{"href":"http:\/\/campingland24.com\/index.php?rest_route=\/wp\/v2\/product\/13035"}],"collection":[{"href":"http:\/\/campingland24.com\/index.php?rest_route=\/wp\/v2\/product"}],"about":[{"href":"http:\/\/campingland24.com\/index.php?rest_route=\/wp\/v2\/types\/product"}],"replies":[{"embeddable":true,"href":"http:\/\/campingland24.com\/index.php?rest_route=%2Fwp%2Fv2%2Fcomments&post=13035"}],"version-history":[{"count":2,"href":"http:\/\/campingland24.com\/index.php?rest_route=\/wp\/v2\/product\/13035\/revisions"}],"predecessor-version":[{"id":20057,"href":"http:\/\/campingland24.com\/index.php?rest_route=\/wp\/v2\/product\/13035\/revisions\/20057"}],"wp:featuredmedia":[{"embeddable":true,"href":"http:\/\/campingland24.com\/index.php?rest_route=\/wp\/v2\/media\/13036"}],"wp:attachment":[{"href":"http:\/\/campingland24.com\/index.php?rest_route=%2Fwp%2Fv2%2Fmedia&parent=13035"}],"wp:term":[{"taxonomy":"product_cat","embeddable":true,"href":"http:\/\/campingland24.com\/index.php?rest_route=%2Fwp%2Fv2%2Fproduct_cat&post=13035"},{"taxonomy":"product_tag","embeddable":true,"href":"http:\/\/campingland24.com\/index.php?rest_route=%2Fwp%2Fv2%2Fproduct_tag&post=13035"}],"curies":[{"name":"wp","href":"https:\/\/api.w.org\/{rel}","templated":true}]}}