{"id":13047,"date":"2021-07-29T06:44:58","date_gmt":"2021-07-29T06:44:58","guid":{"rendered":"http:\/\/campingland24.com\/?product=activa-grill-klappgrill-picknickgrill-holzkohlegrill"},"modified":"2023-04-09T18:43:24","modified_gmt":"2023-04-09T18:43:24","slug":"activa-grill-klappgrill-picknickgrill-holzkohlegrill","status":"publish","type":"product","link":"http:\/\/campingland24.com\/?product=activa-grill-klappgrill-picknickgrill-holzkohlegrill","title":{"rendered":"ACTIVA Grill Klappgrill Picknickgrill Holzkohlegrill"},"content":{"rendered":"<div class=\"disclaim\"> Farbe:<strong>Klapp Grill<\/strong> <\/div>\n<p> <!-- show up to 2 reviews by default --> <\/p>\n<p>Transportabel Sofort einsatzbereit Ineinander verstaubar Klappmechanismus Integrierter Tragegriff Grillrost verchromt Grillfl\u00e4che: 44 x 28,5 cm Ma\u00dfe: 46,5 x 29 x 32 cm <\/p>\n<p>&#x1f525; QUALIT\u00c4T ZUM MITNEHMEN &#8211; Unser ACTIVA KLAPP Grill ist mobil, stabil und einfach aufzustellen. Alle Teile sind im Grill verstaubar und zusammengeklappt kann der Grill einfach durch den Tragegriff transportiert werden.<br \/>\n&#x1f525; MOBIL &amp; KLAPPBAR &#8211; Unser Campinggrill ist innerhalb 1 Minute aufgebaut. Klappen Sie den Grill auseinander, setzen sie das Kohlefach ein und legen Sie den verchromten Grillrost auf. Fertig!<br \/>\n&#x1f525; REINIGUNG &#8211; Der Activa Grill l\u00e4sst sich durch die glatte Oberfl\u00e4che schnell reinigen. Sp\u00fclen Sie den Grill einfach mit einem Wasserschlauch ab und lassen ihn in der Sonne trocknen.<br \/>\n&#x1f525; DESIGN &#8211; Die stylische X \u2013 Form macht den Grill zum Hingucker. Der ACTIVA Pick Nick Grill ist ideal f\u00fcr Camping, Partys, Urlaub und Garten.<br \/>\n&#x1f525; MOBIL &#8211; Der ACTIVA Pick-Nick-Grill ist transportabel und kann jederzeit und \u00fcberall eingesetzt werden.<br \/>\n<div class=\"main-cross-sell\" data-asin=\"B07TF9GXPK\">\n\n\t<div class=\"WooZone-cross-sell-loader\">\n\t\t<div>\n\t\t\t<div id=\"floatingBarsG\">\n\t\t\t\t<div class=\"blockG\" id=\"rotateG_01\"><\/div>\n\t\t\t\t<div class=\"blockG\" id=\"rotateG_02\"><\/div>\n\t\t\t\t<div class=\"blockG\" id=\"rotateG_03\"><\/div>\n\t\t\t\t<div class=\"blockG\" id=\"rotateG_04\"><\/div>\n\t\t\t\t<div class=\"blockG\" id=\"rotateG_05\"><\/div>\n\t\t\t\t<div class=\"blockG\" id=\"rotateG_06\"><\/div>\n\t\t\t\t<div class=\"blockG\" id=\"rotateG_07\"><\/div>\n\t\t\t\t<div class=\"blockG\" id=\"rotateG_08\"><\/div>\n\t\t\t<\/div>\n\t\t\t<div class=\"WooZone-cross-sell-loader-text\"><\/div>\n\t\t<\/div>\n\t<\/div>\n\n\t\t\n<\/div>\n<div style=\"clear:both;\"><\/div><\/p>\n","protected":false},"excerpt":{"rendered":"<p>&#x1f525; QUALIT\u00c4T ZUM MITNEHMEN &#8211; Unser ACTIVA KLAPP Grill ist mobil, stabil und einfach aufzustellen. Alle Teile sind im Grill verstaubar und zusammengeklappt kann der Grill einfach durch den Tragegriff transportiert werden.<br \/>\n&#x1f525; MOBIL &amp; KLAPPBAR &#8211; Unser Campinggrill ist innerhalb 1 Minute aufgebaut. Klappen Sie den Grill auseinander, setzen sie das Kohlefach ein und legen Sie den verchromten Grillrost auf. Fertig!<br \/>\n&#x1f525; REINIGUNG &#8211; Der Activa Grill l\u00e4sst sich durch die glatte Oberfl\u00e4che schnell reinigen. Sp\u00fclen Sie den Grill einfach mit einem Wasserschlauch ab und lassen ihn in der Sonne trocknen.<\/p>\n","protected":false},"featured_media":13048,"comment_status":"open","ping_status":"closed","template":"","meta":[],"product_cat":[15],"product_tag":[],"_links":{"self":[{"href":"http:\/\/campingland24.com\/index.php?rest_route=\/wp\/v2\/product\/13047"}],"collection":[{"href":"http:\/\/campingland24.com\/index.php?rest_route=\/wp\/v2\/product"}],"about":[{"href":"http:\/\/campingland24.com\/index.php?rest_route=\/wp\/v2\/types\/product"}],"replies":[{"embeddable":true,"href":"http:\/\/campingland24.com\/index.php?rest_route=%2Fwp%2Fv2%2Fcomments&post=13047"}],"version-history":[{"count":1,"href":"http:\/\/campingland24.com\/index.php?rest_route=\/wp\/v2\/product\/13047\/revisions"}],"predecessor-version":[{"id":14322,"href":"http:\/\/campingland24.com\/index.php?rest_route=\/wp\/v2\/product\/13047\/revisions\/14322"}],"wp:featuredmedia":[{"embeddable":true,"href":"http:\/\/campingland24.com\/index.php?rest_route=\/wp\/v2\/media\/13048"}],"wp:attachment":[{"href":"http:\/\/campingland24.com\/index.php?rest_route=%2Fwp%2Fv2%2Fmedia&parent=13047"}],"wp:term":[{"taxonomy":"product_cat","embeddable":true,"href":"http:\/\/campingland24.com\/index.php?rest_route=%2Fwp%2Fv2%2Fproduct_cat&post=13047"},{"taxonomy":"product_tag","embeddable":true,"href":"http:\/\/campingland24.com\/index.php?rest_route=%2Fwp%2Fv2%2Fproduct_tag&post=13047"}],"curies":[{"name":"wp","href":"https:\/\/api.w.org\/{rel}","templated":true}]}}