{"id":13055,"date":"2021-07-29T06:45:01","date_gmt":"2021-07-29T06:45:01","guid":{"rendered":"http:\/\/campingland24.com\/?product=skysper-faltbarer-grill-camping-grillen-set-tragbarer-klappgrill-holzkohlegrill-edelstahl-standgrill-camping-bbq-grill-outdoor-rauch-fuer-garten-camping-picknick-und-festivals-31x31x21cm"},"modified":"2023-04-09T18:43:25","modified_gmt":"2023-04-09T18:43:25","slug":"skysper-faltbarer-grill-camping-grillen-set-tragbarer-klappgrill-holzkohlegrill-edelstahl-standgrill-camping-bbq-grill-outdoor-rauch-fuer-garten-camping-picknick-und-festivals-31x31x21cm","status":"publish","type":"product","link":"http:\/\/campingland24.com\/?product=skysper-faltbarer-grill-camping-grillen-set-tragbarer-klappgrill-holzkohlegrill-edelstahl-standgrill-camping-bbq-grill-outdoor-rauch-fuer-garten-camping-picknick-und-festivals-31x31x21cm","title":{"rendered":"SKYSPER Faltbarer Grill Camping Grillen Set, Tragbarer Klappgrill, Holzkohlegrill Edelstahl, Standgrill Camping BBQ\u2026"},"content":{"rendered":"<p>Vielf\u00e4ltiger Grill: SKYSPER Klappgrill ist ideal f\u00fcr das Grillen im Camping Outdoor, Picknick, weil er schnell und einfach wieder eingepackt werden kann. Der zusammenlegbare Campinggrill kann als Feuerschutztor oder Feuerstelle verwendet werden. Sie k\u00f6nnen es zum Kochen am offenen Feuer oder bei einem Abenteuer in der freien Natur verwenden.<br \/>\nEinfach zu verwenden- Es enth\u00e4lt 3 Teile. Sie k\u00f6nnen es einfach in weniger als 1 Minute auf- oder abbauen. Sie k\u00f6nnen alles von Huhn, Fleisch bis Gem\u00fcse grillen. Ideal f\u00fcr Camping, Wandern, Picknicks, Innenh\u00f6fe, Garten, Strand mit Ihren Freunden oder Familien.<br \/>\nBequem zu tragen &#8211; Gemessen 31x31x21CM im ausgeklappten Zustand und 36x20x5CM im zusammengeklappten Zustand. Mit Tragetasche ist es bequeme Lagerung und das Tragen.<br \/>\nDauerhafte Materialen:Der Campinggrill besteht aus strapazierf\u00e4higem Edelstahl. Es ist rostfrei, hitzebest\u00e4ndig, kratzfest, korrosionsbest\u00e4ndig und es ist nicht leicht zu verformen, um eine langfristige Verwendung zu gew\u00e4hrleisten. Ein trichterf\u00f6rmiger Grill mit ausgezeichneter Windbest\u00e4ndigkeit sorgt f\u00fcr eine hocheffiziente W\u00e4rmesammlung. Luftstroml\u00f6cher und die M\u00f6rtelplatte, die Kohlenstoff und Staub voneinander trennt, tragen zur wirksamen Verbrennung der Holzkohle bei.<br \/>\nMust-Haves im Sommer: Im hei\u00dfen Sommer k\u00f6nnen Sie mit Ihren guten Freunden den klappbaren Grill nehmen und mit kalten Bier tragen, eine fr\u00f6hliche Sommerparty zu veranstalten.<br \/>\n<div class=\"main-cross-sell\" data-asin=\"B08QR1YFZN\">\n\n\t<div class=\"WooZone-cross-sell-loader\">\n\t\t<div>\n\t\t\t<div id=\"floatingBarsG\">\n\t\t\t\t<div class=\"blockG\" id=\"rotateG_01\"><\/div>\n\t\t\t\t<div class=\"blockG\" id=\"rotateG_02\"><\/div>\n\t\t\t\t<div class=\"blockG\" id=\"rotateG_03\"><\/div>\n\t\t\t\t<div class=\"blockG\" id=\"rotateG_04\"><\/div>\n\t\t\t\t<div class=\"blockG\" id=\"rotateG_05\"><\/div>\n\t\t\t\t<div class=\"blockG\" id=\"rotateG_06\"><\/div>\n\t\t\t\t<div class=\"blockG\" id=\"rotateG_07\"><\/div>\n\t\t\t\t<div class=\"blockG\" id=\"rotateG_08\"><\/div>\n\t\t\t<\/div>\n\t\t\t<div class=\"WooZone-cross-sell-loader-text\"><\/div>\n\t\t<\/div>\n\t<\/div>\n\n\t\t\n<\/div>\n<div style=\"clear:both;\"><\/div><\/p>\n","protected":false},"excerpt":{"rendered":"<p>Vielf\u00e4ltiger Grill: SKYSPER Klappgrill ist ideal f\u00fcr das Grillen im Camping Outdoor, Picknick, weil er schnell und einfach wieder eingepackt werden kann. Der zusammenlegbare Campinggrill kann als Feuerschutztor oder Feuerstelle verwendet werden. Sie k\u00f6nnen es zum Kochen am offenen Feuer oder bei einem Abenteuer in der freien Natur verwenden.<br \/>\nEinfach zu verwenden- Es enth\u00e4lt 3 Teile. Sie k\u00f6nnen es einfach in weniger als 1 Minute auf- oder abbauen. Sie k\u00f6nnen alles von Huhn, Fleisch bis Gem\u00fcse grillen. Ideal f\u00fcr Camping, Wandern, Picknicks, Innenh\u00f6fe, Garten, Strand mit Ihren Freunden oder Familien.<br \/>\nBequem zu tragen &#8211; Gemessen 31x31x21CM im ausgeklappten Zustand und 36x20x5CM im zusammengeklappten Zustand. Mit Tragetasche ist es bequeme Lagerung und das Tragen.<\/p>\n","protected":false},"featured_media":13056,"comment_status":"open","ping_status":"closed","template":"","meta":[],"product_cat":[15],"product_tag":[],"_links":{"self":[{"href":"http:\/\/campingland24.com\/index.php?rest_route=\/wp\/v2\/product\/13055"}],"collection":[{"href":"http:\/\/campingland24.com\/index.php?rest_route=\/wp\/v2\/product"}],"about":[{"href":"http:\/\/campingland24.com\/index.php?rest_route=\/wp\/v2\/types\/product"}],"replies":[{"embeddable":true,"href":"http:\/\/campingland24.com\/index.php?rest_route=%2Fwp%2Fv2%2Fcomments&post=13055"}],"version-history":[{"count":1,"href":"http:\/\/campingland24.com\/index.php?rest_route=\/wp\/v2\/product\/13055\/revisions"}],"predecessor-version":[{"id":14324,"href":"http:\/\/campingland24.com\/index.php?rest_route=\/wp\/v2\/product\/13055\/revisions\/14324"}],"wp:featuredmedia":[{"embeddable":true,"href":"http:\/\/campingland24.com\/index.php?rest_route=\/wp\/v2\/media\/13056"}],"wp:attachment":[{"href":"http:\/\/campingland24.com\/index.php?rest_route=%2Fwp%2Fv2%2Fmedia&parent=13055"}],"wp:term":[{"taxonomy":"product_cat","embeddable":true,"href":"http:\/\/campingland24.com\/index.php?rest_route=%2Fwp%2Fv2%2Fproduct_cat&post=13055"},{"taxonomy":"product_tag","embeddable":true,"href":"http:\/\/campingland24.com\/index.php?rest_route=%2Fwp%2Fv2%2Fproduct_tag&post=13055"}],"curies":[{"name":"wp","href":"https:\/\/api.w.org\/{rel}","templated":true}]}}