{"id":13063,"date":"2021-07-29T06:45:05","date_gmt":"2021-07-29T06:45:05","guid":{"rendered":"http:\/\/campingland24.com\/?product=weber-50060079-gasgrill-q1000-titan-campinggrill-grillen-auf-kleinen-balkonen"},"modified":"2023-04-09T18:43:25","modified_gmt":"2023-04-09T18:43:25","slug":"weber-50060079-gasgrill-q1000-titan-campinggrill-grillen-auf-kleinen-balkonen","status":"publish","type":"product","link":"http:\/\/campingland24.com\/?product=weber-50060079-gasgrill-q1000-titan-campinggrill-grillen-auf-kleinen-balkonen","title":{"rendered":"Weber Q1000 Gasgrill, 43 x 32 cm, Titan (50060079)"},"content":{"rendered":"<div class=\"disclaim\"> Farbe:<strong>Titan<\/strong> | Stil:<strong>Gasgrill<\/strong> <\/div>\n<p> <!-- show up to 2 reviews by default --> <\/p>\n<p>Mach deinen Balkon zur Freiluftk\u00fcche. Mit diesem kompakten und leistungsstarken Grill kommst du einfach und unkompliziert zu einem perfekten Grillergebnis. Durch seinen porzellanemaillierten Guss-Grillrost und seinem Geh\u00e4use aus Aluminiumguss ist er stabil und langlebig. Er passt auf jeden noch so kleinen Balkon und ist ideal f\u00fcrs Camping. Dieser Grill ist ein mobiles Stauraumwunder in besonderem Design! *Gas-Kartuschen m\u00fcssen separat bestellt werden. Umr\u00fcstbar auf Gasflasche (Umr\u00fcst-Set separat erh\u00e4ltlich). <\/p>\n<p>Deckel und Geh\u00e4use aus stabilem Aluguss: hohe Lebensdauer<br \/>\n2-geteilter, porzellanemaillierter Guss-Grillrost mit integrierter Aromaschiene<br \/>\nGlasfaserverst\u00e4rkter Nylonrahmen: langlebig, hitze- und wetterbest\u00e4ndig<br \/>\nHerausnehmbare Fettauffangschale: f\u00fcr problemlose Entsorgung von herabtropfendem Fett<br \/>\nStufenlos regelbares Brennerventil: f\u00fcr optimale Temperaturregelung<br \/>\nHaltekorb f\u00fcr Gaskartusche: praktisch und sicher<br \/>\n<div class=\"main-cross-sell\" data-asin=\"B00HAKQKQQ\">\n\n\t<div class=\"WooZone-cross-sell-loader\">\n\t\t<div>\n\t\t\t<div id=\"floatingBarsG\">\n\t\t\t\t<div class=\"blockG\" id=\"rotateG_01\"><\/div>\n\t\t\t\t<div class=\"blockG\" id=\"rotateG_02\"><\/div>\n\t\t\t\t<div class=\"blockG\" id=\"rotateG_03\"><\/div>\n\t\t\t\t<div class=\"blockG\" id=\"rotateG_04\"><\/div>\n\t\t\t\t<div class=\"blockG\" id=\"rotateG_05\"><\/div>\n\t\t\t\t<div class=\"blockG\" id=\"rotateG_06\"><\/div>\n\t\t\t\t<div class=\"blockG\" id=\"rotateG_07\"><\/div>\n\t\t\t\t<div class=\"blockG\" id=\"rotateG_08\"><\/div>\n\t\t\t<\/div>\n\t\t\t<div class=\"WooZone-cross-sell-loader-text\"><\/div>\n\t\t<\/div>\n\t<\/div>\n\n\t\t\n<\/div>\n<div style=\"clear:both;\"><\/div><\/p>\n","protected":false},"excerpt":{"rendered":"<p>Deckel und Geh\u00e4use aus stabilem Aluguss: hohe Lebensdauer<br \/>\n2-geteilter, porzellanemaillierter Guss-Grillrost mit integrierter Aromaschiene<br \/>\nGlasfaserverst\u00e4rkter Nylonrahmen: langlebig, hitze- und wetterbest\u00e4ndig<\/p>\n","protected":false},"featured_media":13064,"comment_status":"open","ping_status":"closed","template":"","meta":[],"product_cat":[15],"product_tag":[],"_links":{"self":[{"href":"http:\/\/campingland24.com\/index.php?rest_route=\/wp\/v2\/product\/13063"}],"collection":[{"href":"http:\/\/campingland24.com\/index.php?rest_route=\/wp\/v2\/product"}],"about":[{"href":"http:\/\/campingland24.com\/index.php?rest_route=\/wp\/v2\/types\/product"}],"replies":[{"embeddable":true,"href":"http:\/\/campingland24.com\/index.php?rest_route=%2Fwp%2Fv2%2Fcomments&post=13063"}],"version-history":[{"count":3,"href":"http:\/\/campingland24.com\/index.php?rest_route=\/wp\/v2\/product\/13063\/revisions"}],"predecessor-version":[{"id":19573,"href":"http:\/\/campingland24.com\/index.php?rest_route=\/wp\/v2\/product\/13063\/revisions\/19573"}],"wp:featuredmedia":[{"embeddable":true,"href":"http:\/\/campingland24.com\/index.php?rest_route=\/wp\/v2\/media\/13064"}],"wp:attachment":[{"href":"http:\/\/campingland24.com\/index.php?rest_route=%2Fwp%2Fv2%2Fmedia&parent=13063"}],"wp:term":[{"taxonomy":"product_cat","embeddable":true,"href":"http:\/\/campingland24.com\/index.php?rest_route=%2Fwp%2Fv2%2Fproduct_cat&post=13063"},{"taxonomy":"product_tag","embeddable":true,"href":"http:\/\/campingland24.com\/index.php?rest_route=%2Fwp%2Fv2%2Fproduct_tag&post=13063"}],"curies":[{"name":"wp","href":"https:\/\/api.w.org\/{rel}","templated":true}]}}