{"id":13071,"date":"2021-07-29T06:45:08","date_gmt":"2021-07-29T06:45:08","guid":{"rendered":"http:\/\/campingland24.com\/?product=sunjas-bbq-holzkohlegrill-reisegrill-minigrill-tischgrill-picknick-campinggrill"},"modified":"2023-04-09T18:43:25","modified_gmt":"2023-04-09T18:43:25","slug":"sunjas-bbq-holzkohlegrill-reisegrill-minigrill-tischgrill-picknick-campinggrill","status":"publish","type":"product","link":"http:\/\/campingland24.com\/?product=sunjas-bbq-holzkohlegrill-reisegrill-minigrill-tischgrill-picknick-campinggrill","title":{"rendered":"Sunjas BBQ Holzkohlegrill Reisegrill Minigrill Tischgrill Picknick Campinggrill"},"content":{"rendered":"<p>&#x1f362;\u3010SUNJAS HOLZKOHLEGRILL\u3011 Aus kaltgewalztem Eisen und Premium-Chrom-Drahtgeflecht. Hitzebest\u00e4ndig und kratzfest, nicht leicht verformbar und verrostet. Unser SunJas Campinggrill kann nach Gebrauch gefaltet werden. Entworfene Griff, um es platzsparend zu machen und es bequem zu \u00fcberall zu bringen, um Spa\u00df zu haben. Die L\u00fcftungsl\u00f6cher erm\u00f6glichen eine gute Lufteinlass f\u00fcr eine schnelle und bequeme Grill. Die ausgeklappte Gr\u00f6\u00dfe ist 35L x 27B x 19,5H cm \/ 13,8 x 10,6 x 7,9 Zoll. Die gefaltete Gr\u00f6\u00dfe ist 35L x 27B x 6,5H cm.<br \/>\n&#x1f362;\u3010KLAPPBAR UND TRAGBAR\u3011 Unser Campinggrill ist einfach einzurichten und abzurei\u00dfen (1 min), keine Installation erforderlich, nur \u00f6ffnen Sie es und legen Sie vier F\u00fc\u00dfe nach unten, so dass der Grill sein kann gestartet und die Operation ist einfach. Falten Sie einfach die Beine und es ist bereit, mit dem Griff nach der Verwendung zu gehen. \u3010WARNUNG: Stellen Sie sicher, dass Sie es auf einer ebenen, stabilen Oberfl\u00e4che oder Tisch verwenden\u3011<br \/>\n&#x1f362;\u3010PERFEKT F\u00dcR 3-5 PERSONEN BBQ PARTY\u3011 W\u00e4hlen Sie einfach dieses beste und perfekte Geschenk f\u00fcr BBQs, Picknicks, Camping oder eine Nacht auf der Terrasse, Indoor-, Outdoor-Partys, Reisen, Park, Strand, wild mit Ihren Freunden und Familien. Genie\u00dfen Sie Ihr leckeres Essen \u00fcberall! Jederzeit!<br \/>\n&#x1f362;\u3010HOCHWERTIG-LANGLEBIG\u3011 Geeignet f\u00fcr Dauergebrauch. Aufrecht stehend oder waagerecht verstaubar f\u00fcr platzsparende Aufbewahrung. Einfach zu reinigen, da das Gitter herausgezogen werden kann, und Keep Sicher und gesund wie Das Design der Luftl\u00f6cher und der M\u00f6rtelplatte kann Kohlenstoff und Staub trennen (keine Asche haftet am Lebensmittel)<br \/>\n&#x1f362;\u3010GARANTIE\u3011 \u2605\u2605 Um die sichere Verwendung zu gew\u00e4hrleisten. \u2605\u2605 Ihnen w\u00fcschen wir gerne einen sch\u00f6nen Einkauf bei uns. Wenn Sie irgendeine Unzufriedenheit haben, kontaktieren Sie uns direkt Kundenservice !<br \/>\n<div class=\"main-cross-sell\" data-asin=\"B016B42VPU\">\n\n\t<div class=\"WooZone-cross-sell-loader\">\n\t\t<div>\n\t\t\t<div id=\"floatingBarsG\">\n\t\t\t\t<div class=\"blockG\" id=\"rotateG_01\"><\/div>\n\t\t\t\t<div class=\"blockG\" id=\"rotateG_02\"><\/div>\n\t\t\t\t<div class=\"blockG\" id=\"rotateG_03\"><\/div>\n\t\t\t\t<div class=\"blockG\" id=\"rotateG_04\"><\/div>\n\t\t\t\t<div class=\"blockG\" id=\"rotateG_05\"><\/div>\n\t\t\t\t<div class=\"blockG\" id=\"rotateG_06\"><\/div>\n\t\t\t\t<div class=\"blockG\" id=\"rotateG_07\"><\/div>\n\t\t\t\t<div class=\"blockG\" id=\"rotateG_08\"><\/div>\n\t\t\t<\/div>\n\t\t\t<div class=\"WooZone-cross-sell-loader-text\"><\/div>\n\t\t<\/div>\n\t<\/div>\n\n\t\t\n<\/div>\n<div style=\"clear:both;\"><\/div><\/p>\n","protected":false},"excerpt":{"rendered":"<p>&#x1f362;\u3010SUNJAS HOLZKOHLEGRILL\u3011 Aus kaltgewalztem Eisen und Premium-Chrom-Drahtgeflecht. Hitzebest\u00e4ndig und kratzfest, nicht leicht verformbar und verrostet. Unser SunJas Campinggrill kann nach Gebrauch gefaltet werden. Entworfene Griff, um es platzsparend zu machen und es bequem zu \u00fcberall zu bringen, um Spa\u00df zu haben. Die L\u00fcftungsl\u00f6cher erm\u00f6glichen eine gute Lufteinlass f\u00fcr eine schnelle und bequeme Grill. Die ausgeklappte Gr\u00f6\u00dfe ist 35L x 27B x 19,5H cm \/ 13,8 x 10,6 x 7,9 Zoll. Die gefaltete Gr\u00f6\u00dfe ist 35L x 27B x 6,5H cm.<br \/>\n&#x1f362;\u3010KLAPPBAR UND TRAGBAR\u3011 Unser Campinggrill ist einfach einzurichten und abzurei\u00dfen (1 min), keine Installation erforderlich, nur \u00f6ffnen Sie es und legen Sie vier F\u00fc\u00dfe nach unten, so dass der Grill sein kann gestartet und die Operation ist einfach. Falten Sie einfach die Beine und es ist bereit, mit dem Griff nach der Verwendung zu gehen. \u3010WARNUNG: Stellen Sie sicher, dass Sie es auf einer ebenen, stabilen Oberfl\u00e4che oder Tisch verwenden\u3011<br \/>\n&#x1f362;\u3010PERFEKT F\u00dcR 3-5 PERSONEN BBQ PARTY\u3011 W\u00e4hlen Sie einfach dieses beste und perfekte Geschenk f\u00fcr BBQs, Picknicks, Camping oder eine Nacht auf der Terrasse, Indoor-, Outdoor-Partys, Reisen, Park, Strand, wild mit Ihren Freunden und Familien. Genie\u00dfen Sie Ihr leckeres Essen \u00fcberall! Jederzeit!<\/p>\n","protected":false},"featured_media":13072,"comment_status":"open","ping_status":"closed","template":"","meta":[],"product_cat":[15],"product_tag":[],"_links":{"self":[{"href":"http:\/\/campingland24.com\/index.php?rest_route=\/wp\/v2\/product\/13071"}],"collection":[{"href":"http:\/\/campingland24.com\/index.php?rest_route=\/wp\/v2\/product"}],"about":[{"href":"http:\/\/campingland24.com\/index.php?rest_route=\/wp\/v2\/types\/product"}],"replies":[{"embeddable":true,"href":"http:\/\/campingland24.com\/index.php?rest_route=%2Fwp%2Fv2%2Fcomments&post=13071"}],"version-history":[{"count":1,"href":"http:\/\/campingland24.com\/index.php?rest_route=\/wp\/v2\/product\/13071\/revisions"}],"predecessor-version":[{"id":14328,"href":"http:\/\/campingland24.com\/index.php?rest_route=\/wp\/v2\/product\/13071\/revisions\/14328"}],"wp:featuredmedia":[{"embeddable":true,"href":"http:\/\/campingland24.com\/index.php?rest_route=\/wp\/v2\/media\/13072"}],"wp:attachment":[{"href":"http:\/\/campingland24.com\/index.php?rest_route=%2Fwp%2Fv2%2Fmedia&parent=13071"}],"wp:term":[{"taxonomy":"product_cat","embeddable":true,"href":"http:\/\/campingland24.com\/index.php?rest_route=%2Fwp%2Fv2%2Fproduct_cat&post=13071"},{"taxonomy":"product_tag","embeddable":true,"href":"http:\/\/campingland24.com\/index.php?rest_route=%2Fwp%2Fv2%2Fproduct_tag&post=13071"}],"curies":[{"name":"wp","href":"https:\/\/api.w.org\/{rel}","templated":true}]}}