{"id":13155,"date":"2021-07-29T06:47:42","date_gmt":"2021-07-29T06:47:42","guid":{"rendered":"http:\/\/campingland24.com\/?product=12x-gaskartuschen-227g-msf1a-kochmann"},"modified":"2023-04-09T18:43:27","modified_gmt":"2023-04-09T18:43:27","slug":"12x-gaskartuschen-227g-msf1a-kochmann","status":"publish","type":"product","link":"http:\/\/campingland24.com\/?product=12x-gaskartuschen-227g-msf1a-kochmann","title":{"rendered":"12x Gaskartuschen 227g. MSF1a Kochmann"},"content":{"rendered":"<p><!-- show up to 2 reviews by default --> <\/p>\n<h3>Produktbeschreibungen<\/h3>\n<p>Universal Gaskartusche 227g T\u00dcV Butan Gaskartuschen T\u00dcV gepr\u00fcft Typ MSF-1A Brenndauer 1,5 bis 3 Stunden, je nach Gaskochertyp und Einstellung Kompatibel mit TC-SUN-02 und CP 250 von Campingaz CP 250 Netto-Gewicht 227 g \/ St\u00fcck Einsetzbar in z. B. Evergreen EGP 1000, ST-7.000 und ST 10.000, TLB-102N, PG &#8211; 1770, Jinyu, TouchLite, Kochmann, Euro GT, Bistro Active von Campingaz und vielen weiteren Modellen <\/p>\n<h3>Rechtliche Hinweise<\/h3>\n<p>Kartuschen k\u00f6nnen von Versch. Herstellern geliefert werden, sind baugleich und somit passend. <\/p>\n<p>227g<br \/>\nMSF 1a<br \/>\n12 x 227g Gaskartuschen<br \/>\nKochmann<br \/>\nSie erhalten 12 Gaskartuschen<br \/>\n<div class=\"main-cross-sell\" data-asin=\"B000OOPUQG\">\n\n\t<div class=\"WooZone-cross-sell-loader\">\n\t\t<div>\n\t\t\t<div id=\"floatingBarsG\">\n\t\t\t\t<div class=\"blockG\" id=\"rotateG_01\"><\/div>\n\t\t\t\t<div class=\"blockG\" id=\"rotateG_02\"><\/div>\n\t\t\t\t<div class=\"blockG\" id=\"rotateG_03\"><\/div>\n\t\t\t\t<div class=\"blockG\" id=\"rotateG_04\"><\/div>\n\t\t\t\t<div class=\"blockG\" id=\"rotateG_05\"><\/div>\n\t\t\t\t<div class=\"blockG\" id=\"rotateG_06\"><\/div>\n\t\t\t\t<div class=\"blockG\" id=\"rotateG_07\"><\/div>\n\t\t\t\t<div class=\"blockG\" id=\"rotateG_08\"><\/div>\n\t\t\t<\/div>\n\t\t\t<div class=\"WooZone-cross-sell-loader-text\"><\/div>\n\t\t<\/div>\n\t<\/div>\n\n\t\t\n<\/div>\n<div style=\"clear:both;\"><\/div><\/p>\n","protected":false},"excerpt":{"rendered":"<p>227g<br \/>\nMSF 1a<br \/>\n12 x 227g Gaskartuschen<\/p>\n","protected":false},"featured_media":13156,"comment_status":"open","ping_status":"closed","template":"","meta":[],"product_cat":[15],"product_tag":[],"_links":{"self":[{"href":"http:\/\/campingland24.com\/index.php?rest_route=\/wp\/v2\/product\/13155"}],"collection":[{"href":"http:\/\/campingland24.com\/index.php?rest_route=\/wp\/v2\/product"}],"about":[{"href":"http:\/\/campingland24.com\/index.php?rest_route=\/wp\/v2\/types\/product"}],"replies":[{"embeddable":true,"href":"http:\/\/campingland24.com\/index.php?rest_route=%2Fwp%2Fv2%2Fcomments&post=13155"}],"version-history":[{"count":1,"href":"http:\/\/campingland24.com\/index.php?rest_route=\/wp\/v2\/product\/13155\/revisions"}],"predecessor-version":[{"id":14349,"href":"http:\/\/campingland24.com\/index.php?rest_route=\/wp\/v2\/product\/13155\/revisions\/14349"}],"wp:featuredmedia":[{"embeddable":true,"href":"http:\/\/campingland24.com\/index.php?rest_route=\/wp\/v2\/media\/13156"}],"wp:attachment":[{"href":"http:\/\/campingland24.com\/index.php?rest_route=%2Fwp%2Fv2%2Fmedia&parent=13155"}],"wp:term":[{"taxonomy":"product_cat","embeddable":true,"href":"http:\/\/campingland24.com\/index.php?rest_route=%2Fwp%2Fv2%2Fproduct_cat&post=13155"},{"taxonomy":"product_tag","embeddable":true,"href":"http:\/\/campingland24.com\/index.php?rest_route=%2Fwp%2Fv2%2Fproduct_tag&post=13155"}],"curies":[{"name":"wp","href":"https:\/\/api.w.org\/{rel}","templated":true}]}}