{"id":13185,"date":"2021-07-29T06:47:56","date_gmt":"2021-07-29T06:47:56","guid":{"rendered":"http:\/\/campingland24.com\/?product=activa-grill-party-set-holzkohlegrill"},"modified":"2023-04-09T18:43:28","modified_gmt":"2023-04-09T18:43:28","slug":"activa-grill-party-set-holzkohlegrill","status":"publish","type":"product","link":"http:\/\/campingland24.com\/?product=activa-grill-party-set-holzkohlegrill","title":{"rendered":"ACTIVA Grill Party-Set, Holzkohlegrill"},"content":{"rendered":"<div class=\"disclaim\"> Farbe:<strong>Grill Set<\/strong> <\/div>\n<p> <!-- show up to 2 reviews by default --> <\/p>\n<p>Mit dem Partyset von ACTIVA kann die Grillparty beginnen. Grill, Holzkohle und Anz\u00fcnder sind in dem Set enthalten. Somit ben\u00f6tigen Sie nur noch das Grillgut und ein Feuerzeug und die Party kann beginnen. <\/p>\n<ul>\n<li>Rundgrill<\/li>\n<li>Grillfl\u00e4che: \u00d8 33 cm<\/li>\n<li>Grillkohle aus Buchenholz <\/li>\n<li>Holzwolleanz\u00fcnder<\/li>\n<li>Flaschen\u00f6ffner<\/li>\n<\/ul>\n<p>&#x1f525; QUALIT\u00c4T &#8211; Activa Holzkohlegrill mit emaierter Feuerwanne und mit verchromten Grillrost.<br \/>\n&#x1f525; GRILLROSTE &#8211; Der mitgelieferten Grillrost ist verchromt und hat eine Gr\u00f6\u00dfe von 33 cm Durchmesser, somit findet eine Menge Grillgut Platz.<br \/>\n&#x1f525; STABIL &#8211; Der Grill steht auf stabilen Beinen und kann durch das geringe Gewicht leicht bewegt werden.<br \/>\n&#x1f525; PREIS-HIT &#8211; Der mobile Grill ist super g\u00fcnstig und erm\u00f6glicht Grill-Spa\u00df zum kleinen Preis!<br \/>\n&#x1f525; DETAILS &#8211; Grill inkl. Winschutz und Grillrost &#8211; Holzkohle &#8211; Grillanz\u00fcnder &#8211; Flaschen\u00f6ffner<br \/>\n<div class=\"main-cross-sell\" data-asin=\"B078XB18SM\">\n\n\t<div class=\"WooZone-cross-sell-loader\">\n\t\t<div>\n\t\t\t<div id=\"floatingBarsG\">\n\t\t\t\t<div class=\"blockG\" id=\"rotateG_01\"><\/div>\n\t\t\t\t<div class=\"blockG\" id=\"rotateG_02\"><\/div>\n\t\t\t\t<div class=\"blockG\" id=\"rotateG_03\"><\/div>\n\t\t\t\t<div class=\"blockG\" id=\"rotateG_04\"><\/div>\n\t\t\t\t<div class=\"blockG\" id=\"rotateG_05\"><\/div>\n\t\t\t\t<div class=\"blockG\" id=\"rotateG_06\"><\/div>\n\t\t\t\t<div class=\"blockG\" id=\"rotateG_07\"><\/div>\n\t\t\t\t<div class=\"blockG\" id=\"rotateG_08\"><\/div>\n\t\t\t<\/div>\n\t\t\t<div class=\"WooZone-cross-sell-loader-text\"><\/div>\n\t\t<\/div>\n\t<\/div>\n\n\t\t\n<\/div>\n<div style=\"clear:both;\"><\/div><\/p>\n","protected":false},"excerpt":{"rendered":"<p>&#x1f525; QUALIT\u00c4T &#8211; Activa Holzkohlegrill mit emaierter Feuerwanne und mit verchromten Grillrost.<br \/>\n&#x1f525; GRILLROSTE &#8211; Der mitgelieferten Grillrost ist verchromt und hat eine Gr\u00f6\u00dfe von 33 cm Durchmesser, somit findet eine Menge Grillgut Platz.<br \/>\n&#x1f525; STABIL &#8211; Der Grill steht auf stabilen Beinen und kann durch das geringe Gewicht leicht bewegt werden.<\/p>\n","protected":false},"featured_media":13186,"comment_status":"open","ping_status":"closed","template":"","meta":[],"product_cat":[15],"product_tag":[],"_links":{"self":[{"href":"http:\/\/campingland24.com\/index.php?rest_route=\/wp\/v2\/product\/13185"}],"collection":[{"href":"http:\/\/campingland24.com\/index.php?rest_route=\/wp\/v2\/product"}],"about":[{"href":"http:\/\/campingland24.com\/index.php?rest_route=\/wp\/v2\/types\/product"}],"replies":[{"embeddable":true,"href":"http:\/\/campingland24.com\/index.php?rest_route=%2Fwp%2Fv2%2Fcomments&post=13185"}],"version-history":[{"count":1,"href":"http:\/\/campingland24.com\/index.php?rest_route=\/wp\/v2\/product\/13185\/revisions"}],"predecessor-version":[{"id":14357,"href":"http:\/\/campingland24.com\/index.php?rest_route=\/wp\/v2\/product\/13185\/revisions\/14357"}],"wp:featuredmedia":[{"embeddable":true,"href":"http:\/\/campingland24.com\/index.php?rest_route=\/wp\/v2\/media\/13186"}],"wp:attachment":[{"href":"http:\/\/campingland24.com\/index.php?rest_route=%2Fwp%2Fv2%2Fmedia&parent=13185"}],"wp:term":[{"taxonomy":"product_cat","embeddable":true,"href":"http:\/\/campingland24.com\/index.php?rest_route=%2Fwp%2Fv2%2Fproduct_cat&post=13185"},{"taxonomy":"product_tag","embeddable":true,"href":"http:\/\/campingland24.com\/index.php?rest_route=%2Fwp%2Fv2%2Fproduct_tag&post=13185"}],"curies":[{"name":"wp","href":"https:\/\/api.w.org\/{rel}","templated":true}]}}