{"id":13296,"date":"2021-07-29T06:51:14","date_gmt":"2021-07-29T06:51:14","guid":{"rendered":"http:\/\/campingland24.com\/?product=amazon-basics-robuster-klappbarer-camping-grill"},"modified":"2023-04-09T18:43:30","modified_gmt":"2023-04-09T18:43:30","slug":"amazon-basics-robuster-klappbarer-camping-grill","status":"publish","type":"product","link":"http:\/\/campingland24.com\/?product=amazon-basics-robuster-klappbarer-camping-grill","title":{"rendered":"Amazon Basics &#8211; Robuster, klappbarer Camping-Grill"},"content":{"rendered":"<p><!-- show up to 2 reviews by default --><br \/>\nRobuster Camping-Grill zum Kochen \u00fcber offenem Feuer<br \/>\nHochwertiger geschwei\u00dfter Stahl mit Stahlgitter<br \/>\nZur Verwendung mit Outdoor-Kochgeschirr geeignet, einschlie\u00dflich schwerem Gusseisen (nicht f\u00fcr direkten Kontakt mit dem Grillgut geeignet)<br \/>\nNach au\u00dfen gerichtete Beine garantieren Stabilit\u00e4t und sind einklappbar f\u00fcr einen leichten Transport und ein kompaktes Verstauen<br \/>\nGr\u00f6\u00dfe: Extra-Gro\u00df<br \/>\n<div class=\"main-cross-sell\" data-asin=\"B074N1W4G8\">\n\n\t<div class=\"WooZone-cross-sell-loader\">\n\t\t<div>\n\t\t\t<div id=\"floatingBarsG\">\n\t\t\t\t<div class=\"blockG\" id=\"rotateG_01\"><\/div>\n\t\t\t\t<div class=\"blockG\" id=\"rotateG_02\"><\/div>\n\t\t\t\t<div class=\"blockG\" id=\"rotateG_03\"><\/div>\n\t\t\t\t<div class=\"blockG\" id=\"rotateG_04\"><\/div>\n\t\t\t\t<div class=\"blockG\" id=\"rotateG_05\"><\/div>\n\t\t\t\t<div class=\"blockG\" id=\"rotateG_06\"><\/div>\n\t\t\t\t<div class=\"blockG\" id=\"rotateG_07\"><\/div>\n\t\t\t\t<div class=\"blockG\" id=\"rotateG_08\"><\/div>\n\t\t\t<\/div>\n\t\t\t<div class=\"WooZone-cross-sell-loader-text\"><\/div>\n\t\t<\/div>\n\t<\/div>\n\n\t\t\n<\/div>\n<div style=\"clear:both;\"><\/div><\/p>\n","protected":false},"excerpt":{"rendered":"<p>Robuster Camping-Grill zum Kochen \u00fcber offenem Feuer<br \/>\nHochwertiger geschwei\u00dfter Stahl mit Stahlgitter<br \/>\nZur Verwendung mit Outdoor-Kochgeschirr geeignet, einschlie\u00dflich schwerem Gusseisen (nicht f\u00fcr direkten Kontakt mit dem Grillgut geeignet)<\/p>\n","protected":false},"featured_media":13297,"comment_status":"open","ping_status":"closed","template":"","meta":[],"product_cat":[15],"product_tag":[],"_links":{"self":[{"href":"http:\/\/campingland24.com\/index.php?rest_route=\/wp\/v2\/product\/13296"}],"collection":[{"href":"http:\/\/campingland24.com\/index.php?rest_route=\/wp\/v2\/product"}],"about":[{"href":"http:\/\/campingland24.com\/index.php?rest_route=\/wp\/v2\/types\/product"}],"replies":[{"embeddable":true,"href":"http:\/\/campingland24.com\/index.php?rest_route=%2Fwp%2Fv2%2Fcomments&post=13296"}],"version-history":[{"count":1,"href":"http:\/\/campingland24.com\/index.php?rest_route=\/wp\/v2\/product\/13296\/revisions"}],"predecessor-version":[{"id":14385,"href":"http:\/\/campingland24.com\/index.php?rest_route=\/wp\/v2\/product\/13296\/revisions\/14385"}],"wp:featuredmedia":[{"embeddable":true,"href":"http:\/\/campingland24.com\/index.php?rest_route=\/wp\/v2\/media\/13297"}],"wp:attachment":[{"href":"http:\/\/campingland24.com\/index.php?rest_route=%2Fwp%2Fv2%2Fmedia&parent=13296"}],"wp:term":[{"taxonomy":"product_cat","embeddable":true,"href":"http:\/\/campingland24.com\/index.php?rest_route=%2Fwp%2Fv2%2Fproduct_cat&post=13296"},{"taxonomy":"product_tag","embeddable":true,"href":"http:\/\/campingland24.com\/index.php?rest_route=%2Fwp%2Fv2%2Fproduct_tag&post=13296"}],"curies":[{"name":"wp","href":"https:\/\/api.w.org\/{rel}","templated":true}]}}