{"id":13340,"date":"2021-07-29T06:51:33","date_gmt":"2021-07-29T06:51:33","guid":{"rendered":"http:\/\/campingland24.com\/?product=esbit-edelstahl-kohlegrill-klappbar"},"modified":"2023-04-09T18:43:31","modified_gmt":"2023-04-09T18:43:31","slug":"esbit-edelstahl-kohlegrill-klappbar","status":"publish","type":"product","link":"http:\/\/campingland24.com\/?product=esbit-edelstahl-kohlegrill-klappbar","title":{"rendered":"Esbit Edelstahl Kohlegrill, klappbar"},"content":{"rendered":"<p><!-- show up to 2 reviews by default --> <\/p>\n<p>Esbit Grill BBQ-Box Sehr pfiffiger Grill aus Edelstahl f\u00fcr unterwegs. Mit h\u00f6henverstellbarem Grillrost und wasserfestem Beutel f\u00fcr die Grillkohle Den ber\u00fchmten Esbit-Kochern in der Klappfunktion und im Design nachempfunden und mit Sicherheit der perfekte Begleiter f\u00fcr mobiles Grillen Alles dabei und dennoch sehr kompakt dank der einklappbaren W\u00e4nde Kein Schmutz vor oder nach dem Grillen, denn nicht nur die Kohle kann man im mitgelieferten Kohlesack (Nylon, wasserfest beschichtet) einpacken, sondern auch den ganzen Grill in der beiliegenden Tragetasche (wasserfest beschichtetes Nylon mit gepolstertem Trageriemen und Klettverschluss) Esbit Grill BBQ-Box &#8211; gro\u00df Grillfl\u00e4che 29 x 22 cm Packma\u00df 30,5 x 23 x 9 cm Aufbauma\u00df 30,5 x 23 x 18 cm Gewicht: 2380 g Liererung ohne Dekoration (Kohle, usw..) <\/p>\n<p>Robuster Kohlegrill ideal f\u00fcr unterwegs und daheim<br \/>\nGrill und Rost sind aus hochwertigem Edelstahl; Grillrost ist dreifach h\u00f6henverstellbarer<br \/>\nZusammenklappbar f\u00fcr ein geringes Packma\u00df; Einfache Montage und Abbau, mit praktischem, entfernbarem Windschutz<br \/>\nKohlebeutel mit wasserfester Innenbeschichtung, kann im Grill transportiert werden (Grillkohle nicht im Lieferumfang enthalten), sowie wasserfester Nylontasche mit Schultergurt inklusive<br \/>\nKann durch Stand ST300S (f\u00fcr Transport, zum \u00dcberwintern etc. im Grill verstaubar) erg\u00e4nzt werden<br \/>\n<div class=\"main-cross-sell\" data-asin=\"B003DRLQEG\">\n\n\t<div class=\"WooZone-cross-sell-loader\">\n\t\t<div>\n\t\t\t<div id=\"floatingBarsG\">\n\t\t\t\t<div class=\"blockG\" id=\"rotateG_01\"><\/div>\n\t\t\t\t<div class=\"blockG\" id=\"rotateG_02\"><\/div>\n\t\t\t\t<div class=\"blockG\" id=\"rotateG_03\"><\/div>\n\t\t\t\t<div class=\"blockG\" id=\"rotateG_04\"><\/div>\n\t\t\t\t<div class=\"blockG\" id=\"rotateG_05\"><\/div>\n\t\t\t\t<div class=\"blockG\" id=\"rotateG_06\"><\/div>\n\t\t\t\t<div class=\"blockG\" id=\"rotateG_07\"><\/div>\n\t\t\t\t<div class=\"blockG\" id=\"rotateG_08\"><\/div>\n\t\t\t<\/div>\n\t\t\t<div class=\"WooZone-cross-sell-loader-text\"><\/div>\n\t\t<\/div>\n\t<\/div>\n\n\t\t\n<\/div>\n<div style=\"clear:both;\"><\/div><\/p>\n","protected":false},"excerpt":{"rendered":"<p>Robuster Kohlegrill ideal f\u00fcr unterwegs und daheim<br \/>\nGrill und Rost sind aus hochwertigem Edelstahl; Grillrost ist dreifach h\u00f6henverstellbarer<br \/>\nZusammenklappbar f\u00fcr ein geringes Packma\u00df; Einfache Montage und Abbau, mit praktischem, entfernbarem Windschutz<\/p>\n","protected":false},"featured_media":13341,"comment_status":"open","ping_status":"closed","template":"","meta":[],"product_cat":[15],"product_tag":[],"_links":{"self":[{"href":"http:\/\/campingland24.com\/index.php?rest_route=\/wp\/v2\/product\/13340"}],"collection":[{"href":"http:\/\/campingland24.com\/index.php?rest_route=\/wp\/v2\/product"}],"about":[{"href":"http:\/\/campingland24.com\/index.php?rest_route=\/wp\/v2\/types\/product"}],"replies":[{"embeddable":true,"href":"http:\/\/campingland24.com\/index.php?rest_route=%2Fwp%2Fv2%2Fcomments&post=13340"}],"version-history":[{"count":1,"href":"http:\/\/campingland24.com\/index.php?rest_route=\/wp\/v2\/product\/13340\/revisions"}],"predecessor-version":[{"id":14396,"href":"http:\/\/campingland24.com\/index.php?rest_route=\/wp\/v2\/product\/13340\/revisions\/14396"}],"wp:featuredmedia":[{"embeddable":true,"href":"http:\/\/campingland24.com\/index.php?rest_route=\/wp\/v2\/media\/13341"}],"wp:attachment":[{"href":"http:\/\/campingland24.com\/index.php?rest_route=%2Fwp%2Fv2%2Fmedia&parent=13340"}],"wp:term":[{"taxonomy":"product_cat","embeddable":true,"href":"http:\/\/campingland24.com\/index.php?rest_route=%2Fwp%2Fv2%2Fproduct_cat&post=13340"},{"taxonomy":"product_tag","embeddable":true,"href":"http:\/\/campingland24.com\/index.php?rest_route=%2Fwp%2Fv2%2Fproduct_tag&post=13340"}],"curies":[{"name":"wp","href":"https:\/\/api.w.org\/{rel}","templated":true}]}}