{"id":13370,"date":"2021-07-29T07:04:23","date_gmt":"2021-07-29T07:04:23","guid":{"rendered":"http:\/\/campingland24.com\/?product=prime-tech-warmwasser-bereiter-durchlauferhitzer-fuer-camping-gas-betrieb"},"modified":"2023-04-09T18:43:32","modified_gmt":"2023-04-09T18:43:32","slug":"prime-tech-warmwasser-bereiter-durchlauferhitzer-fuer-camping-gas-betrieb","status":"publish","type":"product","link":"http:\/\/campingland24.com\/?product=prime-tech-warmwasser-bereiter-durchlauferhitzer-fuer-camping-gas-betrieb","title":{"rendered":"Prime Tech Warmwasser-Bereiter Durchlauferhitzer f\u00fcr Camping Gas-Betrieb"},"content":{"rendered":"<p><!-- show up to 2 reviews by default --> <\/p>\n<p>Eine warme Dusche nach einem ereignisreichen Tag? Geschirrsp\u00fclen in der Wildnis? Alles kein Problem mit diesem portablen Durchlauferhitzer von Prime Tech.<br \/> Das Ger\u00e4t wird \u00fcber den Zigarettenanz\u00fcnder mit Strom f\u00fcr die Z\u00fcndung und die Tauchpumpe versorgt. Zur Befeuerung wird eine normale Camping-Gas-Flasche angeschlossen.<br \/> Mit den geringen Abmessungen im geschlossenen Zustand passt dieses Platzwunder in nahezu jedes Fahrzeug.<br \/> Zum Betrieb ben\u00f6tigen Sie nur eine gef\u00fcllte Gas-Flasche und einen Kanister, dem Sie das Wasser entnehmen. Alle Leitungen, Schl\u00e4uche und eine Duschbrause finden Sie im Lieferumfang. Zudem kommt der Prime Tech Camping-Durchlauferhitzer mit einer robusten Aufbewahrungstasche.<\/p>\n<p> Technische Daten:<br \/> Abmessungen (BxTxH) : ca. 30 x 36 x 31 cm<br \/> Nennleistung : 5 KW<br \/> Betriebsspannung : 12 Volt<br \/> L\u00e4nge Pumpenschlauch : ca. 1,50m<br \/> L\u00e4nge Duschschlauch : ca. 2,50m<br \/> L\u00e4nge 12Volt Anschlusskabel : ca. 5,0m<br \/> Gewicht : ca. 5,5 KG<\/p>\n<p> Lieferumfang:<\/p>\n<p> * 1 portabler Camping Durchlauferhitzer<br \/> * 1 Anschlusskabel 12 Volt<br \/> * 1 Pumpenschlauch mit Pumpe<br \/> * 1 Duschschlauch mit Brause<br \/> * 1 Gas-Regler f\u00fcr Camping-Gas-Flasche<br \/> * 1 Aufbewahrungstasche<\/p>\n<div class=\"main-cross-sell\" data-asin=\"B08Z8K7G4K\">\n\n\t<div class=\"WooZone-cross-sell-loader\">\n\t\t<div>\n\t\t\t<div id=\"floatingBarsG\">\n\t\t\t\t<div class=\"blockG\" id=\"rotateG_01\"><\/div>\n\t\t\t\t<div class=\"blockG\" id=\"rotateG_02\"><\/div>\n\t\t\t\t<div class=\"blockG\" id=\"rotateG_03\"><\/div>\n\t\t\t\t<div class=\"blockG\" id=\"rotateG_04\"><\/div>\n\t\t\t\t<div class=\"blockG\" id=\"rotateG_05\"><\/div>\n\t\t\t\t<div class=\"blockG\" id=\"rotateG_06\"><\/div>\n\t\t\t\t<div class=\"blockG\" id=\"rotateG_07\"><\/div>\n\t\t\t\t<div class=\"blockG\" id=\"rotateG_08\"><\/div>\n\t\t\t<\/div>\n\t\t\t<div class=\"WooZone-cross-sell-loader-text\"><\/div>\n\t\t<\/div>\n\t<\/div>\n\n\t\t\n<\/div>\n<div style=\"clear:both;\"><\/div>\n","protected":false},"excerpt":{"rendered":"<p>Eine warme Dusche nach einem ereignisreichen Tag? Geschirrsp\u00fclen in der Wildnis? Alles kein Problem mit diesem portablen Durchlauferhitzer von Prime<\/p>\n","protected":false},"featured_media":13371,"comment_status":"open","ping_status":"closed","template":"","meta":[],"product_cat":[2162,27],"product_tag":[],"_links":{"self":[{"href":"http:\/\/campingland24.com\/index.php?rest_route=\/wp\/v2\/product\/13370"}],"collection":[{"href":"http:\/\/campingland24.com\/index.php?rest_route=\/wp\/v2\/product"}],"about":[{"href":"http:\/\/campingland24.com\/index.php?rest_route=\/wp\/v2\/types\/product"}],"replies":[{"embeddable":true,"href":"http:\/\/campingland24.com\/index.php?rest_route=%2Fwp%2Fv2%2Fcomments&post=13370"}],"version-history":[{"count":3,"href":"http:\/\/campingland24.com\/index.php?rest_route=\/wp\/v2\/product\/13370\/revisions"}],"predecessor-version":[{"id":19929,"href":"http:\/\/campingland24.com\/index.php?rest_route=\/wp\/v2\/product\/13370\/revisions\/19929"}],"wp:featuredmedia":[{"embeddable":true,"href":"http:\/\/campingland24.com\/index.php?rest_route=\/wp\/v2\/media\/13371"}],"wp:attachment":[{"href":"http:\/\/campingland24.com\/index.php?rest_route=%2Fwp%2Fv2%2Fmedia&parent=13370"}],"wp:term":[{"taxonomy":"product_cat","embeddable":true,"href":"http:\/\/campingland24.com\/index.php?rest_route=%2Fwp%2Fv2%2Fproduct_cat&post=13370"},{"taxonomy":"product_tag","embeddable":true,"href":"http:\/\/campingland24.com\/index.php?rest_route=%2Fwp%2Fv2%2Fproduct_tag&post=13370"}],"curies":[{"name":"wp","href":"https:\/\/api.w.org\/{rel}","templated":true}]}}