{"id":13414,"date":"2021-07-29T07:04:42","date_gmt":"2021-07-29T07:04:42","guid":{"rendered":"http:\/\/campingland24.com\/?product=eccotemp-ce-l5-60-lpm-tragbarer-tankloser-wassererhitzer-fuer-den-aussenbereich-50-mbar"},"modified":"2023-04-10T18:57:49","modified_gmt":"2023-04-10T18:57:49","slug":"eccotemp-ce-l5-60-lpm-tragbarer-tankloser-wassererhitzer-fuer-den-aussenbereich-50-mbar","status":"publish","type":"product","link":"http:\/\/campingland24.com\/?product=eccotemp-ce-l5-60-lpm-tragbarer-tankloser-wassererhitzer-fuer-den-aussenbereich-50-mbar","title":{"rendered":"Eccotemp CE-L5 Tragbarer, tankloser Warmwasserbereiter, 50 mbar"},"content":{"rendered":"<p><!-- show up to 2 reviews by default --> <\/p>\n<p>Wenn Sie mit der Familie zelten, einen Tag am See verbringen oder am Pool faulenzen, manchmal brauchen Sie nur eine sch\u00f6ne hei\u00dfe Dusche. Schlie\u00dfen Sie einfach einen Gartenschlauch und einen 20 lb. Propangas-Tank an und Sie genie\u00dfen garantiert \u00fcberall den Luxus von hei\u00dfem Wasser. Der Eccotemp CEL5 eignet sich perfekt f\u00fcr Campingpl\u00e4tze, H\u00fctten oder einfach um das Haus herum. Der Eccotemp CEL5 kann Temperaturen zwischen 10\u00baC und 60\u00baC erreichen. Dieses Modell verf\u00fcgt \u00fcber eine elektronische Z\u00fcndung, die von 2 D-Zellen-Batterien gespeist wird, und eignet sich daher hervorragend f\u00fcr netzferne oder andere Bereiche, in denen der Strom nicht leicht verf\u00fcgbar ist. Es ist mit 12-Volt-Pumpen kompatibel und arbeitet perfekt mit unserer EccoFlo-Pumpe und dem EccoFlo-Sieb zusammen. Wird mit einem Gasregler nach Wahl mit 30mbar, 37mbar oder 50mbar geliefert. Der tragbare, tanklose Wassererhitzer Eccotemp CEL5 wurde f\u00fcr den Einsatz in H\u00f6hen bis zu 2000 Fu\u00df getestet. Die Installation und der Einsatz des tragbaren, tanklosen Wassererhitzers Eccotemp CEL5 oberhalb von 2000 Fu\u00df kann die Gesamteffizienz und Leistung des Produkts beeintr\u00e4chtigen. Die Installation und Verwendung des tragbaren tanklosen Wassererhitzers Eccotemp \u00fcber 5000 Fu\u00df wird nicht empfohlen. WICHTIG: Der Eccotemp CEL5 ist ein tragbarer Warmwasserbereiter f\u00fcr den Freizeitbereich und darf nicht fest installiert oder in irgendwelche Armaturen, wie z.B. Waschbecken, Duschen usw., eingelegt werden. Bei Nichtgebrauch sollte dieser tragbare, tanklose Warmwasserbereiter Eccotemp CEL5 entleert und aufbewahrt werden. Dieser tragbare, tanklose Wassererhitzer Eccotemp darf auch nicht mit einer Lenzpumpe verwendet werden. <\/p>\n<p>Der Eccotemp CEL5 wurde in Summerville SC USA entworfen und entwickelt und ist der einzige legale, CE GAR-zertifizierte, tragbare, tanklose Warmwasserbereiter auf dem Markt, der in Europa legal verkauft werden darf!<br \/>\nLeicht, einfach zu transportieren und kompakt, macht es f\u00fcr den Einsatz beim Camping, bei der Jagd, in Ihrem Tiny Home, Wohnmobilen, am Pool, beim Waschen von Haustieren, beim Reiten, beim Reinigen von Fahrzeugen, in Gew\u00e4chsh\u00e4usern oder \u00fcberall dort, wo Sie sofort zuverl\u00e4ssiges, endlos hei\u00dfes Wasser ben\u00f6tigen, perfekt f\u00fcr hei\u00dfes Wasser, wo immer Sie es brauchen.<br \/>\nL\u00e4uft mit einem Standard 20 lb. fl\u00fcssigem Propantank und ist mit einer elektronischen Z\u00fcndung ausgestattet. Wird mit 2 D-Zellen-Batterien betrieben und ist somit ideal f\u00fcr unterwegs. Machen Sie den L5 noch komfortabler und koppeln Sie ihn mit der EccoFlo 12V-Wasserpumpe, damit Sie auch an den entlegensten Orten \u00fcber hei\u00dfes Wasser verf\u00fcgen k\u00f6nnen!<br \/>\nEchter, terminbasierter Support verf\u00fcgbar M-F, 8.00-8.00 Uhr EST. Eccotemp bietet auch Live-Chat und einen 24\/7-Selbsthilfeschalter, damit Sie immer in WARMWASSER sind. Mit dem geschulten technischen Support, den Handb\u00fcchern und der Fehlerbehebung haben Sie beim Kauf eines Eccotemp-Produkts die Sicherheit, dass Sie sich auf Ihre Bed\u00fcrfnisse einstellen k\u00f6nnen.<br \/>\nMit einer Leistung von 6 Litern pro Minute (LPM) kann der CEL5 Warmwasser mit einem Wasserdruck von nur 20PSI erzeugen und Temperaturen von 10\u00baC \u2013 60\u00baC erreichen. Stellen Sie einfach den Wasser- und Gasfluss ein, um die gew\u00fcnschte Temperatur zu erreichen.<br \/>\n<div class=\"main-cross-sell\" data-asin=\"B07PW96VCK\">\n\n\t<div class=\"WooZone-cross-sell-loader\">\n\t\t<div>\n\t\t\t<div id=\"floatingBarsG\">\n\t\t\t\t<div class=\"blockG\" id=\"rotateG_01\"><\/div>\n\t\t\t\t<div class=\"blockG\" id=\"rotateG_02\"><\/div>\n\t\t\t\t<div class=\"blockG\" id=\"rotateG_03\"><\/div>\n\t\t\t\t<div class=\"blockG\" id=\"rotateG_04\"><\/div>\n\t\t\t\t<div class=\"blockG\" id=\"rotateG_05\"><\/div>\n\t\t\t\t<div class=\"blockG\" id=\"rotateG_06\"><\/div>\n\t\t\t\t<div class=\"blockG\" id=\"rotateG_07\"><\/div>\n\t\t\t\t<div class=\"blockG\" id=\"rotateG_08\"><\/div>\n\t\t\t<\/div>\n\t\t\t<div class=\"WooZone-cross-sell-loader-text\"><\/div>\n\t\t<\/div>\n\t<\/div>\n\n\t\t\n<\/div>\n<div style=\"clear:both;\"><\/div><\/p>\n","protected":false},"excerpt":{"rendered":"<p>Der Eccotemp CEL5 wurde in Summerville SC USA entworfen und entwickelt und ist der einzige legale, CE GAR-zertifizierte, tragbare, tanklose Warmwasserbereiter auf dem Markt, der in Europa legal verkauft werden darf!<br \/>\nLeicht, einfach zu transportieren und kompakt, macht es f\u00fcr den Einsatz beim Camping, bei der Jagd, in Ihrem Tiny Home, Wohnmobilen, am Pool, beim Waschen von Haustieren, beim Reiten, beim Reinigen von Fahrzeugen, in Gew\u00e4chsh\u00e4usern oder \u00fcberall dort, wo Sie sofort zuverl\u00e4ssiges, endlos hei\u00dfes Wasser ben\u00f6tigen, perfekt f\u00fcr hei\u00dfes Wasser, wo immer Sie es brauchen.<br \/>\nL\u00e4uft mit einem Standard 20 lb. fl\u00fcssigem Propantank und ist mit einer elektronischen Z\u00fcndung ausgestattet. Wird mit 2 D-Zellen-Batterien betrieben und ist somit ideal f\u00fcr unterwegs. Machen Sie den L5 noch komfortabler und koppeln Sie ihn mit der EccoFlo 12V-Wasserpumpe, damit Sie auch an den entlegensten Orten \u00fcber hei\u00dfes Wasser verf\u00fcgen k\u00f6nnen!<\/p>\n","protected":false},"featured_media":13415,"comment_status":"open","ping_status":"closed","template":"","meta":[],"product_cat":[2162,27],"product_tag":[],"_links":{"self":[{"href":"http:\/\/campingland24.com\/index.php?rest_route=\/wp\/v2\/product\/13414"}],"collection":[{"href":"http:\/\/campingland24.com\/index.php?rest_route=\/wp\/v2\/product"}],"about":[{"href":"http:\/\/campingland24.com\/index.php?rest_route=\/wp\/v2\/types\/product"}],"replies":[{"embeddable":true,"href":"http:\/\/campingland24.com\/index.php?rest_route=%2Fwp%2Fv2%2Fcomments&post=13414"}],"version-history":[{"count":3,"href":"http:\/\/campingland24.com\/index.php?rest_route=\/wp\/v2\/product\/13414\/revisions"}],"predecessor-version":[{"id":19902,"href":"http:\/\/campingland24.com\/index.php?rest_route=\/wp\/v2\/product\/13414\/revisions\/19902"}],"wp:featuredmedia":[{"embeddable":true,"href":"http:\/\/campingland24.com\/index.php?rest_route=\/wp\/v2\/media\/13415"}],"wp:attachment":[{"href":"http:\/\/campingland24.com\/index.php?rest_route=%2Fwp%2Fv2%2Fmedia&parent=13414"}],"wp:term":[{"taxonomy":"product_cat","embeddable":true,"href":"http:\/\/campingland24.com\/index.php?rest_route=%2Fwp%2Fv2%2Fproduct_cat&post=13414"},{"taxonomy":"product_tag","embeddable":true,"href":"http:\/\/campingland24.com\/index.php?rest_route=%2Fwp%2Fv2%2Fproduct_tag&post=13414"}],"curies":[{"name":"wp","href":"https:\/\/api.w.org\/{rel}","templated":true}]}}