{"id":13418,"date":"2021-07-29T07:04:44","date_gmt":"2021-07-29T07:04:44","guid":{"rendered":"http:\/\/campingland24.com\/?product=comet-26298-mobil-dusche"},"modified":"2023-04-10T18:57:49","modified_gmt":"2023-04-10T18:57:49","slug":"comet-26298-mobil-dusche","status":"publish","type":"product","link":"http:\/\/campingland24.com\/?product=comet-26298-mobil-dusche","title":{"rendered":"Comet 26298 Mobil-Dusche"},"content":{"rendered":"<p><!-- show up to 2 reviews by default --> <\/p>\n<p>Mobil-dusche <\/p>\n<p>Als Reisedusche unentbehrlich f\u00fcr Camping, Freizeit, Sport und Beruf.<br \/>\nMit Wendeleitung (400 cm) und Stecker f\u00fcr den Zigarettenanz\u00fcnder, 1 Brause-Handst\u00fcck mit verstellbarer Brause\/ Perlator mit 200 cm Schlauch. Einfachste Handhabung. \u00dcberall dort sofort einsetzbar, wo eine 12 Volt Steckdose vorhanden ist.<br \/>\nInkl. Weithalskanister. Alternativ (wenn keine 12 Volt Steckdose vorhanden ist) ben\u00f6tigen f\u00fcr den Betrieb 2 Blockbatterien 6 V &#8211; passen in einen Batteriekasten.<br \/>\nTauchpumpe 12 V 12 Liter \/ Min. Druck 0,6 bar.<br \/>\nVolumen: 20 l, Farbe: wei\u00df<br \/>\n<div class=\"main-cross-sell\" data-asin=\"B00FWL8ZU4\">\n\n\t<div class=\"WooZone-cross-sell-loader\">\n\t\t<div>\n\t\t\t<div id=\"floatingBarsG\">\n\t\t\t\t<div class=\"blockG\" id=\"rotateG_01\"><\/div>\n\t\t\t\t<div class=\"blockG\" id=\"rotateG_02\"><\/div>\n\t\t\t\t<div class=\"blockG\" id=\"rotateG_03\"><\/div>\n\t\t\t\t<div class=\"blockG\" id=\"rotateG_04\"><\/div>\n\t\t\t\t<div class=\"blockG\" id=\"rotateG_05\"><\/div>\n\t\t\t\t<div class=\"blockG\" id=\"rotateG_06\"><\/div>\n\t\t\t\t<div class=\"blockG\" id=\"rotateG_07\"><\/div>\n\t\t\t\t<div class=\"blockG\" id=\"rotateG_08\"><\/div>\n\t\t\t<\/div>\n\t\t\t<div class=\"WooZone-cross-sell-loader-text\"><\/div>\n\t\t<\/div>\n\t<\/div>\n\n\t\t\n<\/div>\n<div style=\"clear:both;\"><\/div><\/p>\n","protected":false},"excerpt":{"rendered":"<p>Als Reisedusche unentbehrlich f\u00fcr Camping, Freizeit, Sport und Beruf.<br \/>\nMit Wendeleitung (400 cm) und Stecker f\u00fcr den Zigarettenanz\u00fcnder, 1 Brause-Handst\u00fcck mit verstellbarer Brause\/ Perlator mit 200 cm Schlauch. Einfachste Handhabung. \u00dcberall dort sofort einsetzbar, wo eine 12 Volt Steckdose vorhanden ist.<br \/>\nInkl. Weithalskanister. Alternativ (wenn keine 12 Volt Steckdose vorhanden ist) ben\u00f6tigen f\u00fcr den Betrieb 2 Blockbatterien 6 V &#8211; passen in einen Batteriekasten.<\/p>\n","protected":false},"featured_media":13419,"comment_status":"open","ping_status":"closed","template":"","meta":[],"product_cat":[2162,27],"product_tag":[],"_links":{"self":[{"href":"http:\/\/campingland24.com\/index.php?rest_route=\/wp\/v2\/product\/13418"}],"collection":[{"href":"http:\/\/campingland24.com\/index.php?rest_route=\/wp\/v2\/product"}],"about":[{"href":"http:\/\/campingland24.com\/index.php?rest_route=\/wp\/v2\/types\/product"}],"replies":[{"embeddable":true,"href":"http:\/\/campingland24.com\/index.php?rest_route=%2Fwp%2Fv2%2Fcomments&post=13418"}],"version-history":[{"count":1,"href":"http:\/\/campingland24.com\/index.php?rest_route=\/wp\/v2\/product\/13418\/revisions"}],"predecessor-version":[{"id":14415,"href":"http:\/\/campingland24.com\/index.php?rest_route=\/wp\/v2\/product\/13418\/revisions\/14415"}],"wp:featuredmedia":[{"embeddable":true,"href":"http:\/\/campingland24.com\/index.php?rest_route=\/wp\/v2\/media\/13419"}],"wp:attachment":[{"href":"http:\/\/campingland24.com\/index.php?rest_route=%2Fwp%2Fv2%2Fmedia&parent=13418"}],"wp:term":[{"taxonomy":"product_cat","embeddable":true,"href":"http:\/\/campingland24.com\/index.php?rest_route=%2Fwp%2Fv2%2Fproduct_cat&post=13418"},{"taxonomy":"product_tag","embeddable":true,"href":"http:\/\/campingland24.com\/index.php?rest_route=%2Fwp%2Fv2%2Fproduct_tag&post=13418"}],"curies":[{"name":"wp","href":"https:\/\/api.w.org\/{rel}","templated":true}]}}