{"id":13448,"date":"2021-07-29T07:04:57","date_gmt":"2021-07-29T07:04:57","guid":{"rendered":"http:\/\/campingland24.com\/?product=laserbeak-tragbare-dusche-elektrische-dusche-camping-dusche-eingebauter-4800mah-batterien-und-mit-duschkopf-absperrventil"},"modified":"2023-04-10T18:57:50","modified_gmt":"2023-04-10T18:57:50","slug":"laserbeak-tragbare-dusche-elektrische-dusche-camping-dusche-eingebauter-4800mah-batterien-und-mit-duschkopf-absperrventil","status":"publish","type":"product","link":"http:\/\/campingland24.com\/?product=laserbeak-tragbare-dusche-elektrische-dusche-camping-dusche-eingebauter-4800mah-batterien-und-mit-duschkopf-absperrventil","title":{"rendered":"Laserbeak Tragbare Dusche Elektrische Dusche Camping Dusche eingebauter 4800mAh Batterien und mit Duschkopf\u2026"},"content":{"rendered":"<p><!-- show up to 2 reviews by default --> <\/p>\n<p>Die tragbare Camping-Au\u00dfendusche verf\u00fcgt \u00fcber eine 3.7V \/ <br \/>2400mAH \u00d7 2 Lithiumbatterie. Wenn die elektrische Dusche voll <br \/>aufgeladen ist, kann sie l\u00e4nger als 90 Minuten dauern.<\/p>\n<p> Produktspezifikationen:<br \/> Volt: 3,7 V<br \/> Lithiumbatterie: 2x 2400mAh<br \/> Wasserdurchfluss: Niedriger Stand 3L \/ Min. Hoher Stand 4L \/ Min<br \/> Lademethode: Gleichstromeingang 5V<br \/> Ladezeit: Abh\u00e4ngig von Ihrem Ladeger\u00e4t (5V \/ 2A: ca. 4 Stunden)<br \/> Kontrollleuchte: Ladekontrollleuchte (blau); Kontrollleuchte f\u00fcr <br \/>geringen Stromverbrauch (rot)<br \/> Gesamtl\u00e4nge: ca. 210 cm<br \/> Pumpengr\u00f6\u00dfe: \u00d8 65 x 108 mm<br \/> Sicherheit wassertemperatur: 5 \u2103 -50 \u2103<\/p>\n<p> Vorsichtsma\u00dfnahmen beim Laden:<br \/> 1. Ladeger\u00e4tanforderungen: Ausgang 5V 2A oder mehr als 2A<br \/> 2. Ladezeit: 3-4 Stunden<br \/> 3. Kontrollleuchte: Ladekontrollleuchte (blau); Kontrollleuchte f\u00fcr <br \/>niedrigen Stromverbrauch (rot)<br \/> 4. Ladeanzeige: Der Ladevorgang leuchtet blau. Wenn der Akku voll <br \/>ist, erlischt das blaue Licht.<br \/> 5.Vergewissern Sie sich beim Laden, dass der Netzschalter <br \/>ausgeschaltet ist. (Best\u00e4tigungsmethode: Dr\u00fccken Sie den <br \/>Netzschalter nach dem Laden einige Minuten lang wiederholt, um ihn <br \/>auszuschalten.)<\/p>\n<p> Hinweis: Wenn das Ger\u00e4t w\u00e4hrend des Betriebs automatisch <br \/>ausgeschaltet wird, wird der Netzschalter nicht ausgeschaltet. Das <br \/>Ger\u00e4t kann in diesem Zustand den Ladevorgang nicht abschlie\u00dfen. <br \/>Der Netzschalter muss ausgeschaltet sein, um ordnungsgem\u00e4\u00df <br \/>aufgeladen zu werden.<\/p>\n<p> Paket:<br \/> 1 \u00d7 tragbare elektrische Dusche<br \/> 1 \u00d7 Aufbewahrungsnetzbeutel<br \/> 1 \u00d7 USB-DC-Kabel<br \/> 1 \u00d7 Benutzerhandbuch<br \/> 1 \u00d7 Brausehalter<br \/> 1 \u00d7 Duschkopf-Absperrventil (nur &#8222;Dusche mit Wasserventil&#8220;)<br \/> 2 \u00d7 Gummidichtung (nur &#8222;Dusche mit Wasserventil&#8220;) <\/p>\n<p>{ Praktische Dusche } Die elektrische Dusche eingebaute 4800mAh Lithiumbatterie, stellen Sie sicher, f\u00fcr mehr als 60 Minuten zu arbeiten. Wiederaufladbare Dusche, eingebauter Batterieschutzkreislauf<br \/>\n{ Humanisierte entworfene Dusche } Die elektrische Dusche ist mit Batterie-Warnleuchte und Ladekontrollleuchte ausgelegt. Die tragbare elektrische Dusche durch IPX7 ROHS CE-Zertifizierung, sicher und zuverl\u00e4ssig<br \/>\n{ Variable Geschwindigkeit Dusche } Design hohe und niedrige Geschwindigkeit Ebenen. Das Low-Speed-Wasser ist mild (3L \/ Min), geeignet f\u00fcr \u00e4ltere Menschen, Kinder, Tierfreunde. High-Speed \u200b\u200baus dem Wasser ist dringender (4L \/ Min), geeignet f\u00fcr junge Erwachsene<br \/>\n{ Mehrzweck Dusche } Die tragbare Dusche kann als Innen- \/ Au\u00dfen-pers\u00f6nliche Dusche verwendet werden. Kann als Auto waschen Dusche verwendet werden; Kann als Haustier baden Dusche verwendet werden; Kann als pflanzenw\u00e4sserdusche verwendet werden<br \/>\n{ Sch\u00f6ne und leichte Dusche } Das Aussehen der elektrischen Dusche ist sch\u00f6n und gro\u00dfz\u00fcgig. Die elektrische Dusche ist eine tragbare Dusche. Seine kompakte Struktur, geringes Gewicht, leicht zu tragen. Die tragbare elektrische Dusche, eingebaut ein Filterger\u00e4t. Die Menschen sind im Au\u00dfenbereich zuversichtlich<br \/>\n<div class=\"main-cross-sell\" data-asin=\"B071ZP143D\">\n\n\t<div class=\"WooZone-cross-sell-loader\">\n\t\t<div>\n\t\t\t<div id=\"floatingBarsG\">\n\t\t\t\t<div class=\"blockG\" id=\"rotateG_01\"><\/div>\n\t\t\t\t<div class=\"blockG\" id=\"rotateG_02\"><\/div>\n\t\t\t\t<div class=\"blockG\" id=\"rotateG_03\"><\/div>\n\t\t\t\t<div class=\"blockG\" id=\"rotateG_04\"><\/div>\n\t\t\t\t<div class=\"blockG\" id=\"rotateG_05\"><\/div>\n\t\t\t\t<div class=\"blockG\" id=\"rotateG_06\"><\/div>\n\t\t\t\t<div class=\"blockG\" id=\"rotateG_07\"><\/div>\n\t\t\t\t<div class=\"blockG\" id=\"rotateG_08\"><\/div>\n\t\t\t<\/div>\n\t\t\t<div class=\"WooZone-cross-sell-loader-text\"><\/div>\n\t\t<\/div>\n\t<\/div>\n\n\t\t\n<\/div>\n<div style=\"clear:both;\"><\/div><\/p>\n","protected":false},"excerpt":{"rendered":"<p>{ Praktische Dusche } Die elektrische Dusche eingebaute 4800mAh Lithiumbatterie, stellen Sie sicher, f\u00fcr mehr als 60 Minuten zu arbeiten. Wiederaufladbare Dusche, eingebauter Batterieschutzkreislauf<br \/>\n{ Humanisierte entworfene Dusche } Die elektrische Dusche ist mit Batterie-Warnleuchte und Ladekontrollleuchte ausgelegt. Die tragbare elektrische Dusche durch IPX7 ROHS CE-Zertifizierung, sicher und zuverl\u00e4ssig<br \/>\n{ Variable Geschwindigkeit Dusche } Design hohe und niedrige Geschwindigkeit Ebenen. Das Low-Speed-Wasser ist mild (3L \/ Min), geeignet f\u00fcr \u00e4ltere Menschen, Kinder, Tierfreunde. High-Speed \u200b\u200baus dem Wasser ist dringender (4L \/ Min), geeignet f\u00fcr junge Erwachsene<\/p>\n","protected":false},"featured_media":13449,"comment_status":"open","ping_status":"closed","template":"","meta":[],"product_cat":[2162,27],"product_tag":[],"_links":{"self":[{"href":"http:\/\/campingland24.com\/index.php?rest_route=\/wp\/v2\/product\/13448"}],"collection":[{"href":"http:\/\/campingland24.com\/index.php?rest_route=\/wp\/v2\/product"}],"about":[{"href":"http:\/\/campingland24.com\/index.php?rest_route=\/wp\/v2\/types\/product"}],"replies":[{"embeddable":true,"href":"http:\/\/campingland24.com\/index.php?rest_route=%2Fwp%2Fv2%2Fcomments&post=13448"}],"version-history":[{"count":1,"href":"http:\/\/campingland24.com\/index.php?rest_route=\/wp\/v2\/product\/13448\/revisions"}],"predecessor-version":[{"id":14423,"href":"http:\/\/campingland24.com\/index.php?rest_route=\/wp\/v2\/product\/13448\/revisions\/14423"}],"wp:featuredmedia":[{"embeddable":true,"href":"http:\/\/campingland24.com\/index.php?rest_route=\/wp\/v2\/media\/13449"}],"wp:attachment":[{"href":"http:\/\/campingland24.com\/index.php?rest_route=%2Fwp%2Fv2%2Fmedia&parent=13448"}],"wp:term":[{"taxonomy":"product_cat","embeddable":true,"href":"http:\/\/campingland24.com\/index.php?rest_route=%2Fwp%2Fv2%2Fproduct_cat&post=13448"},{"taxonomy":"product_tag","embeddable":true,"href":"http:\/\/campingland24.com\/index.php?rest_route=%2Fwp%2Fv2%2Fproduct_tag&post=13448"}],"curies":[{"name":"wp","href":"https:\/\/api.w.org\/{rel}","templated":true}]}}