{"id":13544,"date":"2021-07-29T07:08:08","date_gmt":"2021-07-29T07:08:08","guid":{"rendered":"http:\/\/campingland24.com\/?product=wadeo-campingdusche-akku-camping-dusche-outdoor-mit-12v-tauchpumpe"},"modified":"2023-04-10T18:57:53","modified_gmt":"2023-04-10T18:57:53","slug":"wadeo-campingdusche-akku-camping-dusche-outdoor-mit-12v-tauchpumpe","status":"publish","type":"product","link":"http:\/\/campingland24.com\/?product=wadeo-campingdusche-akku-camping-dusche-outdoor-mit-12v-tauchpumpe","title":{"rendered":"WADEO Campingdusche Akku Camping Dusche Outdoor mit 12V Tauchpumpe"},"content":{"rendered":"<div class=\"celwidget aplus-module launchpad-company-logo aplus-standard\">\n<div class=\"a-section a-text-center launchpad-module launchpad-module-company-logo\"> <img alt=\"Campingdusche \" src=\"https:\/\/images-na.ssl-images-amazon.com\/images\/G\/01\/x-locale\/common\/grey-pixel.gif\" class=\"a-lazy-loaded\" data-src=\"https:\/\/m.media-amazon.com\/images\/S\/aplus-media\/sc\/5f999c23-222d-4a5a-91ce-df9a87dc5af4.__CR0,0,600,180_PT0_SX600_V1___.jpg\"><img alt=\"Campingdusche \" src=\"https:\/\/m.media-amazon.com\/images\/S\/aplus-media\/sc\/5f999c23-222d-4a5a-91ce-df9a87dc5af4.__CR0,0,600,180_PT0_SX600_V1___.jpg\"> <\/div>\n<\/p><\/div>\n<div class=\"celwidget aplus-module 3p-module-b aplus-standard\">\n<div class=\"aplus-module-wrapper aplus-3p-fixed-width\"> <img alt=\"Campingdusche\" src=\"https:\/\/images-na.ssl-images-amazon.com\/images\/G\/01\/x-locale\/common\/grey-pixel.gif\" class=\"a-spacing-base a-lazy-loaded\" data-src=\"https:\/\/m.media-amazon.com\/images\/S\/aplus-media-library-service-media\/08f9e6f9-3a32-44f2-95d7-f91c11d2a37b.__CR0,0,970,600_PT0_SX970_V1___.jpg\"><img alt=\"Campingdusche\" src=\"https:\/\/m.media-amazon.com\/images\/S\/aplus-media-library-service-media\/08f9e6f9-3a32-44f2-95d7-f91c11d2a37b.__CR0,0,970,600_PT0_SX970_V1___.jpg\"> <\/p>\n<h3 class=\"a-spacing-mini\"> Paket inklusive <\/h3>\n<p class=\"a-spacing-base\">\n<ul class=\"a-unordered-list a-vertical\">\n<li><span class=\"a-list-item\">1 X Pumpe<\/span><\/li>\n<li><span class=\"a-list-item\">1 X Duschkopf<\/span><\/li>\n<li><span class=\"a-list-item\">1 X Duschd\u00fcse<\/span><\/li>\n<li><span class=\"a-list-item\">1 x 1,8 m Schlauch<\/span><\/li>\n<li><span class=\"a-list-item\">1 X USB-Ladekabel (KEIN Adapter)<\/span><\/li>\n<li><span class=\"a-list-item\">1 X Kopfhalter<\/span><\/li>\n<li><span class=\"a-list-item\">1 X Haken<\/span><\/li>\n<li><span class=\"a-list-item\">1 X Saugnapf<\/span><\/li>\n<\/ul>\n<\/p><\/div>\n<\/p><\/div>\n<div class=\"celwidget aplus-module module-2 aplus-standard\">\n<div data-a-expander-name=\"aplus-module-expander\" data-a-expander-collapsed-height=\"700\" class=\"a-expander-collapsed-height a-row a-expander-container a-expander-partial-collapse-container\">\n<div class=\"a-expander-content a-expander-partial-collapse-content\">\n<div class=\"aplus-module-wrapper apm-floatnone apm-fixed-width\">\n<div class=\"apm-sidemodule apm-spacing\">\n<div class=\"apm-sidemodule-imageleft\"> <img alt=\"Campingdusche\" src=\"https:\/\/images-na.ssl-images-amazon.com\/images\/G\/01\/x-locale\/common\/grey-pixel.gif\" class=\"a-lazy-loaded\" data-src=\"https:\/\/m.media-amazon.com\/images\/S\/aplus-media-library-service-media\/d5bffb92-7575-4a26-b56e-1875a0df5510.__CR0,0,1500,1500_PT0_SX300_V1___.jpg\"><img alt=\"Campingdusche\" src=\"https:\/\/m.media-amazon.com\/images\/S\/aplus-media-library-service-media\/d5bffb92-7575-4a26-b56e-1875a0df5510.__CR0,0,1500,1500_PT0_SX300_V1___.jpg\"> <\/div>\n<div class=\"apm-sidemodule-textright\">\n<h3 class=\"a-spacing-mini\"> USB Aufladen <\/h3>\n<p> Die tragbare elektrische Dusche ist in 2200mAh Akku eingebaut. Bei voller Aufladung bis zu 40-60 Minuten verwenden. Sie k\u00f6nnen es \u00fcber Ihre aufladen <\/p>\n<\/p>\n<ul class=\"a-unordered-list a-vertical\">\n<li><span class=\"a-list-item\">Telefonadapter<\/span><\/li>\n<li><span class=\"a-list-item\"> Power Bank<\/span><\/li>\n<li><span class=\"a-list-item\">USB-Ausgang des Autos usw.<\/span><\/li>\n<\/ul>\n<p> Es muss 6-8 Stunden lang aufgeladen werden, um den Akku f\u00fcr den ersten Gebrauch zu aktivieren. <\/p>\n<p> H<u><span class=\"a-text-italic\"><span class=\"a-text-bold\">inweis: Verwenden Sie es nicht w\u00e4hrend des Ladevorgangs.<\/span><\/span><\/u> <\/p>\n<\/p><\/div>\n<\/p><\/div>\n<\/p><\/div>\n<div><\/div>\n<\/p><\/div>\n<div class=\"a-expander-header a-expander-partial-collapse-header a-text-left\">\n<div class=\"a-expander-content-fade\"><\/div>\n<p><a href=\"void(0)\" data-action=\"a-expander-toggle\" class=\"a-declarative\" data-a-expander-toggle=\"{\"><i class=\"a-icon a-icon-extender-expand\"><\/i><span class=\"a-expander-prompt\">Mehr lesen<\/span><\/a><\/div>\n<\/p><\/div>\n<\/p><\/div>\n<div class=\"celwidget aplus-module module-9 aplus-standard\">\n<div data-a-expander-name=\"aplus-module-expander\" data-a-expander-collapsed-height=\"700\" class=\"a-expander-collapsed-height a-row a-expander-container a-expander-partial-collapse-container\">\n<div class=\"a-expander-content a-expander-partial-collapse-content\">\n<div class=\"aplus-module-wrapper apm-fixed-width\">\n<div class=\"apm-spacing apm-fixed-width\">\n<h3 class=\"a-spacing-small\"> Mehrere Verwendungsm\u00f6glichkeiten <\/h3>\n<table class=\"apm-fixed-width apm-eventhirdcol-table\">\n<tbody>\n<tr>\n<th class=\"apm-center\">\n<div class=\"apm-eventhirdcol apm-floatleft\">\n<p> <img alt=\"Campingdusche\" src=\"https:\/\/images-na.ssl-images-amazon.com\/images\/G\/01\/x-locale\/common\/grey-pixel.gif\" class=\"a-spacing-mini a-lazy-loaded\" data-src=\"https:\/\/m.media-amazon.com\/images\/S\/aplus-media-library-service-media\/17d91a8a-7a01-4dfd-94ef-cabcae44c7d6.__CR0,0,1500,1500_PT0_SX300_V1___.jpg\"><\/p>\n<p><img alt=\"Campingdusche\" src=\"https:\/\/m.media-amazon.com\/images\/S\/aplus-media-library-service-media\/17d91a8a-7a01-4dfd-94ef-cabcae44c7d6.__CR0,0,1500,1500_PT0_SX300_V1___.jpg\"> <\/div>\n<\/th>\n<th class=\"apm-center\">\n<div class=\"apm-eventhirdcol apm-floatleft\">\n<p> <img alt=\"Campingdusche\" src=\"https:\/\/images-na.ssl-images-amazon.com\/images\/G\/01\/x-locale\/common\/grey-pixel.gif\" class=\"a-spacing-mini a-lazy-loaded\" data-src=\"https:\/\/m.media-amazon.com\/images\/S\/aplus-media-library-service-media\/bbc778f1-d326-4bc3-a35f-47a4ff57cec3.__CR0,0,1500,1500_PT0_SX300_V1___.jpg\"><\/p>\n<p><img alt=\"Campingdusche\" src=\"https:\/\/m.media-amazon.com\/images\/S\/aplus-media-library-service-media\/bbc778f1-d326-4bc3-a35f-47a4ff57cec3.__CR0,0,1500,1500_PT0_SX300_V1___.jpg\"> <\/div>\n<\/th>\n<th class=\"apm-center\">\n<div class=\"apm-eventhirdcol apm-floatleft\">\n<p> <img alt=\"Campingdusche\" src=\"https:\/\/images-na.ssl-images-amazon.com\/images\/G\/01\/x-locale\/common\/grey-pixel.gif\" class=\"a-spacing-mini a-lazy-loaded\" data-src=\"https:\/\/m.media-amazon.com\/images\/S\/aplus-media-library-service-media\/6b76c5d7-b758-4816-b1c3-e8d919285fba.__CR0,0,1500,1500_PT0_SX300_V1___.jpg\"><\/p>\n<p><img alt=\"Campingdusche\" src=\"https:\/\/m.media-amazon.com\/images\/S\/aplus-media-library-service-media\/6b76c5d7-b758-4816-b1c3-e8d919285fba.__CR0,0,1500,1500_PT0_SX300_V1___.jpg\"> <\/div>\n<\/th>\n<\/tr>\n<tr>\n<td class=\"apm-top\">\n<div class=\"apm-eventhirdcol apm-floatleft\">\n<h4 class=\"a-spacing-mini\"> Handbrause <\/h4>\n<\/p><\/div>\n<\/td>\n<td class=\"apm-top\">\n<div class=\"apm-eventhirdcol apm-floatleft\">\n<h4 class=\"a-spacing-mini\"> H\u00e4ngende Dusche <\/h4>\n<\/p><\/div>\n<\/td>\n<td class=\"apm-top\">\n<div class=\"apm-eventhirdcol apm-floatleft\">\n<h4 class=\"a-spacing-mini\"> Auto waschen <\/h4>\n<\/p><\/div>\n<\/td>\n<\/tr>\n<\/tbody>\n<\/table>\n<\/div><\/div>\n<div><\/div>\n<\/p><\/div>\n<div class=\"a-expander-header a-expander-partial-collapse-header a-text-left\">\n<div class=\"a-expander-content-fade\"><\/div>\n<p><a href=\"void(0)\" data-action=\"a-expander-toggle\" class=\"a-declarative\" data-a-expander-toggle=\"{\"><i class=\"a-icon a-icon-extender-expand\"><\/i><span class=\"a-expander-prompt\">Mehr lesen<\/span><\/a><\/div>\n<\/p><\/div>\n<\/p><\/div>\n<p>&#x1f4a7;\u3010Nutzungsszenarien\u3011Die elektrische tragbare Au\u00dfendusche arbeitet mit einer konstanten Geschwindigkeit von 2,5 l \/ min und bietet einen sanften und komfortablen Strom. Geeignet f\u00fcr Indoor \/ Outdoor-Duschen, Haustier waschen, Autowaschen, Gartenbew\u00e4sserung, Reisen, Vor allem, wenn Kinder herausgenommen werden, kann diese Powered Portable Camping Dusche ihnen eine einfache Reinigung geben, um ihre Gesundheit zu sch\u00fctzen.<br \/>\n&#x1f4a7;\u3010Wiederaufladbare Dusche mit 2200 mAh\u3011Die Batterien sind von der Pumpe getrennt und k\u00f6nnen nicht in Wasser gelegt werden. Externe Ein \/ Aus-Schalterfunktion. Laden Sie \u00fcber den mitgelieferten 5-V-USB-Ladekabel vom USB-Anschluss, Autoadapter oder Computer oder Laptop auf. Die volle Ladung erm\u00f6glicht eine kontinuierliche Nutzung von mindestens 60 Minuten. Wiederaufladbare Dusche, eingebauter Batterieschutzkreislauf.<br \/>\n&#x1f4a7;\u3010Befestigung mit Haken oder Saugnapf\u3011Unsere Duschsets sind mit einer Vielzahl von Haken und Saugn\u00e4pfen ausgestattet, damit Sie in der Dusche bleiben und eine komfortable Dusche genie\u00dfen k\u00f6nnen. Der Saugnapf und Haken sind ideal f\u00fcr Sie zum Aufh\u00e4ngen des Duschkopfs an einem Baum oder zur Befestigung an der Autoscheibe.<br \/>\n&#x1f4a7;\u3010Einfach zu verwenden\u3011Schlie\u00dfen Sie ein Ende des Schlauchs an die Wasserpumpe und das andere Ende an den Duschkopf an, installieren Sie einen Saugnapf oder einen Haken, um den Duschkopf dort zu befestigen, wo Sie sich befinden, schlie\u00dfen Sie das Netzkabel der Pumpe an die Batterie an und setzen. Einfach die Pumpe (eingebautes Filtersystem) in den Eimer mit Wasser stellen und den Schalter anschalten.<br \/>\n&#x1f4a7;\u3010Tragbare 12V Campingdusche\u3011Dieses Set enth\u00e4lt einen 45-Loch-Duschkopf, einen 2m langen Schlauch, eine elektrische Wasserpumpe, einen abnehmbaren 2000-mAh-Akku, ein 0,8 m langes USB-Ladekabel, einen Saugnapf und einen Haken. Diese tragbare Camping Dusche perfekt f\u00fcr Garten Auto KFZ Camping Outdoor<br \/>\n<div class=\"main-cross-sell\" data-asin=\"B08DNPHD39\">\n\n\t<div class=\"WooZone-cross-sell-loader\">\n\t\t<div>\n\t\t\t<div id=\"floatingBarsG\">\n\t\t\t\t<div class=\"blockG\" id=\"rotateG_01\"><\/div>\n\t\t\t\t<div class=\"blockG\" id=\"rotateG_02\"><\/div>\n\t\t\t\t<div class=\"blockG\" id=\"rotateG_03\"><\/div>\n\t\t\t\t<div class=\"blockG\" id=\"rotateG_04\"><\/div>\n\t\t\t\t<div class=\"blockG\" id=\"rotateG_05\"><\/div>\n\t\t\t\t<div class=\"blockG\" id=\"rotateG_06\"><\/div>\n\t\t\t\t<div class=\"blockG\" id=\"rotateG_07\"><\/div>\n\t\t\t\t<div class=\"blockG\" id=\"rotateG_08\"><\/div>\n\t\t\t<\/div>\n\t\t\t<div class=\"WooZone-cross-sell-loader-text\"><\/div>\n\t\t<\/div>\n\t<\/div>\n\n\t\t\n<\/div>\n<div style=\"clear:both;\"><\/div><\/p>\n","protected":false},"excerpt":{"rendered":"<p>&#x1f4a7;\u3010Nutzungsszenarien\u3011Die elektrische tragbare Au\u00dfendusche arbeitet mit einer konstanten Geschwindigkeit von 2,5 l \/ min und bietet einen sanften und komfortablen Strom. Geeignet f\u00fcr Indoor \/ Outdoor-Duschen, Haustier waschen, Autowaschen, Gartenbew\u00e4sserung, Reisen, Vor allem, wenn Kinder herausgenommen werden, kann diese Powered Portable Camping Dusche ihnen eine einfache Reinigung geben, um ihre Gesundheit zu sch\u00fctzen.<br \/>\n&#x1f4a7;\u3010Wiederaufladbare Dusche mit 2200 mAh\u3011Die Batterien sind von der Pumpe getrennt und k\u00f6nnen nicht in Wasser gelegt werden. Externe Ein \/ Aus-Schalterfunktion. Laden Sie \u00fcber den mitgelieferten 5-V-USB-Ladekabel vom USB-Anschluss, Autoadapter oder Computer oder Laptop auf. Die volle Ladung erm\u00f6glicht eine kontinuierliche Nutzung von mindestens 60 Minuten. Wiederaufladbare Dusche, eingebauter Batterieschutzkreislauf.<br \/>\n&#x1f4a7;\u3010Befestigung mit Haken oder Saugnapf\u3011Unsere Duschsets sind mit einer Vielzahl von Haken und Saugn\u00e4pfen ausgestattet, damit Sie in der Dusche bleiben und eine komfortable Dusche genie\u00dfen k\u00f6nnen. Der Saugnapf und Haken sind ideal f\u00fcr Sie zum Aufh\u00e4ngen des Duschkopfs an einem Baum oder zur Befestigung an der Autoscheibe.<\/p>\n","protected":false},"featured_media":13545,"comment_status":"open","ping_status":"closed","template":"","meta":[],"product_cat":[2162,27],"product_tag":[],"_links":{"self":[{"href":"http:\/\/campingland24.com\/index.php?rest_route=\/wp\/v2\/product\/13544"}],"collection":[{"href":"http:\/\/campingland24.com\/index.php?rest_route=\/wp\/v2\/product"}],"about":[{"href":"http:\/\/campingland24.com\/index.php?rest_route=\/wp\/v2\/types\/product"}],"replies":[{"embeddable":true,"href":"http:\/\/campingland24.com\/index.php?rest_route=%2Fwp%2Fv2%2Fcomments&post=13544"}],"version-history":[{"count":1,"href":"http:\/\/campingland24.com\/index.php?rest_route=\/wp\/v2\/product\/13544\/revisions"}],"predecessor-version":[{"id":14447,"href":"http:\/\/campingland24.com\/index.php?rest_route=\/wp\/v2\/product\/13544\/revisions\/14447"}],"wp:featuredmedia":[{"embeddable":true,"href":"http:\/\/campingland24.com\/index.php?rest_route=\/wp\/v2\/media\/13545"}],"wp:attachment":[{"href":"http:\/\/campingland24.com\/index.php?rest_route=%2Fwp%2Fv2%2Fmedia&parent=13544"}],"wp:term":[{"taxonomy":"product_cat","embeddable":true,"href":"http:\/\/campingland24.com\/index.php?rest_route=%2Fwp%2Fv2%2Fproduct_cat&post=13544"},{"taxonomy":"product_tag","embeddable":true,"href":"http:\/\/campingland24.com\/index.php?rest_route=%2Fwp%2Fv2%2Fproduct_tag&post=13544"}],"curies":[{"name":"wp","href":"https:\/\/api.w.org\/{rel}","templated":true}]}}