{"id":13582,"date":"2021-07-29T07:08:25","date_gmt":"2021-07-29T07:08:25","guid":{"rendered":"http:\/\/campingland24.com\/?product=bidet-hand-wasserbrause-tragbar-campingdusche-wiederaufladbar-2200-mah-batteriebetrieben"},"modified":"2023-04-10T18:57:53","modified_gmt":"2023-04-10T18:57:53","slug":"bidet-hand-wasserbrause-tragbar-campingdusche-wiederaufladbar-2200-mah-batteriebetrieben","status":"publish","type":"product","link":"http:\/\/campingland24.com\/?product=bidet-hand-wasserbrause-tragbar-campingdusche-wiederaufladbar-2200-mah-batteriebetrieben","title":{"rendered":"Bidet Hand-Wasserbrause, tragbar, Campingdusche, wiederaufladbar, 2200 mAh, batteriebetrieben"},"content":{"rendered":"<p>Produktdetails: Motorspannung: 3,7 V, eingebauter Akku: wiederaufladbarer 2200 mAh Lithium-Akku, Wasserdurchfluss: 2,5 l\/min, Schlauch: 1,8 m, kann auf Waschbecken und Badewannen in den meisten Badezimmern angebracht werden, Gewicht: ca. 0,5 kg.<br \/>\nWasserdichte Pumpe, eingebauter Lithium-2200 mAh Akku, Saugnapf, S-Haken, 1,8 m Schlauch, O-Ring, USB-Kabel zum Aufladen.<br \/>\nLeicht und einfach zu transportieren: Die Dusche ist sehr leicht und handlich, l\u00e4sst sich leicht in Gep\u00e4ck, Rucksack oder Kofferraum verstauen, das kompakte Design wird jeden beeindrucken, wenn Sie zum Camping gehen, ist dies die beste Campingausr\u00fcstung, die Sie sich vorstellen k\u00f6nnen.<br \/>\nKompakte Campingdusche: Das Set besteht aus einer leistungsstarken Duschpumpe, einem zierlichen Duschkopf, einem Saugnapf, einem S-Haken und einem 1,8 m langen Schlauch sowie einem wiederaufladbaren Akku, der Mobilit\u00e4t und Flexibilit\u00e4t bei der Verwendung gew\u00e4hrleistet.<br \/>\nVersion: Kommt mit 1 abnehmbaren, wiederaufladbaren 2200 mAH Akku, getrennt von der Pumpe. Externer Ein- \/ Aus-Schalter. Sie m\u00fcssen die Batterie nicht in Wasser eintauchen, was die Lebensdauer der Batterie sch\u00fctzen und verbessern kann.<br \/>\n<div class=\"main-cross-sell\" data-asin=\"B07T8NPB9K\">\n\n\t<div class=\"WooZone-cross-sell-loader\">\n\t\t<div>\n\t\t\t<div id=\"floatingBarsG\">\n\t\t\t\t<div class=\"blockG\" id=\"rotateG_01\"><\/div>\n\t\t\t\t<div class=\"blockG\" id=\"rotateG_02\"><\/div>\n\t\t\t\t<div class=\"blockG\" id=\"rotateG_03\"><\/div>\n\t\t\t\t<div class=\"blockG\" id=\"rotateG_04\"><\/div>\n\t\t\t\t<div class=\"blockG\" id=\"rotateG_05\"><\/div>\n\t\t\t\t<div class=\"blockG\" id=\"rotateG_06\"><\/div>\n\t\t\t\t<div class=\"blockG\" id=\"rotateG_07\"><\/div>\n\t\t\t\t<div class=\"blockG\" id=\"rotateG_08\"><\/div>\n\t\t\t<\/div>\n\t\t\t<div class=\"WooZone-cross-sell-loader-text\"><\/div>\n\t\t<\/div>\n\t<\/div>\n\n\t\t\n<\/div>\n<div style=\"clear:both;\"><\/div><\/p>\n","protected":false},"excerpt":{"rendered":"<p>Produktdetails: Motorspannung: 3,7 V, eingebauter Akku: wiederaufladbarer 2200 mAh Lithium-Akku, Wasserdurchfluss: 2,5 l\/min, Schlauch: 1,8 m, kann auf Waschbecken und Badewannen in den meisten Badezimmern angebracht werden, Gewicht: ca. 0,5 kg.<br \/>\nWasserdichte Pumpe, eingebauter Lithium-2200 mAh Akku, Saugnapf, S-Haken, 1,8 m Schlauch, O-Ring, USB-Kabel zum Aufladen.<br \/>\nLeicht und einfach zu transportieren: Die Dusche ist sehr leicht und handlich, l\u00e4sst sich leicht in Gep\u00e4ck, Rucksack oder Kofferraum verstauen, das kompakte Design wird jeden beeindrucken, wenn Sie zum Camping gehen, ist dies die beste Campingausr\u00fcstung, die Sie sich vorstellen k\u00f6nnen.<\/p>\n","protected":false},"featured_media":13583,"comment_status":"open","ping_status":"closed","template":"","meta":[],"product_cat":[2162,27],"product_tag":[],"_links":{"self":[{"href":"http:\/\/campingland24.com\/index.php?rest_route=\/wp\/v2\/product\/13582"}],"collection":[{"href":"http:\/\/campingland24.com\/index.php?rest_route=\/wp\/v2\/product"}],"about":[{"href":"http:\/\/campingland24.com\/index.php?rest_route=\/wp\/v2\/types\/product"}],"replies":[{"embeddable":true,"href":"http:\/\/campingland24.com\/index.php?rest_route=%2Fwp%2Fv2%2Fcomments&post=13582"}],"version-history":[{"count":1,"href":"http:\/\/campingland24.com\/index.php?rest_route=\/wp\/v2\/product\/13582\/revisions"}],"predecessor-version":[{"id":14457,"href":"http:\/\/campingland24.com\/index.php?rest_route=\/wp\/v2\/product\/13582\/revisions\/14457"}],"wp:featuredmedia":[{"embeddable":true,"href":"http:\/\/campingland24.com\/index.php?rest_route=\/wp\/v2\/media\/13583"}],"wp:attachment":[{"href":"http:\/\/campingland24.com\/index.php?rest_route=%2Fwp%2Fv2%2Fmedia&parent=13582"}],"wp:term":[{"taxonomy":"product_cat","embeddable":true,"href":"http:\/\/campingland24.com\/index.php?rest_route=%2Fwp%2Fv2%2Fproduct_cat&post=13582"},{"taxonomy":"product_tag","embeddable":true,"href":"http:\/\/campingland24.com\/index.php?rest_route=%2Fwp%2Fv2%2Fproduct_tag&post=13582"}],"curies":[{"name":"wp","href":"https:\/\/api.w.org\/{rel}","templated":true}]}}