{"id":13760,"date":"2021-07-29T07:12:30","date_gmt":"2021-07-29T07:12:30","guid":{"rendered":"http:\/\/campingland24.com\/?product=spirella-duschspinne-duschfaltschirm-ombrella-transparent-duschvorhang"},"modified":"2023-04-10T18:57:58","modified_gmt":"2023-04-10T18:57:58","slug":"spirella-duschspinne-duschfaltschirm-ombrella-transparent-duschvorhang","status":"publish","type":"product","link":"http:\/\/campingland24.com\/?product=spirella-duschspinne-duschfaltschirm-ombrella-transparent-duschvorhang","title":{"rendered":"Spirella Duschspinne Duschfaltschirm &#8222;Ombrella&#8220; transparent Duschvorhang"},"content":{"rendered":"<p><!-- show up to 2 reviews by default --> <\/p>\n<h3>Produktbeschreibung des Herstellers<\/h3>\n<p><b>Duschschirm Ombrella <\/b> <\/p>\n<li> bietet Ihnen eine echte Alternative zwischen Duschvorhang und Duschkabine <\/li>\n<li> mit frechem durchsichtigem Duschvorhang <\/li>\n<li> Befestigungsarme Metall verchromt <\/li>\n<li> Markenprodukt aus dem Hause &#8222;spirella&#8220; <\/li>\n<li> (ohne Dekoartikel)\n<\/p>\n<\/li>\n<p>Die Duschfaltkabine Ombrella verwandelt die Badewanne in eine Dusche. Platzsparende, faltbare Duschl\u00f6sung z.B. in der Badewanne<br \/>\nAusgestattet mit einem Folien-Duschvorhang schlie\u00dft die Duschspinne an beiden W\u00e4nden ab<br \/>\nDer Duschvorhang hat eine L\u00e4nge von ca. 170 cm und mit einem Wannenrand von ca. 30-40 cm (\u00dcberlappung ca. 10 cm) entsteht eine Gesamth\u00f6he von ca. 200 cm<br \/>\nDank transparentem Vorhang f\u00e4llt trotz geschlossener Kabine gen\u00fcgend Licht ein. Material ist wasserdicht, licht- und wasserbest\u00e4ndig<br \/>\nMaterial: 100% Vinyl (Duschvorhang), ABS\/Metall verchromt (Gest\u00e4nge). Duschvorhang mit 8 \u00d6sen im modernen Stil (170x200cm)<br \/>\n<div class=\"main-cross-sell\" data-asin=\"B000GZ6QKC\">\n\n\t<div class=\"WooZone-cross-sell-loader\">\n\t\t<div>\n\t\t\t<div id=\"floatingBarsG\">\n\t\t\t\t<div class=\"blockG\" id=\"rotateG_01\"><\/div>\n\t\t\t\t<div class=\"blockG\" id=\"rotateG_02\"><\/div>\n\t\t\t\t<div class=\"blockG\" id=\"rotateG_03\"><\/div>\n\t\t\t\t<div class=\"blockG\" id=\"rotateG_04\"><\/div>\n\t\t\t\t<div class=\"blockG\" id=\"rotateG_05\"><\/div>\n\t\t\t\t<div class=\"blockG\" id=\"rotateG_06\"><\/div>\n\t\t\t\t<div class=\"blockG\" id=\"rotateG_07\"><\/div>\n\t\t\t\t<div class=\"blockG\" id=\"rotateG_08\"><\/div>\n\t\t\t<\/div>\n\t\t\t<div class=\"WooZone-cross-sell-loader-text\"><\/div>\n\t\t<\/div>\n\t<\/div>\n\n\t\t\n<\/div>\n<div style=\"clear:both;\"><\/div><\/p>\n","protected":false},"excerpt":{"rendered":"<p>Die Duschfaltkabine Ombrella verwandelt die Badewanne in eine Dusche. Platzsparende, faltbare Duschl\u00f6sung z.B. in der Badewanne<br \/>\nAusgestattet mit einem Folien-Duschvorhang schlie\u00dft die Duschspinne an beiden W\u00e4nden ab<br \/>\nDer Duschvorhang hat eine L\u00e4nge von ca. 170 cm und mit einem Wannenrand von ca. 30-40 cm (\u00dcberlappung ca. 10 cm) entsteht eine Gesamth\u00f6he von ca. 200 cm<\/p>\n","protected":false},"featured_media":13761,"comment_status":"open","ping_status":"closed","template":"","meta":[],"product_cat":[2162,27],"product_tag":[],"_links":{"self":[{"href":"http:\/\/campingland24.com\/index.php?rest_route=\/wp\/v2\/product\/13760"}],"collection":[{"href":"http:\/\/campingland24.com\/index.php?rest_route=\/wp\/v2\/product"}],"about":[{"href":"http:\/\/campingland24.com\/index.php?rest_route=\/wp\/v2\/types\/product"}],"replies":[{"embeddable":true,"href":"http:\/\/campingland24.com\/index.php?rest_route=%2Fwp%2Fv2%2Fcomments&post=13760"}],"version-history":[{"count":1,"href":"http:\/\/campingland24.com\/index.php?rest_route=\/wp\/v2\/product\/13760\/revisions"}],"predecessor-version":[{"id":14502,"href":"http:\/\/campingland24.com\/index.php?rest_route=\/wp\/v2\/product\/13760\/revisions\/14502"}],"wp:featuredmedia":[{"embeddable":true,"href":"http:\/\/campingland24.com\/index.php?rest_route=\/wp\/v2\/media\/13761"}],"wp:attachment":[{"href":"http:\/\/campingland24.com\/index.php?rest_route=%2Fwp%2Fv2%2Fmedia&parent=13760"}],"wp:term":[{"taxonomy":"product_cat","embeddable":true,"href":"http:\/\/campingland24.com\/index.php?rest_route=%2Fwp%2Fv2%2Fproduct_cat&post=13760"},{"taxonomy":"product_tag","embeddable":true,"href":"http:\/\/campingland24.com\/index.php?rest_route=%2Fwp%2Fv2%2Fproduct_tag&post=13760"}],"curies":[{"name":"wp","href":"https:\/\/api.w.org\/{rel}","templated":true}]}}