{"id":13876,"date":"2021-07-29T07:21:03","date_gmt":"2021-07-29T07:21:03","guid":{"rendered":"http:\/\/campingland24.com\/?product=enders-campingtoilette-starter-set-blue-50-liter-comfort-4946-inkl-sanitaerfluessigkeit-und-wc-papier-mobile-chemietoilette-campingklo-camping-toilette"},"modified":"2023-04-10T18:58:54","modified_gmt":"2023-04-10T18:58:54","slug":"enders-campingtoilette-starter-set-blue-50-liter-comfort-4946-inkl-sanitaerfluessigkeit-und-wc-papier-mobile-chemietoilette-campingklo-camping-toilette","status":"publish","type":"product","link":"http:\/\/campingland24.com\/?product=enders-campingtoilette-starter-set-blue-50-liter-comfort-4946-inkl-sanitaerfluessigkeit-und-wc-papier-mobile-chemietoilette-campingklo-camping-toilette","title":{"rendered":"Enders Campingtoilette Starter-Set Blue 5,0 Liter Comfort 4946 inkl. Sanit\u00e4rfl\u00fcssigkeit und WC Papier &#8211; Mobile\u2026"},"content":{"rendered":"<p><!-- show up to 2 reviews by default --> <\/p>\n<p><strong>Das Camping Klo Starter Set f\u00fcr die Reise mit der ganzen Familie<\/strong> <br \/>Dieses Set beinhaltet alles, was Sie f\u00fcr den ersten Einsatz Ihrer Chemie-Toilette brauchen. Neben dem platzsparenden Camping WC Modell Comfort enth\u00e4lt das Starter-Set 2 l Chemiekonzentrat f\u00fcr den Frischwassertank (Ensan Rinse), 5 l Sanit\u00e4rfl\u00fcssigkeit f\u00fcr den Abwassertank (Ensan Green) und 8 Rollen selbstaufl\u00f6sendes Toilettenpapier (Ensan Soft). <\/p>\n<ul>\n<li>Der Frischwassertank der Chemietoilette ist mit einer senkrechten, im 90 Grad Winkel zum Boden ausgerichteten Bef\u00fcllm\u00f6glichkeit ausgestattet. Zum Bef\u00fcllen der Campingtoilette mit Sanit\u00e4rfl\u00fcssigkeit f\u00fcr Chemietoiletten m\u00fcssen Frischwasser- und Abwassertank nicht voneinander getrennt werden. Haben Sie die Campingtoilette erst einmal, etwa auf Ihrem Boot oder in Ihrem Wohnmobil aufgebaut, kann die Chemietoilette so, ohne umst\u00e4ndliches Verr\u00fccken, direkt mit dem Frischwasserzusatz f\u00fcr Chemietoiletten bef\u00fcllt werden. <\/li>\n<li>Durch die Kolbenpumpe der Chemie Toilette wird schnell ein hoher Druck aufgebaut und R\u00fcckst\u00e4nde werden beim Sp\u00fclgang so hocheffizient entfernt. <\/li>\n<li>Mit nur einem Blick erkennen Sie an der F\u00fcllstandsanzeige, wann Ihre Camping Toilette geleert werden muss. <\/li>\n<li>Der abnehmbare Abwassertank vereinfacht die Reinigung ihrer Campingtoilette. Denn somit entf\u00e4llt das m\u00fchsame Tragen der ganzen Toilette zum Entsorgungsort, was zus\u00e4tzlich noch durch den integrierten Tragegriff erleichtert wird. <\/li>\n<li>Die Toilette hat eine hochwertige, glatte und pflegeleichte Hygieneoberfl\u00e4che, die im Spritzgussverfahren hergestellt wurde.<\/li>\n<\/ul>\n<p>Chemietoilette mit komfortablem Design: bequeme Sitzh\u00f6he, hygienische und angenehm glatte Oberfl\u00e4che, hochwirksame Kolbenpumpe zum Sp\u00fclen, die R\u00fcckst\u00e4nde effektiv entfernt<br \/>\nLeichte + durchdachte Entleerung und Reinigung: F\u00fcllstandsanzeige, abnehmbarer Abwassertank mit Tragegriff<br \/>\nSanit\u00e4rfl\u00fcssigkeiten reichen f\u00fcr bis zu 200 Toiletten-G\u00e4nge<br \/>\nFrischwassertank: 15 Liter \/\/ Abwassertank (abnehmbar): 14 Liter \/\/ Camping-Klo Tragkraft: bis zu 130 kg \/\/ WC-Gewicht: 3,4 kg (Leergewicht), Ma\u00dfe: H=33,5cm \/ B=38,0 cm \/ T=44,6 cm<br \/>\nLieferumfang: Chemietoilette Comfort, 2 x 1 L Chemie-Konzentrat (Frischwasser), 5 L Chemie-Fl\u00fcssigkeit (Abwasser), 8 Rollen Toilettenpapier (selbstaufl\u00f6send)<br \/>\n<div class=\"main-cross-sell\" data-asin=\"B00C770TU0\">\n\n\t<div class=\"WooZone-cross-sell-loader\">\n\t\t<div>\n\t\t\t<div id=\"floatingBarsG\">\n\t\t\t\t<div class=\"blockG\" id=\"rotateG_01\"><\/div>\n\t\t\t\t<div class=\"blockG\" id=\"rotateG_02\"><\/div>\n\t\t\t\t<div class=\"blockG\" id=\"rotateG_03\"><\/div>\n\t\t\t\t<div class=\"blockG\" id=\"rotateG_04\"><\/div>\n\t\t\t\t<div class=\"blockG\" id=\"rotateG_05\"><\/div>\n\t\t\t\t<div class=\"blockG\" id=\"rotateG_06\"><\/div>\n\t\t\t\t<div class=\"blockG\" id=\"rotateG_07\"><\/div>\n\t\t\t\t<div class=\"blockG\" id=\"rotateG_08\"><\/div>\n\t\t\t<\/div>\n\t\t\t<div class=\"WooZone-cross-sell-loader-text\"><\/div>\n\t\t<\/div>\n\t<\/div>\n\n\t\t\n<\/div>\n<div style=\"clear:both;\"><\/div><\/p>\n","protected":false},"excerpt":{"rendered":"<p>Chemietoilette mit komfortablem Design: bequeme Sitzh\u00f6he, hygienische und angenehm glatte Oberfl\u00e4che, hochwirksame Kolbenpumpe zum Sp\u00fclen, die R\u00fcckst\u00e4nde effektiv entfernt<br \/>\nLeichte + durchdachte Entleerung und Reinigung: F\u00fcllstandsanzeige, abnehmbarer Abwassertank mit Tragegriff<br \/>\nSanit\u00e4rfl\u00fcssigkeiten reichen f\u00fcr bis zu 200 Toiletten-G\u00e4nge<\/p>\n","protected":false},"featured_media":13877,"comment_status":"open","ping_status":"closed","template":"","meta":[],"product_cat":[27,2163],"product_tag":[],"_links":{"self":[{"href":"http:\/\/campingland24.com\/index.php?rest_route=\/wp\/v2\/product\/13876"}],"collection":[{"href":"http:\/\/campingland24.com\/index.php?rest_route=\/wp\/v2\/product"}],"about":[{"href":"http:\/\/campingland24.com\/index.php?rest_route=\/wp\/v2\/types\/product"}],"replies":[{"embeddable":true,"href":"http:\/\/campingland24.com\/index.php?rest_route=%2Fwp%2Fv2%2Fcomments&post=13876"}],"version-history":[{"count":1,"href":"http:\/\/campingland24.com\/index.php?rest_route=\/wp\/v2\/product\/13876\/revisions"}],"predecessor-version":[{"id":14530,"href":"http:\/\/campingland24.com\/index.php?rest_route=\/wp\/v2\/product\/13876\/revisions\/14530"}],"wp:featuredmedia":[{"embeddable":true,"href":"http:\/\/campingland24.com\/index.php?rest_route=\/wp\/v2\/media\/13877"}],"wp:attachment":[{"href":"http:\/\/campingland24.com\/index.php?rest_route=%2Fwp%2Fv2%2Fmedia&parent=13876"}],"wp:term":[{"taxonomy":"product_cat","embeddable":true,"href":"http:\/\/campingland24.com\/index.php?rest_route=%2Fwp%2Fv2%2Fproduct_cat&post=13876"},{"taxonomy":"product_tag","embeddable":true,"href":"http:\/\/campingland24.com\/index.php?rest_route=%2Fwp%2Fv2%2Fproduct_tag&post=13876"}],"curies":[{"name":"wp","href":"https:\/\/api.w.org\/{rel}","templated":true}]}}