{"id":13932,"date":"2021-07-29T07:21:26","date_gmt":"2021-07-29T07:21:26","guid":{"rendered":"http:\/\/campingland24.com\/?product=montafox-campingtoilette-24-liter-optional-erhaeltlich-sanitaerfluessigkeiten-und-reinigungsspritze"},"modified":"2023-04-10T18:58:56","modified_gmt":"2023-04-10T18:58:56","slug":"montafox-campingtoilette-24-liter-optional-erhaeltlich-sanitaerfluessigkeiten-und-reinigungsspritze","status":"publish","type":"product","link":"http:\/\/campingland24.com\/?product=montafox-campingtoilette-24-liter-optional-erhaeltlich-sanitaerfluessigkeiten-und-reinigungsspritze","title":{"rendered":"Montafox Campingtoilette 24 Liter &#8211; Optional erh\u00e4ltlich: Sanit\u00e4rfl\u00fcssigkeiten und Reinigungsspritze"},"content":{"rendered":"<div class=\"celwidget aplus-module module-11 aplus-standard\">\n<div data-a-expander-name=\"aplus-module-expander\" data-a-expander-collapsed-height=\"360\" class=\"a-expander-collapsed-height a-row a-expander-container a-expander-partial-collapse-container\">\n<div class=\"a-expander-content a-expander-partial-collapse-content\">\n<div class=\"aplus-module-wrapper apm-spacing apm-floatnone apm-fixed-width\">\n<div class=\"apm-sidemodule aplus-module-content\">\n<div class=\"apm-hero-image\"> <img alt=\"Campingplatz\" src=\"https:\/\/images-na.ssl-images-amazon.com\/images\/G\/01\/x-locale\/common\/grey-pixel.gif\" class=\"a-lazy-loaded\" data-src=\"https:\/\/m.media-amazon.com\/images\/S\/aplus-media\/sc\/0fd4c45f-6ef5-4fc5-a468-5f208b90689f.__CR0,0,970,300_PT0_SX970_V1___.png\"><img alt=\"Campingplatz\" src=\"https:\/\/m.media-amazon.com\/images\/S\/aplus-media\/sc\/0fd4c45f-6ef5-4fc5-a468-5f208b90689f.__CR0,0,970,300_PT0_SX970_V1___.png\"> <\/div>\n<\/p><\/div>\n<\/p><\/div>\n<div><\/div>\n<\/p><\/div>\n<div class=\"a-expander-header a-expander-partial-collapse-header a-text-left\">\n<div class=\"a-expander-content-fade\"><\/div>\n<p><a href=\"void(0)\" data-action=\"a-expander-toggle\" class=\"a-declarative\" data-a-expander-toggle=\"{\"><i class=\"a-icon a-icon-extender-expand\"><\/i><span class=\"a-expander-prompt\">Mehr lesen<\/span><\/a><\/div>\n<\/p><\/div>\n<\/p><\/div>\n<div class=\"celwidget aplus-module module-1 aplus-standard\">\n<div data-a-expander-name=\"aplus-module-expander\" data-a-expander-collapsed-height=\"700\" class=\"a-expander-collapsed-height a-row a-expander-container a-expander-partial-collapse-container\">\n<div class=\"a-expander-content a-expander-partial-collapse-content\">\n<div class=\"aplus-module-wrapper apm-fixed-width\">\n<div class=\"apm-spacing apm-wrap\">\n<div class=\"apm-floatleft apm-wrap\">\n<div class=\"apm-leftimage\"> <img alt=\"Campingtoilette\" src=\"https:\/\/images-na.ssl-images-amazon.com\/images\/G\/01\/x-locale\/common\/grey-pixel.gif\" class=\"a-spacing-mini a-lazy-loaded\" data-src=\"https:\/\/m.media-amazon.com\/images\/S\/aplus-media\/sc\/d1782156-07b1-43a0-959c-fd1f78ffa80b.__CR0,0,300,400_PT0_SX300_V1___.png\"><img alt=\"Campingtoilette\" src=\"https:\/\/m.media-amazon.com\/images\/S\/aplus-media\/sc\/d1782156-07b1-43a0-959c-fd1f78ffa80b.__CR0,0,300,400_PT0_SX300_V1___.png\"> <\/p>\n<\/p><\/div>\n<div class=\"apm-rightthirdcol\">\n<div class=\"apm-rightthirdcol-inner\"> <img alt=\"Montafox Logo\" src=\"https:\/\/images-na.ssl-images-amazon.com\/images\/G\/01\/x-locale\/common\/grey-pixel.gif\" class=\"a-spacing-mini a-lazy-loaded\" data-src=\"https:\/\/m.media-amazon.com\/images\/S\/aplus-media\/sc\/7d4da45d-358b-44b3-aeb3-413400aee318.__CR0,0,350,175_PT0_SX350_V1___.png\"><img alt=\"Montafox Logo\" src=\"https:\/\/m.media-amazon.com\/images\/S\/aplus-media\/sc\/7d4da45d-358b-44b3-aeb3-413400aee318.__CR0,0,350,175_PT0_SX350_V1___.png\"> <\/p>\n<p class=\"a-spacing-small a-size-small a-color-secondary\"> Simpel, Stilvoll, Erstklassig <\/p>\n<p class=\"a-spacing-small a-size-small a-color-secondary\"> Alles rund um Haus, Garten und Freizeit &#8211; Unsere Produkte, Ihr Vergn\u00fcgen! <\/p>\n<\/p><\/div>\n<\/p><\/div>\n<div class=\"apm-centerthirdcol apm-wrap\">\n<h3 class=\"a-spacing-mini\"> Montafox Mobile Camping Toilette mit Kolbenpumpe 24 L <\/h3>\n<h4 class=\"a-spacing-mini a-color-secondary a-text-italic\"> Egal ob Sie sich die n\u00e4chtlichen Wanderungen zur Campingplatz-Toilette sparen wollen oder die Renovierung des Bades ansteht &#8211; die mobile Toilette sorgt f\u00fcr hygienischen Komfort <\/h4>\n<p class=\"a-spacing-base\"> Murphy\u00b4s Law: Je weiter entfernt die n\u00e4chste \u00f6ffentliche Toilette, umso dringender melden sich Prim\u00e4rbed\u00fcrfnisse. Der ortsunabh\u00e4ngige Einsatz der Chemietoilette hat aber nicht nur auf Reisen und bei Campingplatz- und Festivalaufenthalten Vorteile. Auch in Gartensiedlungen oder privaten Freizeitgrundst\u00fccken ist ein hygienischer Sanit\u00e4rbereich unverzichtbar. <\/p>\n<div class=\"amp-centerthirdcol-listbox\">\n<div class=\"a-box a-spacing-small a-color-alternate-background apm-listbox amp-centerthirdcol-listbox\">\n<div class=\"a-box-inner\">\n<ul class=\"a-unordered-list a-vertical\">\n<li><span class=\"a-list-item\"> <span class=\"a-size-base\"> !!! Zubeh\u00f6r optional erh\u00e4ltlich !!! <\/span> <\/span><\/li>\n<li><span class=\"a-list-item\"> <span class=\"a-size-base\"> Funktionalit\u00e4t und Qualit\u00e4t stehen im Vordergrund <\/span> <\/span><\/li>\n<li><span class=\"a-list-item\"> <span class=\"a-size-base\"> Komfort, Sauberkeit und einfache Handhabung beim Bef\u00fcllen vor allem beim Entleeren <\/span> <\/span><\/li>\n<\/ul>\n<\/div>\n<\/div><\/div>\n<\/p><\/div>\n<\/p><\/div>\n<\/p><\/div>\n<\/p><\/div>\n<div><\/div>\n<\/p><\/div>\n<div class=\"a-expander-header a-expander-partial-collapse-header a-text-left\">\n<div class=\"a-expander-content-fade\"><\/div>\n<p><a href=\"void(0)\" data-action=\"a-expander-toggle\" class=\"a-declarative\" data-a-expander-toggle=\"{\"><i class=\"a-icon a-icon-extender-expand\"><\/i><span class=\"a-expander-prompt\">Mehr lesen<\/span><\/a><\/div>\n<\/p><\/div>\n<\/p><\/div>\n<div class=\"celwidget aplus-module module-2 aplus-standard\">\n<div data-a-expander-name=\"aplus-module-expander\" data-a-expander-collapsed-height=\"700\" class=\"a-expander-collapsed-height a-row a-expander-container a-expander-partial-collapse-container\">\n<div class=\"a-expander-content a-expander-partial-collapse-content\">\n<div class=\"aplus-module-wrapper apm-floatnone apm-fixed-width\">\n<div class=\"apm-sidemodule apm-spacing\">\n<div class=\"apm-sidemodule-imageleft\"> <img alt=\"Campingtoilette Zubeh\u00f6r\" src=\"https:\/\/images-na.ssl-images-amazon.com\/images\/G\/01\/x-locale\/common\/grey-pixel.gif\" class=\"a-lazy-loaded\" data-src=\"https:\/\/m.media-amazon.com\/images\/S\/aplus-media\/sc\/4362f78d-0e72-4be5-9842-971862544819.__CR0,0,300,300_PT0_SX300_V1___.png\"><img alt=\"Campingtoilette Zubeh\u00f6r\" src=\"https:\/\/m.media-amazon.com\/images\/S\/aplus-media\/sc\/4362f78d-0e72-4be5-9842-971862544819.__CR0,0,300,300_PT0_SX300_V1___.png\"> <\/div>\n<div class=\"apm-sidemodule-textright\">\n<h3 class=\"a-spacing-mini\"> !! Optional erh\u00e4ltlich !! Je nach Auswahl erfolgt die Lieferung inklusive: <\/h3>\n<p> <span class=\"a-text-bold\">Spr\u00fchaufsatz<\/span> <\/p>\n<p> -&gt; <span class=\"a-text-italic\">wird an den Sp\u00fclwassertank angeschlossen und sorgt f\u00fcr zus\u00e4tzliche Sauberkeit im Toilettenbecken<\/span> <\/p>\n<p> <span class=\"a-text-bold\">Sanit\u00e4rfl\u00fcssigkeit<\/span> <\/p>\n<p> \u2022 1 Liter f\u00fcr Sp\u00fclwasser und 1 Liter f\u00fcr Abwassertank <\/p>\n<p> \u2022 2 Liter f\u00fcr Sp\u00fclwasser und 2 Liter f\u00fcr Abwassertank <\/p>\n<p> \u2022 5 Liter f\u00fcr Sp\u00fclwasser und 5 Liter f\u00fcr Abwassertank <\/p>\n<p> <span class=\"a-text-italic\">-&gt; Sanit\u00e4rfl\u00fcssigkeit Sp\u00fclwasser: wirkt Ablagerungen entgegen, speziell gegen Kalk- und Urinsteinbildung<\/span> <\/p>\n<p> <span class=\"a-text-italic\">-&gt; Sanit\u00e4rfl\u00fcssigkeit F\u00e4kalientank: hygienische Sauberkeit, beschleunigte F\u00e4kalienzersetzung, verhindert die Geruchsbildung<\/span> <\/p>\n<\/p><\/div>\n<\/p><\/div>\n<\/p><\/div>\n<div><\/div>\n<\/p><\/div>\n<div class=\"a-expander-header a-expander-partial-collapse-header a-text-left\">\n<div class=\"a-expander-content-fade\"><\/div>\n<p><a href=\"void(0)\" data-action=\"a-expander-toggle\" class=\"a-declarative\" data-a-expander-toggle=\"{\"><i class=\"a-icon a-icon-extender-expand\"><\/i><span class=\"a-expander-prompt\">Mehr lesen<\/span><\/a><\/div>\n<\/p><\/div>\n<\/p><\/div>\n<div class=\"celwidget aplus-module module-4 aplus-standard\">\n<div data-a-expander-name=\"aplus-module-expander\" data-a-expander-collapsed-height=\"700\" class=\"a-expander-collapsed-height a-row a-expander-container a-expander-partial-collapse-container\">\n<div class=\"a-expander-content a-expander-partial-collapse-content\">\n<div class=\"aplus-module-wrapper apm-fixed-width\">\n<div class=\"apm-spacing\">\n<div class=\"apm-floatleft apm-fixed-width\">\n<div class=\"apm-spacing\">\n<table class=\"apm-fixed-width apm-fourthcol-table\">\n<tbody>\n<tr>\n<th class=\"apm-center\">\n<div class=\"apm-fourthcol\">\n<p> <img alt=\"Toilette Mobil\" src=\"https:\/\/images-na.ssl-images-amazon.com\/images\/G\/01\/x-locale\/common\/grey-pixel.gif\" class=\"a-lazy-loaded\" data-src=\"https:\/\/m.media-amazon.com\/images\/S\/aplus-media\/sc\/b948aa20-0dac-424b-a829-766b0fd404fc.__CR0,0,600,600_PT0_SX220_V1___.png\"><\/p>\n<p><img alt=\"Toilette Mobil\" src=\"https:\/\/m.media-amazon.com\/images\/S\/aplus-media\/sc\/b948aa20-0dac-424b-a829-766b0fd404fc.__CR0,0,600,600_PT0_SX220_V1___.png\"> <\/div>\n<\/th>\n<th class=\"apm-center\">\n<div class=\"apm-fourthcol\">\n<p> <img alt=\"Campingtoilette\" src=\"https:\/\/images-na.ssl-images-amazon.com\/images\/G\/01\/x-locale\/common\/grey-pixel.gif\" class=\"a-lazy-loaded\" data-src=\"https:\/\/m.media-amazon.com\/images\/S\/aplus-media\/sc\/b111aa5f-411c-4e0e-8286-3cbd809696ce.__CR0,0,600,600_PT0_SX220_V1___.png\"><\/p>\n<p><img alt=\"Campingtoilette\" src=\"https:\/\/m.media-amazon.com\/images\/S\/aplus-media\/sc\/b111aa5f-411c-4e0e-8286-3cbd809696ce.__CR0,0,600,600_PT0_SX220_V1___.png\"> <\/div>\n<\/th>\n<th class=\"apm-center\">\n<div class=\"apm-fourthcol\">\n<p> <img alt=\"CampingToilette\" src=\"https:\/\/images-na.ssl-images-amazon.com\/images\/G\/01\/x-locale\/common\/grey-pixel.gif\" class=\"a-lazy-loaded\" data-src=\"https:\/\/m.media-amazon.com\/images\/S\/aplus-media\/sc\/950421dd-0d38-4f1e-911d-d72aa429756a.__CR0,0,600,600_PT0_SX220_V1___.png\"><\/p>\n<p><img alt=\"CampingToilette\" src=\"https:\/\/m.media-amazon.com\/images\/S\/aplus-media\/sc\/950421dd-0d38-4f1e-911d-d72aa429756a.__CR0,0,600,600_PT0_SX220_V1___.png\"> <\/div>\n<\/th>\n<th class=\"apm-center\">\n<div class=\"apm-fourthcol\">\n<p> <img alt=\"Campingtoilette mit Zubeh\u00f6r\" src=\"https:\/\/images-na.ssl-images-amazon.com\/images\/G\/01\/x-locale\/common\/grey-pixel.gif\" class=\"a-lazy-loaded\" data-src=\"https:\/\/m.media-amazon.com\/images\/S\/aplus-media\/sc\/d4b4ddfa-52c6-4c15-8b31-d2e52b099ed5.__CR0,0,600,600_PT0_SX220_V1___.png\"><\/p>\n<p><img alt=\"Campingtoilette mit Zubeh\u00f6r\" src=\"https:\/\/m.media-amazon.com\/images\/S\/aplus-media\/sc\/d4b4ddfa-52c6-4c15-8b31-d2e52b099ed5.__CR0,0,600,600_PT0_SX220_V1___.png\"> <\/div>\n<\/th>\n<\/tr>\n<tr>\n<td class=\"apm-top\">\n<div class=\"apm-fourthcol\">\n<p class=\"a-size-small\">\n<ul class=\"a-unordered-list a-vertical\">\n<li><span class=\"a-list-item\">Gewicht: 4,7 kg<\/span><\/li>\n<li><span class=\"a-list-item\">Bequeme Sitzh\u00f6he von 44 cm<\/span><\/li>\n<li><span class=\"a-list-item\">Abmessungen: 45 x 37 x 46 cm (H\u00f6he x Breite x Tiefe)<\/span><\/li>\n<li><span class=\"a-list-item\">Frischwassertank: 20 Liter<\/span><\/li>\n<li><span class=\"a-list-item\">F\u00e4kalientank: 24 Liter<\/span><\/li>\n<li><span class=\"a-list-item\">Belastbar bis: 130 kg<\/span><\/li>\n<\/ul>\n<\/p><\/div>\n<\/td>\n<td class=\"apm-top\">\n<div class=\"apm-fourthcol\">\n<p class=\"a-size-small\">\n<ul class=\"a-unordered-list a-vertical\">\n<li><span class=\"a-list-item\">Intigriertes Fach f\u00fcr eine Rolle Toilettenpapier<\/span><\/li>\n<li><span class=\"a-list-item\">Robuste Konstruktion, sicherer Stand<\/span><\/li>\n<li><span class=\"a-list-item\">Hautsympathische, leicht zu reinigende Oberfl\u00e4che<\/span><\/li>\n<\/ul>\n<\/p><\/div>\n<\/td>\n<td class=\"apm-top\">\n<div class=\"apm-fourthcol\">\n<p class=\"a-size-small\">\n<ul class=\"a-unordered-list a-vertical\">\n<li><span class=\"a-list-item\">Zwei Sp\u00fclventile im Toilettenbecken f\u00fcr ein fl\u00e4chendeckendes Sp\u00fclen ohne R\u00fcckst\u00e4nde<\/span><\/li>\n<li><span class=\"a-list-item\">Sauberes und einfaches Entleeren<\/span><\/li>\n<li><span class=\"a-list-item\">Starker Reinigungsstrahl durch Kolben-Pumpe &#8211; unabh\u00e4ngig von s\u00e4mtlichen Stromquellen<\/span><\/li>\n<\/ul>\n<\/p><\/div>\n<\/td>\n<td class=\"apm-top\">\n<div class=\"apm-fourthcol\">\n<p class=\"a-size-small\">\n<ul class=\"a-unordered-list a-vertical\">\n<li><span class=\"a-list-item\">Schieber-Absperrventil &#8211; Sicherheit beim Abnehmen des F\u00e4kalientanks<\/span><\/li>\n<li><span class=\"a-list-item\">Abnehmbarer Frischwassertank mit Tragegriff<\/span><\/li>\n<li><span class=\"a-list-item\">F\u00e4kalientank mit Tragegriff<\/span><\/li>\n<\/ul>\n<\/p><\/div>\n<\/td>\n<\/tr>\n<\/tbody>\n<\/table>\n<\/div><\/div>\n<\/p><\/div>\n<\/p><\/div>\n<div><\/div>\n<\/p><\/div>\n<div class=\"a-expander-header a-expander-partial-collapse-header a-text-left\">\n<div class=\"a-expander-content-fade\"><\/div>\n<p><a href=\"void(0)\" data-action=\"a-expander-toggle\" class=\"a-declarative\" data-a-expander-toggle=\"{\"><i class=\"a-icon a-icon-extender-expand\"><\/i><span class=\"a-expander-prompt\">Mehr lesen<\/span><\/a><\/div>\n<\/p><\/div>\n<\/p><\/div>\n<div class=\"celwidget aplus-module module-11 aplus-standard\">\n<div data-a-expander-name=\"aplus-module-expander\" data-a-expander-collapsed-height=\"360\" class=\"a-expander-collapsed-height a-row a-expander-container a-expander-partial-collapse-container\">\n<div class=\"a-expander-content a-expander-partial-collapse-content\">\n<div class=\"aplus-module-wrapper apm-spacing apm-floatnone apm-fixed-width\">\n<div class=\"apm-sidemodule aplus-module-content\">\n<div class=\"apm-hero-image\"> <img alt=\"Sicherheitshinweise\" src=\"https:\/\/images-na.ssl-images-amazon.com\/images\/G\/01\/x-locale\/common\/grey-pixel.gif\" class=\"a-lazy-loaded\" data-src=\"https:\/\/m.media-amazon.com\/images\/S\/aplus-media\/sc\/bf9efe11-9bbd-4066-9cd9-ac38892686e9.__CR0,0,970,300_PT0_SX970_V1___.png\"><img alt=\"Sicherheitshinweise\" src=\"https:\/\/m.media-amazon.com\/images\/S\/aplus-media\/sc\/bf9efe11-9bbd-4066-9cd9-ac38892686e9.__CR0,0,970,300_PT0_SX970_V1___.png\"> <\/div>\n<\/p><\/div>\n<\/p><\/div>\n<div><\/div>\n<\/p><\/div>\n<div class=\"a-expander-header a-expander-partial-collapse-header a-text-left\">\n<div class=\"a-expander-content-fade\"><\/div>\n<p><a href=\"void(0)\" data-action=\"a-expander-toggle\" class=\"a-declarative\" data-a-expander-toggle=\"{\"><i class=\"a-icon a-icon-extender-expand\"><\/i><span class=\"a-expander-prompt\">Mehr lesen<\/span><\/a><\/div>\n<\/p><\/div>\n<\/p><\/div>\n<div class=\"celwidget aplus-module module-5 aplus-standard\">\n<div class=\"aplus-module-wrapper apm-fixed-width\">\n<div class=\"apm-spacing aplus-module-content\">\n<div class=\"apm-tablemodule\">\n<table class=\"apm-tablemodule-table\" cellspacing=\"0\" cellpadding=\"0\">\n<tbody>\n<tr class=\"apm-tablemodule-imagerows\">\n<th class=\"apm-tablemodule-blankkeyhead\"> <\/th>\n<th class=\"apm-tablemodule-image \"> <a href=\"\/dp\/B00LM9X884\/ref=emc_b_5_i\"> <img alt=\"Campingtoilette\" src=\"https:\/\/m.media-amazon.com\/images\/S\/aplus-media\/sc\/63ecec5c-6cf1-41dc-9ded-7bcfeb99d77c.__CR0,0,150,300_PT0_SX150_V1___.png\" width=\"148.0px\"><\/a> <\/th>\n<th class=\"apm-tablemodule-image \"> <a href=\"\/dp\/B07BJZYCH4\/ref=emc_b_5_i\"> <img alt=\"Campingwaschbecken\" src=\"https:\/\/m.media-amazon.com\/images\/S\/aplus-media\/sc\/0bfcedd3-c0d8-4212-b9e8-0595a1022ee4.__CR0,0,150,300_PT0_SX150_V1___.png\" width=\"148.0px\"><\/a> <\/th>\n<th class=\"apm-tablemodule-image \"> <a href=\"\/dp\/B00LMBXE36\/ref=emc_b_5_i\"> <img alt=\"Sanit\u00e4rfl\u00fcssigkeit\" src=\"https:\/\/m.media-amazon.com\/images\/S\/aplus-media\/sc\/6cb8d99a-1b2c-4cd2-827b-2f2e9fdb986d.__CR0,0,150,300_PT0_SX150_V1___.png\" width=\"148.0px\"><\/a> <\/th>\n<th class=\"apm-tablemodule-image \"> <a href=\"\/dp\/B00LMBXFEE\/ref=emc_b_5_i\"> <img alt=\"Sanit\u00e4rfl\u00fcssigkeit\" src=\"https:\/\/m.media-amazon.com\/images\/S\/aplus-media\/sc\/3b77fcf4-9690-4248-8edf-9c7777aed753.__CR0,0,150,300_PT0_SX150_V1___.png\" width=\"148.0px\"><\/a> <\/th>\n<th class=\"apm-tablemodule-image \"> <a href=\"\/dp\/B073WYYKX6\/ref=emc_b_5_i\"> <img alt=\"Sanit\u00e4rfl\u00fcssigkeit\" src=\"https:\/\/m.media-amazon.com\/images\/S\/aplus-media\/sc\/effae72c-6922-40b7-89a6-30f8f7e7ba54.__CR0,0,150,300_PT0_SX150_V1___.png\" width=\"148.0px\"><\/a> <\/th>\n<\/tr>\n<tr class=\"apm-tablemodule-imagerows\">\n<th class=\"apm-tablemodule-blankkeyhead\"> <\/th>\n<th> <a href=\"\/dp\/B00LM9X884\/ref=emc_b_5_t\"> Campingtoilette 20 L <\/a> <\/th>\n<th> <a href=\"\/dp\/B07BJZYCH4\/ref=emc_b_5_t\"> mobiles Campingwaschbecken <\/a> <\/th>\n<th> <a href=\"\/dp\/B00LMBXE36\/ref=emc_b_5_t\"> 2 x 1 Liter Sanit\u00e4rfl\u00fcssigkeit <\/a> <\/th>\n<th> <a href=\"\/dp\/B00LMBXFEE\/ref=emc_b_5_t\"> 2 x 2 Liter Sanit\u00e4rfl\u00fcssigkeit <\/a> <\/th>\n<th> <a href=\"\/dp\/B073WYYKX6\/ref=emc_b_5_t\"> 2 x 5 Liter Sanit\u00e4rfl\u00fcssigkeit <\/a> <\/th>\n<\/tr>\n<tr class=\"apm-tablemodule-keyvalue\">\n<th class=\"apm-tablemodule-keyhead\"> <span class=\"a-color-secondary\"> <\/span> <\/th>\n<td class=\"apm-tablemodule-valuecell\"> <span class=\"a-size-base\"> Mobile Campingtoilette &#8211; bietet Komfort, Sauberkeit und eine einfache Handhabung beim Bef\u00fcllen vor allem beim Entleeren <\/span> <\/td>\n<td class=\"apm-tablemodule-valuecell\"> <span class=\"a-size-base\"> Erh\u00f6hen Sie den Hygienestandard f\u00fcr Ihr n\u00e4chstes Camping- oder Festival-Erlebnis &#8211; unanbh\u00e4ngig von Strom- und Wasseranschluss <\/span> <\/td>\n<td class=\"apm-tablemodule-valuecell\"> <span class=\"a-size-base\"> Die perfekte Hygiene f\u00fcr das mobile WC. So bleibt das Wasser hygienisch frisch und sorgt f\u00fcr eine wirkungsvolle und saubere Sp\u00fclung <\/span> <\/td>\n<td class=\"apm-tablemodule-valuecell\"> <span class=\"a-size-base\"> Die perfekte Hygiene f\u00fcr das mobile WC. So bleibt das Wasser hygienisch frisch und sorgt f\u00fcr eine wirkungsvolle und saubere Sp\u00fclung <\/span> <\/td>\n<td class=\"apm-tablemodule-valuecell\"> <span class=\"a-size-base\"> Die perfekte Hygiene f\u00fcr das mobile WC. So bleibt das Wasser hygienisch frisch und sorgt f\u00fcr eine wirkungsvolle und saubere Sp\u00fclung <\/span> <\/td>\n<\/tr>\n<\/tbody>\n<\/table>\n<\/div><\/div>\n<\/p><\/div>\n<div><\/div>\n<\/p><\/div>\n<p>&#x2714; Extrem ergiebig: Das Starter-Set beinhaltet WAHLWEISE ein Komplettset an Sanit\u00e4rfl\u00fcssigkeiten und\/oder eine Reinigungsspritze (\u2762\u2762\u2762 Zubeh\u00f6r OPTIONAL erh\u00e4ltlich: bitte w\u00e4hlen Sie die gew\u00fcnschte Variante \u2762\u2762\u2762)<br \/>\n&#x2714; Hygienisch: Zwei Sp\u00fclventile im Toilettenbecken sorgen f\u00fcr ein fl\u00e4chendeckendes Sp\u00fclen ohne R\u00fcckst\u00e4nde. Die Toilettenoberfl\u00e4che ist leicht zu reinigen<br \/>\n&#x2714; Stabil: Die robuste Konstruktion bietet sicheren Stand. Die Toilette ist bis zu 130 kg belastbar und hat eine bequeme Sitzh\u00f6he von 44 cm<br \/>\n&#x2714; Hohes Fassungsverm\u00f6gen: Mit dem 20 Liter Frischwassertank und dem 24 Liter F\u00e4kalientank kann die mobile Toilette bis zu 70 Toiletten-G\u00e4nge fassen. Das Gesamtma\u00df der Toilette betr\u00e4gt H=45 cm\/ B=37 cm\/ T= 46 cm<br \/>\n&#x2714; Leichte Entleerung: Frischwasser- sowie F\u00e4kalientank sind mit Tragegriffen ausgestattet. Zusammen mit dem geringem Gewicht von 4,7 kg wird ein einfaches und schnelles Entleeren erm\u00f6glicht<br \/>\n<div class=\"main-cross-sell\" data-asin=\"B08N1DZW2V\">\n\n\t<div class=\"WooZone-cross-sell-loader\">\n\t\t<div>\n\t\t\t<div id=\"floatingBarsG\">\n\t\t\t\t<div class=\"blockG\" id=\"rotateG_01\"><\/div>\n\t\t\t\t<div class=\"blockG\" id=\"rotateG_02\"><\/div>\n\t\t\t\t<div class=\"blockG\" id=\"rotateG_03\"><\/div>\n\t\t\t\t<div class=\"blockG\" id=\"rotateG_04\"><\/div>\n\t\t\t\t<div class=\"blockG\" id=\"rotateG_05\"><\/div>\n\t\t\t\t<div class=\"blockG\" id=\"rotateG_06\"><\/div>\n\t\t\t\t<div class=\"blockG\" id=\"rotateG_07\"><\/div>\n\t\t\t\t<div class=\"blockG\" id=\"rotateG_08\"><\/div>\n\t\t\t<\/div>\n\t\t\t<div class=\"WooZone-cross-sell-loader-text\"><\/div>\n\t\t<\/div>\n\t<\/div>\n\n\t\t\n<\/div>\n<div style=\"clear:both;\"><\/div><\/p>\n","protected":false},"excerpt":{"rendered":"<p>&#x2714; Extrem ergiebig: Das Starter-Set beinhaltet WAHLWEISE ein Komplettset an Sanit\u00e4rfl\u00fcssigkeiten und\/oder eine Reinigungsspritze (\u2762\u2762\u2762 Zubeh\u00f6r OPTIONAL erh\u00e4ltlich: bitte w\u00e4hlen Sie die gew\u00fcnschte Variante \u2762\u2762\u2762)<br \/>\n&#x2714; Hygienisch: Zwei Sp\u00fclventile im Toilettenbecken sorgen f\u00fcr ein fl\u00e4chendeckendes Sp\u00fclen ohne R\u00fcckst\u00e4nde. Die Toilettenoberfl\u00e4che ist leicht zu reinigen<br \/>\n&#x2714; Stabil: Die robuste Konstruktion bietet sicheren Stand. Die Toilette ist bis zu 130 kg belastbar und hat eine bequeme Sitzh\u00f6he von 44 cm<\/p>\n","protected":false},"featured_media":13933,"comment_status":"open","ping_status":"closed","template":"","meta":[],"product_cat":[27,2163],"product_tag":[],"_links":{"self":[{"href":"http:\/\/campingland24.com\/index.php?rest_route=\/wp\/v2\/product\/13932"}],"collection":[{"href":"http:\/\/campingland24.com\/index.php?rest_route=\/wp\/v2\/product"}],"about":[{"href":"http:\/\/campingland24.com\/index.php?rest_route=\/wp\/v2\/types\/product"}],"replies":[{"embeddable":true,"href":"http:\/\/campingland24.com\/index.php?rest_route=%2Fwp%2Fv2%2Fcomments&post=13932"}],"version-history":[{"count":1,"href":"http:\/\/campingland24.com\/index.php?rest_route=\/wp\/v2\/product\/13932\/revisions"}],"predecessor-version":[{"id":14544,"href":"http:\/\/campingland24.com\/index.php?rest_route=\/wp\/v2\/product\/13932\/revisions\/14544"}],"wp:featuredmedia":[{"embeddable":true,"href":"http:\/\/campingland24.com\/index.php?rest_route=\/wp\/v2\/media\/13933"}],"wp:attachment":[{"href":"http:\/\/campingland24.com\/index.php?rest_route=%2Fwp%2Fv2%2Fmedia&parent=13932"}],"wp:term":[{"taxonomy":"product_cat","embeddable":true,"href":"http:\/\/campingland24.com\/index.php?rest_route=%2Fwp%2Fv2%2Fproduct_cat&post=13932"},{"taxonomy":"product_tag","embeddable":true,"href":"http:\/\/campingland24.com\/index.php?rest_route=%2Fwp%2Fv2%2Fproduct_tag&post=13932"}],"curies":[{"name":"wp","href":"https:\/\/api.w.org\/{rel}","templated":true}]}}