{"id":13956,"date":"2021-07-29T07:21:35","date_gmt":"2021-07-29T07:21:35","guid":{"rendered":"http:\/\/campingland24.com\/?product=enders-campingtoilette-supreme-camping-toilette-weiss"},"modified":"2023-04-10T18:58:56","modified_gmt":"2023-04-10T18:58:56","slug":"enders-campingtoilette-supreme-camping-toilette-weiss","status":"publish","type":"product","link":"http:\/\/campingland24.com\/?product=enders-campingtoilette-supreme-camping-toilette-weiss","title":{"rendered":"Enders Mobil-WC, 4942"},"content":{"rendered":"<p><!-- show up to 2 reviews by default --> <\/p>\n<p>KomfortableSitzh\u00f6he von 44,7 cm wie Zuhause Integrierter Toilettenrollenhalter Toilettendeckel und -brille werkzeuglos abnehmbar f\u00fcr einfache Reinigung und schnelles, unkompliziertes Bef\u00fcllen des Sp\u00fclwassertanks Sp\u00fclung \u00fcber Kolbenpumpe Schnelle Trennung von Sp\u00fcl- und Abwassertank f\u00fcr einfache Handhabung Je 1 ergonomischer Tragegriff f\u00fcr Sp\u00fcl- und Abwassertank Schwenkbares Rohr f\u00fcr sauberes Entleeren des Abwassertanks Mit Bel\u00fcftungstaste F\u00fcllstandsanzeige f\u00fcr den Abwassertank Besonders glatte und hygienische Oberfl\u00e4che Sp\u00fclwassertank: 21 Liter Volumen Abwassertank: 22 Liter Volumen <\/p>\n<p>Komfort wie Zuhause: Sitzh\u00f6he von 44,7 cm, bequeme Toilettenbrillenform und integrierter Toilettenrollenhalter<br \/>\nSp\u00fclung \u00fcber Kolbenpumpe, F\u00fcllstandsanzeige f\u00fcr den Abwassertank, schnelle Trennung von Sp\u00fcl- und Abwassertank f\u00fcr einfache Handhabung<br \/>\nje 1 ergonomischer Tragegriff an Sp\u00fcl- und Abwassertank, Transportrolle f\u00fcr leichten Transport bei gef\u00fclltem Abwassertank, schwenkbares Rohr und Bel\u00fcftungstaste f\u00fcr sauberes Entleeren des Abwassertanks<br \/>\nToilettendeckel und -brille werkzeuglos abnehmbar f\u00fcr einfache und gr\u00fcndliche Reinigung der besonders glatten, hygienischen Oberfl\u00e4chen sowie schnelles, unkompliziertes Bef\u00fcllen des Sp\u00fclwassertanks<br \/>\nSp\u00fclwassertank: 21 L Volumen, Abwassertank: 22 L Volumen, Tragkraft: 130 kg, Gewicht: 4,7 kg<br \/>\n<div class=\"main-cross-sell\" data-asin=\"B082XS6TGJ\">\n\n\t<div class=\"WooZone-cross-sell-loader\">\n\t\t<div>\n\t\t\t<div id=\"floatingBarsG\">\n\t\t\t\t<div class=\"blockG\" id=\"rotateG_01\"><\/div>\n\t\t\t\t<div class=\"blockG\" id=\"rotateG_02\"><\/div>\n\t\t\t\t<div class=\"blockG\" id=\"rotateG_03\"><\/div>\n\t\t\t\t<div class=\"blockG\" id=\"rotateG_04\"><\/div>\n\t\t\t\t<div class=\"blockG\" id=\"rotateG_05\"><\/div>\n\t\t\t\t<div class=\"blockG\" id=\"rotateG_06\"><\/div>\n\t\t\t\t<div class=\"blockG\" id=\"rotateG_07\"><\/div>\n\t\t\t\t<div class=\"blockG\" id=\"rotateG_08\"><\/div>\n\t\t\t<\/div>\n\t\t\t<div class=\"WooZone-cross-sell-loader-text\"><\/div>\n\t\t<\/div>\n\t<\/div>\n\n\t\t\n<\/div>\n<div style=\"clear:both;\"><\/div><\/p>\n","protected":false},"excerpt":{"rendered":"<p>Komfort wie Zuhause: Sitzh\u00f6he von 44,7 cm, bequeme Toilettenbrillenform und integrierter Toilettenrollenhalter<br \/>\nSp\u00fclung \u00fcber Kolbenpumpe, F\u00fcllstandsanzeige f\u00fcr den Abwassertank, schnelle Trennung von Sp\u00fcl- und Abwassertank f\u00fcr einfache Handhabung<br \/>\nje 1 ergonomischer Tragegriff an Sp\u00fcl- und Abwassertank, Transportrolle f\u00fcr leichten Transport bei gef\u00fclltem Abwassertank, schwenkbares Rohr und Bel\u00fcftungstaste f\u00fcr sauberes Entleeren des Abwassertanks<\/p>\n","protected":false},"featured_media":13957,"comment_status":"open","ping_status":"closed","template":"","meta":[],"product_cat":[27,2163],"product_tag":[],"_links":{"self":[{"href":"http:\/\/campingland24.com\/index.php?rest_route=\/wp\/v2\/product\/13956"}],"collection":[{"href":"http:\/\/campingland24.com\/index.php?rest_route=\/wp\/v2\/product"}],"about":[{"href":"http:\/\/campingland24.com\/index.php?rest_route=\/wp\/v2\/types\/product"}],"replies":[{"embeddable":true,"href":"http:\/\/campingland24.com\/index.php?rest_route=%2Fwp%2Fv2%2Fcomments&post=13956"}],"version-history":[{"count":5,"href":"http:\/\/campingland24.com\/index.php?rest_route=\/wp\/v2\/product\/13956\/revisions"}],"predecessor-version":[{"id":19811,"href":"http:\/\/campingland24.com\/index.php?rest_route=\/wp\/v2\/product\/13956\/revisions\/19811"}],"wp:featuredmedia":[{"embeddable":true,"href":"http:\/\/campingland24.com\/index.php?rest_route=\/wp\/v2\/media\/13957"}],"wp:attachment":[{"href":"http:\/\/campingland24.com\/index.php?rest_route=%2Fwp%2Fv2%2Fmedia&parent=13956"}],"wp:term":[{"taxonomy":"product_cat","embeddable":true,"href":"http:\/\/campingland24.com\/index.php?rest_route=%2Fwp%2Fv2%2Fproduct_cat&post=13956"},{"taxonomy":"product_tag","embeddable":true,"href":"http:\/\/campingland24.com\/index.php?rest_route=%2Fwp%2Fv2%2Fproduct_tag&post=13956"}],"curies":[{"name":"wp","href":"https:\/\/api.w.org\/{rel}","templated":true}]}}