{"id":13984,"date":"2021-07-29T07:24:51","date_gmt":"2021-07-29T07:24:51","guid":{"rendered":"http:\/\/campingland24.com\/?product=proplus-tragbare-campingtoilette"},"modified":"2023-04-10T18:58:57","modified_gmt":"2023-04-10T18:58:57","slug":"proplus-tragbare-campingtoilette","status":"publish","type":"product","link":"http:\/\/campingland24.com\/?product=proplus-tragbare-campingtoilette","title":{"rendered":"ProPlus Tragbare Camping-Toilette"},"content":{"rendered":"<p><!-- show up to 2 reviews by default --> <\/p>\n<p>unser Camping WC ist Geeignet f\u00fcr Innen-und Au\u00dfeneinsatz Ideal f\u00fcr Camping, Caravaning, Outdoor-Events, Boote usw. Inhalt: 7 Liter Bequemen Sitz (Sithh\u00f6he: 33cm) Mit WC-Rollenhalter Abnehmbare Eimer mit Deckel Einfach zu reinigen Leichtgewichtig Artikel ist neu und sofort lieferbar !!! <\/p>\n<p>unser Camping WC ist Geeignet f\u00fcr Innen-und Au\u00dfeneinsatz Ideal f\u00fcr Camping, Caravaning, Outdoor-Events, Boote usw.<br \/>\nInhalt: 7 Liter<br \/>\nBequemen Sitz (Sithh\u00f6he: 33cm)<br \/>\nMit WC-Rollenhalter<br \/>\nAbnehmbare Eimer mit Deckel<br \/>\n<div class=\"main-cross-sell\" data-asin=\"B01L1WXZVQ\">\n\n\t<div class=\"WooZone-cross-sell-loader\">\n\t\t<div>\n\t\t\t<div id=\"floatingBarsG\">\n\t\t\t\t<div class=\"blockG\" id=\"rotateG_01\"><\/div>\n\t\t\t\t<div class=\"blockG\" id=\"rotateG_02\"><\/div>\n\t\t\t\t<div class=\"blockG\" id=\"rotateG_03\"><\/div>\n\t\t\t\t<div class=\"blockG\" id=\"rotateG_04\"><\/div>\n\t\t\t\t<div class=\"blockG\" id=\"rotateG_05\"><\/div>\n\t\t\t\t<div class=\"blockG\" id=\"rotateG_06\"><\/div>\n\t\t\t\t<div class=\"blockG\" id=\"rotateG_07\"><\/div>\n\t\t\t\t<div class=\"blockG\" id=\"rotateG_08\"><\/div>\n\t\t\t<\/div>\n\t\t\t<div class=\"WooZone-cross-sell-loader-text\"><\/div>\n\t\t<\/div>\n\t<\/div>\n\n\t\t\n<\/div>\n<div style=\"clear:both;\"><\/div><\/p>\n","protected":false},"excerpt":{"rendered":"<p>unser Camping WC ist Geeignet f\u00fcr Innen-und Au\u00dfeneinsatz Ideal f\u00fcr Camping, Caravaning, Outdoor-Events, Boote usw.<br \/>\nInhalt: 7 Liter<br \/>\nBequemen Sitz (Sithh\u00f6he: 33cm)<\/p>\n","protected":false},"featured_media":13985,"comment_status":"open","ping_status":"closed","template":"","meta":[],"product_cat":[27,2163],"product_tag":[],"_links":{"self":[{"href":"http:\/\/campingland24.com\/index.php?rest_route=\/wp\/v2\/product\/13984"}],"collection":[{"href":"http:\/\/campingland24.com\/index.php?rest_route=\/wp\/v2\/product"}],"about":[{"href":"http:\/\/campingland24.com\/index.php?rest_route=\/wp\/v2\/types\/product"}],"replies":[{"embeddable":true,"href":"http:\/\/campingland24.com\/index.php?rest_route=%2Fwp%2Fv2%2Fcomments&post=13984"}],"version-history":[{"count":2,"href":"http:\/\/campingland24.com\/index.php?rest_route=\/wp\/v2\/product\/13984\/revisions"}],"predecessor-version":[{"id":20040,"href":"http:\/\/campingland24.com\/index.php?rest_route=\/wp\/v2\/product\/13984\/revisions\/20040"}],"wp:featuredmedia":[{"embeddable":true,"href":"http:\/\/campingland24.com\/index.php?rest_route=\/wp\/v2\/media\/13985"}],"wp:attachment":[{"href":"http:\/\/campingland24.com\/index.php?rest_route=%2Fwp%2Fv2%2Fmedia&parent=13984"}],"wp:term":[{"taxonomy":"product_cat","embeddable":true,"href":"http:\/\/campingland24.com\/index.php?rest_route=%2Fwp%2Fv2%2Fproduct_cat&post=13984"},{"taxonomy":"product_tag","embeddable":true,"href":"http:\/\/campingland24.com\/index.php?rest_route=%2Fwp%2Fv2%2Fproduct_tag&post=13984"}],"curies":[{"name":"wp","href":"https:\/\/api.w.org\/{rel}","templated":true}]}}