{"id":13991,"date":"2021-07-29T07:24:54","date_gmt":"2021-07-29T07:24:54","guid":{"rendered":"http:\/\/campingland24.com\/?product=thetford-potti-qube-145-6-h330mm-x-w383mm-x-d427mm"},"modified":"2023-04-10T18:58:57","modified_gmt":"2023-04-10T18:58:57","slug":"thetford-potti-qube-145-6-h330mm-x-w383mm-x-d427mm","status":"publish","type":"product","link":"http:\/\/campingland24.com\/?product=thetford-potti-qube-145-6-h330mm-x-w383mm-x-d427mm","title":{"rendered":"Thetford Potti Qube 145 6 H330mm x W383mm x D427mm"},"content":{"rendered":"<p><!-- show up to 2 reviews by default --> <\/p>\n<p>Fassungsverm\u00f6gen des M\u00fcllbeh\u00e4lters 12 l, Fassungsverm\u00f6gen des Wassersp\u00fclers 15 l, Nettogewicht 3, 6 kg, Sitzh\u00f6he 324 mm Aus leichtem, hochwertigem Kunststoff praktisch und langlebig integrierter Abfluss praktische Entl\u00fcftungstaste f\u00fcr eine spritzwasserfreie Entleerung verschiedener Sp\u00fclsysteme F\u00fcllstandsanzeige, um anzuzeigen, wann beide Teile entleert werden m\u00fcssen und mit Leichtigkeit \u00fcber einen Zuggriff an der R\u00fcckseite der Toilette abgebaut werden m\u00fcssen. Die richtige Menge von Thetford f\u00fcr die Toilettenpflege in das Abfalleimer durch den Abflusskanal ist sehr einfach das Sp\u00fclen f\u00fcr Wasser und Sp\u00fclkasten (hier Ecke) wird direkt von der Oberseite des Wassersp\u00fclers ausgegeben. Der leichte Abfallbeh\u00e4lter ist leicht zu transportieren und enth\u00e4lt einen praktischen Beh\u00e4lter zum Aufbewahren der beiden kostenlosen Proben unserer Toilettenpflegeprodukte. Alle Modelle verf\u00fcgen \u00fcber einen einzigartigen integrierten Dreh-Abflussrohr, der den Entleerungsprozess so einfach wie m\u00f6glich macht. Keine separaten Teile erforderlich Der Abfalleimer verf\u00fcgt auch \u00fcber einen Bel\u00fcftungsknopf, der w\u00e4hrend des Entleeren gedr\u00fcckt wird, um l\u00e4stige Spritzer zu vermeiden. <\/p>\n<p>Potti 145, 330 x 383 x 427 mein<br \/>\nFassungsverm\u00f6gen des M\u00fclltonnens: 12 l<br \/>\nFassungsverm\u00f6gen des Wassertanks: 15 l<br \/>\nSitzh\u00f6he 324 mm<br \/>\nNettogewicht 3, 6 kg<br \/>\n<div class=\"main-cross-sell\" data-asin=\"B00L4KV1XU\">\n\n\t<div class=\"WooZone-cross-sell-loader\">\n\t\t<div>\n\t\t\t<div id=\"floatingBarsG\">\n\t\t\t\t<div class=\"blockG\" id=\"rotateG_01\"><\/div>\n\t\t\t\t<div class=\"blockG\" id=\"rotateG_02\"><\/div>\n\t\t\t\t<div class=\"blockG\" id=\"rotateG_03\"><\/div>\n\t\t\t\t<div class=\"blockG\" id=\"rotateG_04\"><\/div>\n\t\t\t\t<div class=\"blockG\" id=\"rotateG_05\"><\/div>\n\t\t\t\t<div class=\"blockG\" id=\"rotateG_06\"><\/div>\n\t\t\t\t<div class=\"blockG\" id=\"rotateG_07\"><\/div>\n\t\t\t\t<div class=\"blockG\" id=\"rotateG_08\"><\/div>\n\t\t\t<\/div>\n\t\t\t<div class=\"WooZone-cross-sell-loader-text\"><\/div>\n\t\t<\/div>\n\t<\/div>\n\n\t\t\n<\/div>\n<div style=\"clear:both;\"><\/div><\/p>\n","protected":false},"excerpt":{"rendered":"<p>Potti 145, 330 x 383 x 427 mein<br \/>\nFassungsverm\u00f6gen des M\u00fclltonnens: 12 l<br \/>\nFassungsverm\u00f6gen des Wassertanks: 15 l<\/p>\n","protected":false},"featured_media":13992,"comment_status":"open","ping_status":"closed","template":"","meta":[],"product_cat":[27,2163],"product_tag":[],"_links":{"self":[{"href":"http:\/\/campingland24.com\/index.php?rest_route=\/wp\/v2\/product\/13991"}],"collection":[{"href":"http:\/\/campingland24.com\/index.php?rest_route=\/wp\/v2\/product"}],"about":[{"href":"http:\/\/campingland24.com\/index.php?rest_route=\/wp\/v2\/types\/product"}],"replies":[{"embeddable":true,"href":"http:\/\/campingland24.com\/index.php?rest_route=%2Fwp%2Fv2%2Fcomments&post=13991"}],"version-history":[{"count":1,"href":"http:\/\/campingland24.com\/index.php?rest_route=\/wp\/v2\/product\/13991\/revisions"}],"predecessor-version":[{"id":14559,"href":"http:\/\/campingland24.com\/index.php?rest_route=\/wp\/v2\/product\/13991\/revisions\/14559"}],"wp:featuredmedia":[{"embeddable":true,"href":"http:\/\/campingland24.com\/index.php?rest_route=\/wp\/v2\/media\/13992"}],"wp:attachment":[{"href":"http:\/\/campingland24.com\/index.php?rest_route=%2Fwp%2Fv2%2Fmedia&parent=13991"}],"wp:term":[{"taxonomy":"product_cat","embeddable":true,"href":"http:\/\/campingland24.com\/index.php?rest_route=%2Fwp%2Fv2%2Fproduct_cat&post=13991"},{"taxonomy":"product_tag","embeddable":true,"href":"http:\/\/campingland24.com\/index.php?rest_route=%2Fwp%2Fv2%2Fproduct_tag&post=13991"}],"curies":[{"name":"wp","href":"https:\/\/api.w.org\/{rel}","templated":true}]}}