{"id":14605,"date":"2021-07-29T17:41:44","date_gmt":"2021-07-29T17:41:44","guid":{"rendered":"http:\/\/campingland24.com\/?product=crespo-vigo-campingtisch"},"modified":"2023-04-10T18:59:00","modified_gmt":"2023-04-10T18:59:00","slug":"crespo-vigo-campingtisch","status":"publish","type":"product","link":"http:\/\/campingland24.com\/?product=crespo-vigo-campingtisch","title":{"rendered":"Crespo Vigo Campingtisch"},"content":{"rendered":"<p><!-- show up to 2 reviews by default --> <\/p>\n<p>Dieser Tisch besticht durch seine Leichtigkeit! Er hat eine superleichte, wetterfeste und hitzebest\u00e4ndige Tischplatte, welche durch die verst\u00e4rkte Alu-Umrandung (nur bei der Ausf\u00fchrung 101 x 65 cm) \u00e4u\u00dferst stabil ist. Das ebenso robuste Alurohr-Gestell hat teleskopierbare F\u00fc\u00dfe.<\/p>\n<p><b>Art Campingtische:<\/b> Klapptisch<br \/><b>H\u00f6henverstellbar:<\/b> Ja<br \/><b>Material Platte:<\/b> Kunststoff<br \/><b>Mit Tellerfuss:<\/b> Ja<br \/><b>Mit Tragetasche:<\/b> Nein<br \/><b>Netzablage:<\/b> Nein<br \/><b>Belastbar bis:<\/b> 50 kg<br \/><b>Material Gestell:<\/b> Aluminium<br \/><b>Rohrdetails:<\/b> \u00d8 25 mm<br \/><b>Farbe:<\/b> grau <\/p>\n<p>Aluminiumtisch mit dunkelgrauer Tischplatte<br \/>\nn\u00e4sse- und hitzebest\u00e4ndig. Verst\u00e4rktes Epoxy-beschichtetes Aluminiumprofil. Teleskopierbare Beine mit einem einfachen und sicheren Blockiersystem. Tischbeine<br \/>\nmit selbstnivellierenden Stabilisierungsf\u00fc\u00dfen. Belastbarkeit 50 kg. Abmessungen 80 x 60 x H 74 cm. Packma\u00df 80 x 60 x 4 cm. Gewicht ca. 6 kg.<br \/>\n<div class=\"main-cross-sell\" data-asin=\"B00B59DYMG\">\n\n\t<div class=\"WooZone-cross-sell-loader\">\n\t\t<div>\n\t\t\t<div id=\"floatingBarsG\">\n\t\t\t\t<div class=\"blockG\" id=\"rotateG_01\"><\/div>\n\t\t\t\t<div class=\"blockG\" id=\"rotateG_02\"><\/div>\n\t\t\t\t<div class=\"blockG\" id=\"rotateG_03\"><\/div>\n\t\t\t\t<div class=\"blockG\" id=\"rotateG_04\"><\/div>\n\t\t\t\t<div class=\"blockG\" id=\"rotateG_05\"><\/div>\n\t\t\t\t<div class=\"blockG\" id=\"rotateG_06\"><\/div>\n\t\t\t\t<div class=\"blockG\" id=\"rotateG_07\"><\/div>\n\t\t\t\t<div class=\"blockG\" id=\"rotateG_08\"><\/div>\n\t\t\t<\/div>\n\t\t\t<div class=\"WooZone-cross-sell-loader-text\"><\/div>\n\t\t<\/div>\n\t<\/div>\n\n\t\t\n<\/div>\n<div style=\"clear:both;\"><\/div><\/p>\n","protected":false},"excerpt":{"rendered":"<p>Aluminiumtisch mit dunkelgrauer Tischplatte<br \/>\nn\u00e4sse- und hitzebest\u00e4ndig. Verst\u00e4rktes Epoxy-beschichtetes Aluminiumprofil. Teleskopierbare Beine mit einem einfachen und sicheren Blockiersystem. Tischbeine<br \/>\nmit selbstnivellierenden Stabilisierungsf\u00fc\u00dfen. Belastbarkeit 50 kg. Abmessungen 80 x 60 x H 74 cm. Packma\u00df 80 x 60 x 4 cm. Gewicht ca. 6 kg.<\/p>\n","protected":false},"featured_media":14606,"comment_status":"open","ping_status":"closed","template":"","meta":[],"product_cat":[26],"product_tag":[],"_links":{"self":[{"href":"http:\/\/campingland24.com\/index.php?rest_route=\/wp\/v2\/product\/14605"}],"collection":[{"href":"http:\/\/campingland24.com\/index.php?rest_route=\/wp\/v2\/product"}],"about":[{"href":"http:\/\/campingland24.com\/index.php?rest_route=\/wp\/v2\/types\/product"}],"replies":[{"embeddable":true,"href":"http:\/\/campingland24.com\/index.php?rest_route=%2Fwp%2Fv2%2Fcomments&post=14605"}],"version-history":[{"count":1,"href":"http:\/\/campingland24.com\/index.php?rest_route=\/wp\/v2\/product\/14605\/revisions"}],"predecessor-version":[{"id":18101,"href":"http:\/\/campingland24.com\/index.php?rest_route=\/wp\/v2\/product\/14605\/revisions\/18101"}],"wp:featuredmedia":[{"embeddable":true,"href":"http:\/\/campingland24.com\/index.php?rest_route=\/wp\/v2\/media\/14606"}],"wp:attachment":[{"href":"http:\/\/campingland24.com\/index.php?rest_route=%2Fwp%2Fv2%2Fmedia&parent=14605"}],"wp:term":[{"taxonomy":"product_cat","embeddable":true,"href":"http:\/\/campingland24.com\/index.php?rest_route=%2Fwp%2Fv2%2Fproduct_cat&post=14605"},{"taxonomy":"product_tag","embeddable":true,"href":"http:\/\/campingland24.com\/index.php?rest_route=%2Fwp%2Fv2%2Fproduct_tag&post=14605"}],"curies":[{"name":"wp","href":"https:\/\/api.w.org\/{rel}","templated":true}]}}