{"id":14621,"date":"2021-07-29T17:41:51","date_gmt":"2021-07-29T17:41:51","guid":{"rendered":"http:\/\/campingland24.com\/?product=outwell-bambustisch-calgary"},"modified":"2023-04-10T18:59:00","modified_gmt":"2023-04-10T18:59:00","slug":"outwell-bambustisch-calgary","status":"publish","type":"product","link":"http:\/\/campingland24.com\/?product=outwell-bambustisch-calgary","title":{"rendered":"Outwell Bambustisch Calgary, M"},"content":{"rendered":"<p><!-- show up to 2 reviews by default --> <\/p>\n<p>Praktischer Klapptisch von Outwell. Dieser Tisch ist aus leichtem, robustem Aluminium und Bambus. Mit den Klappmechanismus l\u00e4sst er sich einfach zusammenfalten. Durch das geringe Packma\u00df l\u00e4sst er sich einfach verstauen und transportieren. Ideal zum Camping. <\/p>\n<p>Aufgeklappt und zusammengefaltet in Sekunden<br \/>\nPraktische Griffe f\u00fcr einfachen Transport<br \/>\nMax. Belastung: 30 kg<br \/>\nKompaktes Packma\u00df<br \/>\nF\u00fcr kurze Dauer wetterbest\u00e4ndig<br \/>\n<div class=\"main-cross-sell\" data-asin=\"B002CPMI74\">\n\n\t<div class=\"WooZone-cross-sell-loader\">\n\t\t<div>\n\t\t\t<div id=\"floatingBarsG\">\n\t\t\t\t<div class=\"blockG\" id=\"rotateG_01\"><\/div>\n\t\t\t\t<div class=\"blockG\" id=\"rotateG_02\"><\/div>\n\t\t\t\t<div class=\"blockG\" id=\"rotateG_03\"><\/div>\n\t\t\t\t<div class=\"blockG\" id=\"rotateG_04\"><\/div>\n\t\t\t\t<div class=\"blockG\" id=\"rotateG_05\"><\/div>\n\t\t\t\t<div class=\"blockG\" id=\"rotateG_06\"><\/div>\n\t\t\t\t<div class=\"blockG\" id=\"rotateG_07\"><\/div>\n\t\t\t\t<div class=\"blockG\" id=\"rotateG_08\"><\/div>\n\t\t\t<\/div>\n\t\t\t<div class=\"WooZone-cross-sell-loader-text\"><\/div>\n\t\t<\/div>\n\t<\/div>\n\n\t\t\n<\/div>\n<div style=\"clear:both;\"><\/div><\/p>\n","protected":false},"excerpt":{"rendered":"<p>Aufgeklappt und zusammengefaltet in Sekunden<br \/>\nPraktische Griffe f\u00fcr einfachen Transport<br \/>\nMax. Belastung: 30 kg<\/p>\n","protected":false},"featured_media":14622,"comment_status":"open","ping_status":"closed","template":"","meta":[],"product_cat":[26],"product_tag":[],"_links":{"self":[{"href":"http:\/\/campingland24.com\/index.php?rest_route=\/wp\/v2\/product\/14621"}],"collection":[{"href":"http:\/\/campingland24.com\/index.php?rest_route=\/wp\/v2\/product"}],"about":[{"href":"http:\/\/campingland24.com\/index.php?rest_route=\/wp\/v2\/types\/product"}],"replies":[{"embeddable":true,"href":"http:\/\/campingland24.com\/index.php?rest_route=%2Fwp%2Fv2%2Fcomments&post=14621"}],"version-history":[{"count":2,"href":"http:\/\/campingland24.com\/index.php?rest_route=\/wp\/v2\/product\/14621\/revisions"}],"predecessor-version":[{"id":19785,"href":"http:\/\/campingland24.com\/index.php?rest_route=\/wp\/v2\/product\/14621\/revisions\/19785"}],"wp:featuredmedia":[{"embeddable":true,"href":"http:\/\/campingland24.com\/index.php?rest_route=\/wp\/v2\/media\/14622"}],"wp:attachment":[{"href":"http:\/\/campingland24.com\/index.php?rest_route=%2Fwp%2Fv2%2Fmedia&parent=14621"}],"wp:term":[{"taxonomy":"product_cat","embeddable":true,"href":"http:\/\/campingland24.com\/index.php?rest_route=%2Fwp%2Fv2%2Fproduct_cat&post=14621"},{"taxonomy":"product_tag","embeddable":true,"href":"http:\/\/campingland24.com\/index.php?rest_route=%2Fwp%2Fv2%2Fproduct_tag&post=14621"}],"curies":[{"name":"wp","href":"https:\/\/api.w.org\/{rel}","templated":true}]}}